{"id":1222,"date":"2012-11-27T09:22:39","date_gmt":"2012-11-27T09:22:39","guid":{"rendered":"https:\/\/www.cmonsite.fr\/site\/aide\/?page_id=1222"},"modified":"2012-11-27T09:22:39","modified_gmt":"2012-11-27T09:22:39","slug":"copier-coller","status":"publish","type":"page","link":"https:\/\/www.cmonsite.fr\/site\/aide\/design\/copier-coller","title":{"rendered":"D\u00e9placer du texte \/ images dans les pages (Copier \/ Coller)"},"content":{"rendered":"<p>Dans l\u2019\u00e9dition de votre page, vous pouvez s\u00e9lectionner l\u2019\u00e9l\u00e9ment souhait\u00e9 (image ou texte), puis le faire glisser \u00e0 l\u2019endroit o\u00f9 vous souhaitez le d\u00e9placer.<\/p>\n<p>Pour effectuer un \u00ab <strong>copier coller<\/strong> \u00bb ou un \u00ab <strong>couper coller<\/strong> \u00bb, vous pouvez utiliser les raccourcis claviers (sous <strong>PC<\/strong>) :<\/p>\n<p>Copier : CTRL+C<\/p>\n<p>Couper : CTRL+X<\/p>\n<p>Coller : CTRL+V<\/p>\n<div>Sous <strong>MAC<\/strong>, vous devez utiliser\u00a0la touche Commande (cmd) (anciennement appel\u00e9e touche pomme), soit :<\/p>\n<\/div>\n<div>Copier -&gt; \u00a0Cmd C<\/div>\n<div>Couper\u00a0-&gt; \u00a0Cmd\u00a0X<\/div>\n<div>\n<div>Coller -&gt; \u00a0Cmd V<\/div>\n<div><\/div>\n<\/div>\n<div><\/div>\n<p>N\u2019oubliez pas d\u2019<strong><em>enregistrer<\/em> <\/strong>votre page.<\/p>\n<p>Voir aussi dans la m\u00eame th\u00e9matique :<\/p>\n<ul>\n<li><a href=\"https:\/\/www.cmonsite.fr\/site\/aide\/contenu-design-modules\/contenu\/deplacer-pages\/\" target=\"_blank\" rel=\"noopener\">D\u00e9placer des pages<\/a><\/li>\n<li><a href=\"https:\/\/www.cmonsite.fr\/site\/aide\/contenu-design-modules\/contenu\/mise-en-forme-page\/\" target=\"_blank\" rel=\"noopener\">Mise en forme d&#8217;une page<\/a><\/li>\n<li><a href=\"https:\/\/www.cmonsite.fr\/site\/aide\/astuces-informations\/notions-de-bases-sur-internet\/\" target=\"_blank\" rel=\"noopener\">Notions de bases sur internet<\/a><\/li>\n<\/ul>\n<p>&nbsp;<\/p>\n","protected":false},"excerpt":{"rendered":"<p>Dans l\u2019\u00e9dition de votre page, vous pouvez s\u00e9lectionner l\u2019\u00e9l\u00e9ment souhait\u00e9 (image ou texte), puis le faire glisser \u00e0 l\u2019endroit o\u00f9 vous souhaitez le d\u00e9placer. Pour effectuer un \u00ab copier coller \u00bb ou un \u00ab couper coller \u00bb, vous pouvez utiliser les raccourcis claviers (sous PC) : Copier : CTRL+C Couper : CTRL+X Coller : CTRL+V [&hellip;]<\/p>\n","protected":false},"author":1,"featured_media":0,"parent":262,"menu_order":24,"comment_status":"open","ping_status":"closed","template":"","meta":{"_helpful_status":1,"footnotes":""},"class_list":["post-1222","page","type-page","status-publish","hentry"],"_links":{"self":[{"href":"https:\/\/www.cmonsite.fr\/site\/wp-json\/wp\/v2\/pages\/1222","targetHints":{"allow":["GET"]}}],"collection":[{"href":"https:\/\/www.cmonsite.fr\/site\/wp-json\/wp\/v2\/pages"}],"about":[{"href":"https:\/\/www.cmonsite.fr\/site\/wp-json\/wp\/v2\/types\/page"}],"author":[{"embeddable":true,"href":"https:\/\/www.cmonsite.fr\/site\/wp-json\/wp\/v2\/users\/1"}],"replies":[{"embeddable":true,"href":"https:\/\/www.cmonsite.fr\/site\/wp-json\/wp\/v2\/comments?post=1222"}],"version-history":[{"count":1,"href":"https:\/\/www.cmonsite.fr\/site\/wp-json\/wp\/v2\/pages\/1222\/revisions"}],"predecessor-version":[{"id":21074,"href":"https:\/\/www.cmonsite.fr\/site\/wp-json\/wp\/v2\/pages\/1222\/revisions\/21074"}],"up":[{"embeddable":true,"href":"https:\/\/www.cmonsite.fr\/site\/wp-json\/wp\/v2\/pages\/262"}],"wp:attachment":[{"href":"https:\/\/www.cmonsite.fr\/site\/wp-json\/wp\/v2\/media?parent=1222"}],"curies":[{"name":"wp","href":"https:\/\/api.w.org\/{rel}","templated":true}]}}