{"id":1207,"date":"2012-11-27T09:19:35","date_gmt":"2012-11-27T09:19:35","guid":{"rendered":"https:\/\/www.cmonsite.fr\/site\/aide\/?page_id=1207"},"modified":"2025-04-25T17:52:05","modified_gmt":"2025-04-25T15:52:05","slug":"faire-un-lien","status":"publish","type":"page","link":"https:\/\/www.cmonsite.fr\/site\/aide\/design\/faire-un-lien","title":{"rendered":"Cr\u00e9er \/ Ins\u00e9rer un lien vers une autre page ou un site"},"content":{"rendered":"\t\t<div data-elementor-type=\"wp-page\" data-elementor-id=\"1207\" class=\"elementor elementor-1207\" data-elementor-post-type=\"page\">\n\t\t\t\t<div class=\"elementor-element elementor-element-f13838a e-con-full e-flex e-con e-parent\" data-id=\"f13838a\" data-element_type=\"container\" data-e-type=\"container\">\n\t\t\t\t<div class=\"elementor-element elementor-element-617857c elementor-widget elementor-widget-text-editor\" data-id=\"617857c\" data-element_type=\"widget\" data-e-type=\"widget\" data-widget_type=\"text-editor.default\">\n\t\t\t\t<div class=\"elementor-widget-container\">\n\t\t\t\t\t\t\t\t\t<p>Une fois connect\u00e9 \u00e0 votre compte, allez dans la rubrique \u00ab Pages \u00bb. Rendez-vous dans l&#8217;\u00e9diteur CmonSite Editor de la page o\u00f9 vous souhaitez ins\u00e9rer un lien.<\/p>\t\t\t\t\t\t\t\t<\/div>\n\t\t\t\t<\/div>\n\t\t\t\t<div class=\"elementor-element elementor-element-68879ce elementor-widget elementor-widget-heading\" data-id=\"68879ce\" data-element_type=\"widget\" data-e-type=\"widget\" data-widget_type=\"heading.default\">\n\t\t\t\t<div class=\"elementor-widget-container\">\n\t\t\t\t\t<h2 class=\"elementor-heading-title elementor-size-default\"><span>1<\/span>. Ins\u00e9rer un lien sur du texte<\/h2>\t\t\t\t<\/div>\n\t\t\t\t<\/div>\n\t\t\t\t<div class=\"elementor-element elementor-element-eef2d02 elementor-widget elementor-widget-heading\" data-id=\"eef2d02\" data-element_type=\"widget\" data-e-type=\"widget\" data-widget_type=\"heading.default\">\n\t\t\t\t<div class=\"elementor-widget-container\">\n\t\t\t\t\t<h3 class=\"elementor-heading-title elementor-size-default\">1.1 S\u00e9lectionnez le texte qui re\u00e7oit le lien<\/h3>\t\t\t\t<\/div>\n\t\t\t\t<\/div>\n\t\t\t\t<div class=\"elementor-element elementor-element-87736a4 elementor-widget elementor-widget-text-editor\" data-id=\"87736a4\" data-element_type=\"widget\" data-e-type=\"widget\" data-widget_type=\"text-editor.default\">\n\t\t\t\t<div class=\"elementor-widget-container\">\n\t\t\t\t\t\t\t\t\t<p>Tout d&#8217;abord s\u00e9lectionnez le texte sur lequel vous souhaitez ajouter un lien (le texte s\u00e9lectionn\u00e9 sera ainsi surlign\u00e9 en bleu).<br \/>La barre d&#8217;outils flottante appara\u00eetra.<\/p>\t\t\t\t\t\t\t\t<\/div>\n\t\t\t\t<\/div>\n\t\t\t\t<div class=\"elementor-element elementor-element-6ba7884 elementor-widget elementor-widget-image\" data-id=\"6ba7884\" data-element_type=\"widget\" data-e-type=\"widget\" data-widget_type=\"image.default\">\n\t\t\t\t<div class=\"elementor-widget-container\">\n\t\t\t\t\t\t\t\t\t\t\t\t\t\t\t<img fetchpriority=\"high\" decoding=\"async\" width=\"769\" height=\"304\" src=\"https:\/\/www.cmonsite.fr\/site\/webup\/2025\/04\/Capture-decran-2025-04-15-163006.webp\" class=\"attachment-full size-full wp-image-27532\" alt=\"\" srcset=\"https:\/\/www.cmonsite.fr\/site\/webup\/2025\/04\/Capture-decran-2025-04-15-163006.webp 769w, https:\/\/www.cmonsite.fr\/site\/webup\/2025\/04\/Capture-decran-2025-04-15-163006-300x119.webp 300w\" sizes=\"(max-width: 769px) 100vw, 769px\" \/>\t\t\t\t\t\t\t\t\t\t\t\t\t\t\t<\/div>\n\t\t\t\t<\/div>\n\t\t\t\t<div class=\"elementor-element elementor-element-3ce4cd3 elementor-widget elementor-widget-heading\" data-id=\"3ce4cd3\" data-element_type=\"widget\" data-e-type=\"widget\" data-widget_type=\"heading.default\">\n\t\t\t\t<div class=\"elementor-widget-container\">\n\t\t\t\t\t<h3 class=\"elementor-heading-title elementor-size-default\">1.2. Ins\u00e9rez un lien externe dans votre page<\/h3>\t\t\t\t<\/div>\n\t\t\t\t<\/div>\n\t\t\t\t<div class=\"elementor-element elementor-element-ab7994f elementor-widget elementor-widget-text-editor\" data-id=\"ab7994f\" data-element_type=\"widget\" data-e-type=\"widget\" data-widget_type=\"text-editor.default\">\n\t\t\t\t<div class=\"elementor-widget-container\">\n\t\t\t\t\t\t\t\t\t<h3 class=\"\" data-start=\"181\" data-end=\"231\"><span style=\"font-size: 16px; font-weight: 500;\">Une fois votre texte s\u00e9lectionn\u00e9, cliquez sur l\u2019ic\u00f4ne \ud83d\udd17 dans la barre d\u2019outils flottante. Une fen\u00eatre s\u2019ouvre vous permettant de configurer le lien :<\/span><\/h3><ul data-start=\"385\" data-end=\"1089\"><li class=\"\" data-start=\"385\" data-end=\"495\"><p class=\"\" data-start=\"387\" data-end=\"495\"><strong data-start=\"387\" data-end=\"394\">URL<\/strong> : Collez ici l\u2019adresse du site vers lequel vous souhaitez rediriger (ex. : https:\/\/www.exemple.com).<\/p><\/li><li class=\"\" data-start=\"496\" data-end=\"592\"><p class=\"\" data-start=\"498\" data-end=\"592\"><strong data-start=\"498\" data-end=\"518\">Texte \u00e0 afficher<\/strong> : C\u2019est le texte visible sur votre site. Il peut \u00eatre diff\u00e9rent de l\u2019URL.<\/p><\/li><li class=\"\" data-start=\"593\" data-end=\"754\"><p class=\"\" data-start=\"595\" data-end=\"754\"><strong data-start=\"595\" data-end=\"604\">Titre<\/strong> <em data-start=\"605\" data-end=\"618\">(optionnel)<\/em> : Ce champ sert \u00e0 donner une indication suppl\u00e9mentaire au survol de la souris. Exemple : \u00ab Cliquez ici pour acc\u00e9der \u00e0 la r\u00e9servation \u00bb.<\/p><\/li><li class=\"\" data-start=\"755\" data-end=\"898\"><p class=\"\" data-start=\"757\" data-end=\"898\"><strong data-start=\"757\" data-end=\"764\">Rel<\/strong> : Permet de d\u00e9finir une relation sp\u00e9cifique pour le lien (SEO, s\u00e9curit\u00e9, etc.). Laissez sur &#8220;Aucun&#8221; si vous n\u2019avez pas de pr\u00e9f\u00e9rence.<\/p><\/li><li class=\"\" data-start=\"899\" data-end=\"1089\"><p class=\"\" data-start=\"901\" data-end=\"927\"><strong data-start=\"901\" data-end=\"925\">Ouvrir le lien dans\u2026<\/strong><\/p><ul data-start=\"930\" data-end=\"1089\"><li class=\"\" data-start=\"930\" data-end=\"991\"><p class=\"\" data-start=\"932\" data-end=\"991\"><strong data-start=\"932\" data-end=\"950\">Fen\u00eatre active<\/strong> : le lien remplacera la page actuelle.<\/p><\/li><li class=\"\" data-start=\"994\" data-end=\"1089\"><p class=\"\" data-start=\"996\" data-end=\"1089\"><strong data-start=\"996\" data-end=\"1013\">Nouvel onglet<\/strong> : ouvre la page dans un nouvel onglet (recommand\u00e9 pour les liens externes).<\/p><\/li><\/ul><\/li><\/ul><p class=\"\" data-start=\"1091\" data-end=\"1168\">Terminez en cliquant sur <strong data-start=\"1119\" data-end=\"1136\">&#8220;Enregistrer&#8221;<\/strong>. Le lien est maintenant actif !<\/p>\t\t\t\t\t\t\t\t<\/div>\n\t\t\t\t<\/div>\n\t\t\t\t<div class=\"elementor-element elementor-element-aa33839 elementor-widget elementor-widget-image\" data-id=\"aa33839\" data-element_type=\"widget\" data-e-type=\"widget\" data-widget_type=\"image.default\">\n\t\t\t\t<div class=\"elementor-widget-container\">\n\t\t\t\t\t\t\t\t\t\t\t\t\t\t\t<img decoding=\"async\" width=\"351\" height=\"303\" src=\"https:\/\/www.cmonsite.fr\/site\/webup\/2025\/04\/Capture-decran-2025-04-15-164336.webp\" class=\"attachment-full size-full wp-image-27534\" alt=\"\" srcset=\"https:\/\/www.cmonsite.fr\/site\/webup\/2025\/04\/Capture-decran-2025-04-15-164336.webp 351w, https:\/\/www.cmonsite.fr\/site\/webup\/2025\/04\/Capture-decran-2025-04-15-164336-300x259.png 300w\" sizes=\"(max-width: 351px) 100vw, 351px\" \/>\t\t\t\t\t\t\t\t\t\t\t\t\t\t\t<\/div>\n\t\t\t\t<\/div>\n\t\t\t\t<div class=\"elementor-element elementor-element-e5c3bc7 elementor-widget elementor-widget-heading\" data-id=\"e5c3bc7\" data-element_type=\"widget\" data-e-type=\"widget\" data-widget_type=\"heading.default\">\n\t\t\t\t<div class=\"elementor-widget-container\">\n\t\t\t\t\t<h3 class=\"elementor-heading-title elementor-size-default\">\u00a01.3. Ins\u00e9rer un lien vers une page interne de votre site<\/h3>\t\t\t\t<\/div>\n\t\t\t\t<\/div>\n\t\t\t\t<div class=\"elementor-element elementor-element-53ccfbd elementor-widget elementor-widget-text-editor\" data-id=\"53ccfbd\" data-element_type=\"widget\" data-e-type=\"widget\" data-widget_type=\"text-editor.default\">\n\t\t\t\t<div class=\"elementor-widget-container\">\n\t\t\t\t\t\t\t\t\t<p class=\"\" data-start=\"202\" data-end=\"316\">Pour gagner du temps, vous pouvez ins\u00e9rer un lien vers une page d\u00e9j\u00e0 existante sur votre site sans copier son URL.<\/p><ol data-start=\"318\" data-end=\"649\"><li class=\"\" data-start=\"318\" data-end=\"365\"><p class=\"\" data-start=\"321\" data-end=\"365\">S\u00e9lectionnez votre texte comme pr\u00e9c\u00e9demment.<\/p><\/li><li class=\"\" data-start=\"366\" data-end=\"435\"><p class=\"\" data-start=\"369\" data-end=\"435\">Cliquez sur l\u2019ic\u00f4ne \ud83d\udd17 pour ouvrir la fen\u00eatre d\u2019insertion de lien.<\/p><\/li><li class=\"\" data-start=\"436\" data-end=\"563\"><p class=\"\" data-start=\"439\" data-end=\"563\">Dans le champ <strong data-start=\"453\" data-end=\"477\">&#8220;Page de votre site&#8221;<\/strong>, s\u00e9lectionnez directement la page vers laquelle vous souhaitez faire pointer le lien.<\/p><\/li><li class=\"\" data-start=\"564\" data-end=\"649\"><p class=\"\" data-start=\"567\" data-end=\"649\">Les champs <strong data-start=\"578\" data-end=\"585\">URL<\/strong>, <strong data-start=\"587\" data-end=\"607\">Texte \u00e0 afficher<\/strong>, et <strong data-start=\"612\" data-end=\"621\">Cible<\/strong> s\u2019ajustent automatiquement.<\/p><\/li><\/ol><p class=\"\" data-start=\"651\" data-end=\"747\">\ud83d\udc49 Validez avec <strong data-start=\"667\" data-end=\"684\">&#8220;Enregistrer&#8221;<\/strong>. Le lien sera d\u00e9sormais actif et accessible depuis votre site.<\/p>\t\t\t\t\t\t\t\t<\/div>\n\t\t\t\t<\/div>\n\t\t\t\t<div class=\"elementor-element elementor-element-fe8ddd0 elementor-widget elementor-widget-spacer\" data-id=\"fe8ddd0\" data-element_type=\"widget\" data-e-type=\"widget\" data-widget_type=\"spacer.default\">\n\t\t\t\t<div class=\"elementor-widget-container\">\n\t\t\t\t\t\t\t<div class=\"elementor-spacer\">\n\t\t\t<div class=\"elementor-spacer-inner\"><\/div>\n\t\t<\/div>\n\t\t\t\t\t\t<\/div>\n\t\t\t\t<\/div>\n\t\t\t\t<div class=\"elementor-element elementor-element-4eb1913 elementor-widget elementor-widget-video\" data-id=\"4eb1913\" data-element_type=\"widget\" data-e-type=\"widget\" data-settings=\"{&quot;video_type&quot;:&quot;hosted&quot;,&quot;controls&quot;:&quot;yes&quot;}\" data-widget_type=\"video.default\">\n\t\t\t\t<div class=\"elementor-widget-container\">\n\t\t\t\t\t\t\t<div class=\"e-hosted-video elementor-wrapper elementor-open-inline\">\n\t\t\t\t\t<video class=\"elementor-video\" src=\"https:\/\/www.cmonsite.fr\/site\/webup\/2025\/04\/reserver_tuto_lien-1744728436019.mp4\" controls=\"\" preload=\"metadata\" controlsList=\"nodownload\"><\/video>\n\t\t\t\t<\/div>\n\t\t\t\t\t\t<\/div>\n\t\t\t\t<\/div>\n\t\t\t\t<div class=\"elementor-element elementor-element-838ef50 elementor-widget elementor-widget-heading\" data-id=\"838ef50\" data-element_type=\"widget\" data-e-type=\"widget\" data-widget_type=\"heading.default\">\n\t\t\t\t<div class=\"elementor-widget-container\">\n\t\t\t\t\t<h2 class=\"elementor-heading-title elementor-size-default\">2. Faire un lien sur une image<\/h2>\t\t\t\t<\/div>\n\t\t\t\t<\/div>\n\t\t<div class=\"elementor-element elementor-element-f31dc39 e-grid e-con-boxed e-con e-child\" data-id=\"f31dc39\" data-element_type=\"container\" data-e-type=\"container\">\n\t\t\t\t\t<div class=\"e-con-inner\">\n\t\t\t\t<div class=\"elementor-element elementor-element-137fc23 elementor-widget elementor-widget-text-editor\" data-id=\"137fc23\" data-element_type=\"widget\" data-e-type=\"widget\" data-widget_type=\"text-editor.default\">\n\t\t\t\t<div class=\"elementor-widget-container\">\n\t\t\t\t\t\t\t\t\t<p>S\u00e9lectionnez votre image dans l&#8217;\u00e9diteur.<\/p><p>Sur le c\u00f4t\u00e9, activez l&#8217;action au clic dans la partie \u00ab <strong>Configuration<\/strong> \u00bb et s\u00e9lectionnez \u00ab <strong>Lien<\/strong> \u00bb.<\/p><p>Vous verrez appara\u00eetre la liste des champs \u00e0 renseigner.<\/p><p>Vous pouvez rentrer l&#8217;URL d&#8217;un site externe dans \u00ab <strong>Source<\/strong> \u00bb ou cr\u00e9er un lien vers une page de votre site (page de contenu, page produit, article de blog) ou un fichier pr\u00e9sent dans votre gestionnaire (image, fichier pdf).<\/p><p><b>Astuce <\/b>: pour les liens externes, nous vous recommandons de configurer le lien afin qu&#8217;il s&#8217;ouvre dans une nouvelle page. <strong>Cela \u00e9vitera aux utilisateurs de quitter votre site. <\/strong>Pour cela, s\u00e9lectionnez dans le champ \u00ab <strong><em>Cible du lien (target)<\/em><\/strong> \u00bb la mention \u00ab <em><strong>Nouvelle fen\u00eatre ou onglet <\/strong><\/em>\u00bb puis validez en cliquant sur \u00ab\u00a0OK\u00a0\u00bb.<\/p><p>N&#8217;oubliez pas d&#8217;<em><strong>Enregistrer<\/strong><\/em> votre page une fois la manipulation termin\u00e9e.<\/p>\t\t\t\t\t\t\t\t<\/div>\n\t\t\t\t<\/div>\n\t\t\t\t<div class=\"elementor-element elementor-element-6879bc1 elementor-widget elementor-widget-image\" data-id=\"6879bc1\" data-element_type=\"widget\" data-e-type=\"widget\" data-widget_type=\"image.default\">\n\t\t\t\t<div class=\"elementor-widget-container\">\n\t\t\t\t\t\t\t\t\t\t\t\t\t\t\t<img decoding=\"async\" width=\"266\" height=\"420\" src=\"https:\/\/www.cmonsite.fr\/site\/webup\/2025\/04\/Capture-decran-2025-04-15-165905.webp\" class=\"attachment-full size-full wp-image-27536\" alt=\"\" srcset=\"https:\/\/www.cmonsite.fr\/site\/webup\/2025\/04\/Capture-decran-2025-04-15-165905.webp 266w, https:\/\/www.cmonsite.fr\/site\/webup\/2025\/04\/Capture-decran-2025-04-15-165905-190x300.webp 190w\" sizes=\"(max-width: 266px) 100vw, 266px\" \/>\t\t\t\t\t\t\t\t\t\t\t\t\t\t\t<\/div>\n\t\t\t\t<\/div>\n\t\t\t\t\t<\/div>\n\t\t\t\t<\/div>\n\t\t\t\t<div class=\"elementor-element elementor-element-557a294 elementor-widget elementor-widget-heading\" data-id=\"557a294\" data-element_type=\"widget\" data-e-type=\"widget\" data-widget_type=\"heading.default\">\n\t\t\t\t<div class=\"elementor-widget-container\">\n\t\t\t\t\t<h2 class=\"elementor-heading-title elementor-size-default\">3. Faire un lien avec un bouton<\/h2>\t\t\t\t<\/div>\n\t\t\t\t<\/div>\n\t\t<div class=\"elementor-element elementor-element-f0a7002 e-grid e-con-boxed e-con e-child\" data-id=\"f0a7002\" data-element_type=\"container\" data-e-type=\"container\">\n\t\t\t\t\t<div class=\"e-con-inner\">\n\t\t\t\t<div class=\"elementor-element elementor-element-2d7464e elementor-widget elementor-widget-text-editor\" data-id=\"2d7464e\" data-element_type=\"widget\" data-e-type=\"widget\" data-widget_type=\"text-editor.default\">\n\t\t\t\t<div class=\"elementor-widget-container\">\n\t\t\t\t\t\t\t\t\t<p>Faites glisser le widget de bouton sur votre page.<\/p><p>Sur le c\u00f4t\u00e9, vous verrez appara\u00eetre la liste des champs \u00e0 renseigner.<\/p><p>Vous pouvez :<\/p><ul><li>Cr\u00e9er un <strong>lien interne<\/strong> vers une page de votre site en cliquant sur \u00ab <strong>Une page<\/strong> \u00bb<\/li><li>Cr\u00e9er un<strong> lien vers un fichier<\/strong> pr\u00e9sent dans votre gestionnaire (image, fichier pdf) en cliquant sur \u00ab <strong>Un fichier<\/strong> \u00bb<\/li><li>Si vous souhaitez ajouter un <strong>lien externe<\/strong>, il vous suffira simplement de coller l&#8217;URL du lien dans \u00ab <b>Lien du bouton<\/b> \u00bb<\/li><li>D\u00e9finir le texte du bouton<\/li><li>Configurer l\u2019action au clic \u00e0 \u00ab\u00a0<strong><em>Cible du lien (target)<\/em><\/strong>\u00a0\u00bb<\/li><\/ul><p>\u00a0\u00a0<\/p><p><strong>Astuce<\/strong> : nous vous recommandons de configurer l&#8217;ouverture de lien externe dans un nouvel onglet. <strong>Cela \u00e9vitera \u00e0 vos utilisateurs de sortir de votre site. <\/strong>Pour cela, s\u00e9lectionnez dans le champ \u00ab\u00a0<strong><em>Cible du lien (target)<\/em><\/strong>\u00a0\u00bb\u00a0la mention \u00ab\u00a0<em><strong>nouvelle fen\u00eatre ou onglet\u00a0<\/strong><\/em>\u00bb puis validez en cliquant sur \u00ab\u00a0OK\u00a0\u00bb.<\/p><p>N\u2019oubliez pas d\u2019<em><strong>Enregistrer<\/strong><\/em>\u00a0votre page une fois la manipulation termin\u00e9e.<\/p>\t\t\t\t\t\t\t\t<\/div>\n\t\t\t\t<\/div>\n\t\t\t\t<div class=\"elementor-element elementor-element-01cde27 elementor-widget elementor-widget-image\" data-id=\"01cde27\" data-element_type=\"widget\" data-e-type=\"widget\" data-widget_type=\"image.default\">\n\t\t\t\t<div class=\"elementor-widget-container\">\n\t\t\t\t\t\t\t\t\t\t\t\t\t\t\t<img loading=\"lazy\" decoding=\"async\" width=\"258\" height=\"318\" src=\"https:\/\/www.cmonsite.fr\/site\/webup\/2025\/04\/Capture-decran-2025-04-15-170105.webp\" class=\"attachment-full size-full wp-image-27537\" alt=\"\" srcset=\"https:\/\/www.cmonsite.fr\/site\/webup\/2025\/04\/Capture-decran-2025-04-15-170105.webp 258w, https:\/\/www.cmonsite.fr\/site\/webup\/2025\/04\/Capture-decran-2025-04-15-170105-243x300.webp 243w\" sizes=\"(max-width: 258px) 100vw, 258px\" \/>\t\t\t\t\t\t\t\t\t\t\t\t\t\t\t<\/div>\n\t\t\t\t<\/div>\n\t\t\t\t\t<\/div>\n\t\t\t\t<\/div>\n\t\t\t\t<\/div>\n\t\t\t\t<\/div>\n\t\t","protected":false},"excerpt":{"rendered":"<p>Une fois connect\u00e9 \u00e0 votre compte, allez dans la rubrique \u00ab Pages \u00bb. Rendez-vous dans l&#8217;\u00e9diteur CmonSite Editor de la page o\u00f9 vous souhaitez ins\u00e9rer un lien. 1. Ins\u00e9rer un lien sur du texte 1.1 S\u00e9lectionnez le texte qui re\u00e7oit le lien Tout d&#8217;abord s\u00e9lectionnez le texte sur lequel vous souhaitez ajouter un lien (le [&hellip;]<\/p>\n","protected":false},"author":1,"featured_media":17997,"parent":262,"menu_order":17,"comment_status":"open","ping_status":"closed","template":"","meta":{"_helpful_status":1,"footnotes":""},"class_list":["post-1207","page","type-page","status-publish","has-post-thumbnail","hentry"],"_links":{"self":[{"href":"https:\/\/www.cmonsite.fr\/site\/wp-json\/wp\/v2\/pages\/1207","targetHints":{"allow":["GET"]}}],"collection":[{"href":"https:\/\/www.cmonsite.fr\/site\/wp-json\/wp\/v2\/pages"}],"about":[{"href":"https:\/\/www.cmonsite.fr\/site\/wp-json\/wp\/v2\/types\/page"}],"author":[{"embeddable":true,"href":"https:\/\/www.cmonsite.fr\/site\/wp-json\/wp\/v2\/users\/1"}],"replies":[{"embeddable":true,"href":"https:\/\/www.cmonsite.fr\/site\/wp-json\/wp\/v2\/comments?post=1207"}],"version-history":[{"count":32,"href":"https:\/\/www.cmonsite.fr\/site\/wp-json\/wp\/v2\/pages\/1207\/revisions"}],"predecessor-version":[{"id":27777,"href":"https:\/\/www.cmonsite.fr\/site\/wp-json\/wp\/v2\/pages\/1207\/revisions\/27777"}],"up":[{"embeddable":true,"href":"https:\/\/www.cmonsite.fr\/site\/wp-json\/wp\/v2\/pages\/262"}],"wp:featuredmedia":[{"embeddable":true,"href":"https:\/\/www.cmonsite.fr\/site\/wp-json\/wp\/v2\/media\/17997"}],"wp:attachment":[{"href":"https:\/\/www.cmonsite.fr\/site\/wp-json\/wp\/v2\/media?parent=1207"}],"curies":[{"name":"wp","href":"https:\/\/api.w.org\/{rel}","templated":true}]}}