{"id":12004,"date":"2019-06-20T18:25:29","date_gmt":"2019-06-20T16:25:45","guid":{"rendered":"https:\/\/www.cmonsite.fr\/site\/aide\/?page_id=12004"},"modified":"2023-07-04T11:38:45","modified_gmt":"2023-07-04T09:38:45","slug":"proposer-des-abonnements","status":"publish","type":"page","link":"https:\/\/www.cmonsite.fr\/site\/aide\/gestion-des-produits\/proposer-des-abonnements","title":{"rendered":"Comment cr\u00e9er des abonnements ?"},"content":{"rendered":"\t\t<div data-elementor-type=\"wp-page\" data-elementor-id=\"12004\" class=\"elementor elementor-12004\" data-elementor-post-type=\"page\">\n\t\t\t\t\t\t<section class=\"elementor-section elementor-top-section elementor-element elementor-element-a560aad elementor-section-boxed elementor-section-height-default elementor-section-height-default\" data-id=\"a560aad\" data-element_type=\"section\" data-e-type=\"section\">\n\t\t\t\t\t\t<div class=\"elementor-container elementor-column-gap-default\">\n\t\t\t\t\t<div class=\"elementor-column elementor-col-100 elementor-top-column elementor-element elementor-element-25d8afba\" data-id=\"25d8afba\" data-element_type=\"column\" data-e-type=\"column\">\n\t\t\t<div class=\"elementor-widget-wrap elementor-element-populated\">\n\t\t\t\t\t\t<div class=\"elementor-element elementor-element-75b7a6c6 elementor-widget elementor-widget-text-editor\" data-id=\"75b7a6c6\" data-element_type=\"widget\" data-e-type=\"widget\" data-widget_type=\"text-editor.default\">\n\t\t\t\t<div class=\"elementor-widget-container\">\n\t\t\t\t\t\t\t\t\t<p>Vous pouvez vendre vos produits et\/ou services sous forme d\u2019abonnement.<br \/>Cela vous permet de proposer \u00e0 vos clients une offre \u00e0 intervalle r\u00e9gulier\u00a0: quotidien, hebdomadaire, mensuel ou encore annuel.<\/p><p>Le module d&#8217;abonnement est disponible en<span style=\"color: #d42401;\"> <strong>Formule Premium<\/strong><\/span> et en <span style=\"color: #2aa275;\"><strong>Formule Pro.<\/strong><\/span><\/p><h2>1. Cr\u00e9ez votre produit &#8220;Abonnement&#8221;<\/h2><p>Un produit &#8220;Abonnement&#8221; se cr\u00e9e comme une fiche produit.<br \/>Pour savoir comment mettre en place une fiche produit, n&#8217;h\u00e9sitez pas \u00e0 consulter notre article sur ce sujet en <a href=\"https:\/\/www.cmonsite.fr\/creer-un-site\/boutique\/creer-une-fiche-produit\/\">cliquant ici<\/a>.<\/p><h2>2. Configurez votre abonnement<\/h2><p>S\u00e9lectionnez votre fiche produit.<br \/>Maintenant, il vous suffit de d\u00e9finir les options et crit\u00e8res que vous souhaitez allouer \u00e0 votre abonnement (ex : la dur\u00e9e, la date anniversaire du renouvellement\u2026).<\/p><p><a href=\"https:\/\/www.cmonsite.fr\/creer-un-site\/wp-content\/uploads\/2020\/11\/abonnement.png\"><img fetchpriority=\"high\" decoding=\"async\" class=\"aligncenter wp-image-14015 size-full\" src=\"https:\/\/www.cmonsite.fr\/site\/webup\/2020\/11\/abonnement.png\" alt=\"\" width=\"1163\" height=\"587\" srcset=\"https:\/\/www.cmonsite.fr\/site\/webup\/2020\/11\/abonnement.png 1163w, https:\/\/www.cmonsite.fr\/site\/webup\/2020\/11\/abonnement-300x151.png 300w, https:\/\/www.cmonsite.fr\/site\/webup\/2020\/11\/abonnement-1024x517.png 1024w, https:\/\/www.cmonsite.fr\/site\/webup\/2020\/11\/abonnement-768x388.png 768w\" sizes=\"(max-width: 1163px) 100vw, 1163px\" \/><\/a><\/p><ul><li>S\u00e9lectionnez la fr\u00e9quence de l&#8217;abonnement : Quotidienne, Hebdomadaire, Mensuelle ou Annuelle.<\/li><\/ul><p><a href=\"https:\/\/www.cmonsite.fr\/creer-un-site\/wp-content\/uploads\/2020\/11\/frequence-abonnement.jpg\"><img decoding=\"async\" class=\"aligncenter wp-image-14019 size-full\" src=\"https:\/\/www.cmonsite.fr\/site\/webup\/2020\/11\/frequence-abonnement.jpg\" alt=\"\" width=\"855\" height=\"161\" srcset=\"https:\/\/www.cmonsite.fr\/site\/webup\/2020\/11\/frequence-abonnement.jpg 855w, https:\/\/www.cmonsite.fr\/site\/webup\/2020\/11\/frequence-abonnement-300x56.jpg 300w, https:\/\/www.cmonsite.fr\/site\/webup\/2020\/11\/frequence-abonnement-768x145.jpg 768w\" sizes=\"(max-width: 855px) 100vw, 855px\" \/><\/a><\/p><p><strong>POUR UNE FR\u00c9QUENCE D&#8217;ABONNEMENT QUOTIDIENNE, HEBDOMADAIRE, MENSUELLE OU ANNUELLE :<\/strong><\/p><ol><li><strong>Vous pouvez faire d\u00e9buter l&#8217;abonnement :<\/strong><br \/><span style=\"color: #800080;\"><strong>Option N\u00b01 :<\/strong> <strong>&#8220;jour d&#8217;anniversaire de l&#8217;abonnement&#8221;, c&#8217;est-\u00e0-dire \u00e0 la date \u00e0 laquelle l&#8217;abonnement est achet\u00e9.<\/strong><\/span><span style=\"color: #800080;\"><span style=\"color: #800080;\"><br \/>&#8211; Vous pouvez choisir la fr\u00e9quence \u00e0 laquelle votre client sera d\u00e9bit\u00e9 (tous les X jours, toutes les X semaines, tous les X mois ou toutes les X ann\u00e9es)<br \/>&#8211; Vous pouvez emp\u00eacher la modification de l&#8217;abonnement par votre client X jours, semaines, mois ou ann\u00e9es avant le renouvellement de l&#8217;abonnement<\/span><\/span><a href=\"https:\/\/www.cmonsite.fr\/creer-un-site\/wp-content\/uploads\/2020\/11\/jour-anniversaire.jpg\"><img decoding=\"async\" class=\"aligncenter wp-image-14022 size-full\" src=\"https:\/\/www.cmonsite.fr\/site\/webup\/2020\/11\/jour-anniversaire.jpg\" alt=\"\" width=\"639\" height=\"193\" srcset=\"https:\/\/www.cmonsite.fr\/site\/webup\/2020\/11\/jour-anniversaire.jpg 639w, https:\/\/www.cmonsite.fr\/site\/webup\/2020\/11\/jour-anniversaire-300x91.jpg 300w\" sizes=\"(max-width: 639px) 100vw, 639px\" \/><\/a><span style=\"color: #bd4b00;\"><strong><span style=\"color: #bd4b00;\"><br \/>Option N\u00b02 : &#8220;jour de la semaine sp\u00e9cifique&#8221;, c&#8217;est-\u00e0-dire que vous pouvez choisir de faire d\u00e9buter l&#8217;abonnement un jour en particulier.<\/span><\/strong><\/span><br \/><span style=\"color: #bd4b00;\">&#8211; Vous pouvez reporter le d\u00e9but de l&#8217;abonnement \u00e0 un jour sp\u00e9cifique. Cela vous permet par exemple, si un client a souscrit au 30 du mois, de faire d\u00e9buter son abonnement 1er du mois suivant.<\/span><br \/><span style=\"color: #bd4b00;\"><span style=\"color: #bd4b00;\">&#8211; Vous pouvez choisir la fr\u00e9quence \u00e0 laquelle votre client sera d\u00e9bit\u00e9 (tous les X jours, toutes les X semaines, tous les X mois ou toutes les X ann\u00e9es)<br \/>&#8211; Vous pouvez emp\u00eacher la modification de l&#8217;abonnement par votre client X jours avant le renouvellement de l&#8217;abonnement<\/span><\/span><br \/><a href=\"https:\/\/www.cmonsite.fr\/creer-un-site\/wp-content\/uploads\/2020\/11\/jour-semaine-specifique.jpg\"><img loading=\"lazy\" decoding=\"async\" class=\"aligncenter wp-image-14023 size-full\" src=\"https:\/\/www.cmonsite.fr\/site\/webup\/2020\/11\/jour-semaine-specifique.jpg\" alt=\"\" width=\"632\" height=\"334\" srcset=\"https:\/\/www.cmonsite.fr\/site\/webup\/2020\/11\/jour-semaine-specifique.jpg 632w, https:\/\/www.cmonsite.fr\/site\/webup\/2020\/11\/jour-semaine-specifique-300x159.jpg 300w\" sizes=\"(max-width: 632px) 100vw, 632px\" \/><\/a><\/li><li><strong><strong>Quatre options sont \u00e0 votre disposition. <\/strong><\/strong><strong><em>Ces derni\u00e8res peuvent se cumuler (vous pouvez en cocher plusieurs)<\/em><\/strong><\/li><\/ol><p><a href=\"https:\/\/www.cmonsite.fr\/creer-un-site\/wp-content\/uploads\/2020\/11\/maximum-debit.jpg\"><img loading=\"lazy\" decoding=\"async\" class=\"aligncenter wp-image-14024 size-full\" src=\"https:\/\/www.cmonsite.fr\/site\/webup\/2020\/11\/maximum-debit.jpg\" alt=\"\" width=\"286\" height=\"30\" \/><\/a><\/p><p>Cela vous permet de d\u00e9finir combien de fois le client sera d\u00e9bit\u00e9. Cela va donc d\u00e9terminer la dur\u00e9e de l&#8217;abonnement.<\/p><hr \/><p><a href=\"https:\/\/www.cmonsite.fr\/creer-un-site\/wp-content\/uploads\/2020\/11\/frais-port.jpg\"><img loading=\"lazy\" decoding=\"async\" class=\"aligncenter wp-image-14018 size-full\" src=\"https:\/\/www.cmonsite.fr\/site\/webup\/2020\/11\/frais-port.jpg\" alt=\"\" width=\"319\" height=\"24\" srcset=\"https:\/\/www.cmonsite.fr\/site\/webup\/2020\/11\/frais-port.jpg 319w, https:\/\/www.cmonsite.fr\/site\/webup\/2020\/11\/frais-port-300x23.jpg 300w\" sizes=\"(max-width: 319px) 100vw, 319px\" \/><\/a><\/p><p>Lors du renouvellement de l&#8217;abonnement, les frais de port seront offerts \u00e0 votre client.<\/p><hr \/><p><a href=\"https:\/\/www.cmonsite.fr\/creer-un-site\/wp-content\/uploads\/2020\/11\/fin-abonnement.jpg\"><img loading=\"lazy\" decoding=\"async\" class=\"aligncenter wp-image-14017 size-full\" src=\"https:\/\/www.cmonsite.fr\/site\/webup\/2020\/11\/fin-abonnement.jpg\" alt=\"\" width=\"366\" height=\"24\" srcset=\"https:\/\/www.cmonsite.fr\/site\/webup\/2020\/11\/fin-abonnement.jpg 366w, https:\/\/www.cmonsite.fr\/site\/webup\/2020\/11\/fin-abonnement-300x20.jpg 300w\" sizes=\"(max-width: 366px) 100vw, 366px\" \/><\/a><\/p><p>Le renouvellement de l&#8217;abonnement ne sera pas automatique. Pour renouveler son abonnement, le client devra effectuer une nouvelle commande sur votre site.<\/p><hr \/><p><a href=\"https:\/\/www.cmonsite.fr\/creer-un-site\/wp-content\/uploads\/2020\/11\/groupe-client-1.jpg\"><img loading=\"lazy\" decoding=\"async\" class=\"aligncenter wp-image-14020 size-full\" src=\"https:\/\/www.cmonsite.fr\/site\/webup\/2020\/11\/groupe-client-1.jpg\" alt=\"\" width=\"507\" height=\"25\" srcset=\"https:\/\/www.cmonsite.fr\/site\/webup\/2020\/11\/groupe-client-1.jpg 507w, https:\/\/www.cmonsite.fr\/site\/webup\/2020\/11\/groupe-client-1-300x15.jpg 300w\" sizes=\"(max-width: 507px) 100vw, 507px\" \/><\/a><\/p><p>Vous pouvez g\u00e9rer vos abonnements par groupes clients. Par exemple, vous avez 3 abonnements diff\u00e9rents pour des Box : &#8220;Petite Box&#8221;, &#8220;Moyenne Box&#8221; et &#8220;Grande Box&#8221;, vous pouvez cr\u00e9er des groupes clients et associer le client \u00e0 un groupe en fonction de son abonnement.<br \/>Pour savoir comment cr\u00e9er des groupes clients, nous vous invitons \u00e0 consulter cet article :\u00a0 <a href=\"https:\/\/www.cmonsite.fr\/creer-un-site\/boutique\/gestion-des-comptes-clients-groupes-de-clients-et-restrictions\/\">https:\/\/www.cmonsite.fr\/creer-un-site\/boutique\/gestion-des-comptes-clients-groupes-de-clients-et-restrictions\/<\/a><\/p><hr \/><p><a href=\"https:\/\/www.cmonsite.fr\/creer-un-site\/wp-content\/uploads\/2020\/11\/groupe-client-fin-abonnement.jpg\"><img loading=\"lazy\" decoding=\"async\" class=\"aligncenter wp-image-14021 size-full\" src=\"https:\/\/www.cmonsite.fr\/site\/webup\/2020\/11\/groupe-client-fin-abonnement.jpg\" alt=\"\" width=\"610\" height=\"42\" srcset=\"https:\/\/www.cmonsite.fr\/site\/webup\/2020\/11\/groupe-client-fin-abonnement.jpg 610w, https:\/\/www.cmonsite.fr\/site\/webup\/2020\/11\/groupe-client-fin-abonnement-300x21.jpg 300w\" sizes=\"(max-width: 610px) 100vw, 610px\" \/><\/a><\/p><p>Vous pouvez assigner votre client \u00e0 un groupe lors de la fin de son abonnement (Ex: En pause, En attente, Termin\u00e9\u2026). Cela vous permettra par exemple, d&#8217;inviter votre client \u00e0 renouveler son abonnement.<\/p><hr \/><p>\u00a0<\/p><p><span style=\"color: #ff0000;\"><strong>ATTENTION :<\/strong> <\/span>Le module d&#8217;abonnement ne fonctionne qu&#8217;avec les moyens de paiement suivants : <a href=\"https:\/\/www.cmonsite.fr\/creer-un-site\/boutique\/stripe-sur-cmonsite\/\"><strong>STRIPE<\/strong><\/a> et\/ou <a href=\"https:\/\/www.cmonsite.fr\/creer-un-site\/boutique\/paybox\/\"><strong>PAYBOX<\/strong> <strong>Direct Plus<\/strong><\/a><\/p>\t\t\t\t\t\t\t\t<\/div>\n\t\t\t\t<\/div>\n\t\t\t\t\t<\/div>\n\t\t<\/div>\n\t\t\t\t\t<\/div>\n\t\t<\/section>\n\t\t\t\t<\/div>\n\t\t","protected":false},"excerpt":{"rendered":"<p>Vous pouvez vendre vos produits et\/ou services sous forme d\u2019abonnement.Cela vous permet de proposer \u00e0 vos clients une offre \u00e0 intervalle r\u00e9gulier\u00a0: quotidien, hebdomadaire, mensuel ou encore annuel. Le module d&#8217;abonnement est disponible en Formule Premium et en Formule Pro. 1. Cr\u00e9ez votre produit &#8220;Abonnement&#8221; Un produit &#8220;Abonnement&#8221; se cr\u00e9e comme une fiche produit.Pour savoir [&hellip;]<\/p>\n","protected":false},"author":1,"featured_media":18506,"parent":24736,"menu_order":9,"comment_status":"closed","ping_status":"closed","template":"","meta":{"_helpful_status":1,"footnotes":""},"class_list":["post-12004","page","type-page","status-publish","has-post-thumbnail","hentry"],"_links":{"self":[{"href":"https:\/\/www.cmonsite.fr\/site\/wp-json\/wp\/v2\/pages\/12004","targetHints":{"allow":["GET"]}}],"collection":[{"href":"https:\/\/www.cmonsite.fr\/site\/wp-json\/wp\/v2\/pages"}],"about":[{"href":"https:\/\/www.cmonsite.fr\/site\/wp-json\/wp\/v2\/types\/page"}],"author":[{"embeddable":true,"href":"https:\/\/www.cmonsite.fr\/site\/wp-json\/wp\/v2\/users\/1"}],"replies":[{"embeddable":true,"href":"https:\/\/www.cmonsite.fr\/site\/wp-json\/wp\/v2\/comments?post=12004"}],"version-history":[{"count":6,"href":"https:\/\/www.cmonsite.fr\/site\/wp-json\/wp\/v2\/pages\/12004\/revisions"}],"predecessor-version":[{"id":24764,"href":"https:\/\/www.cmonsite.fr\/site\/wp-json\/wp\/v2\/pages\/12004\/revisions\/24764"}],"up":[{"embeddable":true,"href":"https:\/\/www.cmonsite.fr\/site\/wp-json\/wp\/v2\/pages\/24736"}],"wp:featuredmedia":[{"embeddable":true,"href":"https:\/\/www.cmonsite.fr\/site\/wp-json\/wp\/v2\/media\/18506"}],"wp:attachment":[{"href":"https:\/\/www.cmonsite.fr\/site\/wp-json\/wp\/v2\/media?parent=12004"}],"curies":[{"name":"wp","href":"https:\/\/api.w.org\/{rel}","templated":true}]}}