{"id":1198,"date":"2012-11-27T09:18:08","date_gmt":"2012-11-27T09:18:08","guid":{"rendered":"https:\/\/www.cmonsite.fr\/site\/aide\/?page_id=1198"},"modified":"2012-11-27T09:18:08","modified_gmt":"2012-11-27T09:18:08","slug":"bas-de-site","status":"publish","type":"page","link":"https:\/\/www.cmonsite.fr\/site\/aide\/design\/bas-de-site","title":{"rendered":"Comment modifier le bas de son site ?"},"content":{"rendered":"\t\t<div data-elementor-type=\"wp-page\" data-elementor-id=\"1198\" class=\"elementor elementor-1198\" data-elementor-post-type=\"page\">\n\t\t\t\t\t\t<section class=\"elementor-section elementor-top-section elementor-element elementor-element-8b6cda7 elementor-section-boxed elementor-section-height-default elementor-section-height-default\" data-id=\"8b6cda7\" data-element_type=\"section\" data-e-type=\"section\">\n\t\t\t\t\t\t<div class=\"elementor-container elementor-column-gap-default\">\n\t\t\t\t\t<div class=\"elementor-column elementor-col-100 elementor-top-column elementor-element elementor-element-9d44e9e\" data-id=\"9d44e9e\" data-element_type=\"column\" data-e-type=\"column\">\n\t\t\t<div class=\"elementor-widget-wrap elementor-element-populated\">\n\t\t\t\t\t\t<div class=\"elementor-element elementor-element-e7237cf elementor-widget elementor-widget-heading\" data-id=\"e7237cf\" data-element_type=\"widget\" data-e-type=\"widget\" data-widget_type=\"heading.default\">\n\t\t\t\t<div class=\"elementor-widget-container\">\n\t\t\t\t\t<h2 class=\"elementor-heading-title elementor-size-default\"><h2 style=\"font-family: Roboto, sans-serif;white-space: normal\"><span style=\"font-size: x-large\">1<\/span>. Acc\u00e9dez \u00e0 la gestion du bas de votre site<\/h2><\/h2>\t\t\t\t<\/div>\n\t\t\t\t<\/div>\n\t\t\t\t<div class=\"elementor-element elementor-element-85b88de elementor-widget elementor-widget-text-editor\" data-id=\"85b88de\" data-element_type=\"widget\" data-e-type=\"widget\" data-widget_type=\"text-editor.default\">\n\t\t\t\t<div class=\"elementor-widget-container\">\n\t\t\t\t\t\t\t\t\t<p>Dans la rubrique \u00ab<span style=\"font-weight: bold;\">&nbsp;Pages \/ Cat\u00e9gories \u00bb<\/span>&nbsp;onglet \u00ab&nbsp;<span style=\"font-weight: bold;\">Liens pied de page \u00bb<\/span>, vous avez la possibilit\u00e9 de modifier le bas de votre site (ou en langage&nbsp;informatique le \u00ab&nbsp;<span style=\"font-weight: bold;\">footer&nbsp;\u00bb<\/span>).&nbsp;<span style=\"font-family: var( --e-global-typography-text-font-family ), Sans-serif; font-weight: var( --e-global-typography-text-font-weight );\">Ce module vous permet d&#8217;ins\u00e9rer des liens internes ou externes \u00e0 votre site internet.<\/span><\/p>\n<p>L&#8217;avantage du bas de site est que, comme pour le haut, le contenu ins\u00e9r\u00e9 reste&nbsp;<span style=\"font-weight: bold;\">statique<\/span>, c&#8217;est-\u00e0-dire qu&#8217;il s&#8217;affiche sur toutes vos pages : tr\u00e8s utile pour afficher par exemple toutes les informations importantes que vous souhaitez mettre en avant.<\/p>\t\t\t\t\t\t\t\t<\/div>\n\t\t\t\t<\/div>\n\t\t\t\t<div class=\"elementor-element elementor-element-1ea8357 elementor-widget elementor-widget-image\" data-id=\"1ea8357\" data-element_type=\"widget\" data-e-type=\"widget\" data-widget_type=\"image.default\">\n\t\t\t\t<div class=\"elementor-widget-container\">\n\t\t\t\t\t\t\t\t\t\t\t\t\t\t\t<img fetchpriority=\"high\" decoding=\"async\" width=\"1290\" height=\"327\" src=\"https:\/\/www.cmonsite.fr\/site\/webup\/2021\/06\/123.png\" class=\"attachment-full size-full wp-image-15616\" alt=\"\" srcset=\"https:\/\/www.cmonsite.fr\/site\/webup\/2021\/06\/123.png 1290w, https:\/\/www.cmonsite.fr\/site\/webup\/2021\/06\/123-300x76.png 300w, https:\/\/www.cmonsite.fr\/site\/webup\/2021\/06\/123-1024x260.png 1024w, https:\/\/www.cmonsite.fr\/site\/webup\/2021\/06\/123-768x195.png 768w\" sizes=\"(max-width: 1290px) 100vw, 1290px\" \/>\t\t\t\t\t\t\t\t\t\t\t\t\t\t\t<\/div>\n\t\t\t\t<\/div>\n\t\t\t\t\t<\/div>\n\t\t<\/div>\n\t\t\t\t\t<\/div>\n\t\t<\/section>\n\t\t\t\t<section class=\"elementor-section elementor-top-section elementor-element elementor-element-9dbfc95 elementor-section-boxed elementor-section-height-default elementor-section-height-default\" data-id=\"9dbfc95\" data-element_type=\"section\" data-e-type=\"section\">\n\t\t\t\t\t\t<div class=\"elementor-container elementor-column-gap-default\">\n\t\t\t\t\t<div class=\"elementor-column elementor-col-100 elementor-top-column elementor-element elementor-element-00eda91\" data-id=\"00eda91\" data-element_type=\"column\" data-e-type=\"column\">\n\t\t\t<div class=\"elementor-widget-wrap elementor-element-populated\">\n\t\t\t\t\t\t<div class=\"elementor-element elementor-element-1a57cd9 elementor-widget elementor-widget-heading\" data-id=\"1a57cd9\" data-element_type=\"widget\" data-e-type=\"widget\" data-widget_type=\"heading.default\">\n\t\t\t\t<div class=\"elementor-widget-container\">\n\t\t\t\t\t<h2 class=\"elementor-heading-title elementor-size-default\"><h2 style=\"font-family: Roboto, sans-serif;white-space: normal\"><span style=\"font-size: x-large\">2<\/span>. Ins\u00e9rez du contenu dans le bas du site<\/h2><\/h2>\t\t\t\t<\/div>\n\t\t\t\t<\/div>\n\t\t\t\t<div class=\"elementor-element elementor-element-e484126 elementor-widget elementor-widget-text-editor\" data-id=\"e484126\" data-element_type=\"widget\" data-e-type=\"widget\" data-widget_type=\"text-editor.default\">\n\t\t\t\t<div class=\"elementor-widget-container\">\n\t\t\t\t\t\t\t\t\t<p>Pour ins\u00e9rer du contenu texte ou autre en bas de votre site, cliquez sur &#8220;<b>\u00c9diter le contenu de votre pied de page<\/b>&#8220;.<\/p>\n<p>La mise en forme (saut de ligne, police, couleur, etc&#8230;) se r\u00e9alise de la m\u00eame mani\u00e8re que pour les autres pages de votre site.<\/p>\n<p>Ces information appara\u00eetrons alors juste au dessus des liens suivants :&nbsp; &#8220;Mentions L\u00e9gales&#8221;, &#8220;Gestion des cookies&#8221;, &#8220;Mon compte&#8221;, &#8220;CGV&#8221; etc..<\/p>\t\t\t\t\t\t\t\t<\/div>\n\t\t\t\t<\/div>\n\t\t\t\t<div class=\"elementor-element elementor-element-9f2f191 elementor-widget elementor-widget-spacer\" data-id=\"9f2f191\" data-element_type=\"widget\" data-e-type=\"widget\" data-widget_type=\"spacer.default\">\n\t\t\t\t<div class=\"elementor-widget-container\">\n\t\t\t\t\t\t\t<div class=\"elementor-spacer\">\n\t\t\t<div class=\"elementor-spacer-inner\"><\/div>\n\t\t<\/div>\n\t\t\t\t\t\t<\/div>\n\t\t\t\t<\/div>\n\t\t\t\t\t<\/div>\n\t\t<\/div>\n\t\t\t\t\t<\/div>\n\t\t<\/section>\n\t\t\t\t<section class=\"elementor-section elementor-top-section elementor-element elementor-element-41abfe6 elementor-section-boxed elementor-section-height-default elementor-section-height-default\" data-id=\"41abfe6\" data-element_type=\"section\" data-e-type=\"section\">\n\t\t\t\t\t\t<div class=\"elementor-container elementor-column-gap-default\">\n\t\t\t\t\t<div class=\"elementor-column elementor-col-100 elementor-top-column elementor-element elementor-element-75e1c42\" data-id=\"75e1c42\" data-element_type=\"column\" data-e-type=\"column\">\n\t\t\t<div class=\"elementor-widget-wrap elementor-element-populated\">\n\t\t\t\t\t\t<div class=\"elementor-element elementor-element-7a33145 elementor-widget elementor-widget-heading\" data-id=\"7a33145\" data-element_type=\"widget\" data-e-type=\"widget\" data-widget_type=\"heading.default\">\n\t\t\t\t<div class=\"elementor-widget-container\">\n\t\t\t\t\t<h2 class=\"elementor-heading-title elementor-size-default\"><span style=\"font-family: inherit;white-space: normal;font-size: x-large\">3<\/span><span style=\"font-family: inherit;white-space: normal;font-size: 1.75rem\">. Ajouter des liens en bas de votre site<\/span><\/h2>\t\t\t\t<\/div>\n\t\t\t\t<\/div>\n\t\t\t\t<div class=\"elementor-element elementor-element-55989d8 elementor-widget elementor-widget-text-editor\" data-id=\"55989d8\" data-element_type=\"widget\" data-e-type=\"widget\" data-widget_type=\"text-editor.default\">\n\t\t\t\t<div class=\"elementor-widget-container\">\n\t\t\t\t\t\t\t\t\t<p>Vous avez la possibilit\u00e9 d&#8217;ajouter&nbsp;des liens (internes ou externes) en bas de votre site ! Voici le lien direct :&nbsp;<a href=\"https:\/\/www.cmonsite.fr\/gestion_pub.php\">Acc\u00e9der \u00e0 mon pied de page<\/a><\/p>\n<p><em>A NOTER&nbsp;: <\/em>Cela vous permet d&#8217;afficher&nbsp;en&nbsp;bas de votre site, vos CGV, vos liens partenaires ou autres liens que vous jugez utiles.<\/p>\n<p><\/p>\n<p>De plus, pour savoir comment personnaliser la couleur de fond du bas de votre site&nbsp;<span style=\"background-color: rgb(255, 255, 255);\"><a href=\"https:\/\/www.cmonsite.fr\/creer-un-site\/contenu-design-modules\/design\/personnalisation-design\/\">cliquez <\/a><\/span><a style=\"background-color: #ffffff;\" href=\"https:\/\/www.cmonsite.fr\/creer-un-site\/contenu-design-modules\/design\/personnalisation-design\/\" target=\"_blank\" rel=\"noopener noreferrer\">ici<\/a><\/p>\t\t\t\t\t\t\t\t<\/div>\n\t\t\t\t<\/div>\n\t\t\t\t<div class=\"elementor-element elementor-element-a437f29 elementor-widget elementor-widget-image\" data-id=\"a437f29\" data-element_type=\"widget\" data-e-type=\"widget\" data-widget_type=\"image.default\">\n\t\t\t\t<div class=\"elementor-widget-container\">\n\t\t\t\t\t\t\t\t\t\t\t\t\t\t\t<img decoding=\"async\" width=\"1260\" height=\"849\" src=\"https:\/\/www.cmonsite.fr\/site\/webup\/2021\/06\/lien_bas_de_site1.gif\" class=\"attachment-full size-full wp-image-15674\" alt=\"\" \/>\t\t\t\t\t\t\t\t\t\t\t\t\t\t\t<\/div>\n\t\t\t\t<\/div>\n\t\t\t\t\t<\/div>\n\t\t<\/div>\n\t\t\t\t\t<\/div>\n\t\t<\/section>\n\t\t\t\t<section class=\"elementor-section elementor-top-section elementor-element elementor-element-b45ad84 elementor-section-boxed elementor-section-height-default elementor-section-height-default\" data-id=\"b45ad84\" data-element_type=\"section\" data-e-type=\"section\">\n\t\t\t\t\t\t<div class=\"elementor-container elementor-column-gap-default\">\n\t\t\t\t\t<div class=\"elementor-column elementor-col-100 elementor-top-column elementor-element elementor-element-c153e14\" data-id=\"c153e14\" data-element_type=\"column\" data-e-type=\"column\">\n\t\t\t<div class=\"elementor-widget-wrap elementor-element-populated\">\n\t\t\t\t\t\t<div class=\"elementor-element elementor-element-ac1548f elementor-widget elementor-widget-spacer\" data-id=\"ac1548f\" data-element_type=\"widget\" data-e-type=\"widget\" data-widget_type=\"spacer.default\">\n\t\t\t\t<div class=\"elementor-widget-container\">\n\t\t\t\t\t\t\t<div class=\"elementor-spacer\">\n\t\t\t<div class=\"elementor-spacer-inner\"><\/div>\n\t\t<\/div>\n\t\t\t\t\t\t<\/div>\n\t\t\t\t<\/div>\n\t\t\t\t<div class=\"elementor-element elementor-element-f90bf49 elementor-widget elementor-widget-text-editor\" data-id=\"f90bf49\" data-element_type=\"widget\" data-e-type=\"widget\" data-widget_type=\"text-editor.default\">\n\t\t\t\t<div class=\"elementor-widget-container\">\n\t\t\t\t\t\t\t\t\t<p><i>Exemple de l&#8217;affichage des liens pied de page sur un site internet<\/i><\/p>\t\t\t\t\t\t\t\t<\/div>\n\t\t\t\t<\/div>\n\t\t\t\t<div class=\"elementor-element elementor-element-1ca45c3 elementor-widget elementor-widget-image\" data-id=\"1ca45c3\" data-element_type=\"widget\" data-e-type=\"widget\" data-widget_type=\"image.default\">\n\t\t\t\t<div class=\"elementor-widget-container\">\n\t\t\t\t\t\t\t\t\t\t\t\t\t\t\t<img decoding=\"async\" width=\"917\" height=\"49\" src=\"https:\/\/www.cmonsite.fr\/site\/webup\/2021\/06\/yoAOXo5.png\" class=\"attachment-full size-full wp-image-15676\" alt=\"\" srcset=\"https:\/\/www.cmonsite.fr\/site\/webup\/2021\/06\/yoAOXo5.png 917w, https:\/\/www.cmonsite.fr\/site\/webup\/2021\/06\/yoAOXo5-300x16.png 300w, https:\/\/www.cmonsite.fr\/site\/webup\/2021\/06\/yoAOXo5-768x41.png 768w\" sizes=\"(max-width: 917px) 100vw, 917px\" \/>\t\t\t\t\t\t\t\t\t\t\t\t\t\t\t<\/div>\n\t\t\t\t<\/div>\n\t\t\t\t<div class=\"elementor-element elementor-element-7e77c78 elementor-widget elementor-widget-heading\" data-id=\"7e77c78\" data-element_type=\"widget\" data-e-type=\"widget\" data-widget_type=\"heading.default\">\n\t\t\t\t<div class=\"elementor-widget-container\">\n\t\t\t\t\t<h2 class=\"elementor-heading-title elementor-size-default\"><h2 style=\"font-family: Roboto, sans-serif;white-space: normal\"><span style=\"font-size: x-large\">4<\/span>. Ajouter les boutons de vos r\u00e9seaux sociaux<\/h2><\/h2>\t\t\t\t<\/div>\n\t\t\t\t<\/div>\n\t\t\t\t<div class=\"elementor-element elementor-element-a622cb1 elementor-widget elementor-widget-text-editor\" data-id=\"a622cb1\" data-element_type=\"widget\" data-e-type=\"widget\" data-widget_type=\"text-editor.default\">\n\t\t\t\t<div class=\"elementor-widget-container\">\n\t\t\t\t\t\t\t\t\t<p>Vous avez la possibilit\u00e9 d&#8217;ajouter les boutons de vos r\u00e9seaux sociaux dans votre bas de site pour que les internautes puissent vous suivre.<\/p>\n<p>Il vous suffit de coller le lien de vos r\u00e9seaux sociaux et de s\u00e9lectionner le bouton &#8220;Oui&#8221; pour que les boutons souhait\u00e9s s&#8217;affichent.<\/p>\n<p>BON A SAVOIR : Pour que le bouton Facebook apparaissent il doit s&#8217;agir d&#8217;une page ou d&#8217;un lien. Le profil personnel ne peut pas accueillir de J&#8217;AIME.<\/p>\t\t\t\t\t\t\t\t<\/div>\n\t\t\t\t<\/div>\n\t\t\t\t<div class=\"elementor-element elementor-element-30d1618 elementor-widget elementor-widget-image\" data-id=\"30d1618\" data-element_type=\"widget\" data-e-type=\"widget\" data-widget_type=\"image.default\">\n\t\t\t\t<div class=\"elementor-widget-container\">\n\t\t\t\t\t\t\t\t\t\t\t\t\t\t\t<img loading=\"lazy\" decoding=\"async\" width=\"1268\" height=\"702\" src=\"https:\/\/www.cmonsite.fr\/site\/webup\/2021\/06\/rs.png\" class=\"attachment-full size-full wp-image-15621\" alt=\"\" srcset=\"https:\/\/www.cmonsite.fr\/site\/webup\/2021\/06\/rs.png 1268w, https:\/\/www.cmonsite.fr\/site\/webup\/2021\/06\/rs-300x166.png 300w, https:\/\/www.cmonsite.fr\/site\/webup\/2021\/06\/rs-1024x567.png 1024w, https:\/\/www.cmonsite.fr\/site\/webup\/2021\/06\/rs-768x425.png 768w\" sizes=\"(max-width: 1268px) 100vw, 1268px\" \/>\t\t\t\t\t\t\t\t\t\t\t\t\t\t\t<\/div>\n\t\t\t\t<\/div>\n\t\t\t\t\t<\/div>\n\t\t<\/div>\n\t\t\t\t\t<\/div>\n\t\t<\/section>\n\t\t\t\t<section class=\"elementor-section elementor-top-section elementor-element elementor-element-7a5d41ca elementor-section-boxed elementor-section-height-default elementor-section-height-default\" data-id=\"7a5d41ca\" data-element_type=\"section\" data-e-type=\"section\">\n\t\t\t\t\t\t<div class=\"elementor-container elementor-column-gap-default\">\n\t\t\t\t\t<div class=\"elementor-column elementor-col-100 elementor-top-column elementor-element elementor-element-75f693cd\" data-id=\"75f693cd\" data-element_type=\"column\" data-e-type=\"column\">\n\t\t\t<div class=\"elementor-widget-wrap elementor-element-populated\">\n\t\t\t\t\t\t<div class=\"elementor-element elementor-element-3a6b404 elementor-widget-divider--view-line elementor-widget elementor-widget-divider\" data-id=\"3a6b404\" data-element_type=\"widget\" data-e-type=\"widget\" data-widget_type=\"divider.default\">\n\t\t\t\t<div class=\"elementor-widget-container\">\n\t\t\t\t\t\t\t<div class=\"elementor-divider\">\n\t\t\t<span class=\"elementor-divider-separator\">\n\t\t\t\t\t\t<\/span>\n\t\t<\/div>\n\t\t\t\t\t\t<\/div>\n\t\t\t\t<\/div>\n\t\t\t\t<div class=\"elementor-element elementor-element-4dbb0c4 elementor-widget elementor-widget-text-editor\" data-id=\"4dbb0c4\" data-element_type=\"widget\" data-e-type=\"widget\" data-widget_type=\"text-editor.default\">\n\t\t\t\t<div class=\"elementor-widget-container\">\n\t\t\t\t\t\t\t\t\t<p style=\"text-align: center;\">F\u00e9licitations, vous disposez maintenant d&#8217;un bas de site personnalis\u00e9 !<\/p>\t\t\t\t\t\t\t\t<\/div>\n\t\t\t\t<\/div>\n\t\t\t\t<div class=\"elementor-element elementor-element-8cef14a elementor-widget-divider--view-line elementor-widget elementor-widget-divider\" data-id=\"8cef14a\" data-element_type=\"widget\" data-e-type=\"widget\" data-widget_type=\"divider.default\">\n\t\t\t\t<div class=\"elementor-widget-container\">\n\t\t\t\t\t\t\t<div class=\"elementor-divider\">\n\t\t\t<span class=\"elementor-divider-separator\">\n\t\t\t\t\t\t<\/span>\n\t\t<\/div>\n\t\t\t\t\t\t<\/div>\n\t\t\t\t<\/div>\n\t\t\t\t<div class=\"elementor-element elementor-element-937c2d1 elementor-widget elementor-widget-text-editor\" data-id=\"937c2d1\" data-element_type=\"widget\" data-e-type=\"widget\" data-widget_type=\"text-editor.default\">\n\t\t\t\t<div class=\"elementor-widget-container\">\n\t\t\t\t\t\t\t\t\t<p>Voir aussi\u00a0dans la m\u00eame th\u00e9matique :<br \/><a style=\"background-color: #ffffff;\" href=\"https:\/\/www.cmonsite.fr\/creer-un-site\/contenu-design-modules\/modules\/bas-de-site\/\">Modifier le bas de son site<br \/><\/a><a style=\"background-color: #ffffff;\" href=\"https:\/\/www.cmonsite.fr\/creer-un-site\/boutique\/comment-bien-rediger-ses-mentions-legales\/\">R\u00e9diger ses mentions l\u00e9gales et ses Conditions g\u00e9n\u00e9rales de vente<\/a><em><br \/><\/em><a style=\"background-color: #ffffff;\" title=\"Ajouter de la pub sur mon site internet\" href=\"https:\/\/www.cmonsite.fr\/creer-un-site\/contenu-design-modules\/modules\/publicite-gagner-argent\/\" target=\"_blank\" rel=\"noopener noreferrer\">Ajouter de la publicit\u00e9 sur son site internet<\/a><\/p>\t\t\t\t\t\t\t\t<\/div>\n\t\t\t\t<\/div>\n\t\t\t\t\t<\/div>\n\t\t<\/div>\n\t\t\t\t\t<\/div>\n\t\t<\/section>\n\t\t\t\t<\/div>\n\t\t","protected":false},"excerpt":{"rendered":"<p>1. Acc\u00e9dez \u00e0 la gestion du bas de votre site Dans la rubrique \u00ab\u00a0Pages \/ Cat\u00e9gories \u00bb\u00a0onglet \u00ab\u00a0Liens pied de page \u00bb, vous avez la possibilit\u00e9 de modifier le bas de votre site (ou en langage\u00a0informatique le \u00ab\u00a0footer\u00a0\u00bb).\u00a0Ce module vous permet d&#8217;ins\u00e9rer des liens internes ou externes \u00e0 votre site internet. L&#8217;avantage du bas de [&hellip;]<\/p>\n","protected":false},"author":1,"featured_media":17995,"parent":262,"menu_order":30,"comment_status":"open","ping_status":"closed","template":"","meta":{"_helpful_status":1,"footnotes":""},"class_list":["post-1198","page","type-page","status-publish","has-post-thumbnail","hentry"],"_links":{"self":[{"href":"https:\/\/www.cmonsite.fr\/site\/wp-json\/wp\/v2\/pages\/1198","targetHints":{"allow":["GET"]}}],"collection":[{"href":"https:\/\/www.cmonsite.fr\/site\/wp-json\/wp\/v2\/pages"}],"about":[{"href":"https:\/\/www.cmonsite.fr\/site\/wp-json\/wp\/v2\/types\/page"}],"author":[{"embeddable":true,"href":"https:\/\/www.cmonsite.fr\/site\/wp-json\/wp\/v2\/users\/1"}],"replies":[{"embeddable":true,"href":"https:\/\/www.cmonsite.fr\/site\/wp-json\/wp\/v2\/comments?post=1198"}],"version-history":[{"count":1,"href":"https:\/\/www.cmonsite.fr\/site\/wp-json\/wp\/v2\/pages\/1198\/revisions"}],"predecessor-version":[{"id":21039,"href":"https:\/\/www.cmonsite.fr\/site\/wp-json\/wp\/v2\/pages\/1198\/revisions\/21039"}],"up":[{"embeddable":true,"href":"https:\/\/www.cmonsite.fr\/site\/wp-json\/wp\/v2\/pages\/262"}],"wp:featuredmedia":[{"embeddable":true,"href":"https:\/\/www.cmonsite.fr\/site\/wp-json\/wp\/v2\/media\/17995"}],"wp:attachment":[{"href":"https:\/\/www.cmonsite.fr\/site\/wp-json\/wp\/v2\/media?parent=1198"}],"curies":[{"name":"wp","href":"https:\/\/api.w.org\/{rel}","templated":true}]}}