{"id":1192,"date":"2012-11-27T09:17:19","date_gmt":"2012-11-27T09:17:19","guid":{"rendered":"https:\/\/www.cmonsite.fr\/site\/aide\/?page_id=1192"},"modified":"2023-10-02T09:12:52","modified_gmt":"2023-10-02T07:12:52","slug":"code-html-page","status":"publish","type":"page","link":"https:\/\/www.cmonsite.fr\/site\/aide\/design\/code-html-page","title":{"rendered":"Ins\u00e9rer du code HTML dans une page"},"content":{"rendered":"\t\t<div data-elementor-type=\"wp-page\" data-elementor-id=\"1192\" class=\"elementor elementor-1192\" data-elementor-post-type=\"page\">\n\t\t\t\t\t\t<section class=\"elementor-section elementor-top-section elementor-element elementor-element-40210c09 elementor-section-boxed elementor-section-height-default elementor-section-height-default\" data-id=\"40210c09\" data-element_type=\"section\" data-e-type=\"section\">\n\t\t\t\t\t\t<div class=\"elementor-container elementor-column-gap-default\">\n\t\t\t\t\t<div class=\"elementor-column elementor-col-100 elementor-top-column elementor-element elementor-element-45b9d2ce\" data-id=\"45b9d2ce\" data-element_type=\"column\" data-e-type=\"column\">\n\t\t\t<div class=\"elementor-widget-wrap elementor-element-populated\">\n\t\t\t\t\t\t<div class=\"elementor-element elementor-element-7b85454 elementor-widget elementor-widget-text-editor\" data-id=\"7b85454\" data-element_type=\"widget\" data-e-type=\"widget\" data-widget_type=\"text-editor.default\">\n\t\t\t\t<div class=\"elementor-widget-container\">\n\t\t\t\t\t\t\t\t\t<p style=\"text-align: left;\"><span style=\"font-weight: bold;\">Ce module est accessible d\u00e8s la formule D\u00e9couverte.<\/span><\/p><p style=\"text-align: left;\">N\u00e9anmoins, la modification directe du code HTML est destin\u00e9e aux utilisateurs ayant un minimum de comp\u00e9tence en HTML.<br \/>Ce module n\u2019est\u00a0<span style=\"font-weight: bold;\">pas indispensable au d\u00e9veloppement de votre site internet<\/span>, mais permet aux utilisateurs d\u2019int\u00e9grer du code HTML pour ins\u00e9rer notamment des <span style=\"font-weight: bold;\">banni\u00e8res anim\u00e9es, des widgets<\/span>\u00a0etc..<\/p>\t\t\t\t\t\t\t\t<\/div>\n\t\t\t\t<\/div>\n\t\t\t\t<div class=\"elementor-element elementor-element-25c54d7 elementor-widget elementor-widget-spacer\" data-id=\"25c54d7\" data-element_type=\"widget\" data-e-type=\"widget\" data-widget_type=\"spacer.default\">\n\t\t\t\t<div class=\"elementor-widget-container\">\n\t\t\t\t\t\t\t<div class=\"elementor-spacer\">\n\t\t\t<div class=\"elementor-spacer-inner\"><\/div>\n\t\t<\/div>\n\t\t\t\t\t\t<\/div>\n\t\t\t\t<\/div>\n\t\t\t\t<div class=\"elementor-element elementor-element-04b43bd elementor-widget elementor-widget-heading\" data-id=\"04b43bd\" data-element_type=\"widget\" data-e-type=\"widget\" data-widget_type=\"heading.default\">\n\t\t\t\t<div class=\"elementor-widget-container\">\n\t\t\t\t\t<h2 class=\"elementor-heading-title elementor-size-default\">1. Acc\u00e9der \u00e0 l'\u00e9diteur CmonSite<\/h2>\t\t\t\t<\/div>\n\t\t\t\t<\/div>\n\t\t\t\t<div class=\"elementor-element elementor-element-32cbb89 elementor-widget elementor-widget-text-editor\" data-id=\"32cbb89\" data-element_type=\"widget\" data-e-type=\"widget\" data-widget_type=\"text-editor.default\">\n\t\t\t\t<div class=\"elementor-widget-container\">\n\t\t\t\t\t\t\t\t\t<p>Vous aurez toujours acc\u00e8s au code HTML de chacune de vos pages si vous souhaitez y apporter des modifications. <br \/>Pour acc\u00e9der \u00e0 ces options, rendez-vous \u00e0 <strong>&#8220;Pages \/ Cat\u00e9gorie&#8221; &gt; &#8220;Mes pages \/ Cat\u00e9gories&#8221;<\/strong> depuis votre administration, <br \/>ou directement ici :\u00a0<a href=\"https:\/\/www.cmonsite.fr\/list_tab.php\" target=\"_blank\" rel=\"noopener\">Mes pages\/ Cat\u00e9gories<\/a><\/p><p>S\u00e9lectionnez ensuite le bouton vert <strong>&#8220;<span style=\"color: #111111; font-family: var( --e-global-typography-text-font-family ), Sans-serif;\">\u00c9<\/span><\/strong><strong style=\"color: var( --e-global-color-text ); font-family: var( --e-global-typography-text-font-family ), Sans-serif;\">diter le contenu de votre page&#8221;<\/strong><span style=\"color: var( --e-global-color-text ); font-family: var( --e-global-typography-text-font-family ), Sans-serif; font-weight: var( --e-global-typography-text-font-weight );\"> pour acc\u00e9der \u00e0 l&#8217;\u00e9diteur de CmonSite.<\/span><\/p>\t\t\t\t\t\t\t\t<\/div>\n\t\t\t\t<\/div>\n\t\t\t\t<div class=\"elementor-element elementor-element-6e4821f elementor-widget elementor-widget-spacer\" data-id=\"6e4821f\" data-element_type=\"widget\" data-e-type=\"widget\" data-widget_type=\"spacer.default\">\n\t\t\t\t<div class=\"elementor-widget-container\">\n\t\t\t\t\t\t\t<div class=\"elementor-spacer\">\n\t\t\t<div class=\"elementor-spacer-inner\"><\/div>\n\t\t<\/div>\n\t\t\t\t\t\t<\/div>\n\t\t\t\t<\/div>\n\t\t\t\t<div class=\"elementor-element elementor-element-ebc237b elementor-widget elementor-widget-heading\" data-id=\"ebc237b\" data-element_type=\"widget\" data-e-type=\"widget\" data-widget_type=\"heading.default\">\n\t\t\t\t<div class=\"elementor-widget-container\">\n\t\t\t\t\t<h2 class=\"elementor-heading-title elementor-size-default\">2. Ajouter du code HTML sur une page<\/h2>\t\t\t\t<\/div>\n\t\t\t\t<\/div>\n\t\t\t\t<div class=\"elementor-element elementor-element-094a00b elementor-widget elementor-widget-text-editor\" data-id=\"094a00b\" data-element_type=\"widget\" data-e-type=\"widget\" data-widget_type=\"text-editor.default\">\n\t\t\t\t<div class=\"elementor-widget-container\">\n\t\t\t\t\t\t\t\t\t<p>Deux options s&#8217;offrent \u00e0 vous si vous souhaitez ajouter du code HTML sur votre site\u00a0<\/p>\t\t\t\t\t\t\t\t<\/div>\n\t\t\t\t<\/div>\n\t\t\t\t<div class=\"elementor-element elementor-element-416f11f elementor-widget elementor-widget-spacer\" data-id=\"416f11f\" data-element_type=\"widget\" data-e-type=\"widget\" data-widget_type=\"spacer.default\">\n\t\t\t\t<div class=\"elementor-widget-container\">\n\t\t\t\t\t\t\t<div class=\"elementor-spacer\">\n\t\t\t<div class=\"elementor-spacer-inner\"><\/div>\n\t\t<\/div>\n\t\t\t\t\t\t<\/div>\n\t\t\t\t<\/div>\n\t\t\t\t<div class=\"elementor-element elementor-element-b4e6a54 elementor-widget elementor-widget-heading\" data-id=\"b4e6a54\" data-element_type=\"widget\" data-e-type=\"widget\" data-widget_type=\"heading.default\">\n\t\t\t\t<div class=\"elementor-widget-container\">\n\t\t\t\t\t<h3 class=\"elementor-heading-title elementor-size-default\">2.1. Ajouter une balise HTML sur vos pages<\/h3>\t\t\t\t<\/div>\n\t\t\t\t<\/div>\n\t\t\t\t<section class=\"elementor-section elementor-inner-section elementor-element elementor-element-ad9a2c1 elementor-section-boxed elementor-section-height-default elementor-section-height-default\" data-id=\"ad9a2c1\" data-element_type=\"section\" data-e-type=\"section\">\n\t\t\t\t\t\t<div class=\"elementor-container elementor-column-gap-default\">\n\t\t\t\t\t<div class=\"elementor-column elementor-col-50 elementor-inner-column elementor-element elementor-element-0a523af\" data-id=\"0a523af\" data-element_type=\"column\" data-e-type=\"column\">\n\t\t\t<div class=\"elementor-widget-wrap elementor-element-populated\">\n\t\t\t\t\t\t<div class=\"elementor-element elementor-element-367e8d4 elementor-widget elementor-widget-text-editor\" data-id=\"367e8d4\" data-element_type=\"widget\" data-e-type=\"widget\" data-widget_type=\"text-editor.default\">\n\t\t\t\t<div class=\"elementor-widget-container\">\n\t\t\t\t\t\t\t\t\t<p>Cet outil vous permettra d&#8217;ajouter du code directement sur vos pages, tr\u00e8s facilement.\u00a0 <br \/>Pour ce faire, il vous faudra glisser-d\u00e9poser l&#8217;outil &#8220;Code source&#8221; pr\u00e9sent sur le panneau lat\u00e9ral gauche de votre \u00e9cran,\u00a0 directement sur votre page.<\/p>\t\t\t\t\t\t\t\t<\/div>\n\t\t\t\t<\/div>\n\t\t\t\t<div class=\"elementor-element elementor-element-6e73ff9 elementor-widget elementor-widget-spacer\" data-id=\"6e73ff9\" data-element_type=\"widget\" data-e-type=\"widget\" data-widget_type=\"spacer.default\">\n\t\t\t\t<div class=\"elementor-widget-container\">\n\t\t\t\t\t\t\t<div class=\"elementor-spacer\">\n\t\t\t<div class=\"elementor-spacer-inner\"><\/div>\n\t\t<\/div>\n\t\t\t\t\t\t<\/div>\n\t\t\t\t<\/div>\n\t\t\t\t<div class=\"elementor-element elementor-element-8fa3f98 elementor-widget elementor-widget-text-editor\" data-id=\"8fa3f98\" data-element_type=\"widget\" data-e-type=\"widget\" data-widget_type=\"text-editor.default\">\n\t\t\t\t<div class=\"elementor-widget-container\">\n\t\t\t\t\t\t\t\t\t<p style=\"text-align: center;\"><span style=\"color: #808080;\">Le glisser-d\u00e9poser de l&#8217;\u00e9l\u00e9ment &#8220;Code source&#8221;<\/span><\/p>\t\t\t\t\t\t\t\t<\/div>\n\t\t\t\t<\/div>\n\t\t\t\t<div class=\"elementor-element elementor-element-5a34ebf elementor-widget elementor-widget-image\" data-id=\"5a34ebf\" data-element_type=\"widget\" data-e-type=\"widget\" data-widget_type=\"image.default\">\n\t\t\t\t<div class=\"elementor-widget-container\">\n\t\t\t\t\t\t\t\t\t\t\t\t\t\t\t<img fetchpriority=\"high\" decoding=\"async\" width=\"417\" height=\"316\" src=\"https:\/\/www.cmonsite.fr\/site\/webup\/2021\/11\/faq-ajouter-code-html-cmonsite.jpg\" class=\"attachment-full size-full wp-image-18828\" alt=\"\" srcset=\"https:\/\/www.cmonsite.fr\/site\/webup\/2021\/11\/faq-ajouter-code-html-cmonsite.jpg 417w, https:\/\/www.cmonsite.fr\/site\/webup\/2021\/11\/faq-ajouter-code-html-cmonsite-300x227.jpg 300w\" sizes=\"(max-width: 417px) 100vw, 417px\" \/>\t\t\t\t\t\t\t\t\t\t\t\t\t\t\t<\/div>\n\t\t\t\t<\/div>\n\t\t\t\t<div class=\"elementor-element elementor-element-277bf1f elementor-widget elementor-widget-spacer\" data-id=\"277bf1f\" data-element_type=\"widget\" data-e-type=\"widget\" data-widget_type=\"spacer.default\">\n\t\t\t\t<div class=\"elementor-widget-container\">\n\t\t\t\t\t\t\t<div class=\"elementor-spacer\">\n\t\t\t<div class=\"elementor-spacer-inner\"><\/div>\n\t\t<\/div>\n\t\t\t\t\t\t<\/div>\n\t\t\t\t<\/div>\n\t\t\t\t<div class=\"elementor-element elementor-element-0f5d140 elementor-widget elementor-widget-spacer\" data-id=\"0f5d140\" data-element_type=\"widget\" data-e-type=\"widget\" data-widget_type=\"spacer.default\">\n\t\t\t\t<div class=\"elementor-widget-container\">\n\t\t\t\t\t\t\t<div class=\"elementor-spacer\">\n\t\t\t<div class=\"elementor-spacer-inner\"><\/div>\n\t\t<\/div>\n\t\t\t\t\t\t<\/div>\n\t\t\t\t<\/div>\n\t\t\t\t<div class=\"elementor-element elementor-element-af58a64 elementor-widget elementor-widget-text-editor\" data-id=\"af58a64\" data-element_type=\"widget\" data-e-type=\"widget\" data-widget_type=\"text-editor.default\">\n\t\t\t\t<div class=\"elementor-widget-container\">\n\t\t\t\t\t\t\t\t\t<p>Le panneau de configuration de cet outil s&#8217;ouvrira alors dans votre menu lat\u00e9ral \u00e0 gauche de votre \u00e9cran.<br \/>C&#8217;est ici que vous pourrez copier le code que vous souhaitez ins\u00e9rer sur votre page.<br \/>N&#8217;oubliez pas d&#8217;enregistrer.\u00a0<\/p>\t\t\t\t\t\t\t\t<\/div>\n\t\t\t\t<\/div>\n\t\t\t\t<div class=\"elementor-element elementor-element-d885c44 elementor-widget elementor-widget-spacer\" data-id=\"d885c44\" data-element_type=\"widget\" data-e-type=\"widget\" data-widget_type=\"spacer.default\">\n\t\t\t\t<div class=\"elementor-widget-container\">\n\t\t\t\t\t\t\t<div class=\"elementor-spacer\">\n\t\t\t<div class=\"elementor-spacer-inner\"><\/div>\n\t\t<\/div>\n\t\t\t\t\t\t<\/div>\n\t\t\t\t<\/div>\n\t\t\t\t<div class=\"elementor-element elementor-element-5a8f79e elementor-widget elementor-widget-text-editor\" data-id=\"5a8f79e\" data-element_type=\"widget\" data-e-type=\"widget\" data-widget_type=\"text-editor.default\">\n\t\t\t\t<div class=\"elementor-widget-container\">\n\t\t\t\t\t\t\t\t\t<p style=\"text-align: center;\"><span style=\"color: #808080;\">Le champ \u00e9ditable de l&#8217;\u00e9l\u00e9ment &#8220;Code source&#8221;\u00a0<\/span><\/p>\t\t\t\t\t\t\t\t<\/div>\n\t\t\t\t<\/div>\n\t\t\t\t\t<\/div>\n\t\t<\/div>\n\t\t\t\t<div class=\"elementor-column elementor-col-50 elementor-inner-column elementor-element elementor-element-ae568c1\" data-id=\"ae568c1\" data-element_type=\"column\" data-e-type=\"column\">\n\t\t\t<div class=\"elementor-widget-wrap elementor-element-populated\">\n\t\t\t\t\t\t<div class=\"elementor-element elementor-element-202f9de elementor-widget elementor-widget-spacer\" data-id=\"202f9de\" data-element_type=\"widget\" data-e-type=\"widget\" data-widget_type=\"spacer.default\">\n\t\t\t\t<div class=\"elementor-widget-container\">\n\t\t\t\t\t\t\t<div class=\"elementor-spacer\">\n\t\t\t<div class=\"elementor-spacer-inner\"><\/div>\n\t\t<\/div>\n\t\t\t\t\t\t<\/div>\n\t\t\t\t<\/div>\n\t\t\t\t\t<\/div>\n\t\t<\/div>\n\t\t\t\t\t<\/div>\n\t\t<\/section>\n\t\t\t\t<div class=\"elementor-element elementor-element-3752f55 elementor-widget elementor-widget-image\" data-id=\"3752f55\" data-element_type=\"widget\" data-e-type=\"widget\" data-widget_type=\"image.default\">\n\t\t\t\t<div class=\"elementor-widget-container\">\n\t\t\t\t\t\t\t\t\t\t\t\t\t\t\t<img decoding=\"async\" width=\"267\" height=\"353\" src=\"https:\/\/www.cmonsite.fr\/site\/webup\/2021\/11\/faq-balise-html-cmonsite.jpg\" class=\"attachment-full size-full wp-image-18854\" alt=\"\" srcset=\"https:\/\/www.cmonsite.fr\/site\/webup\/2021\/11\/faq-balise-html-cmonsite.jpg 267w, https:\/\/www.cmonsite.fr\/site\/webup\/2021\/11\/faq-balise-html-cmonsite-227x300.jpg 227w\" sizes=\"(max-width: 267px) 100vw, 267px\" \/>\t\t\t\t\t\t\t\t\t\t\t\t\t\t\t<\/div>\n\t\t\t\t<\/div>\n\t\t\t\t<div class=\"elementor-element elementor-element-d2b1a56 elementor-widget-divider--view-line elementor-widget elementor-widget-divider\" data-id=\"d2b1a56\" data-element_type=\"widget\" data-e-type=\"widget\" data-widget_type=\"divider.default\">\n\t\t\t\t<div class=\"elementor-widget-container\">\n\t\t\t\t\t\t\t<div class=\"elementor-divider\">\n\t\t\t<span class=\"elementor-divider-separator\">\n\t\t\t\t\t\t<\/span>\n\t\t<\/div>\n\t\t\t\t\t\t<\/div>\n\t\t\t\t<\/div>\n\t\t\t\t<div class=\"elementor-element elementor-element-6080dab elementor-widget elementor-widget-spacer\" data-id=\"6080dab\" data-element_type=\"widget\" data-e-type=\"widget\" data-widget_type=\"spacer.default\">\n\t\t\t\t<div class=\"elementor-widget-container\">\n\t\t\t\t\t\t\t<div class=\"elementor-spacer\">\n\t\t\t<div class=\"elementor-spacer-inner\"><\/div>\n\t\t<\/div>\n\t\t\t\t\t\t<\/div>\n\t\t\t\t<\/div>\n\t\t\t\t<div class=\"elementor-element elementor-element-0df3578 elementor-widget elementor-widget-heading\" data-id=\"0df3578\" data-element_type=\"widget\" data-e-type=\"widget\" data-widget_type=\"heading.default\">\n\t\t\t\t<div class=\"elementor-widget-container\">\n\t\t\t\t\t<h3 class=\"elementor-heading-title elementor-size-default\">2.2. Int\u00e9grer ou modifier le code HTML en utilisant une zone texte depuis l'\u00e9diteur CmonSite<\/h3>\t\t\t\t<\/div>\n\t\t\t\t<\/div>\n\t\t\t\t<section class=\"elementor-section elementor-inner-section elementor-element elementor-element-3b057fb elementor-section-boxed elementor-section-height-default elementor-section-height-default\" data-id=\"3b057fb\" data-element_type=\"section\" data-e-type=\"section\">\n\t\t\t\t\t\t<div class=\"elementor-container elementor-column-gap-default\">\n\t\t\t\t\t<div class=\"elementor-column elementor-col-50 elementor-inner-column elementor-element elementor-element-3bcf489\" data-id=\"3bcf489\" data-element_type=\"column\" data-e-type=\"column\">\n\t\t\t<div class=\"elementor-widget-wrap elementor-element-populated\">\n\t\t\t\t\t\t<div class=\"elementor-element elementor-element-4592e0f elementor-widget elementor-widget-text-editor\" data-id=\"4592e0f\" data-element_type=\"widget\" data-e-type=\"widget\" data-widget_type=\"text-editor.default\">\n\t\t\t\t<div class=\"elementor-widget-container\">\n\t\t\t\t\t\t\t\t\t<p>Si vous \u00eates \u00e0 l&#8217;aise avec l&#8217;int\u00e9gration de code HTML, vous pourrez par exemple construire votre site en utilisant des balises &#8220;Texte&#8221;. <br \/>Ces balises vous permettront d&#8217;\u00e9diter le code HTML de votre site, directement depuis vos pages.<\/p><p>Pour ce faire, il vous faudra glisser-d\u00e9poser l&#8217;outil &#8220;Texte&#8221; pr\u00e9sent sur le panneau lat\u00e9ral gauche de votre \u00e9cran, directement sur votre page.<br \/>N&#8217;oubliez pas d&#8217;enregistrer.\u00a0<\/p>\t\t\t\t\t\t\t\t<\/div>\n\t\t\t\t<\/div>\n\t\t\t\t\t<\/div>\n\t\t<\/div>\n\t\t\t\t<div class=\"elementor-column elementor-col-50 elementor-inner-column elementor-element elementor-element-d95aa1b\" data-id=\"d95aa1b\" data-element_type=\"column\" data-e-type=\"column\">\n\t\t\t<div class=\"elementor-widget-wrap elementor-element-populated\">\n\t\t\t\t\t\t<div class=\"elementor-element elementor-element-d30b67e elementor-widget elementor-widget-image\" data-id=\"d30b67e\" data-element_type=\"widget\" data-e-type=\"widget\" data-widget_type=\"image.default\">\n\t\t\t\t<div class=\"elementor-widget-container\">\n\t\t\t\t\t\t\t\t\t\t\t\t\t\t\t<img decoding=\"async\" width=\"342\" height=\"293\" src=\"https:\/\/www.cmonsite.fr\/site\/webup\/2021\/11\/Capture-decran-2021-11-09-113733.jpg\" class=\"attachment-large size-large wp-image-18829\" alt=\"\" srcset=\"https:\/\/www.cmonsite.fr\/site\/webup\/2021\/11\/Capture-decran-2021-11-09-113733.jpg 342w, https:\/\/www.cmonsite.fr\/site\/webup\/2021\/11\/Capture-decran-2021-11-09-113733-300x257.jpg 300w\" sizes=\"(max-width: 342px) 100vw, 342px\" \/>\t\t\t\t\t\t\t\t\t\t\t\t\t\t\t<\/div>\n\t\t\t\t<\/div>\n\t\t\t\t\t<\/div>\n\t\t<\/div>\n\t\t\t\t\t<\/div>\n\t\t<\/section>\n\t\t\t\t<div class=\"elementor-element elementor-element-d182539 elementor-widget elementor-widget-spacer\" data-id=\"d182539\" data-element_type=\"widget\" data-e-type=\"widget\" data-widget_type=\"spacer.default\">\n\t\t\t\t<div class=\"elementor-widget-container\">\n\t\t\t\t\t\t\t<div class=\"elementor-spacer\">\n\t\t\t<div class=\"elementor-spacer-inner\"><\/div>\n\t\t<\/div>\n\t\t\t\t\t\t<\/div>\n\t\t\t\t<\/div>\n\t\t\t\t<div class=\"elementor-element elementor-element-d95e5c9 elementor-widget elementor-widget-text-editor\" data-id=\"d95e5c9\" data-element_type=\"widget\" data-e-type=\"widget\" data-widget_type=\"text-editor.default\">\n\t\t\t\t<div class=\"elementor-widget-container\">\n\t\t\t\t\t\t\t\t\t<p style=\"text-align: left;\">S\u00e9lectionnez ensuite le bouton &#8220;Code source&#8221; pr\u00e9sent sur le panneau d&#8217;\u00e9dition de texte qui s&#8217;affiche.\u00a0<\/p>\t\t\t\t\t\t\t\t<\/div>\n\t\t\t\t<\/div>\n\t\t\t\t<div class=\"elementor-element elementor-element-9f70bf3 elementor-widget elementor-widget-image\" data-id=\"9f70bf3\" data-element_type=\"widget\" data-e-type=\"widget\" data-widget_type=\"image.default\">\n\t\t\t\t<div class=\"elementor-widget-container\">\n\t\t\t\t\t\t\t\t\t\t\t\t\t\t\t<img loading=\"lazy\" decoding=\"async\" width=\"595\" height=\"93\" src=\"https:\/\/www.cmonsite.fr\/site\/webup\/2021\/11\/Capture-decran-2021-11-09-175850.jpg\" class=\"attachment-full size-full wp-image-18843\" alt=\"\" srcset=\"https:\/\/www.cmonsite.fr\/site\/webup\/2021\/11\/Capture-decran-2021-11-09-175850.jpg 595w, https:\/\/www.cmonsite.fr\/site\/webup\/2021\/11\/Capture-decran-2021-11-09-175850-300x47.jpg 300w\" sizes=\"(max-width: 595px) 100vw, 595px\" \/>\t\t\t\t\t\t\t\t\t\t\t\t\t\t\t<\/div>\n\t\t\t\t<\/div>\n\t\t\t\t<div class=\"elementor-element elementor-element-92d4f53 elementor-widget elementor-widget-spacer\" data-id=\"92d4f53\" data-element_type=\"widget\" data-e-type=\"widget\" data-widget_type=\"spacer.default\">\n\t\t\t\t<div class=\"elementor-widget-container\">\n\t\t\t\t\t\t\t<div class=\"elementor-spacer\">\n\t\t\t<div class=\"elementor-spacer-inner\"><\/div>\n\t\t<\/div>\n\t\t\t\t\t\t<\/div>\n\t\t\t\t<\/div>\n\t\t\t\t<div class=\"elementor-element elementor-element-59788e6 elementor-widget elementor-widget-text-editor\" data-id=\"59788e6\" data-element_type=\"widget\" data-e-type=\"widget\" data-widget_type=\"text-editor.default\">\n\t\t\t\t<div class=\"elementor-widget-container\">\n\t\t\t\t\t\t\t\t\t<p style=\"text-align: left;\">La fen\u00eatre ci-dessous appara\u00eetra, c&#8217;est ici que vous pourrez ajouter, \u00e9diter, ou supprimer le code HTML de votre site.<\/p><p style=\"text-align: left;\"><span style=\"color: var( --e-global-color-text ); font-family: var( --e-global-typography-text-font-family ), Sans-serif; font-weight: var( --e-global-typography-text-font-weight );\">Notez que vous pouvez tout \u00e0 fait composer votre page de plusieurs balises texte.\u00a0\u00a0<\/span><\/p>\t\t\t\t\t\t\t\t<\/div>\n\t\t\t\t<\/div>\n\t\t\t\t<div class=\"elementor-element elementor-element-748b335 elementor-widget elementor-widget-image\" data-id=\"748b335\" data-element_type=\"widget\" data-e-type=\"widget\" data-widget_type=\"image.default\">\n\t\t\t\t<div class=\"elementor-widget-container\">\n\t\t\t\t\t\t\t\t\t\t\t\t\t\t\t<img loading=\"lazy\" decoding=\"async\" width=\"658\" height=\"646\" src=\"https:\/\/www.cmonsite.fr\/site\/webup\/2021\/11\/Capture-decran-2021-11-09-180259.jpg\" class=\"attachment-full size-full wp-image-18844\" alt=\"\" srcset=\"https:\/\/www.cmonsite.fr\/site\/webup\/2021\/11\/Capture-decran-2021-11-09-180259.jpg 658w, https:\/\/www.cmonsite.fr\/site\/webup\/2021\/11\/Capture-decran-2021-11-09-180259-300x295.jpg 300w\" sizes=\"(max-width: 658px) 100vw, 658px\" \/>\t\t\t\t\t\t\t\t\t\t\t\t\t\t\t<\/div>\n\t\t\t\t<\/div>\n\t\t\t\t<div class=\"elementor-element elementor-element-1c6ea77 elementor-widget elementor-widget-spacer\" data-id=\"1c6ea77\" data-element_type=\"widget\" data-e-type=\"widget\" data-widget_type=\"spacer.default\">\n\t\t\t\t<div class=\"elementor-widget-container\">\n\t\t\t\t\t\t\t<div class=\"elementor-spacer\">\n\t\t\t<div class=\"elementor-spacer-inner\"><\/div>\n\t\t<\/div>\n\t\t\t\t\t\t<\/div>\n\t\t\t\t<\/div>\n\t\t\t\t\t<\/div>\n\t\t<\/div>\n\t\t\t\t\t<\/div>\n\t\t<\/section>\n\t\t\t\t<section class=\"elementor-section elementor-top-section elementor-element elementor-element-ba6ea40 elementor-section-boxed elementor-section-height-default elementor-section-height-default\" data-id=\"ba6ea40\" data-element_type=\"section\" data-e-type=\"section\">\n\t\t\t\t\t\t<div class=\"elementor-container elementor-column-gap-default\">\n\t\t\t\t\t<div class=\"elementor-column elementor-col-100 elementor-top-column elementor-element elementor-element-4b113e6\" data-id=\"4b113e6\" data-element_type=\"column\" data-e-type=\"column\">\n\t\t\t<div class=\"elementor-widget-wrap elementor-element-populated\">\n\t\t\t\t\t\t<div class=\"elementor-element elementor-element-bd264e9 elementor-widget-divider--view-line elementor-widget elementor-widget-divider\" data-id=\"bd264e9\" data-element_type=\"widget\" data-e-type=\"widget\" data-widget_type=\"divider.default\">\n\t\t\t\t<div class=\"elementor-widget-container\">\n\t\t\t\t\t\t\t<div class=\"elementor-divider\">\n\t\t\t<span class=\"elementor-divider-separator\">\n\t\t\t\t\t\t<\/span>\n\t\t<\/div>\n\t\t\t\t\t\t<\/div>\n\t\t\t\t<\/div>\n\t\t\t\t\t<\/div>\n\t\t<\/div>\n\t\t\t\t\t<\/div>\n\t\t<\/section>\n\t\t\t\t<section class=\"elementor-section elementor-top-section elementor-element elementor-element-b079f48 elementor-section-boxed elementor-section-height-default elementor-section-height-default\" data-id=\"b079f48\" data-element_type=\"section\" data-e-type=\"section\">\n\t\t\t\t\t\t<div class=\"elementor-container elementor-column-gap-default\">\n\t\t\t\t\t<div class=\"elementor-column elementor-col-100 elementor-top-column elementor-element elementor-element-79d774e\" data-id=\"79d774e\" data-element_type=\"column\" data-e-type=\"column\">\n\t\t\t<div class=\"elementor-widget-wrap elementor-element-populated\">\n\t\t\t\t\t\t<div class=\"elementor-element elementor-element-dc47162 elementor-widget elementor-widget-text-editor\" data-id=\"dc47162\" data-element_type=\"widget\" data-e-type=\"widget\" data-widget_type=\"text-editor.default\">\n\t\t\t\t<div class=\"elementor-widget-container\">\n\t\t\t\t\t\t\t\t\t<p style=\"text-align: center;\"><strong>Si vous souhaitez ins\u00e9rer du code HTML dans l\u2019une de vos pages, vous pouvez \u00e9galement contacter le Support technique qui vous aidera \u00e0 l\u2019ins\u00e9rer.<\/strong><\/p>\t\t\t\t\t\t\t\t<\/div>\n\t\t\t\t<\/div>\n\t\t\t\t<div class=\"elementor-element elementor-element-5248b35 elementor-widget-divider--view-line elementor-widget elementor-widget-divider\" data-id=\"5248b35\" data-element_type=\"widget\" data-e-type=\"widget\" data-widget_type=\"divider.default\">\n\t\t\t\t<div class=\"elementor-widget-container\">\n\t\t\t\t\t\t\t<div class=\"elementor-divider\">\n\t\t\t<span class=\"elementor-divider-separator\">\n\t\t\t\t\t\t<\/span>\n\t\t<\/div>\n\t\t\t\t\t\t<\/div>\n\t\t\t\t<\/div>\n\t\t\t\t\t<\/div>\n\t\t<\/div>\n\t\t\t\t\t<\/div>\n\t\t<\/section>\n\t\t\t\t<\/div>\n\t\t","protected":false},"excerpt":{"rendered":"<p>Ce module est accessible d\u00e8s la formule D\u00e9couverte. N\u00e9anmoins, la modification directe du code HTML est destin\u00e9e aux utilisateurs ayant un minimum de comp\u00e9tence en HTML.Ce module n\u2019est\u00a0pas indispensable au d\u00e9veloppement de votre site internet, mais permet aux utilisateurs d\u2019int\u00e9grer du code HTML pour ins\u00e9rer notamment des banni\u00e8res anim\u00e9es, des widgets\u00a0etc.. 1. Acc\u00e9der \u00e0 l&#8217;\u00e9diteur [&hellip;]<\/p>\n","protected":false},"author":1,"featured_media":18885,"parent":262,"menu_order":14,"comment_status":"open","ping_status":"closed","template":"","meta":{"_helpful_status":1,"footnotes":""},"class_list":["post-1192","page","type-page","status-publish","has-post-thumbnail","hentry"],"_links":{"self":[{"href":"https:\/\/www.cmonsite.fr\/site\/wp-json\/wp\/v2\/pages\/1192","targetHints":{"allow":["GET"]}}],"collection":[{"href":"https:\/\/www.cmonsite.fr\/site\/wp-json\/wp\/v2\/pages"}],"about":[{"href":"https:\/\/www.cmonsite.fr\/site\/wp-json\/wp\/v2\/types\/page"}],"author":[{"embeddable":true,"href":"https:\/\/www.cmonsite.fr\/site\/wp-json\/wp\/v2\/users\/1"}],"replies":[{"embeddable":true,"href":"https:\/\/www.cmonsite.fr\/site\/wp-json\/wp\/v2\/comments?post=1192"}],"version-history":[{"count":13,"href":"https:\/\/www.cmonsite.fr\/site\/wp-json\/wp\/v2\/pages\/1192\/revisions"}],"predecessor-version":[{"id":26066,"href":"https:\/\/www.cmonsite.fr\/site\/wp-json\/wp\/v2\/pages\/1192\/revisions\/26066"}],"up":[{"embeddable":true,"href":"https:\/\/www.cmonsite.fr\/site\/wp-json\/wp\/v2\/pages\/262"}],"wp:featuredmedia":[{"embeddable":true,"href":"https:\/\/www.cmonsite.fr\/site\/wp-json\/wp\/v2\/media\/18885"}],"wp:attachment":[{"href":"https:\/\/www.cmonsite.fr\/site\/wp-json\/wp\/v2\/media?parent=1192"}],"curies":[{"name":"wp","href":"https:\/\/api.w.org\/{rel}","templated":true}]}}