{"id":1184,"date":"2012-11-27T09:16:03","date_gmt":"2012-11-27T09:16:03","guid":{"rendered":"https:\/\/www.cmonsite.fr\/site\/aide\/?page_id=1184"},"modified":"2012-11-27T09:16:03","modified_gmt":"2012-11-27T09:16:03","slug":"texte-page","status":"publish","type":"page","link":"https:\/\/www.cmonsite.fr\/site\/aide\/design\/texte-page","title":{"rendered":"Ajouter un texte sur une page"},"content":{"rendered":"\t\t<div data-elementor-type=\"wp-page\" data-elementor-id=\"1184\" class=\"elementor elementor-1184\" data-elementor-post-type=\"page\">\n\t\t\t\t\t\t<section class=\"elementor-section elementor-top-section elementor-element elementor-element-53f1cc63 elementor-section-boxed elementor-section-height-default elementor-section-height-default\" data-id=\"53f1cc63\" data-element_type=\"section\" data-e-type=\"section\">\n\t\t\t\t\t\t<div class=\"elementor-container elementor-column-gap-default\">\n\t\t\t\t\t<div class=\"elementor-column elementor-col-100 elementor-top-column elementor-element elementor-element-2bc109a3\" data-id=\"2bc109a3\" data-element_type=\"column\" data-e-type=\"column\">\n\t\t\t<div class=\"elementor-widget-wrap elementor-element-populated\">\n\t\t\t\t\t\t<div class=\"elementor-element elementor-element-a0c508d elementor-widget elementor-widget-text-editor\" data-id=\"a0c508d\" data-element_type=\"widget\" data-e-type=\"widget\" data-widget_type=\"text-editor.default\">\n\t\t\t\t<div class=\"elementor-widget-container\">\n\t\t\t\t\t\t\t\t\t<p>Pour bien d\u00e9marrer la cr\u00e9ation d&#8217;un site, il est important de commencer par <strong>remplir votre page d&#8217;accueil.<\/strong><\/p><p>Pour celle-ci et pour toutes les autres, vous devez vous rendre sur votre page avec l&#8217;<strong><em>Editeur CmonSite<\/em><\/strong>.<\/p><p>\u00a0<\/p><h2><span style=\"font-size: x-large;\">1<\/span>. Acc\u00e9dez \u00e0 l&#8217;\u00e9diteur de page<\/h2><p>Rendez-vous \u00e0 la rubrique \u00ab <strong>Pages \/ Cat\u00e9gories<\/strong> \u00bb, cliquez ensuite sur la page o\u00f9 vous voulez ins\u00e9rer du texte.<\/p><p>\u00a0<\/p><h2><span style=\"font-size: x-large;\">2<\/span>. G\u00e9rez les options de l&#8217;\u00e9diteur<\/h2><p>Cliquez sur le bouton \u00ab<strong><em>Editer le contenu de votre page<\/em><\/strong>\u00bb pour acc\u00e9der \u00e0 l&#8217;<strong><em>Editeur CmonSite<\/em><\/strong>.<\/p><p><a href=\"https:\/\/www.cmonsite.fr\/creer-un-site\/wp-content\/uploads\/2021\/01\/editer-page.jpg\"><img fetchpriority=\"high\" decoding=\"async\" class=\"size-full wp-image-14667 aligncenter\" src=\"https:\/\/www.cmonsite.fr\/creer-un-site\/wp-content\/uploads\/2021\/01\/editer-page.jpg\" alt=\"\" width=\"1254\" height=\"339\" srcset=\"https:\/\/www.cmonsite.fr\/site\/webup\/2021\/01\/editer-page.jpg 1254w, https:\/\/www.cmonsite.fr\/site\/webup\/2021\/01\/editer-page-300x81.jpg 300w, https:\/\/www.cmonsite.fr\/site\/webup\/2021\/01\/editer-page-1024x277.jpg 1024w, https:\/\/www.cmonsite.fr\/site\/webup\/2021\/01\/editer-page-768x208.jpg 768w\" sizes=\"(max-width: 1254px) 100vw, 1254px\" \/><\/a><br \/>Une fois dans l&#8217;\u00e9diteur, vous pouvez ajouter un espace d\u00e9di\u00e9 au texte en s\u00e9lectionnant le bouton \u00ab<em><strong>Texte<\/strong><\/em>\u00bb et en l&#8217;amenant \u00e0 l&#8217;endroit vis\u00e9 de votre page \u00e0 la mani\u00e8re d&#8217;un cliquer-d\u00e9poser.<\/p><p><a href=\"https:\/\/www.cmonsite.fr\/creer-un-site\/wp-content\/uploads\/2021\/01\/module-texte.jpg\"><img decoding=\"async\" class=\"size-full wp-image-14672 aligncenter\" src=\"https:\/\/www.cmonsite.fr\/creer-un-site\/wp-content\/uploads\/2021\/01\/module-texte.jpg\" alt=\"\" width=\"59\" height=\"81\" \/><\/a><\/p><p>Une fois l&#8217;\u00e9l\u00e9ment ins\u00e9r\u00e9, vous pouvez y ajouter votre texte comme bon vous semble.<\/p><p><img decoding=\"async\" class=\"size-full wp-image-14671 aligncenter\" src=\"https:\/\/www.cmonsite.fr\/creer-un-site\/wp-content\/uploads\/2021\/01\/bloc-texte.jpg\" alt=\"\" width=\"1341\" height=\"138\" srcset=\"https:\/\/www.cmonsite.fr\/site\/webup\/2021\/01\/bloc-texte.jpg 1341w, https:\/\/www.cmonsite.fr\/site\/webup\/2021\/01\/bloc-texte-300x31.jpg 300w, https:\/\/www.cmonsite.fr\/site\/webup\/2021\/01\/bloc-texte-1024x105.jpg 1024w, https:\/\/www.cmonsite.fr\/site\/webup\/2021\/01\/bloc-texte-768x79.jpg 768w\" sizes=\"(max-width: 1341px) 100vw, 1341px\" \/> De la m\u00eame mani\u00e8re qu&#8217;avec un logiciel de traitement de texte comme Word ou Open Office, vous trouverez diff\u00e9rents ic\u00f4nes :<\/p><ul><li><a href=\"https:\/\/www.cmonsite.fr\/creer-un-site\/wp-content\/uploads\/2021\/01\/casse.jpg\"><img loading=\"lazy\" decoding=\"async\" class=\"alignnone wp-image-14701\" src=\"https:\/\/www.cmonsite.fr\/creer-un-site\/wp-content\/uploads\/2021\/01\/casse.jpg\" alt=\"\" width=\"128\" height=\"37\" \/><\/a>: Choisissez d&#8217;afficher le texte s\u00e9lectionn\u00e9 en gras, italique, soulign\u00e9 ou barr\u00e9.<\/li><li><a href=\"https:\/\/www.cmonsite.fr\/creer-un-site\/wp-content\/uploads\/2021\/01\/alignement.jpg\"><img loading=\"lazy\" decoding=\"async\" class=\"alignnone size-full wp-image-14678\" src=\"https:\/\/www.cmonsite.fr\/creer-un-site\/wp-content\/uploads\/2021\/01\/alignement.jpg\" alt=\"\" width=\"141\" height=\"23\" \/><\/a>\u00a0: D\u00e9finissez l&#8217;alignement de votre texte (align\u00e9 \u00e0 gauche, \u00e0 droit, centr\u00e9 ou justifi\u00e9).<\/li><li><a href=\"https:\/\/www.cmonsite.fr\/creer-un-site\/wp-content\/uploads\/2021\/01\/balises-meta.jpg\"><img loading=\"lazy\" decoding=\"async\" class=\"alignnone size-full wp-image-14680\" src=\"https:\/\/www.cmonsite.fr\/creer-un-site\/wp-content\/uploads\/2021\/01\/balises-meta.jpg\" alt=\"\" width=\"85\" height=\"21\" \/><\/a> : D\u00e9finissez si le texte est un paragraphe ou titre.<\/li><li><a href=\"https:\/\/www.cmonsite.fr\/creer-un-site\/wp-content\/uploads\/2021\/01\/police.jpg\"><img loading=\"lazy\" decoding=\"async\" class=\"alignnone size-full wp-image-14694\" src=\"https:\/\/www.cmonsite.fr\/creer-un-site\/wp-content\/uploads\/2021\/01\/police.jpg\" alt=\"\" width=\"83\" height=\"24\" \/> <\/a>: Choisissez la police de caract\u00e8res de votre texte.<\/li><li><a href=\"https:\/\/www.cmonsite.fr\/creer-un-site\/wp-content\/uploads\/2021\/01\/taille-police.jpg\"><img loading=\"lazy\" decoding=\"async\" class=\"alignnone size-full wp-image-14698\" src=\"https:\/\/www.cmonsite.fr\/creer-un-site\/wp-content\/uploads\/2021\/01\/taille-police.jpg\" alt=\"\" width=\"54\" height=\"21\" \/><\/a>\u00a0: Il s&#8217;agit de la taille de votre police.<\/li><li><a href=\"https:\/\/www.cmonsite.fr\/creer-un-site\/wp-content\/uploads\/2021\/01\/icones.jpg\"><img loading=\"lazy\" decoding=\"async\" class=\"alignnone size-full wp-image-14687\" src=\"https:\/\/www.cmonsite.fr\/creer-un-site\/wp-content\/uploads\/2021\/01\/icones.jpg\" alt=\"\" width=\"26\" height=\"21\" \/><\/a>\u00a0: Ajoutez des ic\u00f4nes pour enrichir votre texte.<\/li><li><a href=\"https:\/\/www.cmonsite.fr\/creer-un-site\/wp-content\/uploads\/2021\/01\/liste-puces.jpg\"><img loading=\"lazy\" decoding=\"async\" class=\"alignnone size-full wp-image-14692\" src=\"https:\/\/www.cmonsite.fr\/creer-un-site\/wp-content\/uploads\/2021\/01\/liste-puces.jpg\" alt=\"\" width=\"53\" height=\"24\" \/><\/a>\u00a0: Ins\u00e9rez une liste \u00e0 puces au sein de votre texte.<\/li><li><a href=\"https:\/\/www.cmonsite.fr\/creer-un-site\/wp-content\/uploads\/2021\/01\/numerotation.jpg\"><img loading=\"lazy\" decoding=\"async\" class=\"alignnone size-full wp-image-14693\" src=\"https:\/\/www.cmonsite.fr\/creer-un-site\/wp-content\/uploads\/2021\/01\/numerotation.jpg\" alt=\"\" width=\"53\" height=\"24\" \/><\/a>\u00a0: Ajoutez une num\u00e9rotation.<\/li><li><a href=\"https:\/\/www.cmonsite.fr\/creer-un-site\/wp-content\/uploads\/2021\/01\/tableau.jpg\"><img loading=\"lazy\" decoding=\"async\" class=\"alignnone size-full wp-image-14697\" src=\"https:\/\/www.cmonsite.fr\/creer-un-site\/wp-content\/uploads\/2021\/01\/tableau.jpg\" alt=\"\" width=\"28\" height=\"22\" \/><\/a>\u00a0: Ins\u00e9rez un tableau.<\/li><li><a href=\"https:\/\/www.cmonsite.fr\/creer-un-site\/wp-content\/uploads\/2021\/01\/couleur-police.jpg\"><img loading=\"lazy\" decoding=\"async\" class=\"alignnone size-full wp-image-14685\" src=\"https:\/\/www.cmonsite.fr\/creer-un-site\/wp-content\/uploads\/2021\/01\/couleur-police.jpg\" alt=\"\" width=\"23\" height=\"26\" \/><\/a>\u00a0: D\u00e9finissez la couleur de votre texte.<\/li><li><a href=\"https:\/\/www.cmonsite.fr\/creer-un-site\/wp-content\/uploads\/2021\/01\/couleur-arriere-plan.jpg\"><img loading=\"lazy\" decoding=\"async\" class=\"alignnone size-full wp-image-14684\" src=\"https:\/\/www.cmonsite.fr\/creer-un-site\/wp-content\/uploads\/2021\/01\/couleur-arriere-plan.jpg\" alt=\"\" width=\"25\" height=\"24\" \/><\/a>\u00a0: Choisissez la couleur d&#8217;arri\u00e8re-plan<\/li><li><a href=\"https:\/\/www.cmonsite.fr\/creer-un-site\/wp-content\/uploads\/2021\/01\/lien-1.jpg\"><img loading=\"lazy\" decoding=\"async\" class=\"alignnone size-full wp-image-14691\" src=\"https:\/\/www.cmonsite.fr\/creer-un-site\/wp-content\/uploads\/2021\/01\/lien-1.jpg\" alt=\"\" width=\"31\" height=\"23\" \/><\/a>\u00a0: Ins\u00e9rez ou modifiez un lien.<\/li><li><a href=\"https:\/\/www.cmonsite.fr\/creer-un-site\/wp-content\/uploads\/2021\/01\/supprimer-mise-forme.jpg\"><img loading=\"lazy\" decoding=\"async\" class=\"alignnone size-full wp-image-14696\" src=\"https:\/\/www.cmonsite.fr\/creer-un-site\/wp-content\/uploads\/2021\/01\/supprimer-mise-forme.jpg\" alt=\"\" width=\"29\" height=\"29\" \/><\/a>: Effacez la mise en forme attribu\u00e9e au texte.<\/li><li><a href=\"https:\/\/www.cmonsite.fr\/creer-un-site\/wp-content\/uploads\/2021\/01\/caracteres-speciaux.jpg\"><img loading=\"lazy\" decoding=\"async\" class=\"alignnone size-full wp-image-14682\" src=\"https:\/\/www.cmonsite.fr\/creer-un-site\/wp-content\/uploads\/2021\/01\/caracteres-speciaux.jpg\" alt=\"\" width=\"25\" height=\"24\" \/><\/a>\u00a0: Ajoutez des caract\u00e8res sp\u00e9ciaux.<\/li><li><a href=\"https:\/\/www.cmonsite.fr\/creer-un-site\/wp-content\/uploads\/2021\/01\/ancre.jpg\"><img loading=\"lazy\" decoding=\"async\" class=\"alignnone size-full wp-image-14679\" src=\"https:\/\/www.cmonsite.fr\/creer-un-site\/wp-content\/uploads\/2021\/01\/ancre.jpg\" alt=\"\" width=\"25\" height=\"27\" \/><\/a> : Ajoutez une ancre<\/li><li><a href=\"https:\/\/www.cmonsite.fr\/creer-un-site\/wp-content\/uploads\/2021\/01\/correction.jpg\"><img loading=\"lazy\" decoding=\"async\" class=\"alignnone size-full wp-image-14683\" src=\"https:\/\/www.cmonsite.fr\/creer-un-site\/wp-content\/uploads\/2021\/01\/correction.jpg\" alt=\"\" width=\"56\" height=\"23\" \/><\/a>\u00a0: Utilisez la v\u00e9rification orthographique<\/li><li><a href=\"https:\/\/www.cmonsite.fr\/creer-un-site\/wp-content\/uploads\/2021\/01\/inserer-image.jpg\"><img loading=\"lazy\" decoding=\"async\" class=\"alignnone size-full wp-image-14689\" src=\"https:\/\/www.cmonsite.fr\/creer-un-site\/wp-content\/uploads\/2021\/01\/inserer-image.jpg\" alt=\"\" width=\"29\" height=\"23\" \/><\/a> : Ins\u00e9rez un image<\/li><li><a href=\"https:\/\/www.cmonsite.fr\/creer-un-site\/wp-content\/uploads\/2021\/01\/inserer-code-source.jpg\"><img loading=\"lazy\" decoding=\"async\" class=\"alignnone size-full wp-image-14688\" src=\"https:\/\/www.cmonsite.fr\/creer-un-site\/wp-content\/uploads\/2021\/01\/inserer-code-source.jpg\" alt=\"\" width=\"28\" height=\"23\" \/><\/a>\u00a0: Ins\u00e9rez un code HTML.<\/li><\/ul><p>Pour en savoir plus sur la mise en forme des textes et des images sur une page, <a href=\"\/\/www.cmonsite.fr\/creer-un-site\/contenu-design-modules\/contenu\/mise-en-forme-page\/\">cliquez ici<\/a>.<\/p><p>Notez qu&#8217;il existe une diff\u00e9rence entre un saut de ligne (la touche ENTREE) et un retour \u00e0 la ligne (la touche MAJUSCULE + ENTREE) si vous ne souhaitez pas que votre contenu soit trop espac\u00e9, pensez \u00e0 faire un retour \u00e0 la ligne.<\/p>\t\t\t\t\t\t\t\t<\/div>\n\t\t\t\t<\/div>\n\t\t\t\t\t<\/div>\n\t\t<\/div>\n\t\t\t\t\t<\/div>\n\t\t<\/section>\n\t\t\t\t<section class=\"elementor-section elementor-top-section elementor-element elementor-element-a972aa8 elementor-section-boxed elementor-section-height-default elementor-section-height-default\" data-id=\"a972aa8\" data-element_type=\"section\" data-e-type=\"section\">\n\t\t\t\t\t\t<div class=\"elementor-container elementor-column-gap-default\">\n\t\t\t\t\t<div class=\"elementor-column elementor-col-100 elementor-top-column elementor-element elementor-element-697bf8b\" data-id=\"697bf8b\" data-element_type=\"column\" data-e-type=\"column\">\n\t\t\t<div class=\"elementor-widget-wrap elementor-element-populated\">\n\t\t\t\t\t\t<div class=\"elementor-element elementor-element-961d7f0 elementor-widget elementor-widget-spacer\" data-id=\"961d7f0\" data-element_type=\"widget\" data-e-type=\"widget\" data-widget_type=\"spacer.default\">\n\t\t\t\t<div class=\"elementor-widget-container\">\n\t\t\t\t\t\t\t<div class=\"elementor-spacer\">\n\t\t\t<div class=\"elementor-spacer-inner\"><\/div>\n\t\t<\/div>\n\t\t\t\t\t\t<\/div>\n\t\t\t\t<\/div>\n\t\t\t\t<div class=\"elementor-element elementor-element-4f08a86 elementor-widget-divider--view-line elementor-widget elementor-widget-divider\" data-id=\"4f08a86\" data-element_type=\"widget\" data-e-type=\"widget\" data-widget_type=\"divider.default\">\n\t\t\t\t<div class=\"elementor-widget-container\">\n\t\t\t\t\t\t\t<div class=\"elementor-divider\">\n\t\t\t<span class=\"elementor-divider-separator\">\n\t\t\t\t\t\t<\/span>\n\t\t<\/div>\n\t\t\t\t\t\t<\/div>\n\t\t\t\t<\/div>\n\t\t\t\t<div class=\"elementor-element elementor-element-18f85ee elementor-widget elementor-widget-text-editor\" data-id=\"18f85ee\" data-element_type=\"widget\" data-e-type=\"widget\" data-widget_type=\"text-editor.default\">\n\t\t\t\t<div class=\"elementor-widget-container\">\n\t\t\t\t\t\t\t\t\t<p><b>D\u00e9couvrez en plus sur la mise en forme de vos pages avec l&#8217;\u00e9diteur CmonSite, en vid\u00e9o&nbsp;<\/b><\/p>\t\t\t\t\t\t\t\t<\/div>\n\t\t\t\t<\/div>\n\t\t\t\t<section class=\"elementor-section elementor-inner-section elementor-element elementor-element-9484564 elementor-section-boxed elementor-section-height-default elementor-section-height-default\" data-id=\"9484564\" data-element_type=\"section\" data-e-type=\"section\">\n\t\t\t\t\t\t<div class=\"elementor-container elementor-column-gap-default\">\n\t\t\t\t\t<div class=\"elementor-column elementor-col-50 elementor-inner-column elementor-element elementor-element-c76e64b\" data-id=\"c76e64b\" data-element_type=\"column\" data-e-type=\"column\">\n\t\t\t<div class=\"elementor-widget-wrap elementor-element-populated\">\n\t\t\t\t\t\t<div class=\"elementor-element elementor-element-c749bba elementor-widget elementor-widget-video\" data-id=\"c749bba\" data-element_type=\"widget\" data-e-type=\"widget\" data-settings=\"{&quot;youtube_url&quot;:&quot;https:\\\/\\\/www.youtube.com\\\/watch?v=nY__K3GwqsQ&amp;t=74s&quot;,&quot;video_type&quot;:&quot;youtube&quot;,&quot;controls&quot;:&quot;yes&quot;}\" data-widget_type=\"video.default\">\n\t\t\t\t<div class=\"elementor-widget-container\">\n\t\t\t\t\t\t\t<div class=\"elementor-wrapper elementor-open-inline\">\n\t\t\t<div class=\"elementor-video\"><\/div>\t\t<\/div>\n\t\t\t\t\t\t<\/div>\n\t\t\t\t<\/div>\n\t\t\t\t\t<\/div>\n\t\t<\/div>\n\t\t\t\t<div class=\"elementor-column elementor-col-50 elementor-inner-column elementor-element elementor-element-d628290\" data-id=\"d628290\" data-element_type=\"column\" data-e-type=\"column\">\n\t\t\t<div class=\"elementor-widget-wrap elementor-element-populated\">\n\t\t\t\t\t\t<div class=\"elementor-element elementor-element-31c0684 elementor-widget elementor-widget-video\" data-id=\"31c0684\" data-element_type=\"widget\" data-e-type=\"widget\" data-settings=\"{&quot;youtube_url&quot;:&quot;https:\\\/\\\/www.youtube.com\\\/watch?v=EfSxgJJatz8&amp;t=213s&quot;,&quot;video_type&quot;:&quot;youtube&quot;,&quot;controls&quot;:&quot;yes&quot;}\" data-widget_type=\"video.default\">\n\t\t\t\t<div class=\"elementor-widget-container\">\n\t\t\t\t\t\t\t<div class=\"elementor-wrapper elementor-open-inline\">\n\t\t\t<div class=\"elementor-video\"><\/div>\t\t<\/div>\n\t\t\t\t\t\t<\/div>\n\t\t\t\t<\/div>\n\t\t\t\t\t<\/div>\n\t\t<\/div>\n\t\t\t\t\t<\/div>\n\t\t<\/section>\n\t\t\t\t<div class=\"elementor-element elementor-element-ec7e003 elementor-widget elementor-widget-spacer\" data-id=\"ec7e003\" data-element_type=\"widget\" data-e-type=\"widget\" data-widget_type=\"spacer.default\">\n\t\t\t\t<div class=\"elementor-widget-container\">\n\t\t\t\t\t\t\t<div class=\"elementor-spacer\">\n\t\t\t<div class=\"elementor-spacer-inner\"><\/div>\n\t\t<\/div>\n\t\t\t\t\t\t<\/div>\n\t\t\t\t<\/div>\n\t\t\t\t<div class=\"elementor-element elementor-element-b98f82f elementor-widget-divider--view-line elementor-widget elementor-widget-divider\" data-id=\"b98f82f\" data-element_type=\"widget\" data-e-type=\"widget\" data-widget_type=\"divider.default\">\n\t\t\t\t<div class=\"elementor-widget-container\">\n\t\t\t\t\t\t\t<div class=\"elementor-divider\">\n\t\t\t<span class=\"elementor-divider-separator\">\n\t\t\t\t\t\t<\/span>\n\t\t<\/div>\n\t\t\t\t\t\t<\/div>\n\t\t\t\t<\/div>\n\t\t\t\t<div class=\"elementor-element elementor-element-0b85ffb elementor-widget elementor-widget-text-editor\" data-id=\"0b85ffb\" data-element_type=\"widget\" data-e-type=\"widget\" data-widget_type=\"text-editor.default\">\n\t\t\t\t<div class=\"elementor-widget-container\">\n\t\t\t\t\t\t\t\t\t<p>A voir aussi dans la m\u00eame th\u00e9matique :<\/p><ul><li><a href=\"https:\/\/www.cmonsite.fr\/creer-un-site\/contenu-design-modules\/contenu\/nom-pages\/\" target=\"_blank\" rel=\"noopener\">Renommer une page<\/a><\/li><li><a href=\"https:\/\/www.cmonsite.fr\/creer-un-site\/contenu-design-modules\/contenu\/creer-une-page\/\" target=\"_blank\" rel=\"noopener\">Cr\u00e9er une page<\/a><\/li><li><a href=\"https:\/\/www.cmonsite.fr\/creer-un-site\/contenu-design-modules\/contenu\/supprimer-page\/\" target=\"_blank\" rel=\"noopener\">Supprimer une page<\/a><\/li><li><a href=\"https:\/\/www.cmonsite.fr\/creer-un-site\/contenu-design-modules\/contenu\/desactiver-une-page\/\" target=\"_blank\" rel=\"noopener\">D\u00e9sactiver une page<\/a><\/li><li><a href=\"https:\/\/www.cmonsite.fr\/creer-un-site\/contenu-design-modules\/contenu\/mise-en-forme-page\/\" target=\"_blank\" rel=\"noopener\">Mise en forme d&#8217;une page<\/a><\/li><\/ul>\t\t\t\t\t\t\t\t<\/div>\n\t\t\t\t<\/div>\n\t\t\t\t\t<\/div>\n\t\t<\/div>\n\t\t\t\t\t<\/div>\n\t\t<\/section>\n\t\t\t\t<\/div>\n\t\t","protected":false},"excerpt":{"rendered":"<p>Pour bien d\u00e9marrer la cr\u00e9ation d&#8217;un site, il est important de commencer par remplir votre page d&#8217;accueil. Pour celle-ci et pour toutes les autres, vous devez vous rendre sur votre page avec l&#8217;Editeur CmonSite. 1. Acc\u00e9dez \u00e0 l&#8217;\u00e9diteur de page Rendez-vous \u00e0 la rubrique \u00ab Pages \/ Cat\u00e9gories \u00bb, cliquez ensuite sur la page o\u00f9 [&hellip;]<\/p>\n","protected":false},"author":1,"featured_media":17997,"parent":262,"menu_order":13,"comment_status":"open","ping_status":"closed","template":"","meta":{"_helpful_status":1,"footnotes":""},"class_list":["post-1184","page","type-page","status-publish","has-post-thumbnail","hentry"],"_links":{"self":[{"href":"https:\/\/www.cmonsite.fr\/site\/wp-json\/wp\/v2\/pages\/1184","targetHints":{"allow":["GET"]}}],"collection":[{"href":"https:\/\/www.cmonsite.fr\/site\/wp-json\/wp\/v2\/pages"}],"about":[{"href":"https:\/\/www.cmonsite.fr\/site\/wp-json\/wp\/v2\/types\/page"}],"author":[{"embeddable":true,"href":"https:\/\/www.cmonsite.fr\/site\/wp-json\/wp\/v2\/users\/1"}],"replies":[{"embeddable":true,"href":"https:\/\/www.cmonsite.fr\/site\/wp-json\/wp\/v2\/comments?post=1184"}],"version-history":[{"count":1,"href":"https:\/\/www.cmonsite.fr\/site\/wp-json\/wp\/v2\/pages\/1184\/revisions"}],"predecessor-version":[{"id":21065,"href":"https:\/\/www.cmonsite.fr\/site\/wp-json\/wp\/v2\/pages\/1184\/revisions\/21065"}],"up":[{"embeddable":true,"href":"https:\/\/www.cmonsite.fr\/site\/wp-json\/wp\/v2\/pages\/262"}],"wp:featuredmedia":[{"embeddable":true,"href":"https:\/\/www.cmonsite.fr\/site\/wp-json\/wp\/v2\/media\/17997"}],"wp:attachment":[{"href":"https:\/\/www.cmonsite.fr\/site\/wp-json\/wp\/v2\/media?parent=1184"}],"curies":[{"name":"wp","href":"https:\/\/api.w.org\/{rel}","templated":true}]}}