{"id":1181,"date":"2012-11-27T09:15:34","date_gmt":"2012-11-27T09:15:34","guid":{"rendered":"https:\/\/www.cmonsite.fr\/site\/aide\/?page_id=1181"},"modified":"2023-07-20T11:50:23","modified_gmt":"2023-07-20T09:50:23","slug":"videos","status":"publish","type":"page","link":"https:\/\/www.cmonsite.fr\/site\/aide\/design\/videos","title":{"rendered":"Ajouter des vid\u00e9os (Youtube \/ Dailymotion \/ Twitch \/ Canal + \/ Vimeo)"},"content":{"rendered":"\t\t<div data-elementor-type=\"wp-page\" data-elementor-id=\"1181\" class=\"elementor elementor-1181\" data-elementor-post-type=\"page\">\n\t\t\t\t\t\t<section class=\"elementor-section elementor-top-section elementor-element elementor-element-582d92b2 elementor-section-boxed elementor-section-height-default elementor-section-height-default\" data-id=\"582d92b2\" data-element_type=\"section\" data-e-type=\"section\">\n\t\t\t\t\t\t<div class=\"elementor-container elementor-column-gap-default\">\n\t\t\t\t\t<div class=\"elementor-column elementor-col-100 elementor-top-column elementor-element elementor-element-6c93ed01\" data-id=\"6c93ed01\" data-element_type=\"column\" data-e-type=\"column\">\n\t\t\t<div class=\"elementor-widget-wrap elementor-element-populated\">\n\t\t\t\t\t\t<div class=\"elementor-element elementor-element-bd18c9d elementor-widget elementor-widget-text-editor\" data-id=\"bd18c9d\" data-element_type=\"widget\" data-e-type=\"widget\" data-widget_type=\"text-editor.default\">\n\t\t\t\t<div class=\"elementor-widget-container\">\n\t\t\t\t\t\t\t\t\t<p>Sur <em><strong>CmonSite<\/strong><\/em>, vous\u00a0pouvez facilement int\u00e9grer des vid\u00e9os sur votre site internet.<\/p><p>Apr\u00e8s avoir h\u00e9berg\u00e9 votre vid\u00e9o sur <strong><em>YouTube<\/em><\/strong>, <strong><em>Dailymotion, Twitch, Vimeo ou Canal +<\/em><\/strong>, la m\u00e9thode d&#8217;int\u00e9gration est sensiblement toujours la m\u00eame.<\/p><h2><span style=\"font-size: x-large;\">1<\/span>. Acc\u00e9dez \u00e0 l&#8217;\u00e9diteur de votre page<\/h2><p>Allez dans la rubrique \u00ab <strong>Pages \/ Cat\u00e9gories<\/strong>\u00a0\u00bb, et s\u00e9lectionnez la page o\u00f9 vous souhaitez ajouter la vid\u00e9o.<br \/>CmonSite n&#8217;\u00e9tant pas h\u00e9bergeur de vid\u00e9os, il est donc n\u00e9cessaire de charger vos vid\u00e9os sur un h\u00e9bergeur vid\u00e9o du type YouTube ou Dailymotion au pr\u00e9alable. En effet, leurs lecteurs vid\u00e9os ont la facult\u00e9 de s&#8217;adapter \u00e0 tout type d&#8217;affichage. De plus, c&#8217;est gratuit !<\/p><h2>\u00a0<\/h2><h2><span style=\"font-size: x-large;\">2<\/span>. Ajoutez le module de vid\u00e9o iFrame<\/h2><p>Une fois sur votre page, ajoutez le module de Vid\u00e9o iFrame.<a href=\"https:\/\/www.cmonsite.fr\/creer-un-site\/wp-content\/uploads\/2021\/01\/iframe-1.jpg\"><img decoding=\"async\" class=\"size-full wp-image-14784 aligncenter\" src=\"https:\/\/www.cmonsite.fr\/creer-un-site\/wp-content\/uploads\/2021\/01\/iframe-1.jpg\" alt=\"\" width=\"82\" height=\"95\" \/><\/a><br \/>Pour ce faire, il vous suffit d&#8217;ins\u00e9rer ce module \u00e0 la mani\u00e8re d&#8217;un cliquer-d\u00e9poser en l&#8217;amenant dans votre page.<br \/>Le panneau de configuration de votre vid\u00e9o s&#8217;ouvre sur la gauche de votre \u00e9diteur, vous pourrez y g\u00e9rer :<\/p><ul><li><strong><em>URL de la vid\u00e9o<\/em><\/strong> : ici vous devez coller l&#8217;adresse de votre vid\u00e9o. Vous indiquerez ainsi quelle vid\u00e9o vous souhaitez ajouter sur votre page.<\/li><li><strong><em>Largeur en pixels &amp; Hauteur en pixels<\/em><\/strong> : d\u00e9finissez les dimensions de votre vid\u00e9o.<\/li><\/ul><p><a href=\"https:\/\/www.cmonsite.fr\/creer-un-site\/wp-content\/uploads\/2021\/01\/lien-2.jpg\"><img fetchpriority=\"high\" decoding=\"async\" class=\"size-full wp-image-14785 aligncenter\" src=\"https:\/\/www.cmonsite.fr\/creer-un-site\/wp-content\/uploads\/2021\/01\/lien-2.jpg\" alt=\"\" width=\"257\" height=\"319\" srcset=\"https:\/\/www.cmonsite.fr\/site\/webup\/2021\/01\/lien-2.jpg 257w, https:\/\/www.cmonsite.fr\/site\/webup\/2021\/01\/lien-2-242x300.jpg 242w\" sizes=\"(max-width: 257px) 100vw, 257px\" \/><\/a><\/p><p>\u00a0<\/p><hr \/><p style=\"text-align: center;\"><span style=\"font-size: x-large;\">F\u00e9licitations ! Vous avez r\u00e9ussi \u00e0 int\u00e9grer des vid\u00e9os \u00e0 votre site !<\/span><\/p><hr \/><div>\u00a0<\/div>\t\t\t\t\t\t\t\t<\/div>\n\t\t\t\t<\/div>\n\t\t\t\t<div class=\"elementor-element elementor-element-86e36ac elementor-widget elementor-widget-spacer\" data-id=\"86e36ac\" data-element_type=\"widget\" data-e-type=\"widget\" data-widget_type=\"spacer.default\">\n\t\t\t\t<div class=\"elementor-widget-container\">\n\t\t\t\t\t\t\t<div class=\"elementor-spacer\">\n\t\t\t<div class=\"elementor-spacer-inner\"><\/div>\n\t\t<\/div>\n\t\t\t\t\t\t<\/div>\n\t\t\t\t<\/div>\n\t\t\t\t<div class=\"elementor-element elementor-element-1b1c0ad elementor-widget elementor-widget-text-editor\" data-id=\"1b1c0ad\" data-element_type=\"widget\" data-e-type=\"widget\" data-widget_type=\"text-editor.default\">\n\t\t\t\t<div class=\"elementor-widget-container\">\n\t\t\t\t\t\t\t\t\t<p><b>D\u00e9couvrez en plus sur l&#8217;ajout d&#8217;une vid\u00e9o sur les pages de votre site, en vid\u00e9o :<\/b><\/p>\t\t\t\t\t\t\t\t<\/div>\n\t\t\t\t<\/div>\n\t\t\t\t\t<\/div>\n\t\t<\/div>\n\t\t\t\t\t<\/div>\n\t\t<\/section>\n\t\t\t\t<section class=\"elementor-section elementor-top-section elementor-element elementor-element-8902b7c elementor-section-boxed elementor-section-height-default elementor-section-height-default\" data-id=\"8902b7c\" data-element_type=\"section\" data-e-type=\"section\">\n\t\t\t\t\t\t<div class=\"elementor-container elementor-column-gap-default\">\n\t\t\t\t\t<div class=\"elementor-column elementor-col-100 elementor-top-column elementor-element elementor-element-f4d4e81\" data-id=\"f4d4e81\" data-element_type=\"column\" data-e-type=\"column\">\n\t\t\t<div class=\"elementor-widget-wrap elementor-element-populated\">\n\t\t\t\t\t\t<div class=\"elementor-element elementor-element-f8f2e30 elementor-widget-divider--view-line elementor-widget elementor-widget-divider\" data-id=\"f8f2e30\" data-element_type=\"widget\" data-e-type=\"widget\" data-widget_type=\"divider.default\">\n\t\t\t\t<div class=\"elementor-widget-container\">\n\t\t\t\t\t\t\t<div class=\"elementor-divider\">\n\t\t\t<span class=\"elementor-divider-separator\">\n\t\t\t\t\t\t<\/span>\n\t\t<\/div>\n\t\t\t\t\t\t<\/div>\n\t\t\t\t<\/div>\n\t\t\t\t<div class=\"elementor-element elementor-element-ddeca62 elementor-widget elementor-widget-image\" data-id=\"ddeca62\" data-element_type=\"widget\" data-e-type=\"widget\" data-widget_type=\"image.default\">\n\t\t\t\t<div class=\"elementor-widget-container\">\n\t\t\t\t\t\t\t\t\t\t\t\t\t\t\t<img decoding=\"async\" width=\"1877\" height=\"602\" src=\"https:\/\/www.cmonsite.fr\/site\/webup\/2021\/06\/gif-video-inserer.gif\" class=\"attachment-full size-full wp-image-16978\" alt=\"\" \/>\t\t\t\t\t\t\t\t\t\t\t\t\t\t\t<\/div>\n\t\t\t\t<\/div>\n\t\t\t\t<div class=\"elementor-element elementor-element-5e3d637 elementor-widget-divider--view-line elementor-widget elementor-widget-divider\" data-id=\"5e3d637\" data-element_type=\"widget\" data-e-type=\"widget\" data-widget_type=\"divider.default\">\n\t\t\t\t<div class=\"elementor-widget-container\">\n\t\t\t\t\t\t\t<div class=\"elementor-divider\">\n\t\t\t<span class=\"elementor-divider-separator\">\n\t\t\t\t\t\t<\/span>\n\t\t<\/div>\n\t\t\t\t\t\t<\/div>\n\t\t\t\t<\/div>\n\t\t\t\t<div class=\"elementor-element elementor-element-3fdce8e elementor-widget elementor-widget-spacer\" data-id=\"3fdce8e\" data-element_type=\"widget\" data-e-type=\"widget\" data-widget_type=\"spacer.default\">\n\t\t\t\t<div class=\"elementor-widget-container\">\n\t\t\t\t\t\t\t<div class=\"elementor-spacer\">\n\t\t\t<div class=\"elementor-spacer-inner\"><\/div>\n\t\t<\/div>\n\t\t\t\t\t\t<\/div>\n\t\t\t\t<\/div>\n\t\t\t\t<div class=\"elementor-element elementor-element-9c5e0c9 elementor-widget-divider--view-line elementor-widget elementor-widget-divider\" data-id=\"9c5e0c9\" data-element_type=\"widget\" data-e-type=\"widget\" data-widget_type=\"divider.default\">\n\t\t\t\t<div class=\"elementor-widget-container\">\n\t\t\t\t\t\t\t<div class=\"elementor-divider\">\n\t\t\t<span class=\"elementor-divider-separator\">\n\t\t\t\t\t\t<\/span>\n\t\t<\/div>\n\t\t\t\t\t\t<\/div>\n\t\t\t\t<\/div>\n\t\t\t\t<div class=\"elementor-element elementor-element-33c0ae9 elementor-widget elementor-widget-text-editor\" data-id=\"33c0ae9\" data-element_type=\"widget\" data-e-type=\"widget\" data-widget_type=\"text-editor.default\">\n\t\t\t\t<div class=\"elementor-widget-container\">\n\t\t\t\t\t\t\t\t\t<p>A voir aussi dans la m\u00eame th\u00e9matique :<\/p><ul><li><a href=\"https:\/\/www.cmonsite.fr\/creer-un-site\/contenu-design-modules\/contenu\/images-pages\/\" target=\"_blank\" rel=\"noopener\">Ins\u00e9rer des images sur une page<\/a><\/li><li><a href=\"https:\/\/www.cmonsite.fr\/creer-un-site\/astuces-informations\/modules-externes\/compteur-visite\/\" target=\"_blank\" rel=\"noopener\">Ins\u00e9rer un compteur de visites<\/a><\/li><li><a href=\"https:\/\/www.cmonsite.fr\/creer-un-site\/contenu-design-modules\/modules\/musique\/\" target=\"_blank\" rel=\"noopener\">Ins\u00e9rer des musiques mp3<\/a><\/li><li><a href=\"https:\/\/www.cmonsite.fr\/creer-un-site\/contenu-design-modules\/contenu\/code-html-page\/\" target=\"_blank\" rel=\"noopener\">Ins\u00e9rer du code HTML sur une page<\/a><\/li><\/ul>\t\t\t\t\t\t\t\t<\/div>\n\t\t\t\t<\/div>\n\t\t\t\t\t<\/div>\n\t\t<\/div>\n\t\t\t\t\t<\/div>\n\t\t<\/section>\n\t\t\t\t<\/div>\n\t\t","protected":false},"excerpt":{"rendered":"<p>Sur CmonSite, vous\u00a0pouvez facilement int\u00e9grer des vid\u00e9os sur votre site internet. Apr\u00e8s avoir h\u00e9berg\u00e9 votre vid\u00e9o sur YouTube, Dailymotion, Twitch, Vimeo ou Canal +, la m\u00e9thode d&#8217;int\u00e9gration est sensiblement toujours la m\u00eame. 1. Acc\u00e9dez \u00e0 l&#8217;\u00e9diteur de votre page Allez dans la rubrique \u00ab Pages \/ Cat\u00e9gories\u00a0\u00bb, et s\u00e9lectionnez la page o\u00f9 vous souhaitez ajouter [&hellip;]<\/p>\n","protected":false},"author":1,"featured_media":18577,"parent":262,"menu_order":15,"comment_status":"open","ping_status":"closed","template":"","meta":{"_helpful_status":1,"footnotes":""},"class_list":["post-1181","page","type-page","status-publish","has-post-thumbnail","hentry"],"_links":{"self":[{"href":"https:\/\/www.cmonsite.fr\/site\/wp-json\/wp\/v2\/pages\/1181","targetHints":{"allow":["GET"]}}],"collection":[{"href":"https:\/\/www.cmonsite.fr\/site\/wp-json\/wp\/v2\/pages"}],"about":[{"href":"https:\/\/www.cmonsite.fr\/site\/wp-json\/wp\/v2\/types\/page"}],"author":[{"embeddable":true,"href":"https:\/\/www.cmonsite.fr\/site\/wp-json\/wp\/v2\/users\/1"}],"replies":[{"embeddable":true,"href":"https:\/\/www.cmonsite.fr\/site\/wp-json\/wp\/v2\/comments?post=1181"}],"version-history":[{"count":4,"href":"https:\/\/www.cmonsite.fr\/site\/wp-json\/wp\/v2\/pages\/1181\/revisions"}],"predecessor-version":[{"id":25210,"href":"https:\/\/www.cmonsite.fr\/site\/wp-json\/wp\/v2\/pages\/1181\/revisions\/25210"}],"up":[{"embeddable":true,"href":"https:\/\/www.cmonsite.fr\/site\/wp-json\/wp\/v2\/pages\/262"}],"wp:featuredmedia":[{"embeddable":true,"href":"https:\/\/www.cmonsite.fr\/site\/wp-json\/wp\/v2\/media\/18577"}],"wp:attachment":[{"href":"https:\/\/www.cmonsite.fr\/site\/wp-json\/wp\/v2\/media?parent=1181"}],"curies":[{"name":"wp","href":"https:\/\/api.w.org\/{rel}","templated":true}]}}