{"id":1178,"date":"2012-11-27T09:14:50","date_gmt":"2012-11-27T09:14:50","guid":{"rendered":"https:\/\/www.cmonsite.fr\/site\/aide\/?page_id=1178"},"modified":"2012-11-27T09:14:50","modified_gmt":"2012-11-27T09:14:50","slug":"diaporama-page-accueil","status":"publish","type":"page","link":"https:\/\/www.cmonsite.fr\/site\/aide\/fonctionnalites\/diaporama-page-accueil","title":{"rendered":"Ajouter des images dans le diaporama de la page d&#8217;accueil"},"content":{"rendered":"\t\t<div data-elementor-type=\"wp-page\" data-elementor-id=\"1178\" class=\"elementor elementor-1178\" data-elementor-post-type=\"page\">\n\t\t\t\t\t\t<section class=\"elementor-section elementor-top-section elementor-element elementor-element-be7b015 elementor-section-boxed elementor-section-height-default elementor-section-height-default\" data-id=\"be7b015\" data-element_type=\"section\" data-e-type=\"section\">\n\t\t\t\t\t\t<div class=\"elementor-container elementor-column-gap-default\">\n\t\t\t\t\t<div class=\"elementor-column elementor-col-100 elementor-top-column elementor-element elementor-element-1b71f2a4\" data-id=\"1b71f2a4\" data-element_type=\"column\" data-e-type=\"column\">\n\t\t\t<div class=\"elementor-widget-wrap elementor-element-populated\">\n\t\t\t\t\t\t<div class=\"elementor-element elementor-element-39e65906 elementor-widget elementor-widget-text-editor\" data-id=\"39e65906\" data-element_type=\"widget\" data-e-type=\"widget\" data-widget_type=\"text-editor.default\">\n\t\t\t\t<div class=\"elementor-widget-container\">\n\t\t\t\t\t\t\t\t\t<p>Les designs de <em><strong>CmonSite<\/strong> <\/em>poss\u00e8dent tous un diaporama sur la page d&#8217;accueil, con\u00e7u pour s&#8217;int\u00e9grer au style du design.<\/p><h2>\u00a0<\/h2><h2><span style=\"font-size: x-large;\">1<\/span>. Acc\u00e9dez \u00e0 la configuration du diaporama de la page d&#8217;accueil<\/h2><p><span style=\"color: #333333; font-style: normal; line-height: 24px;\">Une fois connect\u00e9 \u00e0 votre compte, allez dans la rubrique \u00ab\u00a0<strong>Pages \/ Cat\u00e9gories<\/strong><\/span><span style=\"color: #333333; font-style: normal; line-height: 24px;\">\u00a0\u00bb et s\u00e9lectionnez votre page d&#8217;accueil<\/span><span style=\"color: #333333; font-style: normal; line-height: 24px;\">. Une fois dedans rendez-vous dans l&#8217;onglet\u00a0\u00ab\u00a0<strong>Mon diaporama<\/strong>\u00a0\u00bb.<\/span><\/p><p>Vous pouvez aussi acc\u00e9der \u00e0 cette configuration dans l&#8217;onglet \u00ab<strong><em>Modules<\/em><\/strong>\u00bb puis en cliquant sur \u00ab<strong><em>Diaporamas<\/em><\/strong>\u00bb. Il s&#8217;agit du diaporama nomm\u00e9 \u00ab<strong><em>Diaporama par d\u00e9faut de la page d&#8217;accueil<\/em><\/strong>\u00bb.<br \/>Cliquez sur le crayon vert dans la colonne \u00ab<strong><em>Modif<\/em><\/strong>.\u00bb pour le configurer.<\/p><p><a href=\"https:\/\/www.cmonsite.fr\/creer-un-site\/wp-content\/uploads\/2021\/01\/diapo-par-defaut.jpg\"><img fetchpriority=\"high\" decoding=\"async\" class=\"size-full wp-image-14795 aligncenter\" src=\"https:\/\/www.cmonsite.fr\/creer-un-site\/wp-content\/uploads\/2021\/01\/diapo-par-defaut.jpg\" alt=\"\" width=\"1200\" height=\"84\" srcset=\"https:\/\/www.cmonsite.fr\/site\/webup\/2021\/01\/diapo-par-defaut.jpg 1200w, https:\/\/www.cmonsite.fr\/site\/webup\/2021\/01\/diapo-par-defaut-300x21.jpg 300w, https:\/\/www.cmonsite.fr\/site\/webup\/2021\/01\/diapo-par-defaut-1024x72.jpg 1024w, https:\/\/www.cmonsite.fr\/site\/webup\/2021\/01\/diapo-par-defaut-768x54.jpg 768w\" sizes=\"(max-width: 1200px) 100vw, 1200px\" \/><\/a><\/p><h2>\u00a0<\/h2><h2><span style=\"font-size: x-large;\">2<\/span>. Ajoutez des images \u00e0 votre diaporama d&#8217;accueil<\/h2><p>Pour ajouter des photos, cliquez sur \u00ab <strong>Ajouter une ou plusieurs photos<em>\u00a0<\/em><\/strong>\u00bb et s\u00e9lectionnez dans votre ordinateur les images de votre\u00a0choix.<\/p><p>Pour ajouter des commentaires sur vos photos, \u00e9crivez les commentaires souhait\u00e9s dans les rectangles pr\u00e9vus \u00e0 cet effet \u00e0 droite de chaque image.<\/p><p>N\u2019oubliez pas de cliquer sur \u00ab <strong><em>Enregistrer \u00bb<\/em><\/strong>.<\/p><p>\u00a0<\/p><p>\u00a0<\/p><p><a href=\"https:\/\/www.cmonsite.fr\/creer-un-site\/wp-content\/uploads\/2021\/01\/ajouter-photos.jpg\"><img decoding=\"async\" class=\"size-full wp-image-14794 aligncenter\" src=\"https:\/\/www.cmonsite.fr\/creer-un-site\/wp-content\/uploads\/2021\/01\/ajouter-photos.jpg\" alt=\"\" width=\"1259\" height=\"703\" srcset=\"https:\/\/www.cmonsite.fr\/site\/webup\/2021\/01\/ajouter-photos.jpg 1259w, https:\/\/www.cmonsite.fr\/site\/webup\/2021\/01\/ajouter-photos-300x168.jpg 300w, https:\/\/www.cmonsite.fr\/site\/webup\/2021\/01\/ajouter-photos-1024x572.jpg 1024w, https:\/\/www.cmonsite.fr\/site\/webup\/2021\/01\/ajouter-photos-768x429.jpg 768w\" sizes=\"(max-width: 1259px) 100vw, 1259px\" \/><\/a><a href=\"https:\/\/www.cmonsite.fr\/creer-un-site\/wp-content\/uploads\/2021\/01\/photo.jpg\"><br \/><img decoding=\"async\" class=\" wp-image-14797 aligncenter\" src=\"https:\/\/www.cmonsite.fr\/creer-un-site\/wp-content\/uploads\/2021\/01\/photo.jpg\" alt=\"\" width=\"1266\" height=\"533\" \/><\/a><\/p><p>\u00a0<\/p><p>\u00a0<\/p><hr \/><p style=\"text-align: center;\">Attention, v\u00e9rifiez bien la taille du diaporama, celui-ci varie en fonction des designs, et redimensionnez vos images en cons\u00e9quence,<br \/>pour \u00e9viter que votre image ne soit coup\u00e9e ou pixelis\u00e9e !<\/p><hr \/><div>\u00a0<\/div><p>\u00a0<\/p>\t\t\t\t\t\t\t\t<\/div>\n\t\t\t\t<\/div>\n\t\t\t\t<div class=\"elementor-element elementor-element-9339444 elementor-widget-divider--view-line elementor-widget elementor-widget-divider\" data-id=\"9339444\" data-element_type=\"widget\" data-e-type=\"widget\" data-widget_type=\"divider.default\">\n\t\t\t\t<div class=\"elementor-widget-container\">\n\t\t\t\t\t\t\t<div class=\"elementor-divider\">\n\t\t\t<span class=\"elementor-divider-separator\">\n\t\t\t\t\t\t<\/span>\n\t\t<\/div>\n\t\t\t\t\t\t<\/div>\n\t\t\t\t<\/div>\n\t\t\t\t<div class=\"elementor-element elementor-element-6e28bb4 elementor-widget elementor-widget-text-editor\" data-id=\"6e28bb4\" data-element_type=\"widget\" data-e-type=\"widget\" data-widget_type=\"text-editor.default\">\n\t\t\t\t<div class=\"elementor-widget-container\">\n\t\t\t\t\t\t\t\t\t<p><b>D\u00e9couvrez en plus sur la cr\u00e9ation et la gestion de vos diaporama, en vid\u00e9o :\u00a0<\/b><\/p>\t\t\t\t\t\t\t\t<\/div>\n\t\t\t\t<\/div>\n\t\t\t\t\t<\/div>\n\t\t<\/div>\n\t\t\t\t\t<\/div>\n\t\t<\/section>\n\t\t\t\t<section class=\"elementor-section elementor-top-section elementor-element elementor-element-28a7168 elementor-section-boxed elementor-section-height-default elementor-section-height-default\" data-id=\"28a7168\" data-element_type=\"section\" data-e-type=\"section\">\n\t\t\t\t\t\t<div class=\"elementor-container elementor-column-gap-default\">\n\t\t\t\t\t<div class=\"elementor-column elementor-col-33 elementor-top-column elementor-element elementor-element-f5b431b\" data-id=\"f5b431b\" data-element_type=\"column\" data-e-type=\"column\">\n\t\t\t<div class=\"elementor-widget-wrap\">\n\t\t\t\t\t\t\t<\/div>\n\t\t<\/div>\n\t\t\t\t<div class=\"elementor-column elementor-col-33 elementor-top-column elementor-element elementor-element-a717c6f\" data-id=\"a717c6f\" data-element_type=\"column\" data-e-type=\"column\">\n\t\t\t<div class=\"elementor-widget-wrap elementor-element-populated\">\n\t\t\t\t\t\t<div class=\"elementor-element elementor-element-2fe3e85 elementor-widget elementor-widget-video\" data-id=\"2fe3e85\" data-element_type=\"widget\" data-e-type=\"widget\" data-settings=\"{&quot;youtube_url&quot;:&quot;https:\\\/\\\/www.youtube.com\\\/watch?v=fkZfNHcf1Do&quot;,&quot;video_type&quot;:&quot;youtube&quot;,&quot;controls&quot;:&quot;yes&quot;}\" data-widget_type=\"video.default\">\n\t\t\t\t<div class=\"elementor-widget-container\">\n\t\t\t\t\t\t\t<div class=\"elementor-wrapper elementor-open-inline\">\n\t\t\t<div class=\"elementor-video\"><\/div>\t\t<\/div>\n\t\t\t\t\t\t<\/div>\n\t\t\t\t<\/div>\n\t\t\t\t\t<\/div>\n\t\t<\/div>\n\t\t\t\t<div class=\"elementor-column elementor-col-33 elementor-top-column elementor-element elementor-element-a00681e\" data-id=\"a00681e\" data-element_type=\"column\" data-e-type=\"column\">\n\t\t\t<div class=\"elementor-widget-wrap\">\n\t\t\t\t\t\t\t<\/div>\n\t\t<\/div>\n\t\t\t\t\t<\/div>\n\t\t<\/section>\n\t\t\t\t<section class=\"elementor-section elementor-top-section elementor-element elementor-element-0dbf730 elementor-section-boxed elementor-section-height-default elementor-section-height-default\" data-id=\"0dbf730\" data-element_type=\"section\" data-e-type=\"section\">\n\t\t\t\t\t\t<div class=\"elementor-container elementor-column-gap-default\">\n\t\t\t\t\t<div class=\"elementor-column elementor-col-100 elementor-top-column elementor-element elementor-element-f5f2cba\" data-id=\"f5f2cba\" data-element_type=\"column\" data-e-type=\"column\">\n\t\t\t<div class=\"elementor-widget-wrap elementor-element-populated\">\n\t\t\t\t\t\t<div class=\"elementor-element elementor-element-6955a38 elementor-widget elementor-widget-spacer\" data-id=\"6955a38\" data-element_type=\"widget\" data-e-type=\"widget\" data-widget_type=\"spacer.default\">\n\t\t\t\t<div class=\"elementor-widget-container\">\n\t\t\t\t\t\t\t<div class=\"elementor-spacer\">\n\t\t\t<div class=\"elementor-spacer-inner\"><\/div>\n\t\t<\/div>\n\t\t\t\t\t\t<\/div>\n\t\t\t\t<\/div>\n\t\t\t\t<div class=\"elementor-element elementor-element-2895683 elementor-widget-divider--view-line elementor-widget elementor-widget-divider\" data-id=\"2895683\" data-element_type=\"widget\" data-e-type=\"widget\" data-widget_type=\"divider.default\">\n\t\t\t\t<div class=\"elementor-widget-container\">\n\t\t\t\t\t\t\t<div class=\"elementor-divider\">\n\t\t\t<span class=\"elementor-divider-separator\">\n\t\t\t\t\t\t<\/span>\n\t\t<\/div>\n\t\t\t\t\t\t<\/div>\n\t\t\t\t<\/div>\n\t\t\t\t<div class=\"elementor-element elementor-element-5b70ad4 elementor-widget elementor-widget-text-editor\" data-id=\"5b70ad4\" data-element_type=\"widget\" data-e-type=\"widget\" data-widget_type=\"text-editor.default\">\n\t\t\t\t<div class=\"elementor-widget-container\">\n\t\t\t\t\t\t\t\t\t<p>A voir aussi dans la m\u00eame th\u00e9matique :<\/p><ul><li><a href=\"https:\/\/www.cmonsite.fr\/creer-un-site\/contenu-design-modules\/contenu\/images-pages\/\" target=\"_blank\" rel=\"noopener\">Ins\u00e9rer des images sur une page<\/a><\/li><li><a href=\"https:\/\/www.cmonsite.fr\/creer-un-site\/contenu-design-modules\/modules\/creer-un-album\/\" target=\"_blank\" rel=\"noopener\">Cr\u00e9er un album<\/a><\/li><li><a href=\"https:\/\/www.cmonsite.fr\/creer-un-site\/contenu-design-modules\/modules\/galerie-photo\/\" target=\"_blank\" rel=\"noopener\">Ajouter des images dans un album<\/a><\/li><\/ul>\t\t\t\t\t\t\t\t<\/div>\n\t\t\t\t<\/div>\n\t\t\t\t\t<\/div>\n\t\t<\/div>\n\t\t\t\t\t<\/div>\n\t\t<\/section>\n\t\t\t\t<\/div>\n\t\t","protected":false},"excerpt":{"rendered":"<p>Les designs de CmonSite poss\u00e8dent tous un diaporama sur la page d&#8217;accueil, con\u00e7u pour s&#8217;int\u00e9grer au style du design. 1. Acc\u00e9dez \u00e0 la configuration du diaporama de la page d&#8217;accueil Une fois connect\u00e9 \u00e0 votre compte, allez dans la rubrique \u00ab\u00a0Pages \/ Cat\u00e9gories\u00a0\u00bb et s\u00e9lectionnez votre page d&#8217;accueil. Une fois dedans rendez-vous dans l&#8217;onglet\u00a0\u00ab\u00a0Mon diaporama\u00a0\u00bb. [&hellip;]<\/p>\n","protected":false},"author":1,"featured_media":18514,"parent":22995,"menu_order":4,"comment_status":"open","ping_status":"closed","template":"","meta":{"_helpful_status":1,"footnotes":""},"class_list":["post-1178","page","type-page","status-publish","has-post-thumbnail","hentry"],"_links":{"self":[{"href":"https:\/\/www.cmonsite.fr\/site\/wp-json\/wp\/v2\/pages\/1178","targetHints":{"allow":["GET"]}}],"collection":[{"href":"https:\/\/www.cmonsite.fr\/site\/wp-json\/wp\/v2\/pages"}],"about":[{"href":"https:\/\/www.cmonsite.fr\/site\/wp-json\/wp\/v2\/types\/page"}],"author":[{"embeddable":true,"href":"https:\/\/www.cmonsite.fr\/site\/wp-json\/wp\/v2\/users\/1"}],"replies":[{"embeddable":true,"href":"https:\/\/www.cmonsite.fr\/site\/wp-json\/wp\/v2\/comments?post=1178"}],"version-history":[{"count":1,"href":"https:\/\/www.cmonsite.fr\/site\/wp-json\/wp\/v2\/pages\/1178\/revisions"}],"predecessor-version":[{"id":21063,"href":"https:\/\/www.cmonsite.fr\/site\/wp-json\/wp\/v2\/pages\/1178\/revisions\/21063"}],"up":[{"embeddable":true,"href":"https:\/\/www.cmonsite.fr\/site\/wp-json\/wp\/v2\/pages\/22995"}],"wp:featuredmedia":[{"embeddable":true,"href":"https:\/\/www.cmonsite.fr\/site\/wp-json\/wp\/v2\/media\/18514"}],"wp:attachment":[{"href":"https:\/\/www.cmonsite.fr\/site\/wp-json\/wp\/v2\/media?parent=1178"}],"curies":[{"name":"wp","href":"https:\/\/api.w.org\/{rel}","templated":true}]}}