{"id":11643,"date":"2018-10-09T11:27:29","date_gmt":"2018-10-09T09:27:48","guid":{"rendered":"https:\/\/www.cmonsite.fr\/site\/aide\/?page_id=11643"},"modified":"2023-07-20T11:33:02","modified_gmt":"2023-07-20T09:33:02","slug":"creer-commande-manuelle","status":"publish","type":"page","link":"https:\/\/www.cmonsite.fr\/site\/aide\/ventes-et-commandes\/creer-commande-manuelle","title":{"rendered":"Comment cr\u00e9er une commande manuelle depuis votre &#8220;Administration&#8221; ?"},"content":{"rendered":"\t\t<div data-elementor-type=\"wp-page\" data-elementor-id=\"11643\" class=\"elementor elementor-11643\" data-elementor-post-type=\"page\">\n\t\t\t\t\t\t<section class=\"elementor-section elementor-top-section elementor-element elementor-element-45b06bb1 elementor-section-boxed elementor-section-height-default elementor-section-height-default\" data-id=\"45b06bb1\" data-element_type=\"section\" data-e-type=\"section\">\n\t\t\t\t\t\t<div class=\"elementor-container elementor-column-gap-default\">\n\t\t\t\t\t<div class=\"elementor-column elementor-col-100 elementor-top-column elementor-element elementor-element-5ac0294b\" data-id=\"5ac0294b\" data-element_type=\"column\" data-e-type=\"column\">\n\t\t\t<div class=\"elementor-widget-wrap elementor-element-populated\">\n\t\t\t\t\t\t<div class=\"elementor-element elementor-element-23c800e8 elementor-widget elementor-widget-text-editor\" data-id=\"23c800e8\" data-element_type=\"widget\" data-e-type=\"widget\" data-widget_type=\"text-editor.default\">\n\t\t\t\t<div class=\"elementor-widget-container\">\n\t\t\t\t\t\t\t\t\tUn client vous contacte par t\u00e9l\u00e9phone et souhaite passer commande ou faire une r\u00e9servation directement par t\u00e9l\u00e9phone.\r\n\r\n<strong>Rien de plus\u00a0simple !<\/strong>\r\n<ul>\r\n \t<li>Connectez-vous \u00e0 votre \u00ab\u00a0<em><strong>Administration\u00a0<\/strong><\/em>\u00bb<\/li>\r\n \t<li>Rendez-vous dans \u00ab <strong><em>Boutique<\/em> <\/strong>\u00bb, \u00ab <em><strong>Ventes \/ Commandes<\/strong><\/em> \u00bb<\/li>\r\n \t<li>Puis cliquez sur le \u00ab <strong><em>+ Cr\u00e9er une commande<\/em><\/strong>\u00a0\u00bb<\/li>\r\n<\/ul>\r\n<a href=\"https:\/\/www.cmonsite.fr\/creer-un-site\/wp-content\/uploads\/2020\/12\/creer-commande.jpg\"><img fetchpriority=\"high\" decoding=\"async\" class=\"size-full wp-image-14239 aligncenter\" src=\"https:\/\/www.cmonsite.fr\/creer-un-site\/wp-content\/uploads\/2020\/12\/creer-commande.jpg\" alt=\"\" width=\"1272\" height=\"299\" srcset=\"https:\/\/www.cmonsite.fr\/site\/webup\/2020\/12\/creer-commande.jpg 1272w, https:\/\/www.cmonsite.fr\/site\/webup\/2020\/12\/creer-commande-300x71.jpg 300w, https:\/\/www.cmonsite.fr\/site\/webup\/2020\/12\/creer-commande-1024x241.jpg 1024w, https:\/\/www.cmonsite.fr\/site\/webup\/2020\/12\/creer-commande-768x181.jpg 768w\" sizes=\"(max-width: 1272px) 100vw, 1272px\" \/><\/a>\r\n\r\n2 choix vous sont propos\u00e9s :\r\n<ul>\r\n \t<li>Rechercher un client poss\u00e9dant d\u00e9j\u00e0 un compte chez vous en saisissant au moins 2 caract\u00e8res<\/li>\r\n<\/ul>\r\n<a href=\"https:\/\/www.cmonsite.fr\/creer-un-site\/wp-content\/uploads\/2020\/12\/rechercher-client.jpg\"><img decoding=\"async\" class=\"size-full wp-image-14242 aligncenter\" src=\"https:\/\/www.cmonsite.fr\/creer-un-site\/wp-content\/uploads\/2020\/12\/rechercher-client.jpg\" alt=\"\" width=\"1266\" height=\"181\" srcset=\"https:\/\/www.cmonsite.fr\/site\/webup\/2020\/12\/rechercher-client.jpg 1266w, https:\/\/www.cmonsite.fr\/site\/webup\/2020\/12\/rechercher-client-300x43.jpg 300w, https:\/\/www.cmonsite.fr\/site\/webup\/2020\/12\/rechercher-client-1024x146.jpg 1024w, https:\/\/www.cmonsite.fr\/site\/webup\/2020\/12\/rechercher-client-768x110.jpg 768w\" sizes=\"(max-width: 1266px) 100vw, 1266px\" \/><\/a>\r\n<ul>\r\n \t<li>Cr\u00e9er un nouveau client puis :\r\n<ul>\r\n \t<li>Renseigner les informations de facturation<a href=\"https:\/\/www.cmonsite.fr\/creer-un-site\/wp-content\/uploads\/2020\/12\/infos-facturation.jpg\"><img decoding=\"async\" class=\"size-full wp-image-14241 aligncenter\" src=\"https:\/\/www.cmonsite.fr\/creer-un-site\/wp-content\/uploads\/2020\/12\/infos-facturation.jpg\" alt=\"\" width=\"1264\" height=\"687\" srcset=\"https:\/\/www.cmonsite.fr\/site\/webup\/2020\/12\/infos-facturation.jpg 1264w, https:\/\/www.cmonsite.fr\/site\/webup\/2020\/12\/infos-facturation-300x163.jpg 300w, https:\/\/www.cmonsite.fr\/site\/webup\/2020\/12\/infos-facturation-1024x557.jpg 1024w, https:\/\/www.cmonsite.fr\/site\/webup\/2020\/12\/infos-facturation-768x417.jpg 768w\" sizes=\"(max-width: 1264px) 100vw, 1264px\" \/><\/a><\/li>\r\n \t<li>Renseigner les informations li\u00e9es au(x) produits et\/ou services \u00e0 commander et cliquer sur le &#8220;<strong><em>Cr\u00e9er la commande<\/em><\/strong>&#8220;. Vous pouvez retrouver vos produits en saisissant au moins 2 caract\u00e8res.<\/li>\r\n<\/ul>\r\n<\/li>\r\n<\/ul>\r\n<a href=\"https:\/\/www.cmonsite.fr\/creer-un-site\/wp-content\/uploads\/2020\/12\/contenu.jpg\"><img loading=\"lazy\" decoding=\"async\" class=\"size-full wp-image-14238 aligncenter\" src=\"https:\/\/www.cmonsite.fr\/creer-un-site\/wp-content\/uploads\/2020\/12\/contenu.jpg\" alt=\"\" width=\"1261\" height=\"757\" srcset=\"https:\/\/www.cmonsite.fr\/site\/webup\/2020\/12\/contenu.jpg 1261w, https:\/\/www.cmonsite.fr\/site\/webup\/2020\/12\/contenu-300x180.jpg 300w, https:\/\/www.cmonsite.fr\/site\/webup\/2020\/12\/contenu-1024x615.jpg 1024w, https:\/\/www.cmonsite.fr\/site\/webup\/2020\/12\/contenu-768x461.jpg 768w\" sizes=\"(max-width: 1261px) 100vw, 1261px\" \/><\/a>\r\n\r\nAjoutez un code de r\u00e9duction \u00e0 cette commande si vous le souhaitez en cliquant sur \u00ab<strong><em>Ajouter le code de r\u00e9duction<\/em><\/strong>\u00bb.\r\n\r\nSachez que vous pouvez aussi \u00ab <strong><em>Ajouter un produit hors catalogue<\/em><\/strong> \u00bb en cliquant sur le bouton du m\u00eame nom.\r\nAinsi votre client peut commander un produit qui n&#8217;est pas r\u00e9f\u00e9renc\u00e9 sur votre site.\r\nRemplissez donc les champs se pr\u00e9sentant \u00e0 vous :\r\n\r\n<a href=\"https:\/\/www.cmonsite.fr\/creer-un-site\/wp-content\/uploads\/2020\/12\/Capture-2.jpg\"><img loading=\"lazy\" decoding=\"async\" class=\"size-full wp-image-14244 aligncenter\" src=\"https:\/\/www.cmonsite.fr\/creer-un-site\/wp-content\/uploads\/2020\/12\/Capture-2.jpg\" alt=\"\" width=\"981\" height=\"390\" srcset=\"https:\/\/www.cmonsite.fr\/site\/webup\/2020\/12\/Capture-2.jpg 981w, https:\/\/www.cmonsite.fr\/site\/webup\/2020\/12\/Capture-2-300x119.jpg 300w, https:\/\/www.cmonsite.fr\/site\/webup\/2020\/12\/Capture-2-768x305.jpg 768w\" sizes=\"(max-width: 981px) 100vw, 981px\" \/><\/a>\r\n\r\n&nbsp;\r\n\r\n&nbsp;\r\n\r\n&nbsp;\r\n\r\nUne fois que votre commande est cr\u00e9\u00e9e, retournez dans la commande que vous venez de cr\u00e9er en cliquant sur &#8220;<strong><em>D\u00e9tail<\/em><\/strong>&#8221; pour r\u00e9cup\u00e9rer le lien de paiement de la commande.\r\nCopier\/Coller ce lien afin de l&#8217;envoyer \u00e0 votre client pour qu&#8217;il puisse r\u00e9gler sa commande.\r\n\r\n<a href=\"https:\/\/www.cmonsite.fr\/creer-un-site\/wp-content\/uploads\/2020\/12\/tempsnip-2.png\"><img loading=\"lazy\" decoding=\"async\" class=\"size-full wp-image-14246 aligncenter\" src=\"https:\/\/www.cmonsite.fr\/creer-un-site\/wp-content\/uploads\/2020\/12\/tempsnip-2.png\" alt=\"\" width=\"1261\" height=\"185\" srcset=\"https:\/\/www.cmonsite.fr\/site\/webup\/2020\/12\/tempsnip-2.png 1261w, https:\/\/www.cmonsite.fr\/site\/webup\/2020\/12\/tempsnip-2-300x44.png 300w, https:\/\/www.cmonsite.fr\/site\/webup\/2020\/12\/tempsnip-2-1024x150.png 1024w, https:\/\/www.cmonsite.fr\/site\/webup\/2020\/12\/tempsnip-2-768x113.png 768w\" sizes=\"(max-width: 1261px) 100vw, 1261px\" \/><\/a>\t\t\t\t\t\t\t\t<\/div>\n\t\t\t\t<\/div>\n\t\t\t\t\t<\/div>\n\t\t<\/div>\n\t\t\t\t\t<\/div>\n\t\t<\/section>\n\t\t\t\t<\/div>\n\t\t","protected":false},"excerpt":{"rendered":"<p>Un client vous contacte par t\u00e9l\u00e9phone et souhaite passer commande ou faire une r\u00e9servation directement par t\u00e9l\u00e9phone. Rien de plus\u00a0simple ! Connectez-vous \u00e0 votre \u00ab\u00a0Administration\u00a0\u00bb Rendez-vous dans \u00ab Boutique \u00bb, \u00ab Ventes \/ Commandes \u00bb Puis cliquez sur le \u00ab + Cr\u00e9er une commande\u00a0\u00bb 2 choix vous sont propos\u00e9s : Rechercher un client poss\u00e9dant d\u00e9j\u00e0 [&hellip;]<\/p>\n","protected":false},"author":1,"featured_media":18441,"parent":22993,"menu_order":6,"comment_status":"closed","ping_status":"closed","template":"","meta":{"_helpful_status":1,"footnotes":""},"class_list":["post-11643","page","type-page","status-publish","has-post-thumbnail","hentry"],"_links":{"self":[{"href":"https:\/\/www.cmonsite.fr\/site\/wp-json\/wp\/v2\/pages\/11643","targetHints":{"allow":["GET"]}}],"collection":[{"href":"https:\/\/www.cmonsite.fr\/site\/wp-json\/wp\/v2\/pages"}],"about":[{"href":"https:\/\/www.cmonsite.fr\/site\/wp-json\/wp\/v2\/types\/page"}],"author":[{"embeddable":true,"href":"https:\/\/www.cmonsite.fr\/site\/wp-json\/wp\/v2\/users\/1"}],"replies":[{"embeddable":true,"href":"https:\/\/www.cmonsite.fr\/site\/wp-json\/wp\/v2\/comments?post=11643"}],"version-history":[{"count":5,"href":"https:\/\/www.cmonsite.fr\/site\/wp-json\/wp\/v2\/pages\/11643\/revisions"}],"predecessor-version":[{"id":25116,"href":"https:\/\/www.cmonsite.fr\/site\/wp-json\/wp\/v2\/pages\/11643\/revisions\/25116"}],"up":[{"embeddable":true,"href":"https:\/\/www.cmonsite.fr\/site\/wp-json\/wp\/v2\/pages\/22993"}],"wp:featuredmedia":[{"embeddable":true,"href":"https:\/\/www.cmonsite.fr\/site\/wp-json\/wp\/v2\/media\/18441"}],"wp:attachment":[{"href":"https:\/\/www.cmonsite.fr\/site\/wp-json\/wp\/v2\/media?parent=11643"}],"curies":[{"name":"wp","href":"https:\/\/api.w.org\/{rel}","templated":true}]}}