{"id":1161,"date":"2012-11-27T09:11:26","date_gmt":"2012-11-27T09:11:26","guid":{"rendered":"https:\/\/www.cmonsite.fr\/site\/aide\/?page_id=1161"},"modified":"2012-11-27T09:11:26","modified_gmt":"2012-11-27T09:11:26","slug":"valider-messages-livre-dor-et-commentaires-photos","status":"publish","type":"page","link":"https:\/\/www.cmonsite.fr\/site\/aide\/gestion-des-clients\/valider-messages-livre-dor-et-commentaires-photos","title":{"rendered":"Consulter et valider les messages de la page Avis clients"},"content":{"rendered":"\t\t<div data-elementor-type=\"wp-page\" data-elementor-id=\"1161\" class=\"elementor elementor-1161\" data-elementor-post-type=\"page\">\n\t\t\t\t\t\t<section class=\"elementor-section elementor-top-section elementor-element elementor-element-424e93ff elementor-section-boxed elementor-section-height-default elementor-section-height-default\" data-id=\"424e93ff\" data-element_type=\"section\" data-e-type=\"section\">\n\t\t\t\t\t\t<div class=\"elementor-container elementor-column-gap-default\">\n\t\t\t\t\t<div class=\"elementor-column elementor-col-100 elementor-top-column elementor-element elementor-element-248490e0\" data-id=\"248490e0\" data-element_type=\"column\" data-e-type=\"column\">\n\t\t\t<div class=\"elementor-widget-wrap elementor-element-populated\">\n\t\t\t\t\t\t<div class=\"elementor-element elementor-element-5f38efa8 elementor-widget elementor-widget-text-editor\" data-id=\"5f38efa8\" data-element_type=\"widget\" data-e-type=\"widget\" data-widget_type=\"text-editor.default\">\n\t\t\t\t<div class=\"elementor-widget-container\">\n\t\t\t\t\t\t\t\t\t<p style=\"text-align: center;\">Pour consulter tous vos messages et les valider (avis clients, commentaires photos ou emails de la page de contact), rendez-vous en haut de votre administration o\u00f9 se trouve un menu pour g\u00e9rer votre compte.<br \/>Cliquez sur le symbole en forme de bulle comme ci-dessous pour avoir acc\u00e8s \u00e0 votre page avis clients. L&#8217;enveloppe concerne vos messages.<br \/>Le petit chiffre vous indique le nombre de messages en tout.<\/p><p><a href=\"https:\/\/www.cmonsite.fr\/creer-un-site\/wp-content\/uploads\/2021\/01\/messages-1.png\"><img decoding=\"async\" class=\"size-full wp-image-14957 aligncenter\" src=\"https:\/\/www.cmonsite.fr\/creer-un-site\/wp-content\/uploads\/2021\/01\/messages-1.png\" alt=\"\" width=\"535\" height=\"32\" srcset=\"https:\/\/www.cmonsite.fr\/site\/webup\/2021\/01\/messages-1.png 535w, https:\/\/www.cmonsite.fr\/site\/webup\/2021\/01\/messages-1-300x18.png 300w\" sizes=\"(max-width: 535px) 100vw, 535px\" \/><\/a><\/p><ul><li>Pour valider les messages de votre page Avis clients, vous pouvez \u00e9galement cliquer directement sur ce lien :\u00a0<a href=\"https:\/\/www.cmonsite.fr\/gestion_livre.php\" target=\"_blank\" rel=\"noopener\">Gestion de la page Avis clients<\/a><\/li><li>Pour valider les commentaires de vos photos, vous pouvez \u00e9galement cliquer directement sur ce lien : <a href=\"\/\/www.cmonsite.fr\/gestion_commentaires.php\" target=\"_blank\" rel=\"noopener\">Gestion commentaires<\/a><\/li><li>Pour consulter les emails envoy\u00e9s depuis votre page de contact vous pouvez \u00e9galement cliquer directement sur ce lien : <a href=\"\/\/www.cmonsite.fr\/mesemails.php\" target=\"_blank\" rel=\"noopener\">Bo\u00eete email<\/a><\/li><\/ul><p style=\"text-align: center;\"><em>Vous recevez abondamment\u00a0des SPAMS (Messages non d\u00e9sir\u00e9s) ? Contactez le support CmonSite pour\u00a0l\u2019installation d&#8217;un nouveau Captcha<\/em><\/p><p style=\"text-align: left;\">\u00a0<em>A voir aussi dans la m\u00eame th\u00e9matique :<\/em><\/p><ul><li><a href=\"https:\/\/www.cmonsite.fr\/creer-un-site\/contenu-design-modules\/modules\/livre-dor\/\" target=\"_blank\" rel=\"noopener\">Configuration de\u00a0la page Avis clients<\/a><\/li><li><a href=\"\/\/www.cmonsite.fr\/creer-un-site\/contenu-design-modules\/modules\/commentaires-photos\/\" target=\"_blank\" rel=\"noopener\">Configuration des commentaires photos<\/a><\/li><li><a href=\"\/\/www.cmonsite.fr\/creer-un-site\/contenu-design-modules\/modules\/afficher-page-contact-site\/\" target=\"_blank\" rel=\"noopener\">Activation de la page de contact<\/a><\/li><\/ul><p style=\"text-align: left;\">\u00a0<\/p>\t\t\t\t\t\t\t\t<\/div>\n\t\t\t\t<\/div>\n\t\t\t\t\t<\/div>\n\t\t<\/div>\n\t\t\t\t\t<\/div>\n\t\t<\/section>\n\t\t\t\t<\/div>\n\t\t","protected":false},"excerpt":{"rendered":"<p>Pour consulter tous vos messages et les valider (avis clients, commentaires photos ou emails de la page de contact), rendez-vous en haut de votre administration o\u00f9 se trouve un menu pour g\u00e9rer votre compte. Cliquez sur le symbole en forme de bulle comme ci-dessous pour avoir acc\u00e8s \u00e0 votre page avis clients. L&#8217;enveloppe concerne vos [&hellip;]<\/p>\n","protected":false},"author":1,"featured_media":18038,"parent":24725,"menu_order":1,"comment_status":"open","ping_status":"closed","template":"","meta":{"_helpful_status":1,"footnotes":""},"class_list":["post-1161","page","type-page","status-publish","has-post-thumbnail","hentry"],"_links":{"self":[{"href":"https:\/\/www.cmonsite.fr\/site\/wp-json\/wp\/v2\/pages\/1161","targetHints":{"allow":["GET"]}}],"collection":[{"href":"https:\/\/www.cmonsite.fr\/site\/wp-json\/wp\/v2\/pages"}],"about":[{"href":"https:\/\/www.cmonsite.fr\/site\/wp-json\/wp\/v2\/types\/page"}],"author":[{"embeddable":true,"href":"https:\/\/www.cmonsite.fr\/site\/wp-json\/wp\/v2\/users\/1"}],"replies":[{"embeddable":true,"href":"https:\/\/www.cmonsite.fr\/site\/wp-json\/wp\/v2\/comments?post=1161"}],"version-history":[{"count":1,"href":"https:\/\/www.cmonsite.fr\/site\/wp-json\/wp\/v2\/pages\/1161\/revisions"}],"predecessor-version":[{"id":21034,"href":"https:\/\/www.cmonsite.fr\/site\/wp-json\/wp\/v2\/pages\/1161\/revisions\/21034"}],"up":[{"embeddable":true,"href":"https:\/\/www.cmonsite.fr\/site\/wp-json\/wp\/v2\/pages\/24725"}],"wp:featuredmedia":[{"embeddable":true,"href":"https:\/\/www.cmonsite.fr\/site\/wp-json\/wp\/v2\/media\/18038"}],"wp:attachment":[{"href":"https:\/\/www.cmonsite.fr\/site\/wp-json\/wp\/v2\/media?parent=1161"}],"curies":[{"name":"wp","href":"https:\/\/api.w.org\/{rel}","templated":true}]}}