{"id":11609,"date":"2018-10-05T14:45:44","date_gmt":"2018-10-05T12:45:44","guid":{"rendered":"https:\/\/www.cmonsite.fr\/site\/aide\/?page_id=11609"},"modified":"2024-07-24T11:59:16","modified_gmt":"2024-07-24T09:59:16","slug":"nf-525-loi-des-finances-article-88","status":"publish","type":"page","link":"https:\/\/www.cmonsite.fr\/site\/aide\/informations-legales\/nf-525-loi-des-finances-article-88","title":{"rendered":"Qu&#8217;est ce que le certificat NF525 et comment le t\u00e9l\u00e9charger ?"},"content":{"rendered":"\t\t<div data-elementor-type=\"wp-page\" data-elementor-id=\"11609\" class=\"elementor elementor-11609\" data-elementor-post-type=\"page\">\n\t\t\t\t\t\t<section class=\"elementor-section elementor-top-section elementor-element elementor-element-7b8c74b3 elementor-section-boxed elementor-section-height-default elementor-section-height-default\" data-id=\"7b8c74b3\" data-element_type=\"section\" data-e-type=\"section\">\n\t\t\t\t\t\t<div class=\"elementor-container elementor-column-gap-default\">\n\t\t\t\t\t<div class=\"elementor-column elementor-col-100 elementor-top-column elementor-element elementor-element-a6873e9\" data-id=\"a6873e9\" data-element_type=\"column\" data-e-type=\"column\">\n\t\t\t<div class=\"elementor-widget-wrap elementor-element-populated\">\n\t\t\t\t\t\t<div class=\"elementor-element elementor-element-c471ff7 elementor-widget elementor-widget-image\" data-id=\"c471ff7\" data-element_type=\"widget\" data-e-type=\"widget\" data-widget_type=\"image.default\">\n\t\t\t\t<div class=\"elementor-widget-container\">\n\t\t\t\t\t\t\t\t\t\t\t\t\t\t\t<img decoding=\"async\" src=\"https:\/\/www.cmonsite.fr\/site\/webup\/elementor\/thumbs\/LABEL-NF-525-GESTION--pu4bz185dz0pwy9s843m72vp2w8g1vimkd7yyk6ozk.png\" title=\"LABEL NF 525 GESTION\" alt=\"LABEL NF 525 GESTION\" loading=\"lazy\" \/>\t\t\t\t\t\t\t\t\t\t\t\t\t\t\t<\/div>\n\t\t\t\t<\/div>\n\t\t\t\t<div class=\"elementor-element elementor-element-0dd6ad5 elementor-widget elementor-widget-heading\" data-id=\"0dd6ad5\" data-element_type=\"widget\" data-e-type=\"widget\" data-widget_type=\"heading.default\">\n\t\t\t\t<div class=\"elementor-widget-container\">\n\t\t\t\t\t<h2 class=\"elementor-heading-title elementor-size-default\">CmonSite est certifi\u00e9 par Infocert et l'Afnor selon les r\u00e8gles de certification NF525<\/h2>\t\t\t\t<\/div>\n\t\t\t\t<\/div>\n\t\t\t\t<div class=\"elementor-element elementor-element-14808565 elementor-widget elementor-widget-text-editor\" data-id=\"14808565\" data-element_type=\"widget\" data-e-type=\"widget\" data-widget_type=\"text-editor.default\">\n\t\t\t\t<div class=\"elementor-widget-container\">\n\t\t\t\t\t\t\t\t\t<p>L\u2019article 88 de loi (n\u00b0 2015-1785) des finances institue \u00e0 compter du 1er janvier 2018 <strong>l\u2019obligation<\/strong> pour<strong> tous les assujettis \u00e0 la TVA, personnes physiques ou morales<\/strong> qui enregistrent eux-m\u00eames <strong>les r\u00e8glements de leurs clients<\/strong> dans un logiciel de comptabilit\u00e9 ou de gestion ou un syst\u00e8me de caisse, y compris en cas d&#8217;enregistrement par eux-m\u00eames sur un <strong>logiciel<\/strong> ou <strong>syst\u00e8me accessible en ligne<\/strong>\u00a0<strong>d\u2019utiliser un logiciel ou un syst\u00e8me satisfaisant \u00e0 des conditions d\u2019inalt\u00e9rabilit\u00e9, de s\u00e9curisation, de conservation et d\u2019archivage des donn\u00e9es<\/strong> en vue du contr\u00f4le de l\u2019administration fiscale.<\/p><p>C&#8217;est chose fa\u00eete !\u00a0<strong>CmonSite<\/strong><span style=\"font-weight: 300;\"> est la 1\u00e8re plateforme de <\/span><strong><a href=\"https:\/\/www.cmonsite.fr\/\">cr\u00e9ation de site internet<\/a><\/strong><span style=\"font-weight: 300;\"> SAAS \u00e0 l&#8217;avoir obtenue !<\/span><\/p>\t\t\t\t\t\t\t\t<\/div>\n\t\t\t\t<\/div>\n\t\t\t\t<div class=\"elementor-element elementor-element-864e950 elementor-widget elementor-widget-heading\" data-id=\"864e950\" data-element_type=\"widget\" data-e-type=\"widget\" data-widget_type=\"heading.default\">\n\t\t\t\t<div class=\"elementor-widget-container\">\n\t\t\t\t\t<h2 class=\"elementor-heading-title elementor-size-default\">R\u00e9cup\u00e9rer vos archives fiscales, le JET et le certificat NF525<\/h2>\t\t\t\t<\/div>\n\t\t\t\t<\/div>\n\t\t\t\t<div class=\"elementor-element elementor-element-16489db elementor-widget elementor-widget-text-editor\" data-id=\"16489db\" data-element_type=\"widget\" data-e-type=\"widget\" data-widget_type=\"text-editor.default\">\n\t\t\t\t<div class=\"elementor-widget-container\">\n\t\t\t\t\t\t\t\t\t<p>Vos factures sont d\u00e9sormais sign\u00e9es \u00e9lectroniquement. Vous disposez des archives fiscales et du JET (journal technique d\u2019\u00e9v\u00e9nements) \u00e0 disposition des contr\u00f4leurs fiscaux dans votre Administration, rubrique &#8220;Configuration de la boutique&#8221; puis &#8220;<a href=\"\/configboutique.php#export\">Exporter<\/a>&#8221; .<\/p>\t\t\t\t\t\t\t\t<\/div>\n\t\t\t\t<\/div>\n\t\t\t\t<div class=\"elementor-element elementor-element-2463433 elementor-widget-divider--view-line elementor-widget elementor-widget-divider\" data-id=\"2463433\" data-element_type=\"widget\" data-e-type=\"widget\" data-widget_type=\"divider.default\">\n\t\t\t\t<div class=\"elementor-widget-container\">\n\t\t\t\t\t\t\t<div class=\"elementor-divider\">\n\t\t\t<span class=\"elementor-divider-separator\">\n\t\t\t\t\t\t<\/span>\n\t\t<\/div>\n\t\t\t\t\t\t<\/div>\n\t\t\t\t<\/div>\n\t\t\t\t<div class=\"elementor-element elementor-element-32a1a5a elementor-widget elementor-widget-text-editor\" data-id=\"32a1a5a\" data-element_type=\"widget\" data-e-type=\"widget\" data-widget_type=\"text-editor.default\">\n\t\t\t\t<div class=\"elementor-widget-container\">\n\t\t\t\t\t\t\t\t\t<p>Voici les diff\u00e9rents liens au sujet de la loi :<\/p><ul><li><a href=\"http:\/\/bofip.impots.gouv.fr\/bofip\/10691-PGP.html?identifiant=BOI-TVA-DECLA-30-10-30-20160803\" rel=\"nofollow\">http:\/\/bofip.impots.gouv.fr\/bofip\/10691-PGP.html?identifiant=BOI-TVA-DECLA-30-10-30-20160803<\/a><\/li><li><a href=\"https:\/\/www.service-public.fr\/professionnels-entreprises\/actualites\/A12301\" rel=\"nofollow\">https:\/\/www.service-public.fr\/professionnels-entreprises\/actualites\/A12301<\/a><\/li><li><a href=\"https:\/\/www.legifrance.gouv.fr\/affichTexteArticle.do?idArticle=JORFARTI000031732968&amp;categorieLien=id&amp;cidTexte=JORFTEXT000031732865\" rel=\"nofollow\">https:\/\/www.legifrance.gouv.fr\/affichTexteArticle.do?idArticle=JORFARTI000031732968&amp;categorieLien=id&amp;cidTexte=JORFTEXT000031732865<\/a><\/li><\/ul>\t\t\t\t\t\t\t\t<\/div>\n\t\t\t\t<\/div>\n\t\t\t\t\t<\/div>\n\t\t<\/div>\n\t\t\t\t\t<\/div>\n\t\t<\/section>\n\t\t\t\t<\/div>\n\t\t","protected":false},"excerpt":{"rendered":"<p>CmonSite est certifi\u00e9 par Infocert et l&#8217;Afnor selon les r\u00e8gles de certification NF525 L\u2019article 88 de loi (n\u00b0 2015-1785) des finances institue \u00e0 compter du 1er janvier 2018 l\u2019obligation pour tous les assujettis \u00e0 la TVA, personnes physiques ou morales qui enregistrent eux-m\u00eames les r\u00e8glements de leurs clients dans un logiciel de comptabilit\u00e9 ou de [&hellip;]<\/p>\n","protected":false},"author":1,"featured_media":18004,"parent":24678,"menu_order":3,"comment_status":"closed","ping_status":"closed","template":"","meta":{"_helpful_status":1,"footnotes":""},"class_list":["post-11609","page","type-page","status-publish","has-post-thumbnail","hentry"],"_links":{"self":[{"href":"https:\/\/www.cmonsite.fr\/site\/wp-json\/wp\/v2\/pages\/11609","targetHints":{"allow":["GET"]}}],"collection":[{"href":"https:\/\/www.cmonsite.fr\/site\/wp-json\/wp\/v2\/pages"}],"about":[{"href":"https:\/\/www.cmonsite.fr\/site\/wp-json\/wp\/v2\/types\/page"}],"author":[{"embeddable":true,"href":"https:\/\/www.cmonsite.fr\/site\/wp-json\/wp\/v2\/users\/1"}],"replies":[{"embeddable":true,"href":"https:\/\/www.cmonsite.fr\/site\/wp-json\/wp\/v2\/comments?post=11609"}],"version-history":[{"count":11,"href":"https:\/\/www.cmonsite.fr\/site\/wp-json\/wp\/v2\/pages\/11609\/revisions"}],"predecessor-version":[{"id":26825,"href":"https:\/\/www.cmonsite.fr\/site\/wp-json\/wp\/v2\/pages\/11609\/revisions\/26825"}],"up":[{"embeddable":true,"href":"https:\/\/www.cmonsite.fr\/site\/wp-json\/wp\/v2\/pages\/24678"}],"wp:featuredmedia":[{"embeddable":true,"href":"https:\/\/www.cmonsite.fr\/site\/wp-json\/wp\/v2\/media\/18004"}],"wp:attachment":[{"href":"https:\/\/www.cmonsite.fr\/site\/wp-json\/wp\/v2\/media?parent=11609"}],"curies":[{"name":"wp","href":"https:\/\/api.w.org\/{rel}","templated":true}]}}