{"id":1147,"date":"2012-11-27T09:08:53","date_gmt":"2012-11-27T09:08:53","guid":{"rendered":"https:\/\/www.cmonsite.fr\/site\/aide\/?page_id=1147"},"modified":"2012-11-27T09:08:53","modified_gmt":"2012-11-27T09:08:53","slug":"comment-personnaliser-sa-page-de-contact","status":"publish","type":"page","link":"https:\/\/www.cmonsite.fr\/site\/aide\/design\/comment-personnaliser-sa-page-de-contact","title":{"rendered":"Personnaliser sa page de contact"},"content":{"rendered":"\t\t<div data-elementor-type=\"wp-page\" data-elementor-id=\"1147\" class=\"elementor elementor-1147\" data-elementor-post-type=\"page\">\n\t\t\t\t\t\t<section class=\"elementor-section elementor-top-section elementor-element elementor-element-3cf2d89e elementor-section-boxed elementor-section-height-default elementor-section-height-default\" data-id=\"3cf2d89e\" data-element_type=\"section\" data-e-type=\"section\">\n\t\t\t\t\t\t<div class=\"elementor-container elementor-column-gap-default\">\n\t\t\t\t\t<div class=\"elementor-column elementor-col-100 elementor-top-column elementor-element elementor-element-3656359e\" data-id=\"3656359e\" data-element_type=\"column\" data-e-type=\"column\">\n\t\t\t<div class=\"elementor-widget-wrap elementor-element-populated\">\n\t\t\t\t\t\t<div class=\"elementor-element elementor-element-947558b elementor-widget elementor-widget-heading\" data-id=\"947558b\" data-element_type=\"widget\" data-e-type=\"widget\" data-widget_type=\"heading.default\">\n\t\t\t\t<div class=\"elementor-widget-container\">\n\t\t\t\t\t<h2 class=\"elementor-heading-title elementor-size-default\">1. Configuration de la page de contact<\/h2>\t\t\t\t<\/div>\n\t\t\t\t<\/div>\n\t\t\t\t<div class=\"elementor-element elementor-element-c2e3053 elementor-widget elementor-widget-text-editor\" data-id=\"c2e3053\" data-element_type=\"widget\" data-e-type=\"widget\" data-widget_type=\"text-editor.default\">\n\t\t\t\t<div class=\"elementor-widget-container\">\n\t\t\t\t\t\t\t\t\t<p>A partir de la formule\u00a0<span style=\"font-weight: bold;\">Premium<\/span>, vous pouvez personnaliser votre page de contact. Pour cela rendez-vous \u00e0<b> &#8220;Pages \/ Cat\u00e9gories&#8221; &gt; &#8220;Mes pages \/ Cat\u00e9gories&#8221; <\/b>depuis votre administration CmonSite, puis s\u00e9lectionnez la page &#8220;Contact&#8221; dans l&#8217;arborescence de votre site.<br \/>Vous pouvez \u00e9galement acc\u00e9der directement \u00e0 cette page en suivant ce lien :\u00a0<a style=\"font-family: var( --e-global-typography-text-font-family ), Sans-serif; background-color: #ffffff;\" href=\"https:\/\/www.cmonsite.fr\/list_tab.php\" target=\"_blank\" rel=\"noopener\">Mes pages \/ Cat\u00e9gories<\/a><\/p><p>\u00a0<\/p>\t\t\t\t\t\t\t\t<\/div>\n\t\t\t\t<\/div>\n\t\t\t\t<div class=\"elementor-element elementor-element-dbde502 elementor-widget elementor-widget-image\" data-id=\"dbde502\" data-element_type=\"widget\" data-e-type=\"widget\" data-widget_type=\"image.default\">\n\t\t\t\t<div class=\"elementor-widget-container\">\n\t\t\t\t\t\t\t\t\t\t\t\t\t\t\t<img fetchpriority=\"high\" decoding=\"async\" width=\"905\" height=\"80\" src=\"https:\/\/www.cmonsite.fr\/site\/webup\/2021\/11\/Capture-decran-2021-11-03-135400.jpg\" class=\"attachment-full size-full wp-image-18774\" alt=\"\" srcset=\"https:\/\/www.cmonsite.fr\/site\/webup\/2021\/11\/Capture-decran-2021-11-03-135400.jpg 905w, https:\/\/www.cmonsite.fr\/site\/webup\/2021\/11\/Capture-decran-2021-11-03-135400-300x27.jpg 300w, https:\/\/www.cmonsite.fr\/site\/webup\/2021\/11\/Capture-decran-2021-11-03-135400-768x68.jpg 768w\" sizes=\"(max-width: 905px) 100vw, 905px\" \/>\t\t\t\t\t\t\t\t\t\t\t\t\t\t\t<\/div>\n\t\t\t\t<\/div>\n\t\t\t\t<div class=\"elementor-element elementor-element-a23aec3 elementor-widget elementor-widget-spacer\" data-id=\"a23aec3\" data-element_type=\"widget\" data-e-type=\"widget\" data-widget_type=\"spacer.default\">\n\t\t\t\t<div class=\"elementor-widget-container\">\n\t\t\t\t\t\t\t<div class=\"elementor-spacer\">\n\t\t\t<div class=\"elementor-spacer-inner\"><\/div>\n\t\t<\/div>\n\t\t\t\t\t\t<\/div>\n\t\t\t\t<\/div>\n\t\t\t\t<div class=\"elementor-element elementor-element-97d8fdb elementor-widget elementor-widget-text-editor\" data-id=\"97d8fdb\" data-element_type=\"widget\" data-e-type=\"widget\" data-widget_type=\"text-editor.default\">\n\t\t\t\t<div class=\"elementor-widget-container\">\n\t\t\t\t\t\t\t\t\t<p>Plusieurs possibilit\u00e9s s&#8217;offrent alors \u00e0 vous :<\/p><p>\u00a0<\/p><p><span style=\"font-weight: bold;\">&gt; Activer ou d\u00e9sactiver votre formulaire de contact<\/span><\/p><p><span style=\"font-weight: bold;\">&gt; Afficher votre adresse<\/span><\/p><p><span style=\"font-weight: bold;\">&gt; Afficher votre plan Google Map<\/span><\/p><p><span style=\"font-weight: bold;\">&gt; Permettre aux visiteurs de vous envoyer des documents en pi\u00e8ce jointe<\/span><\/p><p><span style=\"font-weight: bold;\">&gt; Ecrire un texte d\u2019accompagnement et ins\u00e9rez des images qui s\u2019afficheront sur votre page de contact<br \/><\/span><\/p><p><span style=\"font-weight: bold;\">&gt; Ajouter les consentements\u00a0pour pouvoir recueillir les donn\u00e9es personnelles de vos visiteurs<\/span><\/p>\t\t\t\t\t\t\t\t<\/div>\n\t\t\t\t<\/div>\n\t\t\t\t<section class=\"elementor-section elementor-inner-section elementor-element elementor-element-1e6f1f6 elementor-section-boxed elementor-section-height-default elementor-section-height-default\" data-id=\"1e6f1f6\" data-element_type=\"section\" data-e-type=\"section\">\n\t\t\t\t\t\t<div class=\"elementor-container elementor-column-gap-default\">\n\t\t\t\t\t<div class=\"elementor-column elementor-col-50 elementor-inner-column elementor-element elementor-element-d75d2e3\" data-id=\"d75d2e3\" data-element_type=\"column\" data-e-type=\"column\">\n\t\t\t<div class=\"elementor-widget-wrap elementor-element-populated\">\n\t\t\t\t\t\t<div class=\"elementor-element elementor-element-ed9d211 elementor-widget elementor-widget-image\" data-id=\"ed9d211\" data-element_type=\"widget\" data-e-type=\"widget\" data-widget_type=\"image.default\">\n\t\t\t\t<div class=\"elementor-widget-container\">\n\t\t\t\t\t\t\t\t\t\t\t\t\t\t\t<img decoding=\"async\" width=\"1250\" height=\"524\" src=\"https:\/\/www.cmonsite.fr\/site\/webup\/2021\/11\/contact-personnaliser-edition.jpg\" class=\"attachment-full size-full wp-image-18768\" alt=\"\" srcset=\"https:\/\/www.cmonsite.fr\/site\/webup\/2021\/11\/contact-personnaliser-edition.jpg 1250w, https:\/\/www.cmonsite.fr\/site\/webup\/2021\/11\/contact-personnaliser-edition-300x126.jpg 300w, https:\/\/www.cmonsite.fr\/site\/webup\/2021\/11\/contact-personnaliser-edition-1024x429.jpg 1024w, https:\/\/www.cmonsite.fr\/site\/webup\/2021\/11\/contact-personnaliser-edition-768x322.jpg 768w\" sizes=\"(max-width: 1250px) 100vw, 1250px\" \/>\t\t\t\t\t\t\t\t\t\t\t\t\t\t\t<\/div>\n\t\t\t\t<\/div>\n\t\t\t\t\t<\/div>\n\t\t<\/div>\n\t\t\t\t<div class=\"elementor-column elementor-col-50 elementor-inner-column elementor-element elementor-element-8daf088\" data-id=\"8daf088\" data-element_type=\"column\" data-e-type=\"column\">\n\t\t\t<div class=\"elementor-widget-wrap elementor-element-populated\">\n\t\t\t\t\t\t<div class=\"elementor-element elementor-element-2b96d2c elementor-widget elementor-widget-image\" data-id=\"2b96d2c\" data-element_type=\"widget\" data-e-type=\"widget\" data-widget_type=\"image.default\">\n\t\t\t\t<div class=\"elementor-widget-container\">\n\t\t\t\t\t\t\t\t\t\t\t\t\t\t\t<img decoding=\"async\" width=\"800\" height=\"371\" src=\"https:\/\/www.cmonsite.fr\/site\/webup\/2021\/11\/faq-personnaliser-page-contact-plan-1024x475.jpg\" class=\"attachment-large size-large wp-image-18769\" alt=\"\" srcset=\"https:\/\/www.cmonsite.fr\/site\/webup\/2021\/11\/faq-personnaliser-page-contact-plan-1024x475.jpg 1024w, https:\/\/www.cmonsite.fr\/site\/webup\/2021\/11\/faq-personnaliser-page-contact-plan-300x139.jpg 300w, https:\/\/www.cmonsite.fr\/site\/webup\/2021\/11\/faq-personnaliser-page-contact-plan-768x357.jpg 768w, https:\/\/www.cmonsite.fr\/site\/webup\/2021\/11\/faq-personnaliser-page-contact-plan.jpg 1234w\" sizes=\"(max-width: 800px) 100vw, 800px\" \/>\t\t\t\t\t\t\t\t\t\t\t\t\t\t\t<\/div>\n\t\t\t\t<\/div>\n\t\t\t\t\t<\/div>\n\t\t<\/div>\n\t\t\t\t\t<\/div>\n\t\t<\/section>\n\t\t\t\t<div class=\"elementor-element elementor-element-0d70ec7 elementor-widget elementor-widget-spacer\" data-id=\"0d70ec7\" data-element_type=\"widget\" data-e-type=\"widget\" data-widget_type=\"spacer.default\">\n\t\t\t\t<div class=\"elementor-widget-container\">\n\t\t\t\t\t\t\t<div class=\"elementor-spacer\">\n\t\t\t<div class=\"elementor-spacer-inner\"><\/div>\n\t\t<\/div>\n\t\t\t\t\t\t<\/div>\n\t\t\t\t<\/div>\n\t\t\t\t<div class=\"elementor-element elementor-element-de5964f elementor-widget elementor-widget-heading\" data-id=\"de5964f\" data-element_type=\"widget\" data-e-type=\"widget\" data-widget_type=\"heading.default\">\n\t\t\t\t<div class=\"elementor-widget-container\">\n\t\t\t\t\t<h2 class=\"elementor-heading-title elementor-size-default\"><h2 data-elementor-setting-key=\"title\" data-pen-placeholder=\"\u00c9crivez ici...\" style=\"font-family: var( --e-global-typography-primary-font-family ), Sans-serif;font-weight: var( --e-global-typography-primary-font-weight )\"><span style=\"color: var( --e-global-color-primary );font-family: var( --e-global-typography-primary-font-family ), Sans-serif;font-size: 1.75rem;font-weight: var( --e-global-typography-primary-font-weight )\">2. Personnalisation de la page de contact<\/span><span style=\"color: var( --e-global-color-primary );font-family: var( --e-global-typography-primary-font-family ), Sans-serif;font-size: 1.75rem;font-weight: var( --e-global-typography-primary-font-weight )\"><\/span><br><\/h2><\/h2>\t\t\t\t<\/div>\n\t\t\t\t<\/div>\n\t\t\t\t<div class=\"elementor-element elementor-element-3abb981 elementor-widget elementor-widget-text-editor\" data-id=\"3abb981\" data-element_type=\"widget\" data-e-type=\"widget\" data-widget_type=\"text-editor.default\">\n\t\t\t\t<div class=\"elementor-widget-container\">\n\t\t\t\t\t\t\t\t\t<p><span style=\"color: #6ec1e4;\"><b>a )\u00a0<\/b><\/span><\/p>\t\t\t\t\t\t\t\t<\/div>\n\t\t\t\t<\/div>\n\t\t\t\t<div class=\"elementor-element elementor-element-b836d07 elementor-widget elementor-widget-text-editor\" data-id=\"b836d07\" data-element_type=\"widget\" data-e-type=\"widget\" data-widget_type=\"text-editor.default\">\n\t\t\t\t<div class=\"elementor-widget-container\">\n\t\t\t\t\t\t\t\t\t<p>Pour ajouter du texte sur votre page de contact, cliquez sur le bouton vert &#8220;Editer le contenu de votre page&#8221; dans l&#8217;onglet &#8220;Param\u00e8tres&#8221;.\u00a0<\/p>\t\t\t\t\t\t\t\t<\/div>\n\t\t\t\t<\/div>\n\t\t\t\t<div class=\"elementor-element elementor-element-e61489f elementor-widget elementor-widget-image\" data-id=\"e61489f\" data-element_type=\"widget\" data-e-type=\"widget\" data-widget_type=\"image.default\">\n\t\t\t\t<div class=\"elementor-widget-container\">\n\t\t\t\t\t\t\t\t\t\t\t\t\t\t\t<img loading=\"lazy\" decoding=\"async\" width=\"1254\" height=\"228\" src=\"https:\/\/www.cmonsite.fr\/site\/webup\/2021\/11\/editer-contenu-pages-faq-personnalisation-contact.jpg\" class=\"attachment-full size-full wp-image-18770\" alt=\"\" srcset=\"https:\/\/www.cmonsite.fr\/site\/webup\/2021\/11\/editer-contenu-pages-faq-personnalisation-contact.jpg 1254w, https:\/\/www.cmonsite.fr\/site\/webup\/2021\/11\/editer-contenu-pages-faq-personnalisation-contact-300x55.jpg 300w, https:\/\/www.cmonsite.fr\/site\/webup\/2021\/11\/editer-contenu-pages-faq-personnalisation-contact-1024x186.jpg 1024w, https:\/\/www.cmonsite.fr\/site\/webup\/2021\/11\/editer-contenu-pages-faq-personnalisation-contact-768x140.jpg 768w\" sizes=\"(max-width: 1254px) 100vw, 1254px\" \/>\t\t\t\t\t\t\t\t\t\t\t\t\t\t\t<\/div>\n\t\t\t\t<\/div>\n\t\t\t\t<div class=\"elementor-element elementor-element-9939566 elementor-widget elementor-widget-spacer\" data-id=\"9939566\" data-element_type=\"widget\" data-e-type=\"widget\" data-widget_type=\"spacer.default\">\n\t\t\t\t<div class=\"elementor-widget-container\">\n\t\t\t\t\t\t\t<div class=\"elementor-spacer\">\n\t\t\t<div class=\"elementor-spacer-inner\"><\/div>\n\t\t<\/div>\n\t\t\t\t\t\t<\/div>\n\t\t\t\t<\/div>\n\t\t\t\t<div class=\"elementor-element elementor-element-6975c05 elementor-widget elementor-widget-text-editor\" data-id=\"6975c05\" data-element_type=\"widget\" data-e-type=\"widget\" data-widget_type=\"text-editor.default\">\n\t\t\t\t<div class=\"elementor-widget-container\">\n\t\t\t\t\t\t\t\t\t<p><span style=\"color: #6ec1e4;\"><b>b )\u00a0<\/b><\/span><\/p>\t\t\t\t\t\t\t\t<\/div>\n\t\t\t\t<\/div>\n\t\t\t\t<section class=\"elementor-section elementor-inner-section elementor-element elementor-element-8dc978e elementor-section-boxed elementor-section-height-default elementor-section-height-default\" data-id=\"8dc978e\" data-element_type=\"section\" data-e-type=\"section\">\n\t\t\t\t\t\t<div class=\"elementor-container elementor-column-gap-default\">\n\t\t\t\t\t<div class=\"elementor-column elementor-col-50 elementor-inner-column elementor-element elementor-element-8e9310d\" data-id=\"8e9310d\" data-element_type=\"column\" data-e-type=\"column\">\n\t\t\t<div class=\"elementor-widget-wrap elementor-element-populated\">\n\t\t\t\t\t\t<div class=\"elementor-element elementor-element-b26a86c elementor-widget elementor-widget-spacer\" data-id=\"b26a86c\" data-element_type=\"widget\" data-e-type=\"widget\" data-widget_type=\"spacer.default\">\n\t\t\t\t<div class=\"elementor-widget-container\">\n\t\t\t\t\t\t\t<div class=\"elementor-spacer\">\n\t\t\t<div class=\"elementor-spacer-inner\"><\/div>\n\t\t<\/div>\n\t\t\t\t\t\t<\/div>\n\t\t\t\t<\/div>\n\t\t\t\t<div class=\"elementor-element elementor-element-16c52f4 elementor-widget elementor-widget-text-editor\" data-id=\"16c52f4\" data-element_type=\"widget\" data-e-type=\"widget\" data-widget_type=\"text-editor.default\">\n\t\t\t\t<div class=\"elementor-widget-container\">\n\t\t\t\t\t\t\t\t\t<p>S\u00e9lectionnez ensuite l&#8217;outil &#8220;Texte&#8221; dans le panneau lat\u00e9rale situ\u00e9 \u00e0 gauche de votre \u00e9cran, puis glissez le vers l&#8217;emplacement voulu,\u00a0<\/p>\t\t\t\t\t\t\t\t<\/div>\n\t\t\t\t<\/div>\n\t\t\t\t\t<\/div>\n\t\t<\/div>\n\t\t\t\t<div class=\"elementor-column elementor-col-50 elementor-inner-column elementor-element elementor-element-c338f58\" data-id=\"c338f58\" data-element_type=\"column\" data-e-type=\"column\">\n\t\t\t<div class=\"elementor-widget-wrap elementor-element-populated\">\n\t\t\t\t\t\t<div class=\"elementor-element elementor-element-ff99550 elementor-widget elementor-widget-image\" data-id=\"ff99550\" data-element_type=\"widget\" data-e-type=\"widget\" data-widget_type=\"image.default\">\n\t\t\t\t<div class=\"elementor-widget-container\">\n\t\t\t\t\t\t\t\t\t\t\t\t\t\t\t<img loading=\"lazy\" decoding=\"async\" width=\"364\" height=\"300\" src=\"https:\/\/www.cmonsite.fr\/site\/webup\/2021\/11\/glisser-outil-page.jpg\" class=\"attachment-large size-large wp-image-18772\" alt=\"\" srcset=\"https:\/\/www.cmonsite.fr\/site\/webup\/2021\/11\/glisser-outil-page.jpg 364w, https:\/\/www.cmonsite.fr\/site\/webup\/2021\/11\/glisser-outil-page-300x247.jpg 300w\" sizes=\"(max-width: 364px) 100vw, 364px\" \/>\t\t\t\t\t\t\t\t\t\t\t\t\t\t\t<\/div>\n\t\t\t\t<\/div>\n\t\t\t\t\t<\/div>\n\t\t<\/div>\n\t\t\t\t\t<\/div>\n\t\t<\/section>\n\t\t\t\t<div class=\"elementor-element elementor-element-5bef872 elementor-widget elementor-widget-spacer\" data-id=\"5bef872\" data-element_type=\"widget\" data-e-type=\"widget\" data-widget_type=\"spacer.default\">\n\t\t\t\t<div class=\"elementor-widget-container\">\n\t\t\t\t\t\t\t<div class=\"elementor-spacer\">\n\t\t\t<div class=\"elementor-spacer-inner\"><\/div>\n\t\t<\/div>\n\t\t\t\t\t\t<\/div>\n\t\t\t\t<\/div>\n\t\t\t\t<div class=\"elementor-element elementor-element-05b4333 elementor-widget elementor-widget-text-editor\" data-id=\"05b4333\" data-element_type=\"widget\" data-e-type=\"widget\" data-widget_type=\"text-editor.default\">\n\t\t\t\t<div class=\"elementor-widget-container\">\n\t\t\t\t\t\t\t\t\t<p><span style=\"color: #6ec1e4;\"><b>c )\u00a0<\/b><\/span><\/p>\t\t\t\t\t\t\t\t<\/div>\n\t\t\t\t<\/div>\n\t\t\t\t<div class=\"elementor-element elementor-element-40d33ad elementor-widget elementor-widget-text-editor\" data-id=\"40d33ad\" data-element_type=\"widget\" data-e-type=\"widget\" data-widget_type=\"text-editor.default\">\n\t\t\t\t<div class=\"elementor-widget-container\">\n\t\t\t\t\t\t\t\t\t<p>Vous pourrez ensuite \u00e9diter ce champ comme sur n&#8217;importe quel \u00e9diteur de texte.\u00a0<\/p>\t\t\t\t\t\t\t\t<\/div>\n\t\t\t\t<\/div>\n\t\t\t\t<div class=\"elementor-element elementor-element-eddaf08 elementor-widget elementor-widget-image\" data-id=\"eddaf08\" data-element_type=\"widget\" data-e-type=\"widget\" data-widget_type=\"image.default\">\n\t\t\t\t<div class=\"elementor-widget-container\">\n\t\t\t\t\t\t\t\t\t\t\t\t\t\t\t<img loading=\"lazy\" decoding=\"async\" width=\"800\" height=\"131\" src=\"https:\/\/www.cmonsite.fr\/site\/webup\/2021\/11\/editer-texte-page-contact-1024x168.jpg\" class=\"attachment-large size-large wp-image-18773\" alt=\"\" srcset=\"https:\/\/www.cmonsite.fr\/site\/webup\/2021\/11\/editer-texte-page-contact-1024x168.jpg 1024w, https:\/\/www.cmonsite.fr\/site\/webup\/2021\/11\/editer-texte-page-contact-300x49.jpg 300w, https:\/\/www.cmonsite.fr\/site\/webup\/2021\/11\/editer-texte-page-contact-768x126.jpg 768w, https:\/\/www.cmonsite.fr\/site\/webup\/2021\/11\/editer-texte-page-contact.jpg 1521w\" sizes=\"(max-width: 800px) 100vw, 800px\" \/>\t\t\t\t\t\t\t\t\t\t\t\t\t\t\t<\/div>\n\t\t\t\t<\/div>\n\t\t\t\t<div class=\"elementor-element elementor-element-71ecdd0 elementor-widget elementor-widget-spacer\" data-id=\"71ecdd0\" data-element_type=\"widget\" data-e-type=\"widget\" data-widget_type=\"spacer.default\">\n\t\t\t\t<div class=\"elementor-widget-container\">\n\t\t\t\t\t\t\t<div class=\"elementor-spacer\">\n\t\t\t<div class=\"elementor-spacer-inner\"><\/div>\n\t\t<\/div>\n\t\t\t\t\t\t<\/div>\n\t\t\t\t<\/div>\n\t\t\t\t<div class=\"elementor-element elementor-element-5e2e04c elementor-widget elementor-widget-text-editor\" data-id=\"5e2e04c\" data-element_type=\"widget\" data-e-type=\"widget\" data-widget_type=\"text-editor.default\">\n\t\t\t\t<div class=\"elementor-widget-container\">\n\t\t\t\t\t\t\t\t\t<p style=\"text-align: center;\"><b>Notez que vous pouvez ajouter d&#8217;autre \u00e9l\u00e9ments sur votre page de contact, comme des images, des boutons de redirection, ou encore des diaporamas.<\/b><\/p><p style=\"text-align: center;\"><b>Ces outils sont disponibles dans le panneau lat\u00e9rale \u00e0 gauche de votre \u00e9cran.\u00a0<\/b><\/p>\t\t\t\t\t\t\t\t<\/div>\n\t\t\t\t<\/div>\n\t\t\t\t<div class=\"elementor-element elementor-element-1411f6c8 elementor-widget elementor-widget-text-editor\" data-id=\"1411f6c8\" data-element_type=\"widget\" data-e-type=\"widget\" data-widget_type=\"text-editor.default\">\n\t\t\t\t<div class=\"elementor-widget-container\">\n\t\t\t\t\t\t\t\t\t<p>\u00a0<\/p><hr \/><p style=\"text-align: center;\"><span style=\"font-size: large; color: #339966;\">Vous disposez maintenant d\u2019une page de contact compl\u00e8te et professionnelle incitant les internautes \u00e0 vous contacter !<\/span><\/p><hr \/><p><strong>\u00a0<\/strong><\/p><p><strong>\u00a0<\/strong><\/p><p><strong>Rappel :<\/strong> Afin de pouvoir activer la page de contact de votre site internet, il est n\u00e9cessaire de <strong>valider votre adresse e-mail.<\/strong> Ainsi si vous changez d&#8217;adresse e-mail, n&#8217;oubliez pas de valider \u00e0 nouveau votre adresse e-mail.<\/p><p><em>Pour en savoir plus sur la page de contact de votre site <a href=\"https:\/\/www.cmonsite.fr\/creer-un-site\/contenu-design-modules\/modules\/afficher-page-contact-site\/\" target=\"_blank\" rel=\"noopener\">cliquez ici.<\/a><\/em><\/p>\t\t\t\t\t\t\t\t<\/div>\n\t\t\t\t<\/div>\n\t\t\t\t<div class=\"elementor-element elementor-element-2da9474 elementor-widget elementor-widget-spacer\" data-id=\"2da9474\" data-element_type=\"widget\" data-e-type=\"widget\" data-widget_type=\"spacer.default\">\n\t\t\t\t<div class=\"elementor-widget-container\">\n\t\t\t\t\t\t\t<div class=\"elementor-spacer\">\n\t\t\t<div class=\"elementor-spacer-inner\"><\/div>\n\t\t<\/div>\n\t\t\t\t\t\t<\/div>\n\t\t\t\t<\/div>\n\t\t\t\t\t<\/div>\n\t\t<\/div>\n\t\t\t\t\t<\/div>\n\t\t<\/section>\n\t\t\t\t<section class=\"elementor-section elementor-top-section elementor-element elementor-element-8b279f8 elementor-section-boxed elementor-section-height-default elementor-section-height-default\" data-id=\"8b279f8\" data-element_type=\"section\" data-e-type=\"section\">\n\t\t\t\t\t\t<div class=\"elementor-container elementor-column-gap-default\">\n\t\t\t\t\t<div class=\"elementor-column elementor-col-100 elementor-top-column elementor-element elementor-element-30d211a\" data-id=\"30d211a\" data-element_type=\"column\" data-e-type=\"column\">\n\t\t\t<div class=\"elementor-widget-wrap elementor-element-populated\">\n\t\t\t\t\t\t<div class=\"elementor-element elementor-element-7ad86f8 elementor-widget-divider--view-line elementor-widget elementor-widget-divider\" data-id=\"7ad86f8\" data-element_type=\"widget\" data-e-type=\"widget\" data-widget_type=\"divider.default\">\n\t\t\t\t<div class=\"elementor-widget-container\">\n\t\t\t\t\t\t\t<div class=\"elementor-divider\">\n\t\t\t<span class=\"elementor-divider-separator\">\n\t\t\t\t\t\t<\/span>\n\t\t<\/div>\n\t\t\t\t\t\t<\/div>\n\t\t\t\t<\/div>\n\t\t\t\t<div class=\"elementor-element elementor-element-59b707e elementor-widget elementor-widget-text-editor\" data-id=\"59b707e\" data-element_type=\"widget\" data-e-type=\"widget\" data-widget_type=\"text-editor.default\">\n\t\t\t\t<div class=\"elementor-widget-container\">\n\t\t\t\t\t\t\t\t\t<p>Voir aussi dans la m\u00eame th\u00e9matique :<\/p>\t\t\t\t\t\t\t\t<\/div>\n\t\t\t\t<\/div>\n\t\t\t\t<div class=\"elementor-element elementor-element-d0434d3 elementor-widget elementor-widget-text-editor\" data-id=\"d0434d3\" data-element_type=\"widget\" data-e-type=\"widget\" data-widget_type=\"text-editor.default\">\n\t\t\t\t<div class=\"elementor-widget-container\">\n\t\t\t\t\t\t\t\t\t<ul><li><a href=\"https:\/\/www.cmonsite.fr\/creer-un-site\/contenu-design-modules\/contenu\/faire-un-lien\/\" target=\"_blank\" rel=\"noopener\">\u00a0Faire un lien vers une autre page ou un site<\/a><\/li><li><a href=\"https:\/\/www.cmonsite.fr\/creer-un-site\/contenu-design-modules\/contenu\/images-pages\/\" target=\"_blank\" rel=\"noopener\">Ajouter des images \/ photos dans les pages additionnelles<\/a><\/li><li><a href=\"https:\/\/www.cmonsite.fr\/creer-un-site\/contenu-design-modules\/contenu\/texte-page\/\" target=\"_blank\" rel=\"noopener\">Ajouter un texte sur une page<\/a><\/li><\/ul>\t\t\t\t\t\t\t\t<\/div>\n\t\t\t\t<\/div>\n\t\t\t\t\t<\/div>\n\t\t<\/div>\n\t\t\t\t\t<\/div>\n\t\t<\/section>\n\t\t\t\t<\/div>\n\t\t","protected":false},"excerpt":{"rendered":"<p>1. Configuration de la page de contact A partir de la formule\u00a0Premium, vous pouvez personnaliser votre page de contact. Pour cela rendez-vous \u00e0 &#8220;Pages \/ Cat\u00e9gories&#8221; &gt; &#8220;Mes pages \/ Cat\u00e9gories&#8221; depuis votre administration CmonSite, puis s\u00e9lectionnez la page &#8220;Contact&#8221; dans l&#8217;arborescence de votre site.Vous pouvez \u00e9galement acc\u00e9der directement \u00e0 cette page en suivant ce [&hellip;]<\/p>\n","protected":false},"author":1,"featured_media":18497,"parent":262,"menu_order":32,"comment_status":"open","ping_status":"closed","template":"","meta":{"_helpful_status":1,"footnotes":""},"class_list":["post-1147","page","type-page","status-publish","has-post-thumbnail","hentry"],"_links":{"self":[{"href":"https:\/\/www.cmonsite.fr\/site\/wp-json\/wp\/v2\/pages\/1147","targetHints":{"allow":["GET"]}}],"collection":[{"href":"https:\/\/www.cmonsite.fr\/site\/wp-json\/wp\/v2\/pages"}],"about":[{"href":"https:\/\/www.cmonsite.fr\/site\/wp-json\/wp\/v2\/types\/page"}],"author":[{"embeddable":true,"href":"https:\/\/www.cmonsite.fr\/site\/wp-json\/wp\/v2\/users\/1"}],"replies":[{"embeddable":true,"href":"https:\/\/www.cmonsite.fr\/site\/wp-json\/wp\/v2\/comments?post=1147"}],"version-history":[{"count":1,"href":"https:\/\/www.cmonsite.fr\/site\/wp-json\/wp\/v2\/pages\/1147\/revisions"}],"predecessor-version":[{"id":21032,"href":"https:\/\/www.cmonsite.fr\/site\/wp-json\/wp\/v2\/pages\/1147\/revisions\/21032"}],"up":[{"embeddable":true,"href":"https:\/\/www.cmonsite.fr\/site\/wp-json\/wp\/v2\/pages\/262"}],"wp:featuredmedia":[{"embeddable":true,"href":"https:\/\/www.cmonsite.fr\/site\/wp-json\/wp\/v2\/media\/18497"}],"wp:attachment":[{"href":"https:\/\/www.cmonsite.fr\/site\/wp-json\/wp\/v2\/media?parent=1147"}],"curies":[{"name":"wp","href":"https:\/\/api.w.org\/{rel}","templated":true}]}}