{"id":11463,"date":"2018-06-15T11:35:29","date_gmt":"2018-06-15T09:35:32","guid":{"rendered":"https:\/\/www.cmonsite.fr\/site\/aide\/?page_id=11463"},"modified":"2023-07-04T11:36:10","modified_gmt":"2023-07-04T09:36:10","slug":"gerez-vos-fournisseurs","status":"publish","type":"page","link":"https:\/\/www.cmonsite.fr\/site\/aide\/gestion-des-produits\/gerez-vos-fournisseurs","title":{"rendered":"Comment g\u00e9rer mes fournisseurs ?"},"content":{"rendered":"<p>Avec CmonSite vous pouvez g\u00e9rer facilement vos fournisseurs.<\/p>\n<p>Cette gestion vous permet d\u2019informer votre fournisseur par mail lorsqu\u2019une commande a \u00e9t\u00e9 effectu\u00e9e sur l\u2019un de leur article afin que ce dernier puisse, par exemple, pr\u00e9parer et exp\u00e9dier la commande pass\u00e9e sur votre site.<\/p>\n<h2>1. Cr\u00e9ez votre liste de fournisseurs<\/h2>\n<p>Pour cr\u00e9er votre liste de fournisseurs, rendez-vous dans <strong>\u00ab Boutique\u00bb<\/strong> &gt; <strong>\u00ab <a href=\"https:\/\/www.cmonsite.fr\/gestion_fournisseurs.php\"><em>Fournisseurs<\/em> <\/a>\u00bb<\/strong> &gt; Puis cochez la case <strong>\u00ab\u00a0Je souhaite informer mon fournisseur lors de la confirmation du paiement\u00a0\u00bb<\/strong> et <strong>\u00ab\u00a0Ajouter un fournisseur\u00a0\u00bb.<\/strong><\/p>\n<p><a href=\"https:\/\/www.cmonsite.fr\/site\/webup\/2020\/12\/ajouter-fournisseur.png\"><img fetchpriority=\"high\" decoding=\"async\" class=\"size-full wp-image-14376 aligncenter\" src=\"https:\/\/www.cmonsite.fr\/site\/webup\/2020\/12\/ajouter-fournisseur.png\" alt=\"\" width=\"1263\" height=\"421\" srcset=\"https:\/\/www.cmonsite.fr\/site\/webup\/2020\/12\/ajouter-fournisseur.png 1263w, https:\/\/www.cmonsite.fr\/site\/webup\/2020\/12\/ajouter-fournisseur-300x100.png 300w, https:\/\/www.cmonsite.fr\/site\/webup\/2020\/12\/ajouter-fournisseur-1024x341.png 1024w, https:\/\/www.cmonsite.fr\/site\/webup\/2020\/12\/ajouter-fournisseur-768x256.png 768w\" sizes=\"(max-width: 1263px) 100vw, 1263px\" \/><\/a><\/p>\n<p>Renseignez ensuite les informations suivantes\u00a0:<\/p>\n<ul>\n<li>Nom du fournisseur<\/li>\n<li>Adresse email (Si vous renseignez l\u2019adresse email de votre fournisseur, ce dernier recevra un email d\u00e8s qu\u2019une commande correspondant \u00e0 son produit sera effectu\u00e9e sur votre site)<\/li>\n<li>T\u00e9l\u00e9phone (Il est possible d\u2019envoyer un SMS d\u2019information \u00e0 votre fournisseur pour l\u2019avertir qu\u2019une commande correspondant \u00e0 son produit vient d\u2019\u00eatre pass\u00e9e sur votre site). Pour plus d\u2019informations sur le pack SMS <a href=\"https:\/\/www.cmonsite.fr\/site\/aide\/contenu-design-modules\/modules\/alertes-sms\/\">cliquez-ci\u00a0<\/a><\/li>\n<\/ul>\n<p><a href=\"https:\/\/www.cmonsite.fr\/site\/webup\/2020\/12\/configuration-fournisseur.jpg\"><img decoding=\"async\" class=\"size-full wp-image-14375 aligncenter\" src=\"https:\/\/www.cmonsite.fr\/site\/webup\/2020\/12\/configuration-fournisseur.jpg\" alt=\"\" width=\"978\" height=\"333\" srcset=\"https:\/\/www.cmonsite.fr\/site\/webup\/2020\/12\/configuration-fournisseur.jpg 978w, https:\/\/www.cmonsite.fr\/site\/webup\/2020\/12\/configuration-fournisseur-300x102.jpg 300w, https:\/\/www.cmonsite.fr\/site\/webup\/2020\/12\/configuration-fournisseur-768x261.jpg 768w\" sizes=\"(max-width: 978px) 100vw, 978px\" \/><\/a><\/p>\n<p>&nbsp;<\/p>\n<h2>2. Liez un produit \u00e0 l&#8217;un de vos fournisseurs<\/h2>\n<p>Une fois votre liste fournisseurs cr\u00e9\u00e9e, vous pouvez lier un produit \u00e0 un fournisseur.<br \/>\nPour cela, s\u00e9lectionnez la fiche produit de votre choix puis s\u00e9lectionnez l\u2019onglet \u00ab\u00a0<strong><em>R\u00e9f. \/ Marque \/ pers.<\/em><\/strong>\u00a0\u00bb.<\/p>\n<p><a href=\"https:\/\/www.cmonsite.fr\/site\/webup\/2020\/12\/selectionner-fournisseur.jpg\"><img decoding=\"async\" class=\"size-full wp-image-14374 aligncenter\" src=\"https:\/\/www.cmonsite.fr\/site\/webup\/2020\/12\/selectionner-fournisseur.jpg\" alt=\"\" width=\"1191\" height=\"627\" srcset=\"https:\/\/www.cmonsite.fr\/site\/webup\/2020\/12\/selectionner-fournisseur.jpg 1191w, https:\/\/www.cmonsite.fr\/site\/webup\/2020\/12\/selectionner-fournisseur-300x158.jpg 300w, https:\/\/www.cmonsite.fr\/site\/webup\/2020\/12\/selectionner-fournisseur-1024x539.jpg 1024w, https:\/\/www.cmonsite.fr\/site\/webup\/2020\/12\/selectionner-fournisseur-768x404.jpg 768w\" sizes=\"(max-width: 1191px) 100vw, 1191px\" \/><\/a><\/p>\n<p>Vous pourrez alors renseigner le nom de votre fournisseur ainsi que les diff\u00e9rentes caract\u00e9ristiques li\u00e9es \u00e0 votre produit (Ex\u00a0: R\u00e9f\u00e9rence, Code EAN 13, Marque, Prix d\u2019achat\u2026)<\/p>\n<p>&nbsp;<\/p>\n<p>Voir aussi dans la m\u00eame th\u00e9matique :<\/p>\n<ul style=\"list-style-type: square;\">\n<li><a href=\"https:\/\/www.cmonsite.fr\/site\/aide\/boutique\/creer-une-fiche-produit\/\">Cr\u00e9er une fiche produit<\/a><\/li>\n<li><a href=\"https:\/\/www.cmonsite.fr\/site\/aide\/boutique\/gerer-stocks-produits\/\">G\u00e9rez les stocks de vos produits<\/a><\/li>\n<li><a href=\"https:\/\/www.cmonsite.fr\/site\/aide\/boutique\/gestion-des-comptes-clients-groupes-de-clients-et-restrictions\/\">Gestions des clients et groupes de clients<\/a><\/li>\n<\/ul>\n","protected":false},"excerpt":{"rendered":"<p>Avec CmonSite vous pouvez g\u00e9rer facilement vos fournisseurs. Cette gestion vous permet d\u2019informer votre fournisseur par mail lorsqu\u2019une commande a \u00e9t\u00e9 effectu\u00e9e sur l\u2019un de leur article afin que ce dernier puisse, par exemple, pr\u00e9parer et exp\u00e9dier la commande pass\u00e9e sur votre site. 1. Cr\u00e9ez votre liste de fournisseurs Pour cr\u00e9er votre liste de fournisseurs, [&hellip;]<\/p>\n","protected":false},"author":1,"featured_media":18486,"parent":24736,"menu_order":5,"comment_status":"closed","ping_status":"closed","template":"","meta":{"_helpful_status":1,"footnotes":""},"class_list":["post-11463","page","type-page","status-publish","has-post-thumbnail","hentry"],"_links":{"self":[{"href":"https:\/\/www.cmonsite.fr\/site\/wp-json\/wp\/v2\/pages\/11463","targetHints":{"allow":["GET"]}}],"collection":[{"href":"https:\/\/www.cmonsite.fr\/site\/wp-json\/wp\/v2\/pages"}],"about":[{"href":"https:\/\/www.cmonsite.fr\/site\/wp-json\/wp\/v2\/types\/page"}],"author":[{"embeddable":true,"href":"https:\/\/www.cmonsite.fr\/site\/wp-json\/wp\/v2\/users\/1"}],"replies":[{"embeddable":true,"href":"https:\/\/www.cmonsite.fr\/site\/wp-json\/wp\/v2\/comments?post=11463"}],"version-history":[{"count":3,"href":"https:\/\/www.cmonsite.fr\/site\/wp-json\/wp\/v2\/pages\/11463\/revisions"}],"predecessor-version":[{"id":24759,"href":"https:\/\/www.cmonsite.fr\/site\/wp-json\/wp\/v2\/pages\/11463\/revisions\/24759"}],"up":[{"embeddable":true,"href":"https:\/\/www.cmonsite.fr\/site\/wp-json\/wp\/v2\/pages\/24736"}],"wp:featuredmedia":[{"embeddable":true,"href":"https:\/\/www.cmonsite.fr\/site\/wp-json\/wp\/v2\/media\/18486"}],"wp:attachment":[{"href":"https:\/\/www.cmonsite.fr\/site\/wp-json\/wp\/v2\/media?parent=11463"}],"curies":[{"name":"wp","href":"https:\/\/api.w.org\/{rel}","templated":true}]}}