{"id":11446,"date":"2018-06-13T18:13:29","date_gmt":"2018-06-13T16:13:50","guid":{"rendered":"https:\/\/www.cmonsite.fr\/site\/aide\/?page_id=11446"},"modified":"2023-07-04T11:32:51","modified_gmt":"2023-07-04T09:32:51","slug":"boutique-avec-pack-de-produits","status":"publish","type":"page","link":"https:\/\/www.cmonsite.fr\/site\/aide\/gestion-des-produits\/boutique-avec-pack-de-produits","title":{"rendered":"Comment cr\u00e9er un pack de produits ?"},"content":{"rendered":"<p>Vous souhaitez vendre vos produits sous forme de packs ou de lots, \u00e0 un tarif plus avantageux que celui de vos produits vendus \u00e0 l&#8217;unit\u00e9 et\/ou\u00a0proposer un produit avec ses accessoires !<br \/>\nEX : 1 Huile de lavande = 8\u20ac \/ Le lot de 3 huiles de lavande = 24 \u20ac<br \/>\nEX : 1 Machine \u00e0 caf\u00e9 + ses 30 dosettes<\/p>\n<h2>1. Cr\u00e9ez vos packs de produits :<\/h2>\n<p>Pour cela rendez-vous dans votre &#8220;<a href=\"\/\/www.cmonsite.fr\/mesrubriquesboutique.php\">Boutique<\/a>&#8221; et cr\u00e9ez une nouvelle fiche produit en s\u00e9lectionnant le type de produit <strong>&#8220;Pack de produits&#8221;.<a href=\"https:\/\/www.cmonsite.fr\/site\/webup\/2020\/12\/type-produit-1.jpg\"><img fetchpriority=\"high\" decoding=\"async\" class=\"size-full wp-image-14297 aligncenter\" src=\"https:\/\/www.cmonsite.fr\/site\/webup\/2020\/12\/type-produit-1.jpg\" alt=\"\" width=\"484\" height=\"147\" srcset=\"https:\/\/www.cmonsite.fr\/site\/webup\/2020\/12\/type-produit-1.jpg 484w, https:\/\/www.cmonsite.fr\/site\/webup\/2020\/12\/type-produit-1-300x91.jpg 300w\" sizes=\"(max-width: 484px) 100vw, 484px\" \/><\/a><\/strong><\/p>\n<p>Cela vous permettra d&#8217;acc\u00e9der \u00e0 l&#8217;onglet &#8220;<strong>Pack de produits<\/strong>&#8221; au haut de la fiche produit.<\/p>\n<p>Vous pourrez alors choisir le nombre de produits contenus dans le pack et ajouter les produits afin de cr\u00e9er votre &#8220;lot&#8221;.<br \/>\nEn s\u00e9lectionnant directement les produits unitaires pour cr\u00e9er votre pack, cela permettra \u00e0 vos stocks de produits unitaires de se d\u00e9cr\u00e9menter.<\/p>\n<p><a href=\"https:\/\/www.cmonsite.fr\/site\/webup\/2020\/12\/pack-1.jpg\"><img decoding=\"async\" class=\"size-full wp-image-14298 aligncenter\" src=\"https:\/\/www.cmonsite.fr\/site\/webup\/2020\/12\/pack-1.jpg\" alt=\"\" width=\"1190\" height=\"626\" srcset=\"https:\/\/www.cmonsite.fr\/site\/webup\/2020\/12\/pack-1.jpg 1190w, https:\/\/www.cmonsite.fr\/site\/webup\/2020\/12\/pack-1-300x158.jpg 300w, https:\/\/www.cmonsite.fr\/site\/webup\/2020\/12\/pack-1-1024x539.jpg 1024w, https:\/\/www.cmonsite.fr\/site\/webup\/2020\/12\/pack-1-768x404.jpg 768w\" sizes=\"(max-width: 1190px) 100vw, 1190px\" \/><\/a><\/p>\n<p>&nbsp;<\/p>\n<h2>2. G\u00e9rez vos stocks de packs de produits :<\/h2>\n<p>Vous pouvez personnaliser et g\u00e9rer la fa\u00e7on dont se d\u00e9cr\u00e9mentent vos stocks.<br \/>\nPour cela, rendez-vous dans l&#8217;onglet <strong>&#8220;Stock&#8221;\u00a0<\/strong>au bas de la fiche produit.<strong><br \/>\n<\/strong><\/p>\n<p>3 options de gestion des stocks des packs sont possibles :<\/p>\n<ul>\n<li>D\u00e9cr\u00e9menter <strong>uniquement le stock du pack<\/strong><\/li>\n<li>D\u00e9cr\u00e9menter <strong>uniquement le stock des produits<\/strong><\/li>\n<li>D\u00e9cr\u00e9menter <strong>le stock du pack et le stock des produits<\/strong><\/li>\n<\/ul>\n<p><a href=\"https:\/\/www.cmonsite.fr\/site\/webup\/2020\/12\/stock-1.png\"><img decoding=\"async\" class=\"size-full wp-image-14299 aligncenter\" src=\"https:\/\/www.cmonsite.fr\/site\/webup\/2020\/12\/stock-1.png\" alt=\"\" width=\"1181\" height=\"665\" srcset=\"https:\/\/www.cmonsite.fr\/site\/webup\/2020\/12\/stock-1.png 1181w, https:\/\/www.cmonsite.fr\/site\/webup\/2020\/12\/stock-1-300x169.png 300w, https:\/\/www.cmonsite.fr\/site\/webup\/2020\/12\/stock-1-1024x577.png 1024w, https:\/\/www.cmonsite.fr\/site\/webup\/2020\/12\/stock-1-768x432.png 768w\" sizes=\"(max-width: 1181px) 100vw, 1181px\" \/><\/a><\/p>\n<hr \/>\n<p>Voir aussi dans la m\u00eame th\u00e9matique :<\/p>\n<ul style=\"list-style-type: square;\">\n<li><a href=\"\/\/www.cmonsite.fr\/site\/aide\/boutique\/configuration-boutique\/\">Configurer votre boutique simplement<\/a><\/li>\n<li><a href=\"\/\/www.cmonsite.fr\/site\/aide\/boutique\/creer-une-fiche-produit\/\">Cr\u00e9er une fiche produit<\/a><\/li>\n<li><a href=\"\/\/www.cmonsite.fr\/site\/aide\/boutique\/types-produit\/\">Les diff\u00e9rents types de produit<\/a><\/li>\n<\/ul>\n","protected":false},"excerpt":{"rendered":"<p>Vous souhaitez vendre vos produits sous forme de packs ou de lots, \u00e0 un tarif plus avantageux que celui de vos produits vendus \u00e0 l&#8217;unit\u00e9 et\/ou\u00a0proposer un produit avec ses accessoires ! EX : 1 Huile de lavande = 8\u20ac \/ Le lot de 3 huiles de lavande = 24 \u20ac EX : 1 Machine [&hellip;]<\/p>\n","protected":false},"author":1,"featured_media":18038,"parent":24736,"menu_order":3,"comment_status":"closed","ping_status":"closed","template":"","meta":{"_helpful_status":1,"footnotes":""},"class_list":["post-11446","page","type-page","status-publish","has-post-thumbnail","hentry"],"_links":{"self":[{"href":"https:\/\/www.cmonsite.fr\/site\/wp-json\/wp\/v2\/pages\/11446","targetHints":{"allow":["GET"]}}],"collection":[{"href":"https:\/\/www.cmonsite.fr\/site\/wp-json\/wp\/v2\/pages"}],"about":[{"href":"https:\/\/www.cmonsite.fr\/site\/wp-json\/wp\/v2\/types\/page"}],"author":[{"embeddable":true,"href":"https:\/\/www.cmonsite.fr\/site\/wp-json\/wp\/v2\/users\/1"}],"replies":[{"embeddable":true,"href":"https:\/\/www.cmonsite.fr\/site\/wp-json\/wp\/v2\/comments?post=11446"}],"version-history":[{"count":2,"href":"https:\/\/www.cmonsite.fr\/site\/wp-json\/wp\/v2\/pages\/11446\/revisions"}],"predecessor-version":[{"id":24756,"href":"https:\/\/www.cmonsite.fr\/site\/wp-json\/wp\/v2\/pages\/11446\/revisions\/24756"}],"up":[{"embeddable":true,"href":"https:\/\/www.cmonsite.fr\/site\/wp-json\/wp\/v2\/pages\/24736"}],"wp:featuredmedia":[{"embeddable":true,"href":"https:\/\/www.cmonsite.fr\/site\/wp-json\/wp\/v2\/media\/18038"}],"wp:attachment":[{"href":"https:\/\/www.cmonsite.fr\/site\/wp-json\/wp\/v2\/media?parent=11446"}],"curies":[{"name":"wp","href":"https:\/\/api.w.org\/{rel}","templated":true}]}}