{"id":1144,"date":"2012-11-27T09:08:24","date_gmt":"2012-11-27T09:08:24","guid":{"rendered":"https:\/\/www.cmonsite.fr\/site\/aide\/?page_id=1144"},"modified":"2012-11-27T09:08:24","modified_gmt":"2012-11-27T09:08:24","slug":"compteur-visite","status":"publish","type":"page","link":"https:\/\/www.cmonsite.fr\/site\/aide\/astuces-informations\/modules-externes\/compteur-visite","title":{"rendered":"Ins\u00e9rer un compteur de visite"},"content":{"rendered":"<p>Pour ins\u00e9rer un compteur de visite sur une de vos pages, nous vous conseillons d\u2019utiliser l&#8217;outil suivant, tr\u00e8s simple d&#8217;utilisation et gratuit : <a href=\"https:\/\/www.websiteout.net\/compteur.php\" target=\"_blank\" rel=\"noopener\">https:\/\/www.websiteout.net\/compteur.php<\/a><\/p>\n<p><span style=\"font-size: x-large;\">1<\/span>. S\u00e9lectionnez la couleur de fond et la couleur du texte de votre compteur de visite. Egalement, vous pouvez s\u00e9lectionner les caract\u00e9ristiques de votre compteur (visites du jour, visites du mois, visites de la semaine ou encore toutes les visites, etc.)<\/p>\n<p><span style=\"font-size: x-large;\">2<\/span>. Puis cliquez sur le bouton &#8220;<strong>Cr\u00e9er votre Compteur<\/strong>&#8220;, afin de r\u00e9cup\u00e9rer et de copier le Code HTML de votre compteur.<\/p>\n<p><span style=\"font-size: x-large;\">3<\/span>. Enfin, s\u00e9lectionnez la page o\u00f9 vous souhaitez ins\u00e9rer votre compteur et cliquez sur l&#8217;ic\u00f4ne &#8220;HTML&#8221; afin d&#8217;acc\u00e9der au code source de votre page o\u00f9 vous n&#8217;avez plus qu&#8217;\u00e0 coller le code de votre compteur.<\/p>\n<p>Pour plus d&#8217;informations visitez la page : <a href=\"\/\/www.cmonsite.fr\/site\/aide\/contenu-design-modules\/contenu\/code-html-page\/\" target=\"_blank\" rel=\"noopener\">Comment ins\u00e9rer du code HTML dans mes pages ?<\/a><\/p>\n<p>N&#8217;oubliez pas d&#8217;<strong>enregistrer !<\/strong><\/p>\n<p>Pour am\u00e9liorer le nombre de visites sur votre site, nous vous recommandons de consulter ces pages d&#8217;aide :<\/p>\n<ul>\n<li><a href=\"\/\/www.cmonsite.fr\/site\/aide\/referencement\/nom-de-domaine\/\" target=\"_blank\" rel=\"noopener\">Nom de domaine<\/a><\/li>\n<li><a href=\"\/\/www.cmonsite.fr\/site\/aide\/referencement\/optimiser-referencement-naturel-site\/\" target=\"_blank\" rel=\"noopener\">Optimiser son site pour le r\u00e9f\u00e9rencement naturel<\/a><\/li>\n<li><a href=\"\/\/www.cmonsite.fr\/site\/aide\/referencement\/annuaire-cmonsite\/\" target=\"_blank\" rel=\"noopener\">Inscrire son site dans l\u2019annuaire CmonSite<\/a><\/li>\n<li><a href=\"\/\/www.cmonsite.fr\/site\/aide\/referencement\/metas-tags\/\" target=\"_blank\" rel=\"noopener\">M\u00e9tas tags<\/a><\/li>\n<\/ul>\n","protected":false},"excerpt":{"rendered":"<p>Pour ins\u00e9rer un compteur de visite sur une de vos pages, nous vous conseillons d\u2019utiliser l&#8217;outil suivant, tr\u00e8s simple d&#8217;utilisation et gratuit : https:\/\/www.websiteout.net\/compteur.php 1. S\u00e9lectionnez la couleur de fond et la couleur du texte de votre compteur de visite. Egalement, vous pouvez s\u00e9lectionner les caract\u00e9ristiques de votre compteur (visites du jour, visites du mois, [&hellip;]<\/p>\n","protected":false},"author":1,"featured_media":18010,"parent":3020,"menu_order":2,"comment_status":"open","ping_status":"closed","template":"","meta":{"_helpful_status":1,"footnotes":""},"class_list":["post-1144","page","type-page","status-publish","has-post-thumbnail","hentry"],"_links":{"self":[{"href":"https:\/\/www.cmonsite.fr\/site\/wp-json\/wp\/v2\/pages\/1144","targetHints":{"allow":["GET"]}}],"collection":[{"href":"https:\/\/www.cmonsite.fr\/site\/wp-json\/wp\/v2\/pages"}],"about":[{"href":"https:\/\/www.cmonsite.fr\/site\/wp-json\/wp\/v2\/types\/page"}],"author":[{"embeddable":true,"href":"https:\/\/www.cmonsite.fr\/site\/wp-json\/wp\/v2\/users\/1"}],"replies":[{"embeddable":true,"href":"https:\/\/www.cmonsite.fr\/site\/wp-json\/wp\/v2\/comments?post=1144"}],"version-history":[{"count":1,"href":"https:\/\/www.cmonsite.fr\/site\/wp-json\/wp\/v2\/pages\/1144\/revisions"}],"predecessor-version":[{"id":21102,"href":"https:\/\/www.cmonsite.fr\/site\/wp-json\/wp\/v2\/pages\/1144\/revisions\/21102"}],"up":[{"embeddable":true,"href":"https:\/\/www.cmonsite.fr\/site\/wp-json\/wp\/v2\/pages\/3020"}],"wp:featuredmedia":[{"embeddable":true,"href":"https:\/\/www.cmonsite.fr\/site\/wp-json\/wp\/v2\/media\/18010"}],"wp:attachment":[{"href":"https:\/\/www.cmonsite.fr\/site\/wp-json\/wp\/v2\/media?parent=1144"}],"curies":[{"name":"wp","href":"https:\/\/api.w.org\/{rel}","templated":true}]}}