{"id":1141,"date":"2012-11-27T09:07:57","date_gmt":"2012-11-27T09:07:57","guid":{"rendered":"https:\/\/www.cmonsite.fr\/site\/aide\/?page_id=1141"},"modified":"2022-11-16T12:15:55","modified_gmt":"2022-11-16T11:15:55","slug":"diaporamas-pages","status":"publish","type":"page","link":"https:\/\/www.cmonsite.fr\/site\/aide\/fonctionnalites\/diaporamas-pages","title":{"rendered":"Cr\u00e9er un diaporama photo"},"content":{"rendered":"\t\t<div data-elementor-type=\"wp-page\" data-elementor-id=\"1141\" class=\"elementor elementor-1141\" data-elementor-post-type=\"page\">\n\t\t\t\t\t\t<section class=\"elementor-section elementor-top-section elementor-element elementor-element-362c4c9 elementor-section-boxed elementor-section-height-default elementor-section-height-default\" data-id=\"362c4c9\" data-element_type=\"section\" data-e-type=\"section\">\n\t\t\t\t\t\t<div class=\"elementor-container elementor-column-gap-default\">\n\t\t\t\t\t<div class=\"elementor-column elementor-col-100 elementor-top-column elementor-element elementor-element-5a71883a\" data-id=\"5a71883a\" data-element_type=\"column\" data-e-type=\"column\">\n\t\t\t<div class=\"elementor-widget-wrap elementor-element-populated\">\n\t\t\t\t\t\t<div class=\"elementor-element elementor-element-437419af elementor-widget elementor-widget-text-editor\" data-id=\"437419af\" data-element_type=\"widget\" data-e-type=\"widget\" data-widget_type=\"text-editor.default\">\n\t\t\t\t<div class=\"elementor-widget-container\">\n\t\t\t\t\t\t\t\t\t<h2><span style=\"font-size: x-large;\">1<\/span>. Qu&#8217;est-ce que le module diaporama de CmonSite ?<\/h2><p>Celui-ci vous permet d&#8217;ins\u00e9rer un ou plusieurs diaporamas dans n&#8217;importe quelle page de votre site, et vous permet de faire d\u00e9filer un certain nombre de photos.<\/p><h2>\u00a0<\/h2><h2><span style=\"font-size: x-large;\">2<\/span>. Cr\u00e9ez un diaporama<\/h2><p><a href=\"https:\/\/www.cmonsite.fr\/creer-un-site\/wp-content\/uploads\/2021\/02\/ajouter-diapo.jpg\"><img fetchpriority=\"high\" decoding=\"async\" class=\"aligncenter wp-image-15007 size-full\" src=\"https:\/\/www.cmonsite.fr\/site\/webup\/2021\/02\/ajouter-diapo.jpg\" alt=\"\" width=\"1264\" height=\"415\" srcset=\"https:\/\/www.cmonsite.fr\/site\/webup\/2021\/02\/ajouter-diapo.jpg 1264w, https:\/\/www.cmonsite.fr\/site\/webup\/2021\/02\/ajouter-diapo-300x98.jpg 300w, https:\/\/www.cmonsite.fr\/site\/webup\/2021\/02\/ajouter-diapo-1024x336.jpg 1024w, https:\/\/www.cmonsite.fr\/site\/webup\/2021\/02\/ajouter-diapo-768x252.jpg 768w\" sizes=\"(max-width: 1264px) 100vw, 1264px\" \/><\/a><\/p><p>Pour ins\u00e9rer un diaporama, allez dans la rubrique\u00a0\u00ab <strong>Modules <\/strong>\u00bb cliquez sur le sous-onglet \u00ab <strong><a href=\"https:\/\/www.cmonsite.fr\/mesdiaporamas.php\" target=\"_blank\" rel=\"noopener noreferrer\">Diaporamas<\/a>\u00a0<\/strong>\u00bb.<\/p><p>Une fois que vous avez donn\u00e9 un nom \u00e0 votre diaporama, ins\u00e9rez les images de la m\u00eame fa\u00e7on que dans vos albums photos, avec le bouton \u00ab<em><strong> Ajouter une ou plusieurs photos<\/strong><\/em> \u00bb en haut de la page.<\/p><p><a href=\"https:\/\/www.cmonsite.fr\/creer-un-site\/wp-content\/uploads\/2021\/02\/ajouter-photos-1.jpg\"><img decoding=\"async\" class=\"aligncenter wp-image-15008 size-full\" src=\"https:\/\/www.cmonsite.fr\/site\/webup\/2021\/02\/ajouter-photos-1.jpg\" alt=\"\" width=\"283\" height=\"43\" \/><\/a><\/p><ul><li>Apr\u00e8s avoir charg\u00e9 une photo, vous pouvez :<br \/>&#8211; ajouter un lien interne de votre site via le bouton \u00ab<strong><em>Liens\u25bc<\/em><\/strong>\u00bb<br \/>&#8211; ajouter un lien externe en collant directement\u00a0le lien URL<\/li><li>Il vous suffit d&#8217;enregistrer pour que votre bouton soit cr\u00e9\u00e9<\/li><\/ul><p><a href=\"https:\/\/www.cmonsite.fr\/creer-un-site\/wp-content\/uploads\/2021\/02\/lien.jpg\"><img decoding=\"async\" class=\"aligncenter wp-image-15010 size-full\" src=\"https:\/\/www.cmonsite.fr\/site\/webup\/2021\/02\/lien.jpg\" alt=\"\" width=\"928\" height=\"425\" srcset=\"https:\/\/www.cmonsite.fr\/site\/webup\/2021\/02\/lien.jpg 928w, https:\/\/www.cmonsite.fr\/site\/webup\/2021\/02\/lien-300x137.jpg 300w, https:\/\/www.cmonsite.fr\/site\/webup\/2021\/02\/lien-768x352.jpg 768w\" sizes=\"(max-width: 928px) 100vw, 928px\" \/><\/a><\/p><p style=\"text-align: left;\">Dans la rubrique <em><strong>Configuration<\/strong> <\/em>vous pouvez \u00e9galement d\u00e9finir :<\/p><ul><li style=\"text-align: left;\">la\u00a0<strong style=\"font-style: normal; line-height: 24px;\">dur\u00e9e d&#8217;apparition<\/strong> des images<\/li><li style=\"text-align: left;\">le <strong style=\"font-style: normal; line-height: 24px;\">sens de d\u00e9filement<\/strong> des images<\/li><\/ul><p style=\"text-align: left;\"><a href=\"https:\/\/www.cmonsite.fr\/creer-un-site\/wp-content\/uploads\/2021\/02\/configuration.jpg\"><img loading=\"lazy\" decoding=\"async\" class=\"aligncenter wp-image-15009 size-full\" src=\"https:\/\/www.cmonsite.fr\/site\/webup\/2021\/02\/configuration.jpg\" alt=\"\" width=\"1263\" height=\"708\" srcset=\"https:\/\/www.cmonsite.fr\/site\/webup\/2021\/02\/configuration.jpg 1263w, https:\/\/www.cmonsite.fr\/site\/webup\/2021\/02\/configuration-300x168.jpg 300w, https:\/\/www.cmonsite.fr\/site\/webup\/2021\/02\/configuration-1024x574.jpg 1024w, https:\/\/www.cmonsite.fr\/site\/webup\/2021\/02\/configuration-768x431.jpg 768w\" sizes=\"(max-width: 1263px) 100vw, 1263px\" \/><\/a><\/p><table><tbody><tr><td><h2><span style=\"font-size: x-large;\">3<\/span>. Ins\u00e9rez votre diaporama dans une page<\/h2><p>Une fois tous vos r\u00e9glages termin\u00e9s, rendez-vous sur la page que vous souhaitez avec l&#8217;<a href=\"https:\/\/www.cmonsite.fr\/cmonsite-editor\/\" target=\"_blank\" rel=\"noopener\"><strong><em>Editeur CmonSite<\/em><\/strong><\/a> et fa\u00eete glisser le modules Diaporama \u00e0 l&#8217;endroit o\u00f9 vous souhaitez l&#8217;afficher dans votre page.<\/p><\/td><td style=\"width: 50%;\"><a href=\"https:\/\/www.cmonsite.fr\/creer-un-site\/wp-content\/uploads\/2020\/09\/module-diaporama.png\"><img loading=\"lazy\" decoding=\"async\" class=\"aligncenter wp-image-13294 size-full\" src=\"https:\/\/www.cmonsite.fr\/site\/webup\/2020\/09\/module-diaporama.png\" alt=\"\" width=\"209\" height=\"385\" srcset=\"https:\/\/www.cmonsite.fr\/site\/webup\/2020\/09\/module-diaporama.png 209w, https:\/\/www.cmonsite.fr\/site\/webup\/2020\/09\/module-diaporama-163x300.png 163w\" sizes=\"(max-width: 209px) 100vw, 209px\" \/><\/a><\/td><\/tr><\/tbody><\/table><h2>\u00a0<\/h2><hr \/><p style=\"text-align: center;\"><span style=\"font-size: large;\">F\u00e9licitations ! Vous savez maintenant cr\u00e9er des diaporamas !<\/span><\/p><hr \/><div><i>\u00a0<\/i><\/div>\t\t\t\t\t\t\t\t<\/div>\n\t\t\t\t<\/div>\n\t\t\t\t<div class=\"elementor-element elementor-element-344c4e4 elementor-widget elementor-widget-spacer\" data-id=\"344c4e4\" data-element_type=\"widget\" data-e-type=\"widget\" data-widget_type=\"spacer.default\">\n\t\t\t\t<div class=\"elementor-widget-container\">\n\t\t\t\t\t\t\t<div class=\"elementor-spacer\">\n\t\t\t<div class=\"elementor-spacer-inner\"><\/div>\n\t\t<\/div>\n\t\t\t\t\t\t<\/div>\n\t\t\t\t<\/div>\n\t\t\t\t<div class=\"elementor-element elementor-element-937dbf8 elementor-widget-divider--view-line elementor-widget elementor-widget-divider\" data-id=\"937dbf8\" data-element_type=\"widget\" data-e-type=\"widget\" data-widget_type=\"divider.default\">\n\t\t\t\t<div class=\"elementor-widget-container\">\n\t\t\t\t\t\t\t<div class=\"elementor-divider\">\n\t\t\t<span class=\"elementor-divider-separator\">\n\t\t\t\t\t\t<\/span>\n\t\t<\/div>\n\t\t\t\t\t\t<\/div>\n\t\t\t\t<\/div>\n\t\t\t\t<div class=\"elementor-element elementor-element-15a6cc1 elementor-widget elementor-widget-text-editor\" data-id=\"15a6cc1\" data-element_type=\"widget\" data-e-type=\"widget\" data-widget_type=\"text-editor.default\">\n\t\t\t\t<div class=\"elementor-widget-container\">\n\t\t\t\t\t\t\t\t\t<p><b>D\u00e9couvrez comment cr\u00e9er et g\u00e9rer un diaporama photo, en vid\u00e9o :<\/b><\/p>\t\t\t\t\t\t\t\t<\/div>\n\t\t\t\t<\/div>\n\t\t\t\t<div class=\"elementor-element elementor-element-06412b7 elementor-widget elementor-widget-video\" data-id=\"06412b7\" data-element_type=\"widget\" data-e-type=\"widget\" data-settings=\"{&quot;youtube_url&quot;:&quot;https:\\\/\\\/www.youtube.com\\\/watch?v=fkZfNHcf1Do&amp;t=126s&quot;,&quot;video_type&quot;:&quot;youtube&quot;,&quot;controls&quot;:&quot;yes&quot;}\" data-widget_type=\"video.default\">\n\t\t\t\t<div class=\"elementor-widget-container\">\n\t\t\t\t\t\t\t<div class=\"elementor-wrapper elementor-open-inline\">\n\t\t\t<div class=\"elementor-video\"><\/div>\t\t<\/div>\n\t\t\t\t\t\t<\/div>\n\t\t\t\t<\/div>\n\t\t\t\t\t<\/div>\n\t\t<\/div>\n\t\t\t\t\t<\/div>\n\t\t<\/section>\n\t\t\t\t<section class=\"elementor-section elementor-top-section elementor-element elementor-element-bb84778 elementor-section-boxed elementor-section-height-default elementor-section-height-default\" data-id=\"bb84778\" data-element_type=\"section\" data-e-type=\"section\">\n\t\t\t\t\t\t<div class=\"elementor-container elementor-column-gap-default\">\n\t\t\t\t\t<div class=\"elementor-column elementor-col-100 elementor-top-column elementor-element elementor-element-2a6e425\" data-id=\"2a6e425\" data-element_type=\"column\" data-e-type=\"column\">\n\t\t\t<div class=\"elementor-widget-wrap elementor-element-populated\">\n\t\t\t\t\t\t<div class=\"elementor-element elementor-element-efe7a4f elementor-widget elementor-widget-spacer\" data-id=\"efe7a4f\" data-element_type=\"widget\" data-e-type=\"widget\" data-widget_type=\"spacer.default\">\n\t\t\t\t<div class=\"elementor-widget-container\">\n\t\t\t\t\t\t\t<div class=\"elementor-spacer\">\n\t\t\t<div class=\"elementor-spacer-inner\"><\/div>\n\t\t<\/div>\n\t\t\t\t\t\t<\/div>\n\t\t\t\t<\/div>\n\t\t\t\t<div class=\"elementor-element elementor-element-a297811 elementor-widget-divider--view-line elementor-widget elementor-widget-divider\" data-id=\"a297811\" data-element_type=\"widget\" data-e-type=\"widget\" data-widget_type=\"divider.default\">\n\t\t\t\t<div class=\"elementor-widget-container\">\n\t\t\t\t\t\t\t<div class=\"elementor-divider\">\n\t\t\t<span class=\"elementor-divider-separator\">\n\t\t\t\t\t\t<\/span>\n\t\t<\/div>\n\t\t\t\t\t\t<\/div>\n\t\t\t\t<\/div>\n\t\t\t\t<div class=\"elementor-element elementor-element-613e1a6 elementor-widget elementor-widget-text-editor\" data-id=\"613e1a6\" data-element_type=\"widget\" data-e-type=\"widget\" data-widget_type=\"text-editor.default\">\n\t\t\t\t<div class=\"elementor-widget-container\">\n\t\t\t\t\t\t\t\t\t<p><em>Voir aussi dans la m\u00eame th\u00e9matique :<\/em><\/p><ul><li><a href=\"https:\/\/www.cmonsite.fr\/creer-un-site\/boutique\/creer-un-formulaire-et-le-mettre-sur-sa-page\/\" target=\"_blank\" rel=\"noopener noreferrer\">Ins\u00e9rer un formulaire<\/a><\/li><li><a href=\"https:\/\/www.cmonsite.fr\/creer-un-site\/contenu-design-modules\/modules\/calendrier\/\" target=\"_blank\" rel=\"noopener noreferrer\">Ins\u00e9rer un calendrier<\/a><\/li><\/ul>\t\t\t\t\t\t\t\t<\/div>\n\t\t\t\t<\/div>\n\t\t\t\t\t<\/div>\n\t\t<\/div>\n\t\t\t\t\t<\/div>\n\t\t<\/section>\n\t\t\t\t<\/div>\n\t\t","protected":false},"excerpt":{"rendered":"<p>1. Qu&#8217;est-ce que le module diaporama de CmonSite ? Celui-ci vous permet d&#8217;ins\u00e9rer un ou plusieurs diaporamas dans n&#8217;importe quelle page de votre site, et vous permet de faire d\u00e9filer un certain nombre de photos. \u00a0 2. Cr\u00e9ez un diaporama Pour ins\u00e9rer un diaporama, allez dans la rubrique\u00a0\u00ab Modules \u00bb cliquez sur le sous-onglet \u00ab [&hellip;]<\/p>\n","protected":false},"author":1,"featured_media":17997,"parent":22995,"menu_order":3,"comment_status":"open","ping_status":"closed","template":"","meta":{"_helpful_status":1,"footnotes":""},"class_list":["post-1141","page","type-page","status-publish","has-post-thumbnail","hentry"],"_links":{"self":[{"href":"https:\/\/www.cmonsite.fr\/site\/wp-json\/wp\/v2\/pages\/1141","targetHints":{"allow":["GET"]}}],"collection":[{"href":"https:\/\/www.cmonsite.fr\/site\/wp-json\/wp\/v2\/pages"}],"about":[{"href":"https:\/\/www.cmonsite.fr\/site\/wp-json\/wp\/v2\/types\/page"}],"author":[{"embeddable":true,"href":"https:\/\/www.cmonsite.fr\/site\/wp-json\/wp\/v2\/users\/1"}],"replies":[{"embeddable":true,"href":"https:\/\/www.cmonsite.fr\/site\/wp-json\/wp\/v2\/comments?post=1141"}],"version-history":[{"count":4,"href":"https:\/\/www.cmonsite.fr\/site\/wp-json\/wp\/v2\/pages\/1141\/revisions"}],"predecessor-version":[{"id":23278,"href":"https:\/\/www.cmonsite.fr\/site\/wp-json\/wp\/v2\/pages\/1141\/revisions\/23278"}],"up":[{"embeddable":true,"href":"https:\/\/www.cmonsite.fr\/site\/wp-json\/wp\/v2\/pages\/22995"}],"wp:featuredmedia":[{"embeddable":true,"href":"https:\/\/www.cmonsite.fr\/site\/wp-json\/wp\/v2\/media\/17997"}],"wp:attachment":[{"href":"https:\/\/www.cmonsite.fr\/site\/wp-json\/wp\/v2\/media?parent=1141"}],"curies":[{"name":"wp","href":"https:\/\/api.w.org\/{rel}","templated":true}]}}