{"id":1127,"date":"2012-11-27T09:05:29","date_gmt":"2012-11-27T09:05:08","guid":{"rendered":"https:\/\/www.cmonsite.fr\/site\/aide\/?page_id=1127"},"modified":"2023-07-20T10:51:38","modified_gmt":"2023-07-20T08:51:38","slug":"creer-pages-categories-albums","status":"publish","type":"page","link":"https:\/\/www.cmonsite.fr\/site\/aide\/menu-et-pages\/creer-pages-categories-albums","title":{"rendered":"Comment cr\u00e9er et modifier des pages, des cat\u00e9gories ou des albums ?"},"content":{"rendered":"\t\t<div data-elementor-type=\"wp-page\" data-elementor-id=\"1127\" class=\"elementor elementor-1127\" data-elementor-post-type=\"page\">\n\t\t\t\t\t\t<section class=\"elementor-section elementor-top-section elementor-element elementor-element-4186dd33 elementor-section-boxed elementor-section-height-default elementor-section-height-default\" data-id=\"4186dd33\" data-element_type=\"section\" data-e-type=\"section\">\n\t\t\t\t\t\t<div class=\"elementor-container elementor-column-gap-default\">\n\t\t\t\t\t<div class=\"elementor-column elementor-col-100 elementor-top-column elementor-element elementor-element-710ed1a3\" data-id=\"710ed1a3\" data-element_type=\"column\" data-e-type=\"column\">\n\t\t\t<div class=\"elementor-widget-wrap elementor-element-populated\">\n\t\t\t\t\t\t<div class=\"elementor-element elementor-element-6ad2be2 elementor-widget elementor-widget-heading\" data-id=\"6ad2be2\" data-element_type=\"widget\" data-e-type=\"widget\" data-widget_type=\"heading.default\">\n\t\t\t\t<div class=\"elementor-widget-container\">\n\t\t\t\t\t<h2 class=\"elementor-heading-title elementor-size-default\">1. Comment acc\u00e9dez \u00e0 la gestion des pages ?<\/h2>\t\t\t\t<\/div>\n\t\t\t\t<\/div>\n\t\t\t\t<div class=\"elementor-element elementor-element-ce2f7e8 elementor-widget elementor-widget-text-editor\" data-id=\"ce2f7e8\" data-element_type=\"widget\" data-e-type=\"widget\" data-widget_type=\"text-editor.default\">\n\t\t\t\t<div class=\"elementor-widget-container\">\n\t\t\t\t\t\t\t\t\t<p>Pour cr\u00e9er une page, des cat\u00e9gories, des albums ou pour les modifier, rendez vous \u00e0 <b>&#8220;Pages \/ Cat\u00e9gories&#8221; <\/b>&gt;<b> &#8220;Mes pages \/ cat\u00e9gories&#8221; <\/b>depuis votre page d&#8217;administration, ou directement en <a href=\"https:\/\/www.cmonsite.fr\/list_tab.php\">cliquant ici<\/a>.<\/p><p>Cette page contient un tableau r\u00e9capitulatif de toutes vos pages avec des ic\u00f4nes vous permettant de les modifier, les d\u00e9placer, les renommer, etc&#8230;<\/p>\t\t\t\t\t\t\t\t<\/div>\n\t\t\t\t<\/div>\n\t\t\t\t<div class=\"elementor-element elementor-element-447a7fc elementor-widget elementor-widget-image\" data-id=\"447a7fc\" data-element_type=\"widget\" data-e-type=\"widget\" data-widget_type=\"image.default\">\n\t\t\t\t<div class=\"elementor-widget-container\">\n\t\t\t\t\t\t\t\t\t\t\t\t\t\t\t<img fetchpriority=\"high\" decoding=\"async\" width=\"894\" height=\"346\" src=\"https:\/\/www.cmonsite.fr\/site\/webup\/2021\/06\/arborescence-creer-pages-categories-album.jpg\" class=\"attachment-full size-full wp-image-16603\" alt=\"\" srcset=\"https:\/\/www.cmonsite.fr\/site\/webup\/2021\/06\/arborescence-creer-pages-categories-album.jpg 894w, https:\/\/www.cmonsite.fr\/site\/webup\/2021\/06\/arborescence-creer-pages-categories-album-300x116.jpg 300w, https:\/\/www.cmonsite.fr\/site\/webup\/2021\/06\/arborescence-creer-pages-categories-album-768x297.jpg 768w\" sizes=\"(max-width: 894px) 100vw, 894px\" \/>\t\t\t\t\t\t\t\t\t\t\t\t\t\t\t<\/div>\n\t\t\t\t<\/div>\n\t\t\t\t<div class=\"elementor-element elementor-element-6fe07ab elementor-widget elementor-widget-spacer\" data-id=\"6fe07ab\" data-element_type=\"widget\" data-e-type=\"widget\" data-widget_type=\"spacer.default\">\n\t\t\t\t<div class=\"elementor-widget-container\">\n\t\t\t\t\t\t\t<div class=\"elementor-spacer\">\n\t\t\t<div class=\"elementor-spacer-inner\"><\/div>\n\t\t<\/div>\n\t\t\t\t\t\t<\/div>\n\t\t\t\t<\/div>\n\t\t\t\t<div class=\"elementor-element elementor-element-bca11e7 elementor-widget elementor-widget-heading\" data-id=\"bca11e7\" data-element_type=\"widget\" data-e-type=\"widget\" data-widget_type=\"heading.default\">\n\t\t\t\t<div class=\"elementor-widget-container\">\n\t\t\t\t\t<h2 class=\"elementor-heading-title elementor-size-default\">2. Comment cr\u00e9er une page ?<\/h2>\t\t\t\t<\/div>\n\t\t\t\t<\/div>\n\t\t\t\t<div class=\"elementor-element elementor-element-5af93e0 elementor-widget elementor-widget-text-editor\" data-id=\"5af93e0\" data-element_type=\"widget\" data-e-type=\"widget\" data-widget_type=\"text-editor.default\">\n\t\t\t\t<div class=\"elementor-widget-container\">\n\t\t\t\t\t\t\t\t\t<p>Pour cr\u00e9er une nouvelle page, s\u00e9lectionnez le <strong>type de page<\/strong> que vous souhaitez cr\u00e9er, entrez le <strong>nom<\/strong> de cette derni\u00e8re dans l&#8217;encadr\u00e9, s\u00e9lectionnez la page , puis cliquez sur le bouton <b>\u00ab Cr\u00e9er<em>\u00a0<\/em>\u00bb<\/b>.<\/p><p>Voici une liste de nos diff\u00e9rents types de pages, ainsi que leurs usages :<\/p><ul><li><strong>Page de contenu<\/strong> : si vous souhaitez ajouter, du texte, des images, des formulaires, des boutons. etc. Cette page ne peut contenir de produits.<\/li><li><strong>Cat\u00e9gorie boutique<\/strong> : si vous souhaitez vendre des produits et\/ou services<\/li><li><strong>Album photos<\/strong> : si vous souhaitez cr\u00e9er une page d\u00e9di\u00e9 \u00e0 vos photos<\/li><li><strong>Lien ou onglet non-cliquable<\/strong> : si vous souhaitez cr\u00e9er un lien externe, vers vos r\u00e9seaux sociaux par exemple, ou un onglet non-cliquable, comme une page parente, avec plusieurs sous-pages, sans contenu et non-accessible.<\/li><\/ul>\t\t\t\t\t\t\t\t<\/div>\n\t\t\t\t<\/div>\n\t\t\t\t<div class=\"elementor-element elementor-element-525c5a7 elementor-widget elementor-widget-image\" data-id=\"525c5a7\" data-element_type=\"widget\" data-e-type=\"widget\" data-widget_type=\"image.default\">\n\t\t\t\t<div class=\"elementor-widget-container\">\n\t\t\t\t\t\t\t\t\t\t\t\t\t\t\t<img decoding=\"async\" width=\"1263\" height=\"161\" src=\"https:\/\/www.cmonsite.fr\/site\/webup\/2021\/01\/Capture1.png\" class=\"attachment-full size-full wp-image-14700\" alt=\"\" srcset=\"https:\/\/www.cmonsite.fr\/site\/webup\/2021\/01\/Capture1.png 1263w, https:\/\/www.cmonsite.fr\/site\/webup\/2021\/01\/Capture1-300x38.png 300w, https:\/\/www.cmonsite.fr\/site\/webup\/2021\/01\/Capture1-1024x131.png 1024w, https:\/\/www.cmonsite.fr\/site\/webup\/2021\/01\/Capture1-768x98.png 768w\" sizes=\"(max-width: 1263px) 100vw, 1263px\" \/>\t\t\t\t\t\t\t\t\t\t\t\t\t\t\t<\/div>\n\t\t\t\t<\/div>\n\t\t\t\t<div class=\"elementor-element elementor-element-63236ce elementor-widget elementor-widget-spacer\" data-id=\"63236ce\" data-element_type=\"widget\" data-e-type=\"widget\" data-widget_type=\"spacer.default\">\n\t\t\t\t<div class=\"elementor-widget-container\">\n\t\t\t\t\t\t\t<div class=\"elementor-spacer\">\n\t\t\t<div class=\"elementor-spacer-inner\"><\/div>\n\t\t<\/div>\n\t\t\t\t\t\t<\/div>\n\t\t\t\t<\/div>\n\t\t\t\t<div class=\"elementor-element elementor-element-12ffa11 elementor-widget elementor-widget-heading\" data-id=\"12ffa11\" data-element_type=\"widget\" data-e-type=\"widget\" id=\"renommer_page\" data-widget_type=\"heading.default\">\n\t\t\t\t<div class=\"elementor-widget-container\">\n\t\t\t\t\t<h2 class=\"elementor-heading-title elementor-size-default\">3. Comment renommer une page ?<\/h2>\t\t\t\t<\/div>\n\t\t\t\t<\/div>\n\t\t\t\t<div class=\"elementor-element elementor-element-2e60d69 elementor-widget elementor-widget-text-editor\" data-id=\"2e60d69\" data-element_type=\"widget\" data-e-type=\"widget\" data-widget_type=\"text-editor.default\">\n\t\t\t\t<div class=\"elementor-widget-container\">\n\t\t\t\t\t\t\t\t\t<p>Pour renommer une page, cliquez sur l&#8217;ic\u00f4ne du tag.<\/p><p><img decoding=\"async\" class=\"wp-image-23262 size-full alignnone\" src=\"https:\/\/www.cmonsite.fr\/site\/webup\/2022\/11\/chrome_hHeqJvbxYi.png\" alt=\"Ic\u00f4ne repr\u00e9sentant un tag\" width=\"33\" height=\"34\" \/><\/p><p>Puis, vous pouvez modifier le nom de la page, correspondant au nom affich\u00e9 dans le menu, et le titre de la page, correspondant au titre affich\u00e9 directement sur la page en question.<\/p><p><img loading=\"lazy\" decoding=\"async\" class=\"aligncenter\" src=\"https:\/\/www.cmonsite.fr\/site\/webup\/2021\/08\/changer-nom-categories-pages.jpg\" alt=\"\" width=\"1002\" height=\"259\" \/><\/p><p>\u00a0<\/p><p>Voici une vid\u00e9o reproduisant les \u00e9tapes \u00e0 suivre pour renommer votre page.<\/p><p><img loading=\"lazy\" decoding=\"async\" class=\"wp-image-17729 size-full aligncenter\" src=\"https:\/\/www.cmonsite.fr\/site\/webup\/2021\/08\/gif-modifier-nom-page.gif\" alt=\"\" width=\"1235\" height=\"495\" \/><\/p><p>\u00a0<\/p>\t\t\t\t\t\t\t\t<\/div>\n\t\t\t\t<\/div>\n\t\t\t\t<div class=\"elementor-element elementor-element-b91a271 elementor-widget elementor-widget-spacer\" data-id=\"b91a271\" data-element_type=\"widget\" data-e-type=\"widget\" data-widget_type=\"spacer.default\">\n\t\t\t\t<div class=\"elementor-widget-container\">\n\t\t\t\t\t\t\t<div class=\"elementor-spacer\">\n\t\t\t<div class=\"elementor-spacer-inner\"><\/div>\n\t\t<\/div>\n\t\t\t\t\t\t<\/div>\n\t\t\t\t<\/div>\n\t\t\t\t<div class=\"elementor-element elementor-element-5faf3f7 elementor-widget elementor-widget-heading\" data-id=\"5faf3f7\" data-element_type=\"widget\" data-e-type=\"widget\" id=\"deplacer_page\" data-widget_type=\"heading.default\">\n\t\t\t\t<div class=\"elementor-widget-container\">\n\t\t\t\t\t<h2 class=\"elementor-heading-title elementor-size-default\">4. Comment d\u00e9placer une page ?<\/h2>\t\t\t\t<\/div>\n\t\t\t\t<\/div>\n\t\t\t\t<div class=\"elementor-element elementor-element-8b3a760 elementor-widget elementor-widget-text-editor\" data-id=\"8b3a760\" data-element_type=\"widget\" data-e-type=\"widget\" data-widget_type=\"text-editor.default\">\n\t\t\t\t<div class=\"elementor-widget-container\">\n\t\t\t\t\t\t\t\t\t<p>Pour d\u00e9placer une page, vous avez deux m\u00e9thodes disponibles.<\/p><p style=\"padding-left: 40px;\"><strong>1. Via le menu d\u00e9roulant<\/strong><\/p><p>Cliquer sur l&#8217;ic\u00f4ne repr\u00e9sentant une liste.<\/p><p><img loading=\"lazy\" decoding=\"async\" class=\"alignnone size-full wp-image-23272\" src=\"https:\/\/www.cmonsite.fr\/site\/webup\/2022\/11\/chrome_ZgD69tARxW.png\" alt=\"\" width=\"34\" height=\"33\" \/><\/p><p>Choisissez la page parente dans laquelle vous souhaitez int\u00e9grer la page souhait\u00e9e.<\/p><p><img loading=\"lazy\" decoding=\"async\" class=\"aligncenter\" src=\"https:\/\/www.cmonsite.fr\/site\/webup\/2021\/06\/deplacer-page-boutique.jpg\" alt=\"\" width=\"995\" height=\"200\" \/><\/p><p>Vous pouvez cr\u00e9er jusqu&#8217;\u00e0 trois niveaux de pages et sous-pages.<\/p><p><img loading=\"lazy\" decoding=\"async\" class=\"aligncenter\" src=\"https:\/\/www.cmonsite.fr\/site\/webup\/2022\/11\/chrome_Y3TusZS3Ui.png\" alt=\"Capture d'\u00e9cran des trois niveaux de pages : &quot;Boutique&quot; &gt; &quot;Accessoires&quot; &gt; &quot;Bandeaux&quot;\" width=\"1101\" height=\"163\" \/><\/p><p style=\"padding-left: 40px;\"><strong>2. Via le glisser-d\u00e9poser<\/strong><\/p><p>Cliquez et restez appuy\u00e9 sur la page concern\u00e9e pour la d\u00e9placer vers l&#8217;emplacement de votre choix.<\/p><p><img loading=\"lazy\" decoding=\"async\" class=\"aligncenter wp-image-16608 size-full\" src=\"https:\/\/www.cmonsite.fr\/site\/webup\/2021\/06\/deplacer-pages.gif\" alt=\"\" width=\"948\" height=\"324\" \/><\/p>\t\t\t\t\t\t\t\t<\/div>\n\t\t\t\t<\/div>\n\t\t\t\t<div class=\"elementor-element elementor-element-40a310d elementor-widget elementor-widget-spacer\" data-id=\"40a310d\" data-element_type=\"widget\" data-e-type=\"widget\" data-widget_type=\"spacer.default\">\n\t\t\t\t<div class=\"elementor-widget-container\">\n\t\t\t\t\t\t\t<div class=\"elementor-spacer\">\n\t\t\t<div class=\"elementor-spacer-inner\"><\/div>\n\t\t<\/div>\n\t\t\t\t\t\t<\/div>\n\t\t\t\t<\/div>\n\t\t\t\t<div class=\"elementor-element elementor-element-be93b40 elementor-widget elementor-widget-heading\" data-id=\"be93b40\" data-element_type=\"widget\" data-e-type=\"widget\" id=\"supprimer_page\" data-widget_type=\"heading.default\">\n\t\t\t\t<div class=\"elementor-widget-container\">\n\t\t\t\t\t<h2 class=\"elementor-heading-title elementor-size-default\">5. Comment supprimer une page ?<\/h2>\t\t\t\t<\/div>\n\t\t\t\t<\/div>\n\t\t\t\t<div class=\"elementor-element elementor-element-6d1d8eb elementor-widget elementor-widget-text-editor\" data-id=\"6d1d8eb\" data-element_type=\"widget\" data-e-type=\"widget\" data-widget_type=\"text-editor.default\">\n\t\t\t\t<div class=\"elementor-widget-container\">\n\t\t\t\t\t\t\t\t\t<p>Pour supprimer une page, vous pouvez cliquer sur la croix rouge \u00e0 droite de la page correspondante.<\/p><p><img loading=\"lazy\" decoding=\"async\" class=\"alignnone size-full wp-image-14986\" src=\"https:\/\/www.cmonsite.fr\/site\/webup\/2021\/02\/supprimer.jpg\" alt=\"\" width=\"31\" height=\"33\" \/><\/p><p><img loading=\"lazy\" decoding=\"async\" class=\"aligncenter\" src=\"https:\/\/www.cmonsite.fr\/site\/webup\/2021\/06\/supprimer-page.png\" alt=\"\" width=\"891\" height=\"355\" \/><\/p>\t\t\t\t\t\t\t\t<\/div>\n\t\t\t\t<\/div>\n\t\t\t\t<div class=\"elementor-element elementor-element-1cc6941 elementor-widget elementor-widget-spacer\" data-id=\"1cc6941\" data-element_type=\"widget\" data-e-type=\"widget\" data-widget_type=\"spacer.default\">\n\t\t\t\t<div class=\"elementor-widget-container\">\n\t\t\t\t\t\t\t<div class=\"elementor-spacer\">\n\t\t\t<div class=\"elementor-spacer-inner\"><\/div>\n\t\t<\/div>\n\t\t\t\t\t\t<\/div>\n\t\t\t\t<\/div>\n\t\t\t\t<div class=\"elementor-element elementor-element-434726c elementor-widget elementor-widget-heading\" data-id=\"434726c\" data-element_type=\"widget\" data-e-type=\"widget\" id=\"desactiver_page\" data-widget_type=\"heading.default\">\n\t\t\t\t<div class=\"elementor-widget-container\">\n\t\t\t\t\t<h2 class=\"elementor-heading-title elementor-size-default\">6. Comment d\u00e9sactiver une page ?<\/h2>\t\t\t\t<\/div>\n\t\t\t\t<\/div>\n\t\t\t\t<div class=\"elementor-element elementor-element-8aac21c elementor-widget elementor-widget-text-editor\" data-id=\"8aac21c\" data-element_type=\"widget\" data-e-type=\"widget\" data-widget_type=\"text-editor.default\">\n\t\t\t\t<div class=\"elementor-widget-container\">\n\t\t\t\t\t\t\t\t\t<p>Pour d\u00e9sactiver une page et\/ou ne plus la rendre visible dans votre menu, cliquez sur l&#8217;ic\u00f4ne de la case coch\u00e9e.<\/p><p><img loading=\"lazy\" decoding=\"async\" class=\"alignnone size-full wp-image-23273\" src=\"https:\/\/www.cmonsite.fr\/site\/webup\/2022\/11\/chrome_YyrRLNAdKc.png\" alt=\"\" width=\"35\" height=\"34\" \/><\/p><p>Les pages d\u00e9sactiv\u00e9es apparaissent gris\u00e9es.<\/p><p><img loading=\"lazy\" decoding=\"async\" class=\"aligncenter\" src=\"https:\/\/www.cmonsite.fr\/site\/webup\/2022\/11\/chrome_vsRRfVdDD0.png\" alt=\"\" width=\"900\" height=\"161\" \/><\/p><p>Pour les activer et\/ou les afficher dans votre menu, cliquez sur l&#8217;icone de la case \u00e0 cocher.<\/p><p><img loading=\"lazy\" decoding=\"async\" class=\"alignnone wp-image-23275 size-full\" src=\"https:\/\/www.cmonsite.fr\/site\/webup\/2022\/11\/chrome_bgQDhRtmDI.png\" alt=\"\" width=\"33\" height=\"34\" \/><\/p>\t\t\t\t\t\t\t\t<\/div>\n\t\t\t\t<\/div>\n\t\t\t\t<div class=\"elementor-element elementor-element-42a03ab elementor-widget elementor-widget-spacer\" data-id=\"42a03ab\" data-element_type=\"widget\" data-e-type=\"widget\" data-widget_type=\"spacer.default\">\n\t\t\t\t<div class=\"elementor-widget-container\">\n\t\t\t\t\t\t\t<div class=\"elementor-spacer\">\n\t\t\t<div class=\"elementor-spacer-inner\"><\/div>\n\t\t<\/div>\n\t\t\t\t\t\t<\/div>\n\t\t\t\t<\/div>\n\t\t\t\t<div class=\"elementor-element elementor-element-206c31c elementor-widget elementor-widget-heading\" data-id=\"206c31c\" data-element_type=\"widget\" data-e-type=\"widget\" id=\"bloquer_page\" data-widget_type=\"heading.default\">\n\t\t\t\t<div class=\"elementor-widget-container\">\n\t\t\t\t\t<h2 class=\"elementor-heading-title elementor-size-default\">7. Comment bloquer l'acc\u00e8s d'une page par un mot de passe ?<\/h2>\t\t\t\t<\/div>\n\t\t\t\t<\/div>\n\t\t\t\t<div class=\"elementor-element elementor-element-f6bc041 elementor-widget elementor-widget-text-editor\" data-id=\"f6bc041\" data-element_type=\"widget\" data-e-type=\"widget\" data-widget_type=\"text-editor.default\">\n\t\t\t\t<div class=\"elementor-widget-container\">\n\t\t\t\t\t\t\t\t\t<p>Pour bloquer l&#8217;acc\u00e8s d&#8217;une page par un mot de passe, vous pouvez cliquer sur l&#8217;ic\u00f4ne du cadenas.<\/p><p><img loading=\"lazy\" decoding=\"async\" class=\"alignnone size-full wp-image-23279\" src=\"https:\/\/www.cmonsite.fr\/site\/webup\/2022\/11\/chrome_O1o5gcLWN4.png\" alt=\"\" width=\"35\" height=\"34\" \/><\/p><p>Puis, choisissez votre mot de passe et enregistrez.<\/p><p><img loading=\"lazy\" decoding=\"async\" class=\"aligncenter\" src=\"https:\/\/www.cmonsite.fr\/site\/webup\/2022\/11\/chrome_9mF0FJlzqH.png\" alt=\"\" width=\"1008\" height=\"293\" \/><\/p><p>Pour supprimer ou\u00a0 modifier le\u00a0 mot de passe, cliquez \u00e0 nouveau sur l&#8217;ic\u00f4ne du cadenas, ferm\u00e9 cette fois ci.<\/p><p><img loading=\"lazy\" decoding=\"async\" class=\"alignnone size-full wp-image-23282\" src=\"https:\/\/www.cmonsite.fr\/site\/webup\/2022\/11\/chrome_6y47UBqq6L.png\" alt=\"\" width=\"30\" height=\"35\" \/><\/p>\t\t\t\t\t\t\t\t<\/div>\n\t\t\t\t<\/div>\n\t\t\t\t<div class=\"elementor-element elementor-element-4129fd3 elementor-widget elementor-widget-spacer\" data-id=\"4129fd3\" data-element_type=\"widget\" data-e-type=\"widget\" data-widget_type=\"spacer.default\">\n\t\t\t\t<div class=\"elementor-widget-container\">\n\t\t\t\t\t\t\t<div class=\"elementor-spacer\">\n\t\t\t<div class=\"elementor-spacer-inner\"><\/div>\n\t\t<\/div>\n\t\t\t\t\t\t<\/div>\n\t\t\t\t<\/div>\n\t\t\t\t<div class=\"elementor-element elementor-element-bf2a5e6 elementor-widget elementor-widget-heading\" data-id=\"bf2a5e6\" data-element_type=\"widget\" data-e-type=\"widget\" id=\"pictogramme_page\" data-widget_type=\"heading.default\">\n\t\t\t\t<div class=\"elementor-widget-container\">\n\t\t\t\t\t<h2 class=\"elementor-heading-title elementor-size-default\">8. Comment ajouter un pictogramme au titre de ma page ?<\/h2>\t\t\t\t<\/div>\n\t\t\t\t<\/div>\n\t\t\t\t<div class=\"elementor-element elementor-element-79779c4 elementor-widget elementor-widget-text-editor\" data-id=\"79779c4\" data-element_type=\"widget\" data-e-type=\"widget\" data-widget_type=\"text-editor.default\">\n\t\t\t\t<div class=\"elementor-widget-container\">\n\t\t\t\t\t\t\t\t\t<p>Pour ajouter un pictogramme au titre de votre page, cliquez sur le bouton de l&#8217;ic\u00f4ne. Il se peut qu&#8217;il n&#8217;y ait pas d&#8217;ic\u00f4ne d\u00e9finit et que ce bouton soit vide.<\/p><p><img loading=\"lazy\" decoding=\"async\" class=\"alignnone size-full wp-image-23283\" src=\"https:\/\/www.cmonsite.fr\/site\/webup\/2022\/11\/chrome_gdOF2AWwtw.png\" alt=\"\" width=\"73\" height=\"36\" \/><\/p><p>Choisissez votre pictogramme parmi ceux mis \u00e0 votre disposition. Vous pouvez effectuer une recherche pour trouver l&#8217;ic\u00f4ne id\u00e9al.<\/p><p><img loading=\"lazy\" decoding=\"async\" class=\"aligncenter\" src=\"https:\/\/www.cmonsite.fr\/site\/webup\/2022\/11\/chrome_sfi7l1HfrD.png\" alt=\"\" width=\"259\" height=\"361\" \/><\/p><p>Pour supprimer l&#8217;ic\u00f4ne du titre de votre page, cliquez sur &#8220;Supprimer l&#8217;ic\u00f4ne&#8221;, comme ci-dessus.<\/p>\t\t\t\t\t\t\t\t<\/div>\n\t\t\t\t<\/div>\n\t\t\t\t<div class=\"elementor-element elementor-element-a0e1174 elementor-widget-divider--view-line elementor-widget elementor-widget-divider\" data-id=\"a0e1174\" data-element_type=\"widget\" data-e-type=\"widget\" data-widget_type=\"divider.default\">\n\t\t\t\t<div class=\"elementor-widget-container\">\n\t\t\t\t\t\t\t<div class=\"elementor-divider\">\n\t\t\t<span class=\"elementor-divider-separator\">\n\t\t\t\t\t\t<\/span>\n\t\t<\/div>\n\t\t\t\t\t\t<\/div>\n\t\t\t\t<\/div>\n\t\t\t\t<div class=\"elementor-element elementor-element-3ac8c2e elementor-widget elementor-widget-text-editor\" data-id=\"3ac8c2e\" data-element_type=\"widget\" data-e-type=\"widget\" data-widget_type=\"text-editor.default\">\n\t\t\t\t<div class=\"elementor-widget-container\">\n\t\t\t\t\t\t\t\t\t<p>Voir aussi dans la m\u00eame th\u00e9matique :<\/p><ul><li><a href=\"https:\/\/www.cmonsite.fr\/creer-un-site\/contenu-design-modules\/contenu\/texte-page\/\" target=\"_blank\" rel=\"noopener\">Editer le texte d&#8217;une page<\/a><\/li><\/ul>\t\t\t\t\t\t\t\t<\/div>\n\t\t\t\t<\/div>\n\t\t\t\t\t<\/div>\n\t\t<\/div>\n\t\t\t\t\t<\/div>\n\t\t<\/section>\n\t\t\t\t<\/div>\n\t\t","protected":false},"excerpt":{"rendered":"<p>1. Comment acc\u00e9dez \u00e0 la gestion des pages ? Pour cr\u00e9er une page, des cat\u00e9gories, des albums ou pour les modifier, rendez vous \u00e0 &#8220;Pages \/ Cat\u00e9gories&#8221; &gt; &#8220;Mes pages \/ cat\u00e9gories&#8221; depuis votre page d&#8217;administration, ou directement en cliquant ici. Cette page contient un tableau r\u00e9capitulatif de toutes vos pages avec des ic\u00f4nes vous [&hellip;]<\/p>\n","protected":false},"author":1,"featured_media":17995,"parent":24734,"menu_order":0,"comment_status":"open","ping_status":"closed","template":"","meta":{"_helpful_status":1,"footnotes":""},"class_list":["post-1127","page","type-page","status-publish","has-post-thumbnail","hentry"],"_links":{"self":[{"href":"https:\/\/www.cmonsite.fr\/site\/wp-json\/wp\/v2\/pages\/1127","targetHints":{"allow":["GET"]}}],"collection":[{"href":"https:\/\/www.cmonsite.fr\/site\/wp-json\/wp\/v2\/pages"}],"about":[{"href":"https:\/\/www.cmonsite.fr\/site\/wp-json\/wp\/v2\/types\/page"}],"author":[{"embeddable":true,"href":"https:\/\/www.cmonsite.fr\/site\/wp-json\/wp\/v2\/users\/1"}],"replies":[{"embeddable":true,"href":"https:\/\/www.cmonsite.fr\/site\/wp-json\/wp\/v2\/comments?post=1127"}],"version-history":[{"count":68,"href":"https:\/\/www.cmonsite.fr\/site\/wp-json\/wp\/v2\/pages\/1127\/revisions"}],"predecessor-version":[{"id":24971,"href":"https:\/\/www.cmonsite.fr\/site\/wp-json\/wp\/v2\/pages\/1127\/revisions\/24971"}],"up":[{"embeddable":true,"href":"https:\/\/www.cmonsite.fr\/site\/wp-json\/wp\/v2\/pages\/24734"}],"wp:featuredmedia":[{"embeddable":true,"href":"https:\/\/www.cmonsite.fr\/site\/wp-json\/wp\/v2\/media\/17995"}],"wp:attachment":[{"href":"https:\/\/www.cmonsite.fr\/site\/wp-json\/wp\/v2\/media?parent=1127"}],"curies":[{"name":"wp","href":"https:\/\/api.w.org\/{rel}","templated":true}]}}