{"id":1116,"date":"2012-11-27T09:03:08","date_gmt":"2012-11-27T09:03:08","guid":{"rendered":"https:\/\/www.cmonsite.fr\/site\/aide\/?page_id=1116"},"modified":"2012-11-27T09:03:08","modified_gmt":"2012-11-27T09:03:08","slug":"commentaires-photos","status":"publish","type":"page","link":"https:\/\/www.cmonsite.fr\/site\/aide\/fonctionnalites\/commentaires-photos","title":{"rendered":"Activer ou d\u00e9sactiver les commentaires des photos"},"content":{"rendered":"<h2>Acc\u00e9dez \u00e0 la configuration des commentaires<\/h2>\n<p><a href=\"https:\/\/www.cmonsite.fr\/site\/webup\/2012\/11\/icon-donnees-personnelles.png\"><img decoding=\"async\" class=\"alignnone size-full wp-image-9689\" src=\"https:\/\/www.cmonsite.fr\/site\/webup\/2012\/11\/icon-donnees-personnelles.png\" alt=\"icon-donnees-personnelles\" width=\"26\" height=\"23\" \/><\/a>\u00a0Rendez-vous dans &#8220;<strong>Donn\u00e9es Personnelles<\/strong>&#8221; puis dans la rubrique \u00ab\u00a0<strong>Configuration<\/strong>\u00a0\u00bb, vous pouvez d\u00e9cider d\u2019afficher ou non les commentaires laiss\u00e9s par les visiteurs sur vos photos. Il vous suffit de choisir \u00ab\u00a0oui \u00bb\u00a0ou \u00ab\u00a0non\u00a0\u00bb dans le menu d\u00e9roulant comme ci-dessous, puis de cliquer sur le bouton <strong><em>Enregistrer<\/em><\/strong> en bas de page.\u00a0<span style=\"text-align: center;\">Notez que ce module est automatiquement activ\u00e9 \u00e0 la cr\u00e9ation du site.<\/span><\/p>\n<p style=\"text-align: left;\">Vous pouvez choisir d&#8217;afficher les messages automatiquement ou apr\u00e8s validation de votre part. Et \u00e9galement supprimer les messages \u00e0 tout moment.<\/p>\n<p><a href=\"https:\/\/www.cmonsite.fr\/site\/webup\/2020\/11\/parametres-site.jpg\"><img fetchpriority=\"high\" decoding=\"async\" class=\"size-full wp-image-13990 aligncenter\" src=\"https:\/\/www.cmonsite.fr\/site\/webup\/2020\/11\/parametres-site.jpg\" alt=\"\" width=\"433\" height=\"377\" srcset=\"https:\/\/www.cmonsite.fr\/site\/webup\/2020\/11\/parametres-site.jpg 433w, https:\/\/www.cmonsite.fr\/site\/webup\/2020\/11\/parametres-site-300x261.jpg 300w\" sizes=\"(max-width: 433px) 100vw, 433px\" \/><\/a><\/p>\n<h2>\u00a0Quel est l&#8217;int\u00e9r\u00eat d&#8217;avoir des commentaires sur votre site ?<\/h2>\n<p>Recevoir des avis, critiques, t\u00e9moignages ou remerciements, est un \u00e9l\u00e9ment tr\u00e8s positif pour votre site : cela prouve d&#8217;une part que votre site est actif et interactif, des critiques constructives peuvent vous permettre d&#8217;am\u00e9liorer votre site, et d&#8217;autre part, c&#8217;est une preuve de professionnalisme, cela renseigne et met en confiance vos visiteurs quant \u00e0 la qualit\u00e9 de vos services et\/ou produits.<\/p>\n<p>Pour en savoir plus sur les commentaires photos et comment les consulter, <a href=\"https:\/\/www.cmonsite.fr\/site\/aide\/contenu-design-modules\/modules\/valider-messages-livre-dor-et-commentaires-photos\/\" target=\"_blank\" rel=\"noopener noreferrer\">cliquez ici<\/a>.<\/p>\n","protected":false},"excerpt":{"rendered":"<p>Acc\u00e9dez \u00e0 la configuration des commentaires \u00a0Rendez-vous dans &#8220;Donn\u00e9es Personnelles&#8221; puis dans la rubrique \u00ab\u00a0Configuration\u00a0\u00bb, vous pouvez d\u00e9cider d\u2019afficher ou non les commentaires laiss\u00e9s par les visiteurs sur vos photos. Il vous suffit de choisir \u00ab\u00a0oui \u00bb\u00a0ou \u00ab\u00a0non\u00a0\u00bb dans le menu d\u00e9roulant comme ci-dessous, puis de cliquer sur le bouton Enregistrer en bas de page.\u00a0Notez [&hellip;]<\/p>\n","protected":false},"author":1,"featured_media":18038,"parent":22995,"menu_order":5,"comment_status":"open","ping_status":"closed","template":"","meta":{"_helpful_status":1,"footnotes":""},"class_list":["post-1116","page","type-page","status-publish","has-post-thumbnail","hentry"],"_links":{"self":[{"href":"https:\/\/www.cmonsite.fr\/site\/wp-json\/wp\/v2\/pages\/1116","targetHints":{"allow":["GET"]}}],"collection":[{"href":"https:\/\/www.cmonsite.fr\/site\/wp-json\/wp\/v2\/pages"}],"about":[{"href":"https:\/\/www.cmonsite.fr\/site\/wp-json\/wp\/v2\/types\/page"}],"author":[{"embeddable":true,"href":"https:\/\/www.cmonsite.fr\/site\/wp-json\/wp\/v2\/users\/1"}],"replies":[{"embeddable":true,"href":"https:\/\/www.cmonsite.fr\/site\/wp-json\/wp\/v2\/comments?post=1116"}],"version-history":[{"count":1,"href":"https:\/\/www.cmonsite.fr\/site\/wp-json\/wp\/v2\/pages\/1116\/revisions"}],"predecessor-version":[{"id":21020,"href":"https:\/\/www.cmonsite.fr\/site\/wp-json\/wp\/v2\/pages\/1116\/revisions\/21020"}],"up":[{"embeddable":true,"href":"https:\/\/www.cmonsite.fr\/site\/wp-json\/wp\/v2\/pages\/22995"}],"wp:featuredmedia":[{"embeddable":true,"href":"https:\/\/www.cmonsite.fr\/site\/wp-json\/wp\/v2\/media\/18038"}],"wp:attachment":[{"href":"https:\/\/www.cmonsite.fr\/site\/wp-json\/wp\/v2\/media?parent=1116"}],"curies":[{"name":"wp","href":"https:\/\/api.w.org\/{rel}","templated":true}]}}