{"id":1104,"date":"2012-11-27T09:00:38","date_gmt":"2012-11-27T09:00:38","guid":{"rendered":"https:\/\/www.cmonsite.fr\/site\/aide\/?page_id=1104"},"modified":"2012-11-27T09:00:38","modified_gmt":"2012-11-27T09:00:38","slug":"probleme-affichage-site-internet","status":"publish","type":"page","link":"https:\/\/www.cmonsite.fr\/site\/aide\/astuces-informations\/informations-diverses\/probleme-affichage-site-internet","title":{"rendered":"Mettez \u00e0 jour votre navigateur pour la s\u00e9curit\u00e9 et \u00e9viter des probl\u00e8mes d&#8217;affichage"},"content":{"rendered":"<p style=\"text-align: center;\">Mettez \u00e0 jour votre navigateur pour la s\u00e9curit\u00e9 et \u00e9viter des probl\u00e8mes d&#8217;affichage<\/p>\n<h2>1. Mettez \u00e0 jour votre navigateur internet r\u00e9guli\u00e8rement<\/h2>\n<p>&gt; Si vous utilisez <strong>Firefox<\/strong> (nous vous le conseillons vivement !), cliquez sur le lien suivant et t\u00e9l\u00e9chargez la mise \u00e0 jour : <a href=\"https:\/\/www.mozilla.org\/fr\/firefox\/new\/\" target=\"_blank\" rel=\"noopener noreferrer\">Firefox<\/a><\/p>\n<p>&gt; Si vous utilisez <strong>Internet Explorer<\/strong>, la mise \u00e0 jour vers EDGE est disponible en cliquant sur le lien suivant : <a href=\"https:\/\/www.microsoft.com\/fr-fr\/edge?form=MA13DG&amp;ocid=SMCIEDownload10-Download\">Microsoft EDGE<\/a><\/p>\n<p>&gt; De m\u00eame, si vous travaillez sous <strong>Safari<\/strong>, la mise \u00e0 jour est disponible en cliquant sur le lien suivant : <a href=\"https:\/\/www.apple.com\/fr\/safari\/\" target=\"_blank\" rel=\"noopener noreferrer\">Safari<\/a><\/p>\n<p>&gt; Si vous utilisez <strong>Google Chrome<\/strong>, la mise \u00e0 jour est disponible en cliquant sur le lien suivant : <a href=\"https:\/\/www.google.com\/chrome\/?hl=fr\" target=\"_blank\" rel=\"noopener noreferrer\">Google Chrome<\/a><\/p>\n<h2>2. Effacez les fichiers temporaires<\/h2>\n<p>Pensez \u00e9galement \u00e0 vider r\u00e9guli\u00e8rement les &#8220;<strong>fichiers internet temporaires<\/strong>&#8221; ou &#8220;<strong>cache<\/strong>&#8221; de votre navigateur internet :<\/p>\n<p>&gt; Si vous utilisez <strong>Firefox<\/strong>, cliquez sur l&#8217;onglet &#8220;<strong>Outils<\/strong>&#8220;, sous onglet &#8220;<strong>Supprimer l&#8217;historique r\u00e9cent<\/strong><b>\u2026<\/b>&#8220;, s\u00e9lectionnez &#8220;<strong>Cache<\/strong>&#8221; et cliquez sur <em><strong>Effacer maintenant<\/strong><\/em>.<\/p>\n<p>&gt; Si vous utilisez <strong>Internet Explorer<\/strong>, cliquez sur l&#8217;onglet &#8220;<strong>S\u00e9curit\u00e9<\/strong>&#8220;, sous onglet &#8220;<strong>Supprimer l&#8217;historique de navigation<\/strong><b>\u2026<\/b>&#8220;, s\u00e9lectionnez &#8220;<strong>Fichiers Internet temporaires<\/strong> &#8221; et cliquez sur <em><strong>Supprimer<\/strong><\/em>.<\/p>\n<p>&gt; Si vous utilisez <strong>Google\u00a0Chrome<\/strong>, appuyez plusieurs fois successivement sur la <strong>touche F5<\/strong> de votre clavier pour supprimer le cache.<\/p>\n<p>&nbsp;<\/p>\n<hr \/>\n<p style=\"text-align: center;\">Si votre probl\u00e8me persiste malgr\u00e9 tout, n&#8217;h\u00e9sitez pas \u00e0 contacter le <a href=\"\/\/www.cmonsite.fr\/contact.php\" target=\"_blank\" rel=\"noopener noreferrer\">support technique de CmonSite<\/a> en leur donnant le plus de pr\u00e9cisions possibles !<\/p>\n<hr \/>\n<p>&nbsp;<\/p>\n","protected":false},"excerpt":{"rendered":"<p>Mettez \u00e0 jour votre navigateur pour la s\u00e9curit\u00e9 et \u00e9viter des probl\u00e8mes d&#8217;affichage 1. Mettez \u00e0 jour votre navigateur internet r\u00e9guli\u00e8rement &gt; Si vous utilisez Firefox (nous vous le conseillons vivement !), cliquez sur le lien suivant et t\u00e9l\u00e9chargez la mise \u00e0 jour : Firefox &gt; Si vous utilisez Internet Explorer, la mise \u00e0 jour [&hellip;]<\/p>\n","protected":false},"author":1,"featured_media":17997,"parent":3024,"menu_order":4,"comment_status":"open","ping_status":"closed","template":"","meta":{"_helpful_status":1,"footnotes":""},"class_list":["post-1104","page","type-page","status-publish","has-post-thumbnail","hentry"],"_links":{"self":[{"href":"https:\/\/www.cmonsite.fr\/site\/wp-json\/wp\/v2\/pages\/1104","targetHints":{"allow":["GET"]}}],"collection":[{"href":"https:\/\/www.cmonsite.fr\/site\/wp-json\/wp\/v2\/pages"}],"about":[{"href":"https:\/\/www.cmonsite.fr\/site\/wp-json\/wp\/v2\/types\/page"}],"author":[{"embeddable":true,"href":"https:\/\/www.cmonsite.fr\/site\/wp-json\/wp\/v2\/users\/1"}],"replies":[{"embeddable":true,"href":"https:\/\/www.cmonsite.fr\/site\/wp-json\/wp\/v2\/comments?post=1104"}],"version-history":[{"count":1,"href":"https:\/\/www.cmonsite.fr\/site\/wp-json\/wp\/v2\/pages\/1104\/revisions"}],"predecessor-version":[{"id":21130,"href":"https:\/\/www.cmonsite.fr\/site\/wp-json\/wp\/v2\/pages\/1104\/revisions\/21130"}],"up":[{"embeddable":true,"href":"https:\/\/www.cmonsite.fr\/site\/wp-json\/wp\/v2\/pages\/3024"}],"wp:featuredmedia":[{"embeddable":true,"href":"https:\/\/www.cmonsite.fr\/site\/wp-json\/wp\/v2\/media\/17997"}],"wp:attachment":[{"href":"https:\/\/www.cmonsite.fr\/site\/wp-json\/wp\/v2\/media?parent=1104"}],"curies":[{"name":"wp","href":"https:\/\/api.w.org\/{rel}","templated":true}]}}