{"id":1082,"date":"2012-11-27T08:56:23","date_gmt":"2012-11-27T08:56:23","guid":{"rendered":"https:\/\/www.cmonsite.fr\/site\/aide\/?page_id=1082"},"modified":"2023-07-20T11:44:15","modified_gmt":"2023-07-20T09:44:15","slug":"inscription-gratuite","status":"publish","type":"page","link":"https:\/\/www.cmonsite.fr\/site\/aide\/astuces-informations\/informations-diverses\/inscription-gratuite","title":{"rendered":"S&#8217;inscrire \u00e0 CmonSite"},"content":{"rendered":"\t\t<div data-elementor-type=\"wp-page\" data-elementor-id=\"1082\" class=\"elementor elementor-1082\" data-elementor-post-type=\"page\">\n\t\t\t\t\t\t<section class=\"elementor-section elementor-top-section elementor-element elementor-element-100af5f3 elementor-section-boxed elementor-section-height-default elementor-section-height-default\" data-id=\"100af5f3\" data-element_type=\"section\" data-e-type=\"section\">\n\t\t\t\t\t\t<div class=\"elementor-container elementor-column-gap-default\">\n\t\t\t\t\t<div class=\"elementor-column elementor-col-100 elementor-top-column elementor-element elementor-element-ef554e9\" data-id=\"ef554e9\" data-element_type=\"column\" data-e-type=\"column\">\n\t\t\t<div class=\"elementor-widget-wrap elementor-element-populated\">\n\t\t\t\t\t\t<div class=\"elementor-element elementor-element-5a83f732 elementor-widget elementor-widget-text-editor\" data-id=\"5a83f732\" data-element_type=\"widget\" data-e-type=\"widget\" data-widget_type=\"text-editor.default\">\n\t\t\t\t<div class=\"elementor-widget-container\">\n\t\t\t\t\t\t\t\t\t<p style=\"text-align: center;\">Pour vous inscrire sur CmonSite.fr, cliquez simplement sur \u00ab<strong><a href=\"https:\/\/www.cmonsite.fr\/creer-un-site-gratuit.php\">Cr\u00e9er un site gratuit<\/a>\u00bb<\/strong>\u00a0en haut de la page d&#8217;accueil, remplissez ensuite le formulaire ci-dessous.<\/p><p>\u00a0<\/p><hr \/><p style=\"text-align: center;\"><span style=\"font-size: large;\">C&#8217;est parti, 2 minutes chrono !<\/span><\/p><hr \/><p><a href=\"https:\/\/www.cmonsite.fr\/creer-un-site\/wp-content\/uploads\/2020\/12\/inscription.jpg\"><img fetchpriority=\"high\" decoding=\"async\" class=\"size-full wp-image-14101 aligncenter\" src=\"https:\/\/www.cmonsite.fr\/creer-un-site\/wp-content\/uploads\/2020\/12\/inscription.jpg\" alt=\"\" width=\"851\" height=\"510\" srcset=\"https:\/\/www.cmonsite.fr\/site\/webup\/2020\/12\/inscription.jpg 851w, https:\/\/www.cmonsite.fr\/site\/webup\/2020\/12\/inscription-300x180.jpg 300w, https:\/\/www.cmonsite.fr\/site\/webup\/2020\/12\/inscription-768x460.jpg 768w\" sizes=\"(max-width: 851px) 100vw, 851px\" \/><\/a><\/p><p>Choisissez :<\/p><ul style=\"list-style-type: square;\"><li>\u00a0Le<strong> nom de votre site<\/strong>. Votre site s&#8217;appellera : www.nomdevotresite.cmonsite.fr<\/li><li>\u00a0Une <strong>adresse mail<\/strong> afin de pouvoir correspondre avec CmonSite et surtout de permettre aux Internautes de vous contacter via votre Page de Contact<\/li><li>\u00a0Un \u00ab<strong>pseudo de connexion\u00bb\u00a0<\/strong>appel\u00e9 aussi \u00ab<strong>login\u00bb<\/strong><\/li><li>\u00a0Un \u00ab<strong>mot de passe\u00bb<\/strong><\/li><li>\u00a0Un <strong>num\u00e9ro de t\u00e9l\u00e9phone<\/strong> si vous souhaitez que le support puisse vous appeler en cas de besoin<br \/><br \/><br \/><\/li><\/ul><p style=\"text-align: center;\"><span style=\"font-size: large;\">Attention, il est inutile de mentionner \u00ab www \u00bb ou .fr, dans le nom de votre site !<br \/><br \/><br \/><\/span><\/p><p>Enfin, vous devez prendre connaissance et accepter les <strong>Conditions G\u00e9n\u00e9rales d&#8217;Utilisation<\/strong> qui r\u00e9gissent la collaboration entre CmonSite et chaque Utilisateur.<\/p><p>Dans les minutes qui suivent, CmonSite vous envoie un mail pour confirmer et activer votre inscription.<\/p><p>Cette \u00e9tape nous permet d&#8217;\u00e9viter la cr\u00e9ation de sites fictifs ordonn\u00e9s par des robots !<\/p><p>\u00a0<\/p><hr \/><p style=\"text-align: center;\"><span style=\"font-size: medium;\">F\u00e9licitations ! Votre site internet est cr\u00e9\u00e9 et vous pouvez maintenant choisir la formule qui correspond le mieux \u00e0 vos besoins.<\/span><\/p><hr \/>\t\t\t\t\t\t\t\t<\/div>\n\t\t\t\t<\/div>\n\t\t\t\t<div class=\"elementor-element elementor-element-a1f07b3 elementor-widget elementor-widget-spacer\" data-id=\"a1f07b3\" data-element_type=\"widget\" data-e-type=\"widget\" data-widget_type=\"spacer.default\">\n\t\t\t\t<div class=\"elementor-widget-container\">\n\t\t\t\t\t\t\t<div class=\"elementor-spacer\">\n\t\t\t<div class=\"elementor-spacer-inner\"><\/div>\n\t\t<\/div>\n\t\t\t\t\t\t<\/div>\n\t\t\t\t<\/div>\n\t\t\t\t<div class=\"elementor-element elementor-element-fff3412 elementor-widget-divider--view-line elementor-widget elementor-widget-divider\" data-id=\"fff3412\" data-element_type=\"widget\" data-e-type=\"widget\" data-widget_type=\"divider.default\">\n\t\t\t\t<div class=\"elementor-widget-container\">\n\t\t\t\t\t\t\t<div class=\"elementor-divider\">\n\t\t\t<span class=\"elementor-divider-separator\">\n\t\t\t\t\t\t<\/span>\n\t\t<\/div>\n\t\t\t\t\t\t<\/div>\n\t\t\t\t<\/div>\n\t\t\t\t<div class=\"elementor-element elementor-element-a431f02 elementor-widget elementor-widget-spacer\" data-id=\"a431f02\" data-element_type=\"widget\" data-e-type=\"widget\" data-widget_type=\"spacer.default\">\n\t\t\t\t<div class=\"elementor-widget-container\">\n\t\t\t\t\t\t\t<div class=\"elementor-spacer\">\n\t\t\t<div class=\"elementor-spacer-inner\"><\/div>\n\t\t<\/div>\n\t\t\t\t\t\t<\/div>\n\t\t\t\t<\/div>\n\t\t\t\t<div class=\"elementor-element elementor-element-483a92b elementor-widget elementor-widget-text-editor\" data-id=\"483a92b\" data-element_type=\"widget\" data-e-type=\"widget\" data-widget_type=\"text-editor.default\">\n\t\t\t\t<div class=\"elementor-widget-container\">\n\t\t\t\t\t\t\t\t\t<p><b>D\u00e9couvrez comment d\u00e9buter votre premier site internet avec CmonSite, en vid\u00e9o :&nbsp;<\/b><\/p>\t\t\t\t\t\t\t\t<\/div>\n\t\t\t\t<\/div>\n\t\t\t\t\t<\/div>\n\t\t<\/div>\n\t\t\t\t\t<\/div>\n\t\t<\/section>\n\t\t\t\t<section class=\"elementor-section elementor-top-section elementor-element elementor-element-f6b84ad elementor-section-boxed elementor-section-height-default elementor-section-height-default\" data-id=\"f6b84ad\" data-element_type=\"section\" data-e-type=\"section\">\n\t\t\t\t\t\t<div class=\"elementor-container elementor-column-gap-default\">\n\t\t\t\t\t<div class=\"elementor-column elementor-col-50 elementor-top-column elementor-element elementor-element-a66dfff\" data-id=\"a66dfff\" data-element_type=\"column\" data-e-type=\"column\">\n\t\t\t<div class=\"elementor-widget-wrap elementor-element-populated\">\n\t\t\t\t\t\t<div class=\"elementor-element elementor-element-25562f1 elementor-widget elementor-widget-video\" data-id=\"25562f1\" data-element_type=\"widget\" data-e-type=\"widget\" data-settings=\"{&quot;youtube_url&quot;:&quot;https:\\\/\\\/www.youtube.com\\\/watch?v=f9r6QT1NmA4&quot;,&quot;video_type&quot;:&quot;youtube&quot;,&quot;controls&quot;:&quot;yes&quot;}\" data-widget_type=\"video.default\">\n\t\t\t\t<div class=\"elementor-widget-container\">\n\t\t\t\t\t\t\t<div class=\"elementor-wrapper elementor-open-inline\">\n\t\t\t<div class=\"elementor-video\"><\/div>\t\t<\/div>\n\t\t\t\t\t\t<\/div>\n\t\t\t\t<\/div>\n\t\t\t\t<div class=\"elementor-element elementor-element-4fbd622 elementor-widget elementor-widget-text-editor\" data-id=\"4fbd622\" data-element_type=\"widget\" data-e-type=\"widget\" data-widget_type=\"text-editor.default\">\n\t\t\t\t<div class=\"elementor-widget-container\">\n\t\t\t\t\t\t\t\t\t<p><u>D\u00e9couvrez votre nouvelle administration CmonSite<\/u><\/p>\t\t\t\t\t\t\t\t<\/div>\n\t\t\t\t<\/div>\n\t\t\t\t\t<\/div>\n\t\t<\/div>\n\t\t\t\t<div class=\"elementor-column elementor-col-50 elementor-top-column elementor-element elementor-element-98b5ef9\" data-id=\"98b5ef9\" data-element_type=\"column\" data-e-type=\"column\">\n\t\t\t<div class=\"elementor-widget-wrap elementor-element-populated\">\n\t\t\t\t\t\t<div class=\"elementor-element elementor-element-acc2d12 elementor-widget elementor-widget-video\" data-id=\"acc2d12\" data-element_type=\"widget\" data-e-type=\"widget\" data-settings=\"{&quot;youtube_url&quot;:&quot;https:\\\/\\\/www.youtube.com\\\/watch?v=2kkuMIJnwMo&amp;t=317s&quot;,&quot;video_type&quot;:&quot;youtube&quot;,&quot;controls&quot;:&quot;yes&quot;}\" data-widget_type=\"video.default\">\n\t\t\t\t<div class=\"elementor-widget-container\">\n\t\t\t\t\t\t\t<div class=\"elementor-wrapper elementor-open-inline\">\n\t\t\t<div class=\"elementor-video\"><\/div>\t\t<\/div>\n\t\t\t\t\t\t<\/div>\n\t\t\t\t<\/div>\n\t\t\t\t<div class=\"elementor-element elementor-element-66f2523 elementor-widget elementor-widget-text-editor\" data-id=\"66f2523\" data-element_type=\"widget\" data-e-type=\"widget\" data-widget_type=\"text-editor.default\">\n\t\t\t\t<div class=\"elementor-widget-container\">\n\t\t\t\t\t\t\t\t\t<p><u>Les premi\u00e8res \u00e9tapes de la cr\u00e9ation d&#8217;un site E-commerce<\/u><\/p>\t\t\t\t\t\t\t\t<\/div>\n\t\t\t\t<\/div>\n\t\t\t\t\t<\/div>\n\t\t<\/div>\n\t\t\t\t\t<\/div>\n\t\t<\/section>\n\t\t\t\t<\/div>\n\t\t","protected":false},"excerpt":{"rendered":"<p>Pour vous inscrire sur CmonSite.fr, cliquez simplement sur \u00abCr\u00e9er un site gratuit\u00bb\u00a0en haut de la page d&#8217;accueil, remplissez ensuite le formulaire ci-dessous. \u00a0 C&#8217;est parti, 2 minutes chrono ! Choisissez : \u00a0Le nom de votre site. Votre site s&#8217;appellera : www.nomdevotresite.cmonsite.fr \u00a0Une adresse mail afin de pouvoir correspondre avec CmonSite et surtout de permettre aux [&hellip;]<\/p>\n","protected":false},"author":1,"featured_media":17995,"parent":3024,"menu_order":1,"comment_status":"open","ping_status":"closed","template":"","meta":{"_helpful_status":1,"footnotes":""},"class_list":["post-1082","page","type-page","status-publish","has-post-thumbnail","hentry"],"_links":{"self":[{"href":"https:\/\/www.cmonsite.fr\/site\/wp-json\/wp\/v2\/pages\/1082","targetHints":{"allow":["GET"]}}],"collection":[{"href":"https:\/\/www.cmonsite.fr\/site\/wp-json\/wp\/v2\/pages"}],"about":[{"href":"https:\/\/www.cmonsite.fr\/site\/wp-json\/wp\/v2\/types\/page"}],"author":[{"embeddable":true,"href":"https:\/\/www.cmonsite.fr\/site\/wp-json\/wp\/v2\/users\/1"}],"replies":[{"embeddable":true,"href":"https:\/\/www.cmonsite.fr\/site\/wp-json\/wp\/v2\/comments?post=1082"}],"version-history":[{"count":4,"href":"https:\/\/www.cmonsite.fr\/site\/wp-json\/wp\/v2\/pages\/1082\/revisions"}],"predecessor-version":[{"id":25179,"href":"https:\/\/www.cmonsite.fr\/site\/wp-json\/wp\/v2\/pages\/1082\/revisions\/25179"}],"up":[{"embeddable":true,"href":"https:\/\/www.cmonsite.fr\/site\/wp-json\/wp\/v2\/pages\/3024"}],"wp:featuredmedia":[{"embeddable":true,"href":"https:\/\/www.cmonsite.fr\/site\/wp-json\/wp\/v2\/media\/17995"}],"wp:attachment":[{"href":"https:\/\/www.cmonsite.fr\/site\/wp-json\/wp\/v2\/media?parent=1082"}],"curies":[{"name":"wp","href":"https:\/\/api.w.org\/{rel}","templated":true}]}}