{"id":1068,"date":"2012-11-27T08:53:29","date_gmt":"2012-11-27T08:53:53","guid":{"rendered":"https:\/\/www.cmonsite.fr\/site\/aide\/?page_id=1068"},"modified":"2024-08-12T16:02:37","modified_gmt":"2024-08-12T14:02:37","slug":"titre-site","status":"publish","type":"page","link":"https:\/\/www.cmonsite.fr\/site\/aide\/design\/titre-site","title":{"rendered":"Changer le slogan de son site"},"content":{"rendered":"\t\t<div data-elementor-type=\"wp-page\" data-elementor-id=\"1068\" class=\"elementor elementor-1068\" data-elementor-post-type=\"page\">\n\t\t\t\t<div class=\"elementor-element elementor-element-73fedb1 e-flex e-con-boxed e-con e-parent\" data-id=\"73fedb1\" data-element_type=\"container\" data-e-type=\"container\">\n\t\t\t\t\t<div class=\"e-con-inner\">\n\t\t\t\t<div class=\"elementor-element elementor-element-dd98e5f elementor-widget elementor-widget-text-editor\" data-id=\"dd98e5f\" data-element_type=\"widget\" data-e-type=\"widget\" data-widget_type=\"text-editor.default\">\n\t\t\t\t<div class=\"elementor-widget-container\">\n\t\t\t\t\t\t\t\t\t<p style=\"text-align: center;\">Un slogan sur un site web est une courte phrase ou expression qui r\u00e9sume l&#8217;essence, un message, ou la valeur cl\u00e9 de l&#8217;entreprise, du produit ou du service pr\u00e9sent\u00e9 sur le site. Il est con\u00e7u pour donner une information importante et leur donner une id\u00e9e rapide de ce que propose l&#8217;entreprise ou ce qui la distingue de ses concurrents.<\/p><p>\u00a0<\/p><p>Deux m\u00e9thodes s&#8217;offrent \u00e0 vous pour pouvoir le modifier :<\/p>\t\t\t\t\t\t\t\t<\/div>\n\t\t\t\t<\/div>\n\t\t\t\t<div class=\"elementor-element elementor-element-59c04ad elementor-widget elementor-widget-spacer\" data-id=\"59c04ad\" data-element_type=\"widget\" data-e-type=\"widget\" data-widget_type=\"spacer.default\">\n\t\t\t\t<div class=\"elementor-widget-container\">\n\t\t\t\t\t\t\t<div class=\"elementor-spacer\">\n\t\t\t<div class=\"elementor-spacer-inner\"><\/div>\n\t\t<\/div>\n\t\t\t\t\t\t<\/div>\n\t\t\t\t<\/div>\n\t\t\t\t\t<\/div>\n\t\t\t\t<\/div>\n\t\t<div class=\"elementor-element elementor-element-ba5a124 e-flex e-con-boxed e-con e-parent\" data-id=\"ba5a124\" data-element_type=\"container\" data-e-type=\"container\">\n\t\t\t\t\t<div class=\"e-con-inner\">\n\t\t\t\t<div class=\"elementor-element elementor-element-8543444 elementor-widget elementor-widget-heading\" data-id=\"8543444\" data-element_type=\"widget\" data-e-type=\"widget\" data-widget_type=\"heading.default\">\n\t\t\t\t<div class=\"elementor-widget-container\">\n\t\t\t\t\t<h2 class=\"elementor-heading-title elementor-size-default\">1. Acc\u00e9dez \u00e0 l'insertion du texte d'en-t\u00eate<\/h2>\t\t\t\t<\/div>\n\t\t\t\t<\/div>\n\t\t\t\t\t<\/div>\n\t\t\t\t<\/div>\n\t\t<div class=\"elementor-element elementor-element-9a40f49 e-flex e-con-boxed e-con e-parent\" data-id=\"9a40f49\" data-element_type=\"container\" data-e-type=\"container\">\n\t\t\t\t\t<div class=\"e-con-inner\">\n\t\t\t\t<div class=\"elementor-element elementor-element-083bcb6 elementor-widget elementor-widget-text-editor\" data-id=\"083bcb6\" data-element_type=\"widget\" data-e-type=\"widget\" data-widget_type=\"text-editor.default\">\n\t\t\t\t<div class=\"elementor-widget-container\">\n\t\t\t\t\t\t\t\t\t<p>Vous avez le choix entre deux m\u00e9thodes. Depuis l&#8217;administration, allez dans la rubrique\u00a0\u00ab <strong>De<\/strong><strong>sign<\/strong> \u00bb, onglet \u00ab <strong>Slogan \/ Texte d\u2019ent\u00eate<\/strong> \u00bb. Celui-ci vous\u00a0permet d&#8217;afficher un texte d\u2019ent\u00eate au-dessus du menu de votre Site, par exemple un titre, ou un slogan. Vous pouvez modifier sa taille, sa couleur, sa police etc. Cependant vous ne pourrez pas en modifier l&#8217;emplacement.<\/p>\t\t\t\t\t\t\t\t<\/div>\n\t\t\t\t<\/div>\n\t\t\t\t\t<\/div>\n\t\t\t\t<\/div>\n\t\t<div class=\"elementor-element elementor-element-6a69e8c e-flex e-con-boxed e-con e-parent\" data-id=\"6a69e8c\" data-element_type=\"container\" data-e-type=\"container\">\n\t\t\t\t\t<div class=\"e-con-inner\">\n\t\t\t\t<div class=\"elementor-element elementor-element-21bc41f elementor-widget elementor-widget-image\" data-id=\"21bc41f\" data-element_type=\"widget\" data-e-type=\"widget\" data-widget_type=\"image.default\">\n\t\t\t\t<div class=\"elementor-widget-container\">\n\t\t\t\t\t\t\t\t\t\t\t\t\t\t\t<img fetchpriority=\"high\" decoding=\"async\" width=\"1181\" height=\"620\" src=\"https:\/\/www.cmonsite.fr\/site\/webup\/2024\/08\/Capture-decran-2024-08-09-173427.png\" class=\"attachment-full size-full wp-image-26922\" alt=\"\" srcset=\"https:\/\/www.cmonsite.fr\/site\/webup\/2024\/08\/Capture-decran-2024-08-09-173427.png 1181w, https:\/\/www.cmonsite.fr\/site\/webup\/2024\/08\/Capture-decran-2024-08-09-173427-300x157.png 300w, https:\/\/www.cmonsite.fr\/site\/webup\/2024\/08\/Capture-decran-2024-08-09-173427-1024x538.png 1024w, https:\/\/www.cmonsite.fr\/site\/webup\/2024\/08\/Capture-decran-2024-08-09-173427-768x403.png 768w\" sizes=\"(max-width: 1181px) 100vw, 1181px\" \/>\t\t\t\t\t\t\t\t\t\t\t\t\t\t\t<\/div>\n\t\t\t\t<\/div>\n\t\t\t\t\t<\/div>\n\t\t\t\t<\/div>\n\t\t<div class=\"elementor-element elementor-element-1aa6578 e-flex e-con-boxed e-con e-parent\" data-id=\"1aa6578\" data-element_type=\"container\" data-e-type=\"container\">\n\t\t\t\t\t<div class=\"e-con-inner\">\n\t\t\t\t<div class=\"elementor-element elementor-element-6e0cf4d elementor-widget elementor-widget-spacer\" data-id=\"6e0cf4d\" data-element_type=\"widget\" data-e-type=\"widget\" data-widget_type=\"spacer.default\">\n\t\t\t\t<div class=\"elementor-widget-container\">\n\t\t\t\t\t\t\t<div class=\"elementor-spacer\">\n\t\t\t<div class=\"elementor-spacer-inner\"><\/div>\n\t\t<\/div>\n\t\t\t\t\t\t<\/div>\n\t\t\t\t<\/div>\n\t\t\t\t<div class=\"elementor-element elementor-element-03c2a68 elementor-widget elementor-widget-heading\" data-id=\"03c2a68\" data-element_type=\"widget\" data-e-type=\"widget\" data-widget_type=\"heading.default\">\n\t\t\t\t<div class=\"elementor-widget-container\">\n\t\t\t\t\t<h2 class=\"elementor-heading-title elementor-size-default\">2. Ins\u00e9rez et modifiez votre texte d'en-t\u00eate<\/h2>\t\t\t\t<\/div>\n\t\t\t\t<\/div>\n\t\t\t\t\t<\/div>\n\t\t\t\t<\/div>\n\t\t<div class=\"elementor-element elementor-element-6807fc8 e-flex e-con-boxed e-con e-parent\" data-id=\"6807fc8\" data-element_type=\"container\" data-e-type=\"container\">\n\t\t\t\t\t<div class=\"e-con-inner\">\n\t\t\t\t<div class=\"elementor-element elementor-element-ffceaae elementor-widget elementor-widget-text-editor\" data-id=\"ffceaae\" data-element_type=\"widget\" data-e-type=\"widget\" data-widget_type=\"text-editor.default\">\n\t\t\t\t<div class=\"elementor-widget-container\">\n\t\t\t\t\t\t\t\t\t<p>Rendez-vous dans la rubrique \u00ab\u00a0 <strong>Design<\/strong>\u00a0\u00bb, onglet \u00ab\u00a0<strong>Personnaliser son design <\/strong>\u00bb. Sur le haut de votre site vous apercevrez Votre slogan, cliquez dessus pour faire appara\u00eetre le bandeau slogan.<\/p>\t\t\t\t\t\t\t\t<\/div>\n\t\t\t\t<\/div>\n\t\t\t\t\t<\/div>\n\t\t\t\t<\/div>\n\t\t<div class=\"elementor-element elementor-element-3f657ce e-flex e-con-boxed e-con e-parent\" data-id=\"3f657ce\" data-element_type=\"container\" data-e-type=\"container\">\n\t\t\t\t\t<div class=\"e-con-inner\">\n\t\t\t\t<div class=\"elementor-element elementor-element-be0a739 elementor-widget elementor-widget-image\" data-id=\"be0a739\" data-element_type=\"widget\" data-e-type=\"widget\" data-widget_type=\"image.default\">\n\t\t\t\t<div class=\"elementor-widget-container\">\n\t\t\t\t\t\t\t\t\t\t\t\t\t\t\t<img decoding=\"async\" width=\"1062\" height=\"740\" src=\"https:\/\/www.cmonsite.fr\/site\/webup\/2024\/08\/Capture-decran-2024-08-09-174430-1.png\" class=\"attachment-full size-full wp-image-26926\" alt=\"\" srcset=\"https:\/\/www.cmonsite.fr\/site\/webup\/2024\/08\/Capture-decran-2024-08-09-174430-1.png 1062w, https:\/\/www.cmonsite.fr\/site\/webup\/2024\/08\/Capture-decran-2024-08-09-174430-1-300x209.png 300w, https:\/\/www.cmonsite.fr\/site\/webup\/2024\/08\/Capture-decran-2024-08-09-174430-1-1024x714.png 1024w, https:\/\/www.cmonsite.fr\/site\/webup\/2024\/08\/Capture-decran-2024-08-09-174430-1-768x535.png 768w\" sizes=\"(max-width: 1062px) 100vw, 1062px\" \/>\t\t\t\t\t\t\t\t\t\t\t\t\t\t\t<\/div>\n\t\t\t\t<\/div>\n\t\t\t\t<div class=\"elementor-element elementor-element-74a03d5 elementor-widget elementor-widget-text-editor\" data-id=\"74a03d5\" data-element_type=\"widget\" data-e-type=\"widget\" data-widget_type=\"text-editor.default\">\n\t\t\t\t<div class=\"elementor-widget-container\">\n\t\t\t\t\t\t\t\t\t<p style=\"text-align: center;\"><strong>Maintenant vous pouvez modifier la typographie et le positionnement de votre slogan :<\/strong><\/p>\t\t\t\t\t\t\t\t<\/div>\n\t\t\t\t<\/div>\n\t\t\t\t\t<\/div>\n\t\t\t\t<\/div>\n\t\t<div class=\"elementor-element elementor-element-49711a2 e-grid e-con-boxed e-con e-parent\" data-id=\"49711a2\" data-element_type=\"container\" data-e-type=\"container\">\n\t\t\t\t\t<div class=\"e-con-inner\">\n\t\t\t\t<div class=\"elementor-element elementor-element-b77c202 elementor-widget elementor-widget-text-editor\" data-id=\"b77c202\" data-element_type=\"widget\" data-e-type=\"widget\" data-widget_type=\"text-editor.default\">\n\t\t\t\t<div class=\"elementor-widget-container\">\n\t\t\t\t\t\t\t\t\t<p>Depuis ces param\u00e8tres, vous avez la possibilit\u00e9 de <strong>personnaliser<\/strong> votre police de mani\u00e8re d\u00e9taill\u00e9e. Vous pouvez ajuster des \u00e9l\u00e9ments tels que les couleurs, la typographie, la taille, et bien d&#8217;autres aspects, vous permettant ainsi de cr\u00e9er un slogan qui refl\u00e8te parfaitement l&#8217;identit\u00e9 de votre marque. Cette personnalisation avanc\u00e9e vous offre la flexibilit\u00e9 n\u00e9cessaire pour harmoniser l&#8217;esth\u00e9tique de votre site avec votre image de marque.<\/p>\t\t\t\t\t\t\t\t<\/div>\n\t\t\t\t<\/div>\n\t\t\t\t<div class=\"elementor-element elementor-element-b7603b5 elementor-widget elementor-widget-image\" data-id=\"b7603b5\" data-element_type=\"widget\" data-e-type=\"widget\" data-widget_type=\"image.default\">\n\t\t\t\t<div class=\"elementor-widget-container\">\n\t\t\t\t\t\t\t\t\t\t\t\t\t\t\t<img decoding=\"async\" width=\"252\" height=\"525\" src=\"https:\/\/www.cmonsite.fr\/site\/webup\/2024\/08\/Capture-decran-2024-08-09-180500.png\" class=\"attachment-full size-full wp-image-26935\" alt=\"\" srcset=\"https:\/\/www.cmonsite.fr\/site\/webup\/2024\/08\/Capture-decran-2024-08-09-180500.png 252w, https:\/\/www.cmonsite.fr\/site\/webup\/2024\/08\/Capture-decran-2024-08-09-180500-144x300.png 144w\" sizes=\"(max-width: 252px) 100vw, 252px\" \/>\t\t\t\t\t\t\t\t\t\t\t\t\t\t\t<\/div>\n\t\t\t\t<\/div>\n\t\t\t\t\t<\/div>\n\t\t\t\t<\/div>\n\t\t<div class=\"elementor-element elementor-element-e50a757 e-flex e-con-boxed e-con e-parent\" data-id=\"e50a757\" data-element_type=\"container\" data-e-type=\"container\">\n\t\t\t\t\t<div class=\"e-con-inner\">\n\t\t<div class=\"elementor-element elementor-element-128f3ee e-grid e-con-full e-con e-child\" data-id=\"128f3ee\" data-element_type=\"container\" data-e-type=\"container\">\n\t\t\t\t<div class=\"elementor-element elementor-element-c09f4f1 elementor-widget elementor-widget-image\" data-id=\"c09f4f1\" data-element_type=\"widget\" data-e-type=\"widget\" data-widget_type=\"image.default\">\n\t\t\t\t<div class=\"elementor-widget-container\">\n\t\t\t\t\t\t\t\t\t\t\t\t\t\t\t<img loading=\"lazy\" decoding=\"async\" width=\"260\" height=\"646\" src=\"https:\/\/www.cmonsite.fr\/site\/webup\/2024\/08\/Capture-decran-2024-08-12-155319-1.png\" class=\"attachment-full size-full wp-image-26955\" alt=\"\" srcset=\"https:\/\/www.cmonsite.fr\/site\/webup\/2024\/08\/Capture-decran-2024-08-12-155319-1.png 260w, https:\/\/www.cmonsite.fr\/site\/webup\/2024\/08\/Capture-decran-2024-08-12-155319-1-121x300.png 121w\" sizes=\"(max-width: 260px) 100vw, 260px\" \/>\t\t\t\t\t\t\t\t\t\t\t\t\t\t\t<\/div>\n\t\t\t\t<\/div>\n\t\t\t\t<div class=\"elementor-element elementor-element-e1d37c1 elementor-widget elementor-widget-text-editor\" data-id=\"e1d37c1\" data-element_type=\"widget\" data-e-type=\"widget\" data-widget_type=\"text-editor.default\">\n\t\t\t\t<div class=\"elementor-widget-container\">\n\t\t\t\t\t\t\t\t\t<div class=\"flex-shrink-0 flex flex-col relative items-end\"><div><div class=\"pt-0\"><div class=\"gizmo-bot-avatar flex h-8 w-8 items-center justify-center overflow-hidden rounded-full\"><div class=\"relative p-1 rounded-sm flex items-center justify-center bg-token-main-surface-primary text-token-text-primary h-8 w-8\">\u00a0<\/div><\/div><\/div><\/div><\/div><div class=\"group\/conversation-turn relative flex w-full min-w-0 flex-col agent-turn\"><div class=\"flex-col gap-1 md:gap-3\"><div class=\"flex max-w-full flex-col flex-grow\"><div class=\"min-h-[20px] text-message flex w-full flex-col items-end gap-2 whitespace-pre-wrap break-words [.text-message+&amp;]:mt-5 overflow-x-auto\" dir=\"auto\" data-message-author-role=\"assistant\" data-message-id=\"7736bcfa-e6a3-4c68-bb73-d7f3c92c78ac\"><div class=\"flex w-full flex-col gap-1 empty:hidden first:pt-[3px]\"><div class=\"markdown prose w-full break-words dark:prose-invert light\"><p>Une fois votre typographie d\u00e9finie, vous avez \u00e9galement la possibilit\u00e9 de modifier sa position et ses marges pour ajuster pr\u00e9cis\u00e9ment <strong>l&#8217;emplacement<\/strong> de votre slogan. Que vous souhaitiez le placer \u00e0 gauche, au centre ou \u00e0 droite, ces options vous permettent de positionner votre slogan de mani\u00e8re optimale pour qu&#8217;il s&#8217;int\u00e8gre parfaitement au design de votre site et renforce votre message visuel.<\/p><\/div><\/div><\/div><\/div><\/div><\/div>\t\t\t\t\t\t\t\t<\/div>\n\t\t\t\t<\/div>\n\t\t\t\t<\/div>\n\t\t\t\t\t<\/div>\n\t\t\t\t<\/div>\n\t\t\t\t<\/div>\n\t\t","protected":false},"excerpt":{"rendered":"<p>Un slogan sur un site web est une courte phrase ou expression qui r\u00e9sume l&#8217;essence, un message, ou la valeur cl\u00e9 de l&#8217;entreprise, du produit ou du service pr\u00e9sent\u00e9 sur le site. Il est con\u00e7u pour donner une information importante et leur donner une id\u00e9e rapide de ce que propose l&#8217;entreprise ou ce qui la [&hellip;]<\/p>\n","protected":false},"author":1,"featured_media":18988,"parent":262,"menu_order":4,"comment_status":"open","ping_status":"closed","template":"","meta":{"_helpful_status":1,"footnotes":""},"class_list":["post-1068","page","type-page","status-publish","has-post-thumbnail","hentry"],"_links":{"self":[{"href":"https:\/\/www.cmonsite.fr\/site\/wp-json\/wp\/v2\/pages\/1068","targetHints":{"allow":["GET"]}}],"collection":[{"href":"https:\/\/www.cmonsite.fr\/site\/wp-json\/wp\/v2\/pages"}],"about":[{"href":"https:\/\/www.cmonsite.fr\/site\/wp-json\/wp\/v2\/types\/page"}],"author":[{"embeddable":true,"href":"https:\/\/www.cmonsite.fr\/site\/wp-json\/wp\/v2\/users\/1"}],"replies":[{"embeddable":true,"href":"https:\/\/www.cmonsite.fr\/site\/wp-json\/wp\/v2\/comments?post=1068"}],"version-history":[{"count":15,"href":"https:\/\/www.cmonsite.fr\/site\/wp-json\/wp\/v2\/pages\/1068\/revisions"}],"predecessor-version":[{"id":27001,"href":"https:\/\/www.cmonsite.fr\/site\/wp-json\/wp\/v2\/pages\/1068\/revisions\/27001"}],"up":[{"embeddable":true,"href":"https:\/\/www.cmonsite.fr\/site\/wp-json\/wp\/v2\/pages\/262"}],"wp:featuredmedia":[{"embeddable":true,"href":"https:\/\/www.cmonsite.fr\/site\/wp-json\/wp\/v2\/media\/18988"}],"wp:attachment":[{"href":"https:\/\/www.cmonsite.fr\/site\/wp-json\/wp\/v2\/media?parent=1068"}],"curies":[{"name":"wp","href":"https:\/\/api.w.org\/{rel}","templated":true}]}}