{"id":1065,"date":"2012-11-27T08:53:26","date_gmt":"2012-11-27T08:53:26","guid":{"rendered":"https:\/\/www.cmonsite.fr\/site\/aide\/?page_id=1065"},"modified":"2025-08-20T10:39:53","modified_gmt":"2025-08-20T08:39:53","slug":"logo-site","status":"publish","type":"page","link":"https:\/\/www.cmonsite.fr\/site\/aide\/design\/logo-site","title":{"rendered":"Ajouter un logo sur mon site"},"content":{"rendered":"\t\t<div data-elementor-type=\"wp-page\" data-elementor-id=\"1065\" class=\"elementor elementor-1065\" data-elementor-post-type=\"page\">\n\t\t\t\t\t\t<section class=\"elementor-section elementor-top-section elementor-element elementor-element-654731dd elementor-section-boxed elementor-section-height-default elementor-section-height-default\" data-id=\"654731dd\" data-element_type=\"section\" data-e-type=\"section\">\n\t\t\t\t\t\t<div class=\"elementor-container elementor-column-gap-default\">\n\t\t\t\t\t<div class=\"elementor-column elementor-col-100 elementor-top-column elementor-element elementor-element-19e4d9ef\" data-id=\"19e4d9ef\" data-element_type=\"column\" data-e-type=\"column\">\n\t\t\t<div class=\"elementor-widget-wrap elementor-element-populated\">\n\t\t\t\t\t\t<div class=\"elementor-element elementor-element-2faf41a elementor-widget elementor-widget-text-editor\" data-id=\"2faf41a\" data-element_type=\"widget\" data-e-type=\"widget\" data-widget_type=\"text-editor.default\">\n\t\t\t\t<div class=\"elementor-widget-container\">\n\t\t\t\t\t\t\t\t\t<p class=\"\" data-start=\"301\" data-end=\"478\">Un logo est un \u00e9l\u00e9ment essentiel pour donner une identit\u00e9 visuelle forte \u00e0 votre site. Il renforce la cr\u00e9dibilit\u00e9 de votre marque et offre une pr\u00e9sentation plus professionnelle.<\/p><p class=\"\" data-start=\"480\" data-end=\"585\">Sur CmonSite, vous pouvez facilement ajouter ou personnaliser votre logo, \u00e0 partir de la <strong data-start=\"569\" data-end=\"584\">formule Zen<\/strong>.<\/p>\t\t\t\t\t\t\t\t<\/div>\n\t\t\t\t<\/div>\n\t\t\t\t<div class=\"elementor-element elementor-element-043b096 elementor-widget elementor-widget-spacer\" data-id=\"043b096\" data-element_type=\"widget\" data-e-type=\"widget\" data-widget_type=\"spacer.default\">\n\t\t\t\t<div class=\"elementor-widget-container\">\n\t\t\t\t\t\t\t<div class=\"elementor-spacer\">\n\t\t\t<div class=\"elementor-spacer-inner\"><\/div>\n\t\t<\/div>\n\t\t\t\t\t\t<\/div>\n\t\t\t\t<\/div>\n\t\t\t\t<div class=\"elementor-element elementor-element-00aa79f elementor-widget elementor-widget-heading\" data-id=\"00aa79f\" data-element_type=\"widget\" data-e-type=\"widget\" data-widget_type=\"heading.default\">\n\t\t\t\t<div class=\"elementor-widget-container\">\n\t\t\t\t\t<h2 class=\"elementor-heading-title elementor-size-default\">\ud83c\udfaf Pourquoi ajouter un logo ?<\/h2>\t\t\t\t<\/div>\n\t\t\t\t<\/div>\n\t\t\t\t<div class=\"elementor-element elementor-element-ae8484e elementor-widget elementor-widget-spacer\" data-id=\"ae8484e\" data-element_type=\"widget\" data-e-type=\"widget\" data-widget_type=\"spacer.default\">\n\t\t\t\t<div class=\"elementor-widget-container\">\n\t\t\t\t\t\t\t<div class=\"elementor-spacer\">\n\t\t\t<div class=\"elementor-spacer-inner\"><\/div>\n\t\t<\/div>\n\t\t\t\t\t\t<\/div>\n\t\t\t\t<\/div>\n\t\t\t\t<div class=\"elementor-element elementor-element-e8c3ea4 elementor-widget elementor-widget-text-editor\" data-id=\"e8c3ea4\" data-element_type=\"widget\" data-e-type=\"widget\" data-widget_type=\"text-editor.default\">\n\t\t\t\t<div class=\"elementor-widget-container\">\n\t\t\t\t\t\t\t\t\t<ul data-start=\"626\" data-end=\"728\"><li class=\"\" data-start=\"626\" data-end=\"660\"><p class=\"\" data-start=\"628\" data-end=\"660\">\u2705 Renforce votre image de marque<\/p><\/li><li class=\"\" data-start=\"661\" data-end=\"692\"><p class=\"\" data-start=\"663\" data-end=\"692\">\u2705 Cr\u00e9e une coh\u00e9rence visuelle<\/p><\/li><li class=\"\" data-start=\"693\" data-end=\"728\"><p class=\"\" data-start=\"695\" data-end=\"728\">\u2705 Inspire confiance aux visiteurs<\/p><\/li><\/ul><p class=\"\" data-start=\"730\" data-end=\"855\">Vous avez une <strong data-start=\"744\" data-end=\"756\">enseigne<\/strong>, un <strong data-start=\"761\" data-end=\"772\">embl\u00e8me<\/strong>, une <strong data-start=\"778\" data-end=\"801\">signature graphique<\/strong> ? Utilisez-le pour marquer votre site \u00e0 votre image !<\/p>\t\t\t\t\t\t\t\t<\/div>\n\t\t\t\t<\/div>\n\t\t\t\t<div class=\"elementor-element elementor-element-b82599a elementor-widget elementor-widget-spacer\" data-id=\"b82599a\" data-element_type=\"widget\" data-e-type=\"widget\" data-widget_type=\"spacer.default\">\n\t\t\t\t<div class=\"elementor-widget-container\">\n\t\t\t\t\t\t\t<div class=\"elementor-spacer\">\n\t\t\t<div class=\"elementor-spacer-inner\"><\/div>\n\t\t<\/div>\n\t\t\t\t\t\t<\/div>\n\t\t\t\t<\/div>\n\t\t\t\t<div class=\"elementor-element elementor-element-2b113c7 elementor-widget elementor-widget-heading\" data-id=\"2b113c7\" data-element_type=\"widget\" data-e-type=\"widget\" data-widget_type=\"heading.default\">\n\t\t\t\t<div class=\"elementor-widget-container\">\n\t\t\t\t\t<h2 class=\"elementor-heading-title elementor-size-default\">2. Ajoutez un logo depuis le panneau Design<\/h2>\t\t\t\t<\/div>\n\t\t\t\t<\/div>\n\t\t\t\t<div class=\"elementor-element elementor-element-c1d8087 elementor-widget elementor-widget-spacer\" data-id=\"c1d8087\" data-element_type=\"widget\" data-e-type=\"widget\" data-widget_type=\"spacer.default\">\n\t\t\t\t<div class=\"elementor-widget-container\">\n\t\t\t\t\t\t\t<div class=\"elementor-spacer\">\n\t\t\t<div class=\"elementor-spacer-inner\"><\/div>\n\t\t<\/div>\n\t\t\t\t\t\t<\/div>\n\t\t\t\t<\/div>\n\t\t\t\t<div class=\"elementor-element elementor-element-fb0e814 elementor-widget elementor-widget-text-editor\" data-id=\"fb0e814\" data-element_type=\"widget\" data-e-type=\"widget\" data-widget_type=\"text-editor.default\">\n\t\t\t\t<div class=\"elementor-widget-container\">\n\t\t\t\t\t\t\t\t\t<ul data-start=\"626\" data-end=\"728\"><li class=\"\" data-start=\"626\" data-end=\"660\"><h3 class=\"\" data-start=\"928\" data-end=\"943\">\u00c9tapes :<\/h3><ol data-start=\"945\" data-end=\"1120\"><li class=\"\" data-start=\"945\" data-end=\"1007\"><p class=\"\" data-start=\"948\" data-end=\"1007\">Rendez-vous dans <strong data-start=\"965\" data-end=\"1007\">Administration &gt; Design &gt; Logo du site<\/strong><\/p><\/li><li class=\"\" data-start=\"1008\" data-end=\"1091\"><p class=\"\" data-start=\"1011\" data-end=\"1091\">Cliquez sur <strong data-start=\"1023\" data-end=\"1038\">\u201cAjouter votre logo\u201d<\/strong> pour s\u00e9lectionner votre fichier sur votre ordinateur<\/p><\/li><li class=\"\" data-start=\"1092\" data-end=\"1120\"><p class=\"\" data-start=\"1095\" data-end=\"1120\">Cliquez sur <strong data-start=\"1107\" data-end=\"1120\">\u201cEnvoyer\u201d<\/strong><\/p><\/li><\/ol><h3 class=\"\" data-start=\"1122\" data-end=\"1156\">\ud83d\udcc1 Format et recommandations :<\/h3><ul data-start=\"1157\" data-end=\"1346\"><li class=\"\" data-start=\"1157\" data-end=\"1195\"><p class=\"\" data-start=\"1159\" data-end=\"1195\"><strong data-start=\"1159\" data-end=\"1179\">Formats accept\u00e9s<\/strong> : JPG, PNG, GIF<\/p><\/li><li class=\"\" data-start=\"1196\" data-end=\"1246\"><p class=\"\" data-start=\"1198\" data-end=\"1246\"><strong data-start=\"1198\" data-end=\"1220\">Taille recommand\u00e9e<\/strong> : largeur <strong data-start=\"1231\" data-end=\"1246\">max. 200 px<\/strong><\/p><\/li><li class=\"\" data-start=\"1247\" data-end=\"1346\"><p class=\"\" data-start=\"1249\" data-end=\"1346\"><strong data-start=\"1249\" data-end=\"1280\">Fond transparent recommand\u00e9<\/strong> : utilisez un <strong data-start=\"1295\" data-end=\"1310\">PNG d\u00e9tour\u00e9<\/strong> si votre site n\u2019a pas un fond blanc<\/p><\/li><\/ul><p class=\"\" data-start=\"1348\" data-end=\"1424\">\ud83d\udccc Cette m\u00e9thode place automatiquement le logo <strong data-start=\"1395\" data-end=\"1415\">en haut \u00e0 gauche<\/strong> du site.<\/p><\/li><\/ul>\t\t\t\t\t\t\t\t<\/div>\n\t\t\t\t<\/div>\n\t\t\t\t<div class=\"elementor-element elementor-element-07242fc elementor-widget elementor-widget-spacer\" data-id=\"07242fc\" data-element_type=\"widget\" data-e-type=\"widget\" data-widget_type=\"spacer.default\">\n\t\t\t\t<div class=\"elementor-widget-container\">\n\t\t\t\t\t\t\t<div class=\"elementor-spacer\">\n\t\t\t<div class=\"elementor-spacer-inner\"><\/div>\n\t\t<\/div>\n\t\t\t\t\t\t<\/div>\n\t\t\t\t<\/div>\n\t\t\t\t<div class=\"elementor-element elementor-element-42987f7 elementor-widget elementor-widget-image\" data-id=\"42987f7\" data-element_type=\"widget\" data-e-type=\"widget\" data-widget_type=\"image.default\">\n\t\t\t\t<div class=\"elementor-widget-container\">\n\t\t\t\t\t\t\t\t\t\t\t\t\t\t\t<img fetchpriority=\"high\" decoding=\"async\" width=\"1231\" height=\"336\" src=\"https:\/\/www.cmonsite.fr\/site\/webup\/2025\/05\/Capture-decran-2025-05-12-104600.png\" class=\"attachment-full size-full wp-image-28242\" alt=\"\" srcset=\"https:\/\/www.cmonsite.fr\/site\/webup\/2025\/05\/Capture-decran-2025-05-12-104600.png 1231w, https:\/\/www.cmonsite.fr\/site\/webup\/2025\/05\/Capture-decran-2025-05-12-104600-300x82.png 300w, https:\/\/www.cmonsite.fr\/site\/webup\/2025\/05\/Capture-decran-2025-05-12-104600-1024x279.png 1024w, https:\/\/www.cmonsite.fr\/site\/webup\/2025\/05\/Capture-decran-2025-05-12-104600-768x210.png 768w\" sizes=\"(max-width: 1231px) 100vw, 1231px\" \/>\t\t\t\t\t\t\t\t\t\t\t\t\t\t\t<\/div>\n\t\t\t\t<\/div>\n\t\t\t\t<div class=\"elementor-element elementor-element-6c8806e elementor-widget elementor-widget-spacer\" data-id=\"6c8806e\" data-element_type=\"widget\" data-e-type=\"widget\" data-widget_type=\"spacer.default\">\n\t\t\t\t<div class=\"elementor-widget-container\">\n\t\t\t\t\t\t\t<div class=\"elementor-spacer\">\n\t\t\t<div class=\"elementor-spacer-inner\"><\/div>\n\t\t<\/div>\n\t\t\t\t\t\t<\/div>\n\t\t\t\t<\/div>\n\t\t\t\t<div class=\"elementor-element elementor-element-9c7af3c elementor-widget elementor-widget-heading\" data-id=\"9c7af3c\" data-element_type=\"widget\" data-e-type=\"widget\" data-widget_type=\"heading.default\">\n\t\t\t\t<div class=\"elementor-widget-container\">\n\t\t\t\t\t<h2 class=\"elementor-heading-title elementor-size-default\">3. Positionnez et redimensionnez le logo librement<\/h2>\t\t\t\t<\/div>\n\t\t\t\t<\/div>\n\t\t\t\t<div class=\"elementor-element elementor-element-67a9e5a elementor-widget elementor-widget-spacer\" data-id=\"67a9e5a\" data-element_type=\"widget\" data-e-type=\"widget\" data-widget_type=\"spacer.default\">\n\t\t\t\t<div class=\"elementor-widget-container\">\n\t\t\t\t\t\t\t<div class=\"elementor-spacer\">\n\t\t\t<div class=\"elementor-spacer-inner\"><\/div>\n\t\t<\/div>\n\t\t\t\t\t\t<\/div>\n\t\t\t\t<\/div>\n\t\t\t\t<div class=\"elementor-element elementor-element-1a65871a elementor-widget elementor-widget-text-editor\" data-id=\"1a65871a\" data-element_type=\"widget\" data-e-type=\"widget\" data-widget_type=\"text-editor.default\">\n\t\t\t\t<div class=\"elementor-widget-container\">\n\t\t\t\t\t\t\t\t\t<p class=\"\" data-start=\"1327\" data-end=\"1442\">Pour le placer <strong data-start=\"1342\" data-end=\"1378\">\u00e0 l\u2019endroit exact de votre choix<\/strong> dans le header, utilisez l\u2019outil de personnalisation du design.<\/p><h3 class=\"\" data-start=\"1444\" data-end=\"1455\">\ud83d\udccd O\u00f9 ?<\/h3><blockquote data-start=\"1456\" data-end=\"1512\"><p class=\"\" data-start=\"1458\" data-end=\"1512\"><strong data-start=\"1458\" data-end=\"1512\">Administration &gt; Design &gt; Personnaliser son design<\/strong><\/p><\/blockquote><h3 class=\"\" data-start=\"1514\" data-end=\"1529\">\u00c9tapes :<\/h3><ol data-start=\"1531\" data-end=\"2011\"><li class=\"\" data-start=\"1531\" data-end=\"1624\"><p class=\"\" data-start=\"1534\" data-end=\"1624\"><strong data-start=\"1534\" data-end=\"1567\">Choisissez d\u2019abord votre logo<\/strong> via l\u2019onglet <strong data-start=\"1581\" data-end=\"1599\">&#8220;Logo du site&#8221;<\/strong> (voir \u00e9tape 1 ci-dessus)<\/p><\/li><li class=\"\" data-start=\"1625\" data-end=\"1675\"><p class=\"\" data-start=\"1628\" data-end=\"1675\">Ensuite, acc\u00e9dez \u00e0 <strong data-start=\"1647\" data-end=\"1675\">Personnaliser son design<\/strong><\/p><\/li><li class=\"\" data-start=\"1676\" data-end=\"1725\"><p class=\"\" data-start=\"1679\" data-end=\"1725\">Une <strong data-start=\"1683\" data-end=\"1717\">pr\u00e9visualisation de votre site<\/strong> s\u2019ouvre<\/p><\/li><li class=\"\" data-start=\"1726\" data-end=\"1945\"><p class=\"\" data-start=\"1729\" data-end=\"1786\">Cliquez sur le logo dans l\u2019en-t\u00eate : vous pourrez alors :<\/p><ul data-start=\"1790\" data-end=\"1945\"><li class=\"\" data-start=\"1790\" data-end=\"1846\"><p class=\"\" data-start=\"1792\" data-end=\"1846\"><strong data-start=\"1794\" data-end=\"1819\">Le d\u00e9placer librement<\/strong> dans le header \u00e0 la souris<\/p><\/li><li class=\"\" data-start=\"1850\" data-end=\"1945\"><p class=\"\" data-start=\"1852\" data-end=\"1945\"><strong data-start=\"1856\" data-end=\"1877\">Remplacer l\u2019image<\/strong> \u00e0 tout moment avec le bouton <strong data-start=\"1907\" data-end=\"1930\">\u201cChoisir une image\u201d<\/strong> situ\u00e9 \u00e0 gauche<\/p><\/li><\/ul><\/li><li class=\"\" data-start=\"1946\" data-end=\"2011\"><p class=\"\" data-start=\"1949\" data-end=\"2011\">Cliquez sur <strong data-start=\"1961\" data-end=\"1978\">\u201cEnregistrer\u201d<\/strong> pour appliquer vos modifications<\/p><\/li><\/ol><p class=\"\" data-start=\"2013\" data-end=\"2099\">\ud83d\udccc Cette m\u00e9thode permet une <strong data-start=\"2041\" data-end=\"2081\">personnalisation totale du placement<\/strong>, m\u00eame sur mobile.<\/p>\t\t\t\t\t\t\t\t<\/div>\n\t\t\t\t<\/div>\n\t\t\t\t<div class=\"elementor-element elementor-element-ca5812a elementor-widget-divider--view-line elementor-widget elementor-widget-divider\" data-id=\"ca5812a\" data-element_type=\"widget\" data-e-type=\"widget\" data-widget_type=\"divider.default\">\n\t\t\t\t<div class=\"elementor-widget-container\">\n\t\t\t\t\t\t\t<div class=\"elementor-divider\">\n\t\t\t<span class=\"elementor-divider-separator\">\n\t\t\t\t\t\t<\/span>\n\t\t<\/div>\n\t\t\t\t\t\t<\/div>\n\t\t\t\t<\/div>\n\t\t\t\t<div class=\"elementor-element elementor-element-4241347 elementor-widget elementor-widget-text-editor\" data-id=\"4241347\" data-element_type=\"widget\" data-e-type=\"widget\" data-widget_type=\"text-editor.default\">\n\t\t\t\t<div class=\"elementor-widget-container\">\n\t\t\t\t\t\t\t\t\t<h3 data-start=\"2106\" data-end=\"2144\">\ud83d\udca1 Vous n\u2019avez pas encore de logo ?<\/h3><p class=\"\" data-start=\"2146\" data-end=\"2342\">CmonSite met \u00e0 votre disposition une <strong data-start=\"2183\" data-end=\"2217\">biblioth\u00e8que de logos gratuits<\/strong> \u00e0 utiliser librement.<br data-start=\"2239\" data-end=\"2242\" \/>Vous pouvez en choisir un rapidement pour commencer \u00e0 personnaliser votre site, m\u00eame sans graphiste.<\/p>\t\t\t\t\t\t\t\t<\/div>\n\t\t\t\t<\/div>\n\t\t\t\t\t<\/div>\n\t\t<\/div>\n\t\t\t\t\t<\/div>\n\t\t<\/section>\n\t\t\t\t<section class=\"elementor-section elementor-top-section elementor-element elementor-element-2cce8cd elementor-section-boxed elementor-section-height-default elementor-section-height-default\" data-id=\"2cce8cd\" data-element_type=\"section\" data-e-type=\"section\">\n\t\t\t\t\t\t<div class=\"elementor-container elementor-column-gap-default\">\n\t\t\t\t\t<div class=\"elementor-column elementor-col-100 elementor-top-column elementor-element elementor-element-1ad8966\" data-id=\"1ad8966\" data-element_type=\"column\" data-e-type=\"column\">\n\t\t\t<div class=\"elementor-widget-wrap elementor-element-populated\">\n\t\t\t\t\t\t<div class=\"elementor-element elementor-element-5b4ec76 elementor-widget-divider--view-line elementor-widget elementor-widget-divider\" data-id=\"5b4ec76\" data-element_type=\"widget\" data-e-type=\"widget\" data-widget_type=\"divider.default\">\n\t\t\t\t<div class=\"elementor-widget-container\">\n\t\t\t\t\t\t\t<div class=\"elementor-divider\">\n\t\t\t<span class=\"elementor-divider-separator\">\n\t\t\t\t\t\t<\/span>\n\t\t<\/div>\n\t\t\t\t\t\t<\/div>\n\t\t\t\t<\/div>\n\t\t\t\t<div class=\"elementor-element elementor-element-f307a58 elementor-widget elementor-widget-text-editor\" data-id=\"f307a58\" data-element_type=\"widget\" data-e-type=\"widget\" data-widget_type=\"text-editor.default\">\n\t\t\t\t<div class=\"elementor-widget-container\">\n\t\t\t\t\t\t\t\t\t<p style=\"font-family: Montserrat, Arial, sans-serif;\"><em>Voir dans la m\u00eame th\u00e9matique :<\/em><\/p><ul style=\"font-family: Montserrat, Arial, sans-serif;\"><li><a href=\"https:\/\/www.cmonsite.fr\/creer-un-site\/contenu-design-modules\/design\/personnalisation-design\/\" target=\"_blank\" rel=\"noopener noreferrer\">Outil de personnalisation des designs<\/a><\/li><li><a href=\"https:\/\/www.cmonsite.fr\/creer-un-site\/contenu-design-modules\/design\/titre-site\/\" target=\"_blank\" rel=\"noopener noreferrer\">Editer un texte d\u2019en-t\u00eate<\/a><\/li><li><a href=\"https:\/\/www.cmonsite.fr\/creer-un-site\/contenu-design-modules\/design\/banniere-site\/\" target=\"_blank\" rel=\"noopener noreferrer\">Insertion d\u2019une banni\u00e8re sur le haut du site<\/a><\/li><li><a href=\"https:\/\/www.cmonsite.fr\/creer-un-site\/contenu-design-modules\/design\/image-de-fond-site\/\" target=\"_blank\" rel=\"noopener noreferrer\">Ins\u00e9rer une image de fond<\/a><\/li><\/ul><p style=\"font-family: Montserrat, Arial, sans-serif;\">\u00a0<\/p>\t\t\t\t\t\t\t\t<\/div>\n\t\t\t\t<\/div>\n\t\t\t\t\t<\/div>\n\t\t<\/div>\n\t\t\t\t\t<\/div>\n\t\t<\/section>\n\t\t\t\t<\/div>\n\t\t","protected":false},"excerpt":{"rendered":"<p>Un logo est un \u00e9l\u00e9ment essentiel pour donner une identit\u00e9 visuelle forte \u00e0 votre site. Il renforce la cr\u00e9dibilit\u00e9 de votre marque et offre une pr\u00e9sentation plus professionnelle. Sur CmonSite, vous pouvez facilement ajouter ou personnaliser votre logo, \u00e0 partir de la formule Zen. \ud83c\udfaf Pourquoi ajouter un logo ? \u2705 Renforce votre image de [&hellip;]<\/p>\n","protected":false},"author":1,"featured_media":18514,"parent":262,"menu_order":3,"comment_status":"open","ping_status":"closed","template":"","meta":{"_helpful_status":1,"footnotes":""},"class_list":["post-1065","page","type-page","status-publish","has-post-thumbnail","hentry"],"_links":{"self":[{"href":"https:\/\/www.cmonsite.fr\/site\/wp-json\/wp\/v2\/pages\/1065","targetHints":{"allow":["GET"]}}],"collection":[{"href":"https:\/\/www.cmonsite.fr\/site\/wp-json\/wp\/v2\/pages"}],"about":[{"href":"https:\/\/www.cmonsite.fr\/site\/wp-json\/wp\/v2\/types\/page"}],"author":[{"embeddable":true,"href":"https:\/\/www.cmonsite.fr\/site\/wp-json\/wp\/v2\/users\/1"}],"replies":[{"embeddable":true,"href":"https:\/\/www.cmonsite.fr\/site\/wp-json\/wp\/v2\/comments?post=1065"}],"version-history":[{"count":20,"href":"https:\/\/www.cmonsite.fr\/site\/wp-json\/wp\/v2\/pages\/1065\/revisions"}],"predecessor-version":[{"id":28345,"href":"https:\/\/www.cmonsite.fr\/site\/wp-json\/wp\/v2\/pages\/1065\/revisions\/28345"}],"up":[{"embeddable":true,"href":"https:\/\/www.cmonsite.fr\/site\/wp-json\/wp\/v2\/pages\/262"}],"wp:featuredmedia":[{"embeddable":true,"href":"https:\/\/www.cmonsite.fr\/site\/wp-json\/wp\/v2\/media\/18514"}],"wp:attachment":[{"href":"https:\/\/www.cmonsite.fr\/site\/wp-json\/wp\/v2\/media?parent=1065"}],"curies":[{"name":"wp","href":"https:\/\/api.w.org\/{rel}","templated":true}]}}