{"id":1062,"date":"2012-11-27T08:52:39","date_gmt":"2012-11-27T08:52:39","guid":{"rendered":"https:\/\/www.cmonsite.fr\/site\/aide\/?page_id=1062"},"modified":"2024-03-19T17:20:06","modified_gmt":"2024-03-19T16:20:06","slug":"changer-design-site","status":"publish","type":"page","link":"https:\/\/www.cmonsite.fr\/site\/aide\/design\/changer-design-site","title":{"rendered":"Changer le design d&#8217;un site"},"content":{"rendered":"\t\t<div data-elementor-type=\"wp-page\" data-elementor-id=\"1062\" class=\"elementor elementor-1062\" data-elementor-post-type=\"page\">\n\t\t\t\t<div class=\"elementor-element elementor-element-39b074ed e-flex e-con-boxed e-con e-parent\" data-id=\"39b074ed\" data-element_type=\"container\" data-e-type=\"container\">\n\t\t\t\t\t<div class=\"e-con-inner\">\n\t\t\t\t<div class=\"elementor-element elementor-element-3b183f68 elementor-widget elementor-widget-text-editor\" data-id=\"3b183f68\" data-element_type=\"widget\" data-e-type=\"widget\" data-widget_type=\"text-editor.default\">\n\t\t\t\t<div class=\"elementor-widget-container\">\n\t\t\t\t\t\t\t\t\t<p>Vous pouvez changer de design \u00e0 tout moment, le contenu d\u00e9j\u00e0 r\u00e9alis\u00e9 s&#8217;adapte automatiquement !<\/p><table><tbody><tr><td><p><span style=\"font-size: x-large;\">1<\/span>. <strong>Acc\u00e9dez au choix de design<\/strong><\/p><p style=\"text-align: justify;\">Dans la rubrique \u00ab\u00a0<strong>Design<\/strong> \u00bb vous pouvez s\u00e9lectionner le design qui vous correspond le mieux, puis cliquez sur <em><strong>Choisir ce design<\/strong><\/em>.<\/p><p style=\"text-align: justify;\">INFO : Tous les nouveaux Designs CmonSite sont responsives, les plus anciens disposent d&#8217;une version mobile. De plus nos Designs les plus r\u00e9cents disposent du multi-affichage pour personnaliser encore plus votre site comme vous le voulez !<\/p><\/td><\/tr><\/tbody><\/table><p>\u00a0<\/p>\t\t\t\t\t\t\t\t<\/div>\n\t\t\t\t<\/div>\n\t\t\t\t<div class=\"elementor-element elementor-element-4f8485a elementor-widget elementor-widget-heading\" data-id=\"4f8485a\" data-element_type=\"widget\" data-e-type=\"widget\" data-widget_type=\"heading.default\">\n\t\t\t\t<div class=\"elementor-widget-container\">\n\t\t\t\t\t<h2 class=\"elementor-heading-title elementor-size-default\">Comment choisir votre design ?<\/h2>\t\t\t\t<\/div>\n\t\t\t\t<\/div>\n\t\t\t\t\t<\/div>\n\t\t\t\t<\/div>\n\t\t<div class=\"elementor-element elementor-element-94795ca e-flex e-con-boxed e-con e-parent\" data-id=\"94795ca\" data-element_type=\"container\" data-e-type=\"container\">\n\t\t\t\t\t<div class=\"e-con-inner\">\n\t\t\t\t<div class=\"elementor-element elementor-element-351b3a8 elementor-widget elementor-widget-spacer\" data-id=\"351b3a8\" data-element_type=\"widget\" data-e-type=\"widget\" data-widget_type=\"spacer.default\">\n\t\t\t\t<div class=\"elementor-widget-container\">\n\t\t\t\t\t\t\t<div class=\"elementor-spacer\">\n\t\t\t<div class=\"elementor-spacer-inner\"><\/div>\n\t\t<\/div>\n\t\t\t\t\t\t<\/div>\n\t\t\t\t<\/div>\n\t\t\t\t<div class=\"elementor-element elementor-element-37b5d0d elementor-widget elementor-widget-image\" data-id=\"37b5d0d\" data-element_type=\"widget\" data-e-type=\"widget\" data-widget_type=\"image.default\">\n\t\t\t\t<div class=\"elementor-widget-container\">\n\t\t\t\t\t\t\t\t\t\t\t\t\t\t\t<img fetchpriority=\"high\" decoding=\"async\" width=\"1286\" height=\"879\" src=\"https:\/\/www.cmonsite.fr\/site\/webup\/2024\/03\/Capture-decran-2024-03-18-173519.webp\" class=\"attachment-full size-full wp-image-26380\" alt=\"\" srcset=\"https:\/\/www.cmonsite.fr\/site\/webup\/2024\/03\/Capture-decran-2024-03-18-173519.webp 1286w, https:\/\/www.cmonsite.fr\/site\/webup\/2024\/03\/Capture-decran-2024-03-18-173519-300x205.webp 300w, https:\/\/www.cmonsite.fr\/site\/webup\/2024\/03\/Capture-decran-2024-03-18-173519-1024x700.webp 1024w, https:\/\/www.cmonsite.fr\/site\/webup\/2024\/03\/Capture-decran-2024-03-18-173519-768x525.webp 768w\" sizes=\"(max-width: 1286px) 100vw, 1286px\" \/>\t\t\t\t\t\t\t\t\t\t\t\t\t\t\t<\/div>\n\t\t\t\t<\/div>\n\t\t\t\t<div class=\"elementor-element elementor-element-417d429 elementor-widget elementor-widget-text-editor\" data-id=\"417d429\" data-element_type=\"widget\" data-e-type=\"widget\" data-widget_type=\"text-editor.default\">\n\t\t\t\t<div class=\"elementor-widget-container\">\n\t\t\t\t\t\t\t\t\t<p>Depuis cette page, vous pouvez choisir le design de votre site. En haut des propositions vous pouvez modifier les couleurs et \u00e0 gauche dans le bandeau lat\u00e9ral &#8220;Trouver l&#8217;inspiration&#8221; vous pouvez choisir les sites d&#8217;inspirations selon leurs th\u00e8mes.<\/p>\t\t\t\t\t\t\t\t<\/div>\n\t\t\t\t<\/div>\n\t\t\t\t<div class=\"elementor-element elementor-element-4407334 elementor-widget elementor-widget-text-editor\" data-id=\"4407334\" data-element_type=\"widget\" data-e-type=\"widget\" data-widget_type=\"text-editor.default\">\n\t\t\t\t<div class=\"elementor-widget-container\">\n\t\t\t\t\t\t\t\t\t<p style=\"text-align: center;\">\u00a0<span style=\"color: var( --e-global-color-text );\">Astuce : Pour visualiser un Design sans le choisir, cliquez sur la miniature (l&#8217;ic\u00f4ne loupe) du Design<\/span><\/p><p><img decoding=\"async\" class=\"wp-image-26382 aligncenter\" src=\"https:\/\/www.cmonsite.fr\/site\/webup\/2024\/03\/Capture-decran-2024-03-18-173813-300x284.png\" alt=\"\" width=\"302\" height=\"286\" \/><\/p>\t\t\t\t\t\t\t\t<\/div>\n\t\t\t\t<\/div>\n\t\t\t\t<div class=\"elementor-element elementor-element-9f883e3 elementor-widget elementor-widget-spacer\" data-id=\"9f883e3\" data-element_type=\"widget\" data-e-type=\"widget\" data-widget_type=\"spacer.default\">\n\t\t\t\t<div class=\"elementor-widget-container\">\n\t\t\t\t\t\t\t<div class=\"elementor-spacer\">\n\t\t\t<div class=\"elementor-spacer-inner\"><\/div>\n\t\t<\/div>\n\t\t\t\t\t\t<\/div>\n\t\t\t\t<\/div>\n\t\t\t\t\t<\/div>\n\t\t\t\t<\/div>\n\t\t<div class=\"elementor-element elementor-element-3769499 e-flex e-con-boxed e-con e-parent\" data-id=\"3769499\" data-element_type=\"container\" data-e-type=\"container\">\n\t\t\t\t\t<div class=\"e-con-inner\">\n\t\t\t\t<div class=\"elementor-element elementor-element-f9942bb elementor-widget elementor-widget-text-editor\" data-id=\"f9942bb\" data-element_type=\"widget\" data-e-type=\"widget\" data-widget_type=\"text-editor.default\">\n\t\t\t\t<div class=\"elementor-widget-container\">\n\t\t\t\t\t\t\t\t\t<p>Une fois que vous avez trouv\u00e9 votre design, vous pouvez appuyer sur le bouton bleu &#8220;s\u00e9lectionner ce th\u00e8me&#8221;, une pop up va appara\u00eetre. <br \/>Si vous souhaitez garder les informations que vous avez mis sur votre site (images, textes, &#8230;) cliquez sur le bouton vert &#8220;Non&#8221; sauf si vous voulez recommencer de z\u00e9ro avec le design voulu.<br \/>Afin de finaliser la mise en place, vous pouvez appuyer sur le bouton bleu &#8220;Installer le th\u00e8me&#8221;.<\/p>\t\t\t\t\t\t\t\t<\/div>\n\t\t\t\t<\/div>\n\t\t\t\t\t<\/div>\n\t\t\t\t<\/div>\n\t\t<div class=\"elementor-element elementor-element-246cebc e-flex e-con-boxed e-con e-parent\" data-id=\"246cebc\" data-element_type=\"container\" data-e-type=\"container\">\n\t\t\t\t\t<div class=\"e-con-inner\">\n\t\t\t\t<div class=\"elementor-element elementor-element-6c3706d elementor-widget elementor-widget-spacer\" data-id=\"6c3706d\" data-element_type=\"widget\" data-e-type=\"widget\" data-widget_type=\"spacer.default\">\n\t\t\t\t<div class=\"elementor-widget-container\">\n\t\t\t\t\t\t\t<div class=\"elementor-spacer\">\n\t\t\t<div class=\"elementor-spacer-inner\"><\/div>\n\t\t<\/div>\n\t\t\t\t\t\t<\/div>\n\t\t\t\t<\/div>\n\t\t\t\t<div class=\"elementor-element elementor-element-454c7b3 elementor-widget elementor-widget-image\" data-id=\"454c7b3\" data-element_type=\"widget\" data-e-type=\"widget\" data-widget_type=\"image.default\">\n\t\t\t\t<div class=\"elementor-widget-container\">\n\t\t\t\t\t\t\t\t\t\t\t\t\t\t\t<img decoding=\"async\" width=\"946\" height=\"161\" src=\"https:\/\/www.cmonsite.fr\/site\/webup\/2024\/03\/Capture-decran-2024-03-18-182810.png\" class=\"attachment-full size-full wp-image-26387\" alt=\"\" srcset=\"https:\/\/www.cmonsite.fr\/site\/webup\/2024\/03\/Capture-decran-2024-03-18-182810.png 946w, https:\/\/www.cmonsite.fr\/site\/webup\/2024\/03\/Capture-decran-2024-03-18-182810-300x51.png 300w, https:\/\/www.cmonsite.fr\/site\/webup\/2024\/03\/Capture-decran-2024-03-18-182810-768x131.png 768w\" sizes=\"(max-width: 946px) 100vw, 946px\" \/>\t\t\t\t\t\t\t\t\t\t\t\t\t\t\t<\/div>\n\t\t\t\t<\/div>\n\t\t\t\t<div class=\"elementor-element elementor-element-6c73f84 elementor-widget elementor-widget-image\" data-id=\"6c73f84\" data-element_type=\"widget\" data-e-type=\"widget\" data-widget_type=\"image.default\">\n\t\t\t\t<div class=\"elementor-widget-container\">\n\t\t\t\t\t\t\t\t\t\t\t\t\t\t\t<img loading=\"lazy\" decoding=\"async\" width=\"944\" height=\"187\" src=\"https:\/\/www.cmonsite.fr\/site\/webup\/2024\/03\/Capture-decran-2024-03-19-170803.webp\" class=\"attachment-full size-full wp-image-26396\" alt=\"\" srcset=\"https:\/\/www.cmonsite.fr\/site\/webup\/2024\/03\/Capture-decran-2024-03-19-170803.webp 944w, https:\/\/www.cmonsite.fr\/site\/webup\/2024\/03\/Capture-decran-2024-03-19-170803-300x59.webp 300w, https:\/\/www.cmonsite.fr\/site\/webup\/2024\/03\/Capture-decran-2024-03-19-170803-768x152.webp 768w\" sizes=\"(max-width: 944px) 100vw, 944px\" \/>\t\t\t\t\t\t\t\t\t\t\t\t\t\t\t<\/div>\n\t\t\t\t<\/div>\n\t\t\t\t<div class=\"elementor-element elementor-element-585f4c8 elementor-widget elementor-widget-text-editor\" data-id=\"585f4c8\" data-element_type=\"widget\" data-e-type=\"widget\" data-widget_type=\"text-editor.default\">\n\t\t\t\t<div class=\"elementor-widget-container\">\n\t\t\t\t\t\t\t\t\t<p>En choisissant oui, vous obtiendrez alors une sauvegarde de votre page d&#8217;accueil actuelle. Vous pouvez apercevoir cette page dans le module &#8220;Mes pages \/ Cat\u00e9gories&#8221;. Si vous souhaitez la remettre en page principale vous pouvez appuyer sur le bouton &#8220;page d&#8217;accueil&#8221;.<\/p>\t\t\t\t\t\t\t\t<\/div>\n\t\t\t\t<\/div>\n\t\t\t\t<div class=\"elementor-element elementor-element-6c09415 elementor-widget elementor-widget-image\" data-id=\"6c09415\" data-element_type=\"widget\" data-e-type=\"widget\" data-widget_type=\"image.default\">\n\t\t\t\t<div class=\"elementor-widget-container\">\n\t\t\t\t\t\t\t\t\t\t\t\t\t\t\t<img loading=\"lazy\" decoding=\"async\" width=\"911\" height=\"672\" src=\"https:\/\/www.cmonsite.fr\/site\/webup\/2024\/03\/Capture-decran-2024-03-19-171258.webp\" class=\"attachment-full size-full wp-image-26397\" alt=\"\" srcset=\"https:\/\/www.cmonsite.fr\/site\/webup\/2024\/03\/Capture-decran-2024-03-19-171258.webp 911w, https:\/\/www.cmonsite.fr\/site\/webup\/2024\/03\/Capture-decran-2024-03-19-171258-300x221.webp 300w, https:\/\/www.cmonsite.fr\/site\/webup\/2024\/03\/Capture-decran-2024-03-19-171258-768x567.webp 768w\" sizes=\"(max-width: 911px) 100vw, 911px\" \/>\t\t\t\t\t\t\t\t\t\t\t\t\t\t\t<\/div>\n\t\t\t\t<\/div>\n\t\t\t\t<div class=\"elementor-element elementor-element-2deae73 elementor-widget elementor-widget-text-editor\" data-id=\"2deae73\" data-element_type=\"widget\" data-e-type=\"widget\" data-widget_type=\"text-editor.default\">\n\t\t\t\t<div class=\"elementor-widget-container\">\n\t\t\t\t\t\t\t\t\t<p style=\"text-align: left;\">Vous avez des difficult\u00e9s \u00e0 trouver un design qui vous plait et \u00e0 harmoniser les couleurs ? N&#8217;oubliez pas la nouvelle option \u00ab <strong>Refonte graphique<\/strong>\u00a0\u00bb que vous propose la plateforme CmonSite, pour plus d&#8217;informations rendez-vous dans la cat\u00e9gorie \u00ab <b>Aide<\/b>\u00bb.<\/p><p>\u00a0<\/p><p><em>Voir dans la m\u00eame th\u00e9matique :<\/em><\/p><ul><li><a href=\"\/\/www.cmonsite.fr\/site\/aide\/contenu-design-modules\/design\/personnalisation-design\/\" target=\"_blank\" rel=\"noopener noreferrer\">Outil de personnalisation des designs<\/a><\/li><li><a href=\"\/\/www.cmonsite.fr\/site\/aide\/contenu-design-modules\/design\/logo-site\/\" target=\"_blank\" rel=\"noopener noreferrer\">Insertion d&#8217;un logo<\/a><\/li><li><a href=\"\/\/www.cmonsite.fr\/site\/aide\/contenu-design-modules\/design\/titre-site\/\" target=\"_blank\" rel=\"noopener noreferrer\">Editer un texte d&#8217;en-t\u00eate<\/a><\/li><li><a href=\"\/\/www.cmonsite.fr\/site\/aide\/contenu-design-modules\/design\/banniere-site\/\" target=\"_blank\" rel=\"noopener noreferrer\">Insertion d&#8217;une banni\u00e8re sur le haut du site<\/a><\/li><li><a href=\"\/\/www.cmonsite.fr\/site\/aide\/contenu-design-modules\/design\/image-de-fond-site\/\" target=\"_blank\" rel=\"noopener noreferrer\">Ins\u00e9rer une image de fond<\/a><\/li><\/ul>\t\t\t\t\t\t\t\t<\/div>\n\t\t\t\t<\/div>\n\t\t\t\t\t<\/div>\n\t\t\t\t<\/div>\n\t\t<div class=\"elementor-element elementor-element-25cf06a e-flex e-con-boxed e-con e-parent\" data-id=\"25cf06a\" data-element_type=\"container\" data-e-type=\"container\">\n\t\t\t\t\t<div class=\"e-con-inner\">\n\t\t\t\t\t<\/div>\n\t\t\t\t<\/div>\n\t\t\t\t<\/div>\n\t\t","protected":false},"excerpt":{"rendered":"<p>Vous pouvez changer de design \u00e0 tout moment, le contenu d\u00e9j\u00e0 r\u00e9alis\u00e9 s&#8217;adapte automatiquement ! 1. Acc\u00e9dez au choix de design Dans la rubrique \u00ab\u00a0Design \u00bb vous pouvez s\u00e9lectionner le design qui vous correspond le mieux, puis cliquez sur Choisir ce design. INFO : Tous les nouveaux Designs CmonSite sont responsives, les plus anciens disposent [&hellip;]<\/p>\n","protected":false},"author":1,"featured_media":18514,"parent":262,"menu_order":2,"comment_status":"open","ping_status":"closed","template":"","meta":{"_helpful_status":1,"footnotes":""},"class_list":["post-1062","page","type-page","status-publish","has-post-thumbnail","hentry"],"_links":{"self":[{"href":"https:\/\/www.cmonsite.fr\/site\/wp-json\/wp\/v2\/pages\/1062","targetHints":{"allow":["GET"]}}],"collection":[{"href":"https:\/\/www.cmonsite.fr\/site\/wp-json\/wp\/v2\/pages"}],"about":[{"href":"https:\/\/www.cmonsite.fr\/site\/wp-json\/wp\/v2\/types\/page"}],"author":[{"embeddable":true,"href":"https:\/\/www.cmonsite.fr\/site\/wp-json\/wp\/v2\/users\/1"}],"replies":[{"embeddable":true,"href":"https:\/\/www.cmonsite.fr\/site\/wp-json\/wp\/v2\/comments?post=1062"}],"version-history":[{"count":13,"href":"https:\/\/www.cmonsite.fr\/site\/wp-json\/wp\/v2\/pages\/1062\/revisions"}],"predecessor-version":[{"id":26400,"href":"https:\/\/www.cmonsite.fr\/site\/wp-json\/wp\/v2\/pages\/1062\/revisions\/26400"}],"up":[{"embeddable":true,"href":"https:\/\/www.cmonsite.fr\/site\/wp-json\/wp\/v2\/pages\/262"}],"wp:featuredmedia":[{"embeddable":true,"href":"https:\/\/www.cmonsite.fr\/site\/wp-json\/wp\/v2\/media\/18514"}],"wp:attachment":[{"href":"https:\/\/www.cmonsite.fr\/site\/wp-json\/wp\/v2\/media?parent=1062"}],"curies":[{"name":"wp","href":"https:\/\/api.w.org\/{rel}","templated":true}]}}