{"id":1035,"date":"2012-11-26T17:24:56","date_gmt":"2012-11-26T17:24:56","guid":{"rendered":"https:\/\/www.cmonsite.fr\/site\/aide\/?page_id=1035"},"modified":"2023-07-20T10:56:59","modified_gmt":"2023-07-20T08:56:59","slug":"editer-catalogue-produits-boutique","status":"publish","type":"page","link":"https:\/\/www.cmonsite.fr\/site\/aide\/gestion-des-produits\/editer-catalogue-produits-boutique","title":{"rendered":"\u00c9diter le catalogue produits \/ services de sa Boutique en Ligne"},"content":{"rendered":"\t\t<div data-elementor-type=\"wp-page\" data-elementor-id=\"1035\" class=\"elementor elementor-1035\" data-elementor-post-type=\"page\">\n\t\t\t\t\t\t<section class=\"elementor-section elementor-top-section elementor-element elementor-element-7256fccb elementor-section-boxed elementor-section-height-default elementor-section-height-default\" data-id=\"7256fccb\" data-element_type=\"section\" data-e-type=\"section\">\n\t\t\t\t\t\t<div class=\"elementor-container elementor-column-gap-default\">\n\t\t\t\t\t<div class=\"elementor-column elementor-col-100 elementor-top-column elementor-element elementor-element-26655261\" data-id=\"26655261\" data-element_type=\"column\" data-e-type=\"column\">\n\t\t\t<div class=\"elementor-widget-wrap elementor-element-populated\">\n\t\t\t\t\t\t<div class=\"elementor-element elementor-element-213ee05f elementor-widget elementor-widget-text-editor\" data-id=\"213ee05f\" data-element_type=\"widget\" data-e-type=\"widget\" data-widget_type=\"text-editor.default\">\n\t\t\t\t<div class=\"elementor-widget-container\">\n\t\t\t\t\t\t\t\t\t<p>Le service \u00ab <strong>Boutique<\/strong> \u00bb est un module disponible pour les Utilisateurs en formule Zen, formule Premium,&nbsp;ou en formule PRO.<\/p>\n<h2><span style=\"font-size: x-large;\">1<\/span>. Acc\u00e9dez \u00e0 la gestion de votre catalogue produit<\/h2>\n<p>Pour g\u00e9rer la gamme de produits \/ services que vous souhaitez vendre en ligne sur votre site,<br>allez dans la rubrique \u00ab <a href=\"https:\/\/www.cmonsite.fr\/list_tab.php\"><strong>Pages \/ Cat\u00e9gories<\/strong>&nbsp;<\/a>\u00bb, et cliquez sur la cat\u00e9gorie boutique o\u00f9 vous voulez ajouter des produits.<\/p>\n<hr>\n<p style=\"text-align: center;\"><span style=\"font-size: large;\">&nbsp;<\/span><\/p>\n<p style=\"text-align: center;\"><span style=\"font-size: large;\">Notez que votre catalogue ne sera pas&nbsp;<strong>visible<\/strong>&nbsp;sur votre site tant que vous n&#8217;aurez pas configur\u00e9 au moins&nbsp;<strong>un moyen de paiement<\/strong>&nbsp;et cr\u00e9\u00e9 au moins&nbsp;<strong>une fiche produit<\/strong>&nbsp;<strong>avec un titre, une image et un prix&nbsp;<\/strong>!<\/span><\/p>\n<p style=\"text-align: center;\"><span style=\"font-size: large;\">&nbsp;<\/span><\/p>\n<hr>\n<h2><span style=\"font-size: x-large;\">&nbsp;<\/span><\/h2>\n<h2><span style=\"font-size: x-large;\">&nbsp;<\/span><\/h2>\n<h2><span style=\"font-size: x-large;\">2<\/span>. Cr\u00e9ez et g\u00e9rez une cat\u00e9gorie produit<\/h2>\n<p style=\"text-align: center;\"><a href=\"https:\/\/www.cmonsite.fr\/creer-un-site\/wp-content\/uploads\/2020\/12\/menu-1.jpg\"><img fetchpriority=\"high\" decoding=\"async\" class=\"aligncenter wp-image-14278 size-full\" src=\"https:\/\/www.cmonsite.fr\/site\/webup\/2020\/12\/menu-1.jpg\" alt=\"\" width=\"907\" height=\"364\" srcset=\"https:\/\/www.cmonsite.fr\/site\/webup\/2020\/12\/menu-1.jpg 907w, https:\/\/www.cmonsite.fr\/site\/webup\/2020\/12\/menu-1-300x120.jpg 300w, https:\/\/www.cmonsite.fr\/site\/webup\/2020\/12\/menu-1-768x308.jpg 768w\" sizes=\"(max-width: 907px) 100vw, 907px\" \/><\/a><\/p>\n<p style=\"text-align: center;\">La liste ci-contre contient un certain nombre d&#8217;ic\u00f4nes, ayant chacun une fonction pour vous faciliter la vie !<\/p>\n<table class=\" aligncenter\" style=\"width: 960px;\" border=\"0\">\n<tbody>\n<tr>\n<td style=\"padding: 15px; width: 80px;\" valign=\"middle\"><a href=\"\/\/www.cmonsite.fr\/creer-un-site\/wp-content\/uploads\/2013\/03\/icon-page.png\"><img decoding=\"async\" class=\"alignnone wp-image-9710 size-full\" src=\"https:\/\/www.cmonsite.fr\/site\/webup\/2013\/03\/icon-page.png\" alt=\"icon-page\" width=\"75\" height=\"44\"><\/a><\/td>\n<td style=\"padding: 15px;\" valign=\"middle\"><span style=\"font-style: normal; line-height: 24px;\">vous permet d&#8217;ajouter un ic\u00f4ne devant vos pages<\/span><\/td>\n<\/tr>\n<tr>\n<td style=\"padding: 15px; width: 80px;\" valign=\"middle\"><img decoding=\"async\" class=\"aligncenter wp-image-8712 size-full\" src=\"https:\/\/www.cmonsite.fr\/site\/webup\/2012\/11\/deplacer.png\" alt=\"\" width=\"30\" height=\"24\"><\/td>\n<td style=\"padding: 15px;\" valign=\"middle\"><span style=\"font-style: normal; line-height: 24px;\">vous permet de <a href=\"\/\/www.cmonsite.fr\/creer-un-site\/contenu-design-modules\/contenu\/deplacer-pages\/\" target=\"_blank\" rel=\"noopener\">transformer une cat\u00e9gorie en sous-cat\u00e9gorie<\/a> et vice-versa<\/span><\/td>\n<\/tr>\n<tr>\n<td style=\"padding: 15px; width: 80px;\" valign=\"middle\"><a href=\"https:\/\/www.cmonsite.fr\/creer-un-site\/wp-content\/uploads\/2018\/05\/fleches.jpg\"><img loading=\"lazy\" decoding=\"async\" class=\"alignnone wp-image-11356 size-full\" src=\"https:\/\/www.cmonsite.fr\/site\/webup\/2018\/05\/fleches.jpg\" alt=\"\" width=\"98\" height=\"35\"><\/a><\/td>\n<td style=\"padding: 15px;\" valign=\"middle\">vous permet de <a href=\"\/\/www.cmonsite.fr\/creer-un-site\/contenu-design-modules\/contenu\/deplacer-pages\/\" target=\"_blank\" rel=\"noopener\">d\u00e9placer les cat\u00e9gories<\/a> comme bon vous semble<\/td>\n<\/tr>\n<tr>\n<td style=\"padding: 15px; width: 80px;\" valign=\"middle\"><a href=\"\/\/www.cmonsite.fr\/creer-un-site\/wp-content\/uploads\/2012\/11\/renomer.png\"><img loading=\"lazy\" decoding=\"async\" class=\"aligncenter wp-image-8714 size-full\" src=\"https:\/\/www.cmonsite.fr\/site\/webup\/2012\/11\/renomer.png\" alt=\"renomer\" width=\"27\" height=\"24\"><\/a><\/td>\n<td style=\"padding: 15px;\" valign=\"middle\">&nbsp;vous permet de <a href=\"\/\/www.cmonsite.fr\/creer-un-site\/boutique\/nom-categories-boutique\/\" target=\"_blank\" rel=\"noopener\">renommer la cat\u00e9gorie <\/a>souhait\u00e9e<\/td>\n<\/tr>\n<tr>\n<td style=\"padding: 15px; width: 80px;\" valign=\"middle\">&nbsp;<a href=\"\/\/www.cmonsite.fr\/creer-un-site\/wp-content\/uploads\/2012\/11\/m\u00e9ta.png\"><img loading=\"lazy\" decoding=\"async\" class=\"aligncenter wp-image-8715 size-full\" src=\"https:\/\/www.cmonsite.fr\/site\/webup\/2012\/11\/meta.png\" alt=\"m\u00e9ta\" width=\"31\" height=\"24\"><\/a><\/td>\n<td style=\"padding: 15px;\" valign=\"middle\">vous permet d&#8217;\u00e9diter les <a href=\"\/\/www.cmonsite.fr\/creer-un-site\/referencement\/metas-tags\/\" target=\"_blank\" rel=\"noopener\">balises m\u00e9tas tags<\/a> de chaque cat\u00e9gorie<\/td>\n<\/tr>\n<tr>\n<td style=\"padding: 15px; width: 80px;\" valign=\"middle\"><a href=\"\/\/www.cmonsite.fr\/creer-un-site\/wp-content\/uploads\/2012\/11\/mdp.png\"><img loading=\"lazy\" decoding=\"async\" class=\"aligncenter wp-image-8716 size-full\" src=\"https:\/\/www.cmonsite.fr\/site\/webup\/2012\/11\/mdp.png\" alt=\"mdp\" width=\"24\" height=\"24\"><\/a><\/td>\n<td style=\"padding: 15px;\" valign=\"middle\">vous permet de <a href=\"\/\/www.cmonsite.fr\/creer-un-site\/contenu-design-modules\/modules\/acces-mots-de-passe-site\/\" target=\"_blank\" rel=\"noopener\">verrouiller votre cat\u00e9gorie par un mot de passe<\/a><\/td>\n<\/tr>\n<tr>\n<td style=\"padding: 15px; width: 80px;\" valign=\"middle\">&nbsp;<a href=\"\/\/www.cmonsite.fr\/creer-un-site\/wp-content\/uploads\/2012\/11\/actif.png\"><img loading=\"lazy\" decoding=\"async\" class=\"aligncenter wp-image-8703 size-full\" src=\"https:\/\/www.cmonsite.fr\/site\/webup\/2012\/11\/actif.png\" alt=\"actif\" width=\"31\" height=\"26\"><\/a><\/td>\n<td style=\"padding: 15px;\" valign=\"middle\">vous permet d&#8217;activer ou de d\u00e9sactiver&nbsp;une page<\/td>\n<\/tr>\n<tr>\n<td style=\"padding: 15px; width: 80px;\" valign=\"middle\"><a href=\"\/\/www.cmonsite.fr\/creer-un-site\/wp-content\/uploads\/2012\/11\/supprimer.png\"><img loading=\"lazy\" decoding=\"async\" class=\"aligncenter wp-image-8717 size-full\" src=\"https:\/\/www.cmonsite.fr\/site\/webup\/2012\/11\/supprimer.png\" alt=\"supprimer\" width=\"26\" height=\"24\"><\/a><\/td>\n<td style=\"padding: 15px;\" valign=\"middle\">vous permet de supprimer la cat\u00e9gorie<\/td>\n<\/tr>\n<\/tbody>\n<\/table>\n<p>En dessous et au dessus de la liste de vos pages, s\u00e9lectionnez le type de page &#8220;<strong>Cr\u00e9er une cat\u00e9gorie boutique<\/strong>&#8221; et &nbsp;renseignez le nom de celle-ci dans l&#8217;encadr\u00e9 \u00ab&nbsp;<strong>Nom de la cat\u00e9gorie boutique <\/strong>\u00bb, &nbsp;puis cliquez sur \u00ab&nbsp;<strong>Ajouter<\/strong><em style=\"line-height: 24px;\">&nbsp;\u00bb.<\/em><\/p>\n<p><em style=\"line-height: 24px;\">&nbsp;<\/em><\/p>\n<p><em style=\"line-height: 24px;\">&nbsp;<\/em><\/p>\n<p><a href=\"https:\/\/www.cmonsite.fr\/creer-un-site\/wp-content\/uploads\/2020\/12\/creer-categorie-1.jpg\"><img loading=\"lazy\" decoding=\"async\" class=\"size-full wp-image-14277 aligncenter\" src=\"https:\/\/www.cmonsite.fr\/creer-un-site\/wp-content\/uploads\/2020\/12\/creer-categorie-1.jpg\" alt=\"\" width=\"1258\" height=\"158\" srcset=\"https:\/\/www.cmonsite.fr\/site\/webup\/2020\/12\/creer-categorie-1.jpg 1258w, https:\/\/www.cmonsite.fr\/site\/webup\/2020\/12\/creer-categorie-1-300x38.jpg 300w, https:\/\/www.cmonsite.fr\/site\/webup\/2020\/12\/creer-categorie-1-1024x129.jpg 1024w, https:\/\/www.cmonsite.fr\/site\/webup\/2020\/12\/creer-categorie-1-768x96.jpg 768w\" sizes=\"(max-width: 1258px) 100vw, 1258px\" \/><\/a><\/p>\n<h2><span style=\"font-size: x-large;\">&nbsp;<\/span><\/h2>\n<h2><span style=\"font-size: x-large;\">&nbsp;<\/span><\/h2>\n<h2><span style=\"font-size: x-large;\">3<\/span>. Mettez en avant vos produits sur votre page d&#8217;accueil<\/h2>\n<p>Vous pouvez \u00e9galement afficher&nbsp;des&nbsp;produits \/ services sur votre page d\u2019accueil, en cliquant sur la cat\u00e9gorie d\u00e9j\u00e0 cr\u00e9\u00e9e \u00ab&nbsp;<a href=\"\/\/www.cmonsite.fr\/gestion_produits_boutique.php\" target=\"_blank\" rel=\"noopener\"><strong>Accueil<\/strong>&nbsp;<\/a>\u00bb.<br>A cet endroit l\u00e0, vous avez un onglet &#8220;<strong>Mes produits<\/strong>&#8221; qui vous permet d&#8217;ajouter les produits \u00e0 mettre en avant.<br>Profitez-en pour mettre en valeur vos meilleures ventes ou vos produits en promotions !<\/p>\n<h2><span style=\"font-size: x-large;\">&nbsp;<\/span><\/h2>\n<h2><span style=\"font-size: x-large;\">&nbsp;<\/span><\/h2>\n<h2><span style=\"font-size: x-large;\">4<\/span>. Compl\u00e9tez vos cat\u00e9gories<\/h2>\n<p>Ainsi en cliquant sur \u00ab <strong>Accueil<\/strong> \u00bb ou la cat\u00e9gorie que vous avez pr\u00e9alablement cr\u00e9\u00e9e, vous pouvez ais\u00e9ment importer les photos de vos produits \/ services.<\/p>\n<p>Pour cr\u00e9er vos fiches produits, nous vous conseillons de suivre les instructions de la page suivante : <a href=\"\/\/www.cmonsite.fr\/creer-un-site\/boutique\/creer-une-fiche-produit\/\" target=\"_blank\" rel=\"noopener\">Comment cr\u00e9er une fiche produit ?<\/a><\/p>\n<p>Notez que chaque cat\u00e9gorie de produits \/ services peut contenir :<\/p>\n<p>&#8211; 16 produits pour la formule ZEN,<\/p>\n<p>&#8211; 32 produits pour la formule PREMIUM,<\/p>\n<p>&#8211; 200 produits pour la formule PRO.<\/p>\n<hr>\n<p style=\"text-align: center;\">Pour rappel, nous ne prenons aucune commission sur vos ventes : c\u2019est normal, vous gagnez ce que vous vendez !<\/p>\t\t\t\t\t\t\t\t<\/div>\n\t\t\t\t<\/div>\n\t\t\t\t<div class=\"elementor-element elementor-element-0a5b7b8 elementor-widget elementor-widget-spacer\" data-id=\"0a5b7b8\" data-element_type=\"widget\" data-e-type=\"widget\" data-widget_type=\"spacer.default\">\n\t\t\t\t<div class=\"elementor-widget-container\">\n\t\t\t\t\t\t\t<div class=\"elementor-spacer\">\n\t\t\t<div class=\"elementor-spacer-inner\"><\/div>\n\t\t<\/div>\n\t\t\t\t\t\t<\/div>\n\t\t\t\t<\/div>\n\t\t\t\t<div class=\"elementor-element elementor-element-d03e2b6 elementor-widget-divider--view-line elementor-widget elementor-widget-divider\" data-id=\"d03e2b6\" data-element_type=\"widget\" data-e-type=\"widget\" data-widget_type=\"divider.default\">\n\t\t\t\t<div class=\"elementor-widget-container\">\n\t\t\t\t\t\t\t<div class=\"elementor-divider\">\n\t\t\t<span class=\"elementor-divider-separator\">\n\t\t\t\t\t\t<\/span>\n\t\t<\/div>\n\t\t\t\t\t\t<\/div>\n\t\t\t\t<\/div>\n\t\t\t\t<div class=\"elementor-element elementor-element-c13b41b elementor-widget elementor-widget-text-editor\" data-id=\"c13b41b\" data-element_type=\"widget\" data-e-type=\"widget\" data-widget_type=\"text-editor.default\">\n\t\t\t\t<div class=\"elementor-widget-container\">\n\t\t\t\t\t\t\t\t\t<p><strong>Retrouvez \u00e9galement toutes les \u00e9tapes de la cr\u00e9ation d&#8217;un site E-commerce avec CmonSite, en vid\u00e9o<\/strong><\/p>\t\t\t\t\t\t\t\t<\/div>\n\t\t\t\t<\/div>\n\t\t\t\t\t<\/div>\n\t\t<\/div>\n\t\t\t\t\t<\/div>\n\t\t<\/section>\n\t\t\t\t<section class=\"elementor-section elementor-top-section elementor-element elementor-element-c011aa9 elementor-section-boxed elementor-section-height-default elementor-section-height-default\" data-id=\"c011aa9\" data-element_type=\"section\" data-e-type=\"section\">\n\t\t\t\t\t\t<div class=\"elementor-container elementor-column-gap-default\">\n\t\t\t\t\t<div class=\"elementor-column elementor-col-33 elementor-top-column elementor-element elementor-element-6a86365\" data-id=\"6a86365\" data-element_type=\"column\" data-e-type=\"column\">\n\t\t\t<div class=\"elementor-widget-wrap\">\n\t\t\t\t\t\t\t<\/div>\n\t\t<\/div>\n\t\t\t\t<div class=\"elementor-column elementor-col-33 elementor-top-column elementor-element elementor-element-6845838\" data-id=\"6845838\" data-element_type=\"column\" data-e-type=\"column\">\n\t\t\t<div class=\"elementor-widget-wrap elementor-element-populated\">\n\t\t\t\t\t\t<div class=\"elementor-element elementor-element-909c746 elementor-widget elementor-widget-video\" data-id=\"909c746\" data-element_type=\"widget\" data-e-type=\"widget\" data-settings=\"{&quot;youtube_url&quot;:&quot;https:\\\/\\\/www.youtube.com\\\/watch?v=2kkuMIJnwMo&amp;t=313s&quot;,&quot;video_type&quot;:&quot;youtube&quot;,&quot;controls&quot;:&quot;yes&quot;}\" data-widget_type=\"video.default\">\n\t\t\t\t<div class=\"elementor-widget-container\">\n\t\t\t\t\t\t\t<div class=\"elementor-wrapper elementor-open-inline\">\n\t\t\t<div class=\"elementor-video\"><\/div>\t\t<\/div>\n\t\t\t\t\t\t<\/div>\n\t\t\t\t<\/div>\n\t\t\t\t\t<\/div>\n\t\t<\/div>\n\t\t\t\t<div class=\"elementor-column elementor-col-33 elementor-top-column elementor-element elementor-element-c8a8639\" data-id=\"c8a8639\" data-element_type=\"column\" data-e-type=\"column\">\n\t\t\t<div class=\"elementor-widget-wrap\">\n\t\t\t\t\t\t\t<\/div>\n\t\t<\/div>\n\t\t\t\t\t<\/div>\n\t\t<\/section>\n\t\t\t\t<section class=\"elementor-section elementor-top-section elementor-element elementor-element-392714c elementor-section-boxed elementor-section-height-default elementor-section-height-default\" data-id=\"392714c\" data-element_type=\"section\" data-e-type=\"section\">\n\t\t\t\t\t\t<div class=\"elementor-container elementor-column-gap-default\">\n\t\t\t\t\t<div class=\"elementor-column elementor-col-100 elementor-top-column elementor-element elementor-element-6172219\" data-id=\"6172219\" data-element_type=\"column\" data-e-type=\"column\">\n\t\t\t<div class=\"elementor-widget-wrap elementor-element-populated\">\n\t\t\t\t\t\t<div class=\"elementor-element elementor-element-a25aaad elementor-widget-divider--view-line elementor-widget elementor-widget-divider\" data-id=\"a25aaad\" data-element_type=\"widget\" data-e-type=\"widget\" data-widget_type=\"divider.default\">\n\t\t\t\t<div class=\"elementor-widget-container\">\n\t\t\t\t\t\t\t<div class=\"elementor-divider\">\n\t\t\t<span class=\"elementor-divider-separator\">\n\t\t\t\t\t\t<\/span>\n\t\t<\/div>\n\t\t\t\t\t\t<\/div>\n\t\t\t\t<\/div>\n\t\t\t\t<div class=\"elementor-element elementor-element-a921ffe elementor-widget elementor-widget-text-editor\" data-id=\"a921ffe\" data-element_type=\"widget\" data-e-type=\"widget\" data-widget_type=\"text-editor.default\">\n\t\t\t\t<div class=\"elementor-widget-container\">\n\t\t\t\t\t\t\t\t\t<p style=\"color: #7a7a7a;\">Voir aussi dans la m\u00eame th\u00e9matique :<\/p><ul style=\"color: #7a7a7a;\"><li style=\"list-style-type: none;\"><ul><li><a href=\"https:\/\/www.cmonsite.fr\/creer-un-site\/boutique\/creer-une-fiche-produit\/\" target=\"_blank\" rel=\"noopener\">Cr\u00e9er une fiche produit<\/a><\/li><li><a href=\"https:\/\/www.cmonsite.fr\/creer-un-site\/boutique\/presentation-module-boutique-en-ligne\/\" target=\"_blank\" rel=\"noopener\">A\u00a0propos du module boutique<\/a><\/li><li><a href=\"https:\/\/www.cmonsite.fr\/creer-un-site\/boutique\/configurer-moyens-de-paiement-boutique\/\" target=\"_blank\" rel=\"noopener\">G\u00e9rer les moyens de paiements<\/a><\/li><\/ul><\/li><\/ul>\t\t\t\t\t\t\t\t<\/div>\n\t\t\t\t<\/div>\n\t\t\t\t\t<\/div>\n\t\t<\/div>\n\t\t\t\t\t<\/div>\n\t\t<\/section>\n\t\t\t\t<\/div>\n\t\t","protected":false},"excerpt":{"rendered":"<p>Le service \u00ab Boutique \u00bb est un module disponible pour les Utilisateurs en formule Zen, formule Premium,&nbsp;ou en formule PRO. 1. Acc\u00e9dez \u00e0 la gestion de votre catalogue produit Pour g\u00e9rer la gamme de produits \/ services que vous souhaitez vendre en ligne sur votre site,allez dans la rubrique \u00ab Pages \/ Cat\u00e9gories&nbsp;\u00bb, et cliquez [&hellip;]<\/p>\n","protected":false},"author":1,"featured_media":18038,"parent":24736,"menu_order":20,"comment_status":"open","ping_status":"closed","template":"","meta":{"_helpful_status":1,"footnotes":""},"class_list":["post-1035","page","type-page","status-publish","has-post-thumbnail","hentry"],"_links":{"self":[{"href":"https:\/\/www.cmonsite.fr\/site\/wp-json\/wp\/v2\/pages\/1035","targetHints":{"allow":["GET"]}}],"collection":[{"href":"https:\/\/www.cmonsite.fr\/site\/wp-json\/wp\/v2\/pages"}],"about":[{"href":"https:\/\/www.cmonsite.fr\/site\/wp-json\/wp\/v2\/types\/page"}],"author":[{"embeddable":true,"href":"https:\/\/www.cmonsite.fr\/site\/wp-json\/wp\/v2\/users\/1"}],"replies":[{"embeddable":true,"href":"https:\/\/www.cmonsite.fr\/site\/wp-json\/wp\/v2\/comments?post=1035"}],"version-history":[{"count":7,"href":"https:\/\/www.cmonsite.fr\/site\/wp-json\/wp\/v2\/pages\/1035\/revisions"}],"predecessor-version":[{"id":25008,"href":"https:\/\/www.cmonsite.fr\/site\/wp-json\/wp\/v2\/pages\/1035\/revisions\/25008"}],"up":[{"embeddable":true,"href":"https:\/\/www.cmonsite.fr\/site\/wp-json\/wp\/v2\/pages\/24736"}],"wp:featuredmedia":[{"embeddable":true,"href":"https:\/\/www.cmonsite.fr\/site\/wp-json\/wp\/v2\/media\/18038"}],"wp:attachment":[{"href":"https:\/\/www.cmonsite.fr\/site\/wp-json\/wp\/v2\/media?parent=1035"}],"curies":[{"name":"wp","href":"https:\/\/api.w.org\/{rel}","templated":true}]}}