{"id":10345,"date":"2017-05-19T17:04:29","date_gmt":"2017-05-19T15:04:24","guid":{"rendered":"https:\/\/www.cmonsite.fr\/site\/aide\/?page_id=10345"},"modified":"2023-07-20T10:55:13","modified_gmt":"2023-07-20T08:55:13","slug":"gerer-stocks-produits","status":"publish","type":"page","link":"https:\/\/www.cmonsite.fr\/site\/aide\/gestion-des-produits\/gerer-stocks-produits","title":{"rendered":"Comment g\u00e9rer les stocks de mes produits ?"},"content":{"rendered":"\t\t<div data-elementor-type=\"wp-page\" data-elementor-id=\"10345\" class=\"elementor elementor-10345\" data-elementor-post-type=\"page\">\n\t\t\t\t\t\t<section class=\"elementor-section elementor-top-section elementor-element elementor-element-618f5aa1 elementor-section-boxed elementor-section-height-default elementor-section-height-default\" data-id=\"618f5aa1\" data-element_type=\"section\" data-e-type=\"section\">\n\t\t\t\t\t\t<div class=\"elementor-container elementor-column-gap-default\">\n\t\t\t\t\t<div class=\"elementor-column elementor-col-100 elementor-top-column elementor-element elementor-element-6e70350c\" data-id=\"6e70350c\" data-element_type=\"column\" data-e-type=\"column\">\n\t\t\t<div class=\"elementor-widget-wrap elementor-element-populated\">\n\t\t\t\t\t\t<div class=\"elementor-element elementor-element-5db9fd3e elementor-widget elementor-widget-text-editor\" data-id=\"5db9fd3e\" data-element_type=\"widget\" data-e-type=\"widget\" data-widget_type=\"text-editor.default\">\n\t\t\t\t<div class=\"elementor-widget-container\">\n\t\t\t\t\t\t\t\t\t<p>En cr\u00e9ant une boutique avec <em><strong>CmonSite<\/strong><\/em>, vous avez acc\u00e8s \u00e0 un module permettant de g\u00e9rer vos stock.<\/p><p>D\u00e9couvrez comment visualiser et modifier\u00a0sur une seule page\u00a0toutes les quantit\u00e9s de vos produits.\u00a0Vous avez \u00e9galement la possibilit\u00e9 de modifier la m\u00e9thode de d\u00e9cr\u00e9mentation de votre stock.<\/p><p><a href=\"\/\/www.cmonsite.fr\/messtocks.php\">Acc\u00e9der au module de gestion des stocks\u00a0CmonSite<\/a><\/p><h2>Comment g\u00e9rer les stocks sur CmonSite\u00a0?<\/h2><p>1 &#8211; Pour acc\u00e9der au module de gestion des stocks, cliquez sur le lien &#8220;<a href=\"https:\/\/www.cmonsite.fr\/messtocks.php\"><strong><em>Stocks produits<\/em><\/strong><\/a>&#8221; dans l&#8217;onglet &#8220;<strong><em>Boutique<\/em><\/strong>&#8221; du menu principal.<\/p><p><a href=\"https:\/\/www.cmonsite.fr\/creer-un-site\/wp-content\/uploads\/2020\/12\/menu-2.jpg\"><img fetchpriority=\"high\" decoding=\"async\" class=\"size-full wp-image-14371 aligncenter\" src=\"https:\/\/www.cmonsite.fr\/creer-un-site\/wp-content\/uploads\/2020\/12\/menu-2.jpg\" alt=\"\" width=\"1223\" height=\"463\" srcset=\"https:\/\/www.cmonsite.fr\/site\/webup\/2020\/12\/menu-2.jpg 1223w, https:\/\/www.cmonsite.fr\/site\/webup\/2020\/12\/menu-2-300x114.jpg 300w, https:\/\/www.cmonsite.fr\/site\/webup\/2020\/12\/menu-2-1024x388.jpg 1024w, https:\/\/www.cmonsite.fr\/site\/webup\/2020\/12\/menu-2-768x291.jpg 768w\" sizes=\"(max-width: 1223px) 100vw, 1223px\" \/><\/a><\/p><p>2 &#8211; Dans un premier temps, vous pouvez d\u00e9terminer si vous souhaitez d\u00e9cr\u00e9menter votre stock :<\/p><ul><li>Lors de la r\u00e9ception du paiement d&#8217;une commande<\/li><li>Lorsqu&#8217;un client cr\u00e9e un commande, qu&#8217;elle soit pay\u00e9e ou non.<\/li><\/ul><p>N&#8217;oubliez pas\u00a0d&#8217;enregistrer une fois que vous aurez fait votre choix.<\/p><p><a href=\"https:\/\/www.cmonsite.fr\/creer-un-site\/wp-content\/uploads\/2020\/12\/decrementation.png\"><img decoding=\"async\" class=\"size-full wp-image-14369 aligncenter\" src=\"https:\/\/www.cmonsite.fr\/creer-un-site\/wp-content\/uploads\/2020\/12\/decrementation.png\" alt=\"\" width=\"1256\" height=\"908\" srcset=\"https:\/\/www.cmonsite.fr\/site\/webup\/2020\/12\/decrementation.png 1256w, https:\/\/www.cmonsite.fr\/site\/webup\/2020\/12\/decrementation-300x217.png 300w, https:\/\/www.cmonsite.fr\/site\/webup\/2020\/12\/decrementation-1024x740.png 1024w, https:\/\/www.cmonsite.fr\/site\/webup\/2020\/12\/decrementation-768x555.png 768w\" sizes=\"(max-width: 1256px) 100vw, 1256px\" \/><\/a><\/p><p>3 &#8211; Vous avez ensuite la possibilit\u00e9 de g\u00e9rer les stocks de vos produits de mani\u00e8re individuelle, et de choisir si vous souhaitez accepter des commandes pour un produit ou bien de les refuser en cas de rupture de stock.<\/p><p>Notez la pr\u00e9sence du champs &#8220;<strong><em>Alerte Qt\u00e9<\/em><\/strong>&#8220;, qui vous permet de d\u00e9finir \u00e0 partir de quel niveau de stock vous serez\u00a0averti par e-mail.<\/p><p><a href=\"https:\/\/www.cmonsite.fr\/creer-un-site\/wp-content\/uploads\/2020\/12\/stock-2.png\"><img decoding=\"async\" class=\"size-full wp-image-14370 aligncenter\" src=\"https:\/\/www.cmonsite.fr\/creer-un-site\/wp-content\/uploads\/2020\/12\/stock-2.png\" alt=\"\" width=\"1231\" height=\"320\" srcset=\"https:\/\/www.cmonsite.fr\/site\/webup\/2020\/12\/stock-2.png 1231w, https:\/\/www.cmonsite.fr\/site\/webup\/2020\/12\/stock-2-300x78.png 300w, https:\/\/www.cmonsite.fr\/site\/webup\/2020\/12\/stock-2-1024x266.png 1024w, https:\/\/www.cmonsite.fr\/site\/webup\/2020\/12\/stock-2-768x200.png 768w\" sizes=\"(max-width: 1231px) 100vw, 1231px\" \/><\/a><\/p><p style=\"text-align: center;\"><strong>Voil\u00e0 ! Vous savez d\u00e9sormais comment g\u00e9rer vos stocks sur votre boutique CmonSite.<\/strong><\/p>\t\t\t\t\t\t\t\t<\/div>\n\t\t\t\t<\/div>\n\t\t\t\t<div class=\"elementor-element elementor-element-f99ab38 elementor-widget elementor-widget-spacer\" data-id=\"f99ab38\" data-element_type=\"widget\" data-e-type=\"widget\" data-widget_type=\"spacer.default\">\n\t\t\t\t<div class=\"elementor-widget-container\">\n\t\t\t\t\t\t\t<div class=\"elementor-spacer\">\n\t\t\t<div class=\"elementor-spacer-inner\"><\/div>\n\t\t<\/div>\n\t\t\t\t\t\t<\/div>\n\t\t\t\t<\/div>\n\t\t\t\t\t<\/div>\n\t\t<\/div>\n\t\t\t\t\t<\/div>\n\t\t<\/section>\n\t\t\t\t<section class=\"elementor-section elementor-top-section elementor-element elementor-element-63c8c67 elementor-section-boxed elementor-section-height-default elementor-section-height-default\" data-id=\"63c8c67\" data-element_type=\"section\" data-e-type=\"section\">\n\t\t\t\t\t\t<div class=\"elementor-container elementor-column-gap-default\">\n\t\t\t\t\t<div class=\"elementor-column elementor-col-100 elementor-top-column elementor-element elementor-element-137a316\" data-id=\"137a316\" data-element_type=\"column\" data-e-type=\"column\">\n\t\t\t<div class=\"elementor-widget-wrap elementor-element-populated\">\n\t\t\t\t\t\t<div class=\"elementor-element elementor-element-2c3c20b elementor-widget-divider--view-line elementor-widget elementor-widget-divider\" data-id=\"2c3c20b\" data-element_type=\"widget\" data-e-type=\"widget\" data-widget_type=\"divider.default\">\n\t\t\t\t<div class=\"elementor-widget-container\">\n\t\t\t\t\t\t\t<div class=\"elementor-divider\">\n\t\t\t<span class=\"elementor-divider-separator\">\n\t\t\t\t\t\t<\/span>\n\t\t<\/div>\n\t\t\t\t\t\t<\/div>\n\t\t\t\t<\/div>\n\t\t\t\t<div class=\"elementor-element elementor-element-fff4755 elementor-widget elementor-widget-spacer\" data-id=\"fff4755\" data-element_type=\"widget\" data-e-type=\"widget\" data-widget_type=\"spacer.default\">\n\t\t\t\t<div class=\"elementor-widget-container\">\n\t\t\t\t\t\t\t<div class=\"elementor-spacer\">\n\t\t\t<div class=\"elementor-spacer-inner\"><\/div>\n\t\t<\/div>\n\t\t\t\t\t\t<\/div>\n\t\t\t\t<\/div>\n\t\t\t\t<div class=\"elementor-element elementor-element-a38a3b2 elementor-widget elementor-widget-heading\" data-id=\"a38a3b2\" data-element_type=\"widget\" data-e-type=\"widget\" data-widget_type=\"heading.default\">\n\t\t\t\t<div class=\"elementor-widget-container\">\n\t\t\t\t\t<h2 class=\"elementor-heading-title elementor-size-default\">D\u00e9couvrez notre vid\u00e9o explicative sur la gestion de vos stocks produits<\/h2>\t\t\t\t<\/div>\n\t\t\t\t<\/div>\n\t\t\t\t\t<\/div>\n\t\t<\/div>\n\t\t\t\t\t<\/div>\n\t\t<\/section>\n\t\t\t\t<section class=\"elementor-section elementor-top-section elementor-element elementor-element-31348bc elementor-section-boxed elementor-section-height-default elementor-section-height-default\" data-id=\"31348bc\" data-element_type=\"section\" data-e-type=\"section\">\n\t\t\t\t\t\t<div class=\"elementor-container elementor-column-gap-default\">\n\t\t\t\t\t<div class=\"elementor-column elementor-col-33 elementor-top-column elementor-element elementor-element-75b7457\" data-id=\"75b7457\" data-element_type=\"column\" data-e-type=\"column\">\n\t\t\t<div class=\"elementor-widget-wrap\">\n\t\t\t\t\t\t\t<\/div>\n\t\t<\/div>\n\t\t\t\t<div class=\"elementor-column elementor-col-33 elementor-top-column elementor-element elementor-element-2fe314d\" data-id=\"2fe314d\" data-element_type=\"column\" data-e-type=\"column\">\n\t\t\t<div class=\"elementor-widget-wrap elementor-element-populated\">\n\t\t\t\t\t\t<div class=\"elementor-element elementor-element-6c3a543 elementor-widget elementor-widget-video\" data-id=\"6c3a543\" data-element_type=\"widget\" data-e-type=\"widget\" data-settings=\"{&quot;youtube_url&quot;:&quot;https:\\\/\\\/www.youtube.com\\\/watch?v=-Pb1W8ZwRMk&amp;t=16s&quot;,&quot;video_type&quot;:&quot;youtube&quot;,&quot;controls&quot;:&quot;yes&quot;}\" data-widget_type=\"video.default\">\n\t\t\t\t<div class=\"elementor-widget-container\">\n\t\t\t\t\t\t\t<div class=\"elementor-wrapper elementor-open-inline\">\n\t\t\t<div class=\"elementor-video\"><\/div>\t\t<\/div>\n\t\t\t\t\t\t<\/div>\n\t\t\t\t<\/div>\n\t\t\t\t\t<\/div>\n\t\t<\/div>\n\t\t\t\t<div class=\"elementor-column elementor-col-33 elementor-top-column elementor-element elementor-element-594adc0\" data-id=\"594adc0\" data-element_type=\"column\" data-e-type=\"column\">\n\t\t\t<div class=\"elementor-widget-wrap\">\n\t\t\t\t\t\t\t<\/div>\n\t\t<\/div>\n\t\t\t\t\t<\/div>\n\t\t<\/section>\n\t\t\t\t<\/div>\n\t\t","protected":false},"excerpt":{"rendered":"<p>En cr\u00e9ant une boutique avec CmonSite, vous avez acc\u00e8s \u00e0 un module permettant de g\u00e9rer vos stock. D\u00e9couvrez comment visualiser et modifier\u00a0sur une seule page\u00a0toutes les quantit\u00e9s de vos produits.\u00a0Vous avez \u00e9galement la possibilit\u00e9 de modifier la m\u00e9thode de d\u00e9cr\u00e9mentation de votre stock. Acc\u00e9der au module de gestion des stocks\u00a0CmonSite Comment g\u00e9rer les stocks sur [&hellip;]<\/p>\n","protected":false},"author":1,"featured_media":18800,"parent":24736,"menu_order":8,"comment_status":"closed","ping_status":"closed","template":"","meta":{"_helpful_status":1,"footnotes":""},"class_list":["post-10345","page","type-page","status-publish","has-post-thumbnail","hentry"],"_links":{"self":[{"href":"https:\/\/www.cmonsite.fr\/site\/wp-json\/wp\/v2\/pages\/10345","targetHints":{"allow":["GET"]}}],"collection":[{"href":"https:\/\/www.cmonsite.fr\/site\/wp-json\/wp\/v2\/pages"}],"about":[{"href":"https:\/\/www.cmonsite.fr\/site\/wp-json\/wp\/v2\/types\/page"}],"author":[{"embeddable":true,"href":"https:\/\/www.cmonsite.fr\/site\/wp-json\/wp\/v2\/users\/1"}],"replies":[{"embeddable":true,"href":"https:\/\/www.cmonsite.fr\/site\/wp-json\/wp\/v2\/comments?post=10345"}],"version-history":[{"count":5,"href":"https:\/\/www.cmonsite.fr\/site\/wp-json\/wp\/v2\/pages\/10345\/revisions"}],"predecessor-version":[{"id":24990,"href":"https:\/\/www.cmonsite.fr\/site\/wp-json\/wp\/v2\/pages\/10345\/revisions\/24990"}],"up":[{"embeddable":true,"href":"https:\/\/www.cmonsite.fr\/site\/wp-json\/wp\/v2\/pages\/24736"}],"wp:featuredmedia":[{"embeddable":true,"href":"https:\/\/www.cmonsite.fr\/site\/wp-json\/wp\/v2\/media\/18800"}],"wp:attachment":[{"href":"https:\/\/www.cmonsite.fr\/site\/wp-json\/wp\/v2\/media?parent=10345"}],"curies":[{"name":"wp","href":"https:\/\/api.w.org\/{rel}","templated":true}]}}