{"id":10332,"date":"2017-05-19T16:13:19","date_gmt":"2017-05-19T14:13:19","guid":{"rendered":"https:\/\/www.cmonsite.fr\/site\/aide\/?page_id=10332"},"modified":"2023-07-20T11:09:39","modified_gmt":"2023-07-20T09:09:39","slug":"scripts-suivi","status":"publish","type":"page","link":"https:\/\/www.cmonsite.fr\/site\/aide\/fonctionnalites\/scripts-suivi","title":{"rendered":"Ajouter des scripts de suivi"},"content":{"rendered":"\t\t<div data-elementor-type=\"wp-page\" data-elementor-id=\"10332\" class=\"elementor elementor-10332\" data-elementor-post-type=\"page\">\n\t\t\t\t\t\t<section class=\"elementor-section elementor-top-section elementor-element elementor-element-6836621a elementor-section-boxed elementor-section-height-default elementor-section-height-default\" data-id=\"6836621a\" data-element_type=\"section\" data-e-type=\"section\">\n\t\t\t\t\t\t<div class=\"elementor-container elementor-column-gap-default\">\n\t\t\t\t\t<div class=\"elementor-column elementor-col-100 elementor-top-column elementor-element elementor-element-6417305\" data-id=\"6417305\" data-element_type=\"column\" data-e-type=\"column\">\n\t\t\t<div class=\"elementor-widget-wrap elementor-element-populated\">\n\t\t\t\t\t\t<div class=\"elementor-element elementor-element-43be5c7a elementor-widget elementor-widget-text-editor\" data-id=\"43be5c7a\" data-element_type=\"widget\" data-e-type=\"widget\" data-widget_type=\"text-editor.default\">\n\t\t\t\t<div class=\"elementor-widget-container\">\n\t\t\t\t\t\t\t\t\t<p><\/p>\n<p>Avec <strong><em>CmonSite<\/em><\/strong>,&nbsp;vous avez la possibilit\u00e9 de suivre avec pr\u00e9cision les conversions r\u00e9alis\u00e9es sur votre site via vos campagnes publicitaires. Pour cela, vous avez la possibilit\u00e9 de cr\u00e9er et d&#8217;ajouter de nouveaux&nbsp;scripts \u00e0 votre site.&nbsp;<a href=\"https:\/\/www.cmonsite.fr\/gestion_tags.php\">Acc\u00e9der au module d&#8217;ajout de script&nbsp;CmonSite<\/a><\/p><p><br><\/p>\n<hr style=\"border-color: red;\">\n<p style=\"text-align: center;\"><span style=\"color: #808080;\">Attention la cr\u00e9ation de scripts de suivi est r\u00e9serv\u00e9e aux experts disposant de&nbsp;connaissances en d\u00e9veloppement web.<\/span><\/p>\n<hr style=\"border-color: red;\">\n<h2><br><\/h2><h2>1. Comment mettre en place un script de suivi&nbsp;?<\/h2>\n<p>1 &#8211; Pour mettre en place un nouveau script de suivi, rendez-vous sur la page de configuration du module en cliquant sur le lien &#8220;<a href=\"https:\/\/www.cmonsite.fr\/gestion_tags.php\" target=\"_blank\" rel=\"noopener\"><strong><em>Scripts de suivi<\/em><\/strong><\/a>&#8221; dans l&#8217;onglet &#8220;<strong><em>Modules<\/em><\/strong>&#8221; du menu.<\/p>\n<p><a href=\"https:\/\/www.cmonsite.fr\/creer-un-site\/wp-content\/uploads\/2021\/01\/menu-2.jpg\"><img fetchpriority=\"high\" decoding=\"async\" class=\"size-full wp-image-14893 aligncenter\" src=\"https:\/\/www.cmonsite.fr\/creer-un-site\/wp-content\/uploads\/2021\/01\/menu-2.jpg\" alt=\"\" width=\"1240\" height=\"438\" srcset=\"https:\/\/www.cmonsite.fr\/site\/webup\/2021\/01\/menu-2.jpg 1240w, https:\/\/www.cmonsite.fr\/site\/webup\/2021\/01\/menu-2-300x106.jpg 300w, https:\/\/www.cmonsite.fr\/site\/webup\/2021\/01\/menu-2-1024x362.jpg 1024w, https:\/\/www.cmonsite.fr\/site\/webup\/2021\/01\/menu-2-768x271.jpg 768w\" sizes=\"(max-width: 1240px) 100vw, 1240px\" \/><\/a><\/p>\n<p>2 &#8211; Ensuite, saisissez un nom pour votre script puis choisissez o\u00f9 vous souhaitez l&#8217;int\u00e9grer. Vous avez la possibilit\u00e9 de s\u00e9lectionner plusieurs positions, notamment dans les parties &lt;<strong><em>head<\/em><\/strong>&gt; et fin de &lt;<strong><em>body<\/em><\/strong>&gt;. Cliquez ensuite sur le bouton &#8220;<strong><em>Ajouter<\/em><\/strong>&#8220;.<\/p>\n<p><a href=\"https:\/\/www.cmonsite.fr\/creer-un-site\/wp-content\/uploads\/2021\/01\/ajouter-scripts.jpg\"><img decoding=\"async\" class=\"size-full wp-image-14892 aligncenter\" src=\"https:\/\/www.cmonsite.fr\/creer-un-site\/wp-content\/uploads\/2021\/01\/ajouter-scripts.jpg\" alt=\"\" width=\"1232\" height=\"167\" srcset=\"https:\/\/www.cmonsite.fr\/site\/webup\/2021\/01\/ajouter-scripts.jpg 1232w, https:\/\/www.cmonsite.fr\/site\/webup\/2021\/01\/ajouter-scripts-300x41.jpg 300w, https:\/\/www.cmonsite.fr\/site\/webup\/2021\/01\/ajouter-scripts-1024x139.jpg 1024w, https:\/\/www.cmonsite.fr\/site\/webup\/2021\/01\/ajouter-scripts-768x104.jpg 768w\" sizes=\"(max-width: 1232px) 100vw, 1232px\" \/><\/a><\/p>\n<p>3 &#8211;&nbsp;Vous pouvez alors ins\u00e9rer votre script dans le champs situ\u00e9 sur la gauche, puis activez le script via l&#8217;option &#8220;<strong><em>Statut<\/em><\/strong>&#8221; sur la droite. Enfin, n&#8217;oubliez de pas de sauvegarder.<\/p>\n<p><a href=\"https:\/\/www.cmonsite.fr\/creer-un-site\/wp-content\/uploads\/2021\/01\/script.png\"><img decoding=\"async\" class=\"size-full wp-image-14895 aligncenter\" src=\"https:\/\/www.cmonsite.fr\/creer-un-site\/wp-content\/uploads\/2021\/01\/script.png\" alt=\"\" width=\"1259\" height=\"710\" srcset=\"https:\/\/www.cmonsite.fr\/site\/webup\/2021\/01\/script.png 1259w, https:\/\/www.cmonsite.fr\/site\/webup\/2021\/01\/script-300x169.png 300w, https:\/\/www.cmonsite.fr\/site\/webup\/2021\/01\/script-1024x577.png 1024w, https:\/\/www.cmonsite.fr\/site\/webup\/2021\/01\/script-768x433.png 768w\" sizes=\"(max-width: 1259px) 100vw, 1259px\" \/><\/a><\/p>\n<h2>&nbsp;<\/h2>\n<h2>&nbsp;<\/h2>\n<h2>2. Comment param\u00e9trer des variables sur un script de suivi ?<\/h2>\n<p>Il est possible d&#8217;ajouter des variables aux scripts, notamment sur les pages de paiements ou les formulaires (ex : formulaire de contact, formulaire de commande\u2026).<\/p>\n<p>Il existe de nombreux scripts (ex : script de conversion).&nbsp;Cela permet de conna\u00eetre le parcours de vos visiteurs sur votre site et de suivre leur conversion.<\/p>\n<p>Par exemple, si vous avez r\u00e9alis\u00e9 une campagne publicitaire via votre page Facebook, vous pourrez conna\u00eetre l&#8217;impact que cette derni\u00e8re par rapport aux ventes que vous avez r\u00e9alis\u00e9es.<br>Si vous mettez un script sur vos formulaires, cela vous permettra de conna\u00eetre le taux de rebond de votre campagne et de savoir, par exemple, quel visiteur vous a contact\u00e9 pour une demande de devis via votre formulaire de contact.<\/p>\n<p>Pour ajouter des variables, il vous suffit de s\u00e9lectionner les options propos\u00e9es dans la fen\u00eatre, \u00e0 droite de votre page.<\/p>\n<p><a href=\"https:\/\/www.cmonsite.fr\/creer-un-site\/wp-content\/uploads\/2021\/01\/variables.png\"><img loading=\"lazy\" decoding=\"async\" class=\"size-full wp-image-14896 aligncenter\" src=\"https:\/\/www.cmonsite.fr\/creer-un-site\/wp-content\/uploads\/2021\/01\/variables.png\" alt=\"\" width=\"1134\" height=\"911\" srcset=\"https:\/\/www.cmonsite.fr\/site\/webup\/2021\/01\/variables.png 1134w, https:\/\/www.cmonsite.fr\/site\/webup\/2021\/01\/variables-300x241.png 300w, https:\/\/www.cmonsite.fr\/site\/webup\/2021\/01\/variables-1024x823.png 1024w, https:\/\/www.cmonsite.fr\/site\/webup\/2021\/01\/variables-768x617.png 768w\" sizes=\"(max-width: 1134px) 100vw, 1134px\" \/><\/a><\/p>\n<p style=\"text-align: center;\"><strong>Voil\u00e0 ! Vos&nbsp;scripts sont d\u00e9sormais int\u00e9gr\u00e9s \u00e0 votre site.<\/strong><\/p>\t\t\t\t\t\t\t\t<\/div>\n\t\t\t\t<\/div>\n\t\t\t\t\t<\/div>\n\t\t<\/div>\n\t\t\t\t\t<\/div>\n\t\t<\/section>\n\t\t\t\t<\/div>\n\t\t","protected":false},"excerpt":{"rendered":"<p>Avec CmonSite,&nbsp;vous avez la possibilit\u00e9 de suivre avec pr\u00e9cision les conversions r\u00e9alis\u00e9es sur votre site via vos campagnes publicitaires. Pour cela, vous avez la possibilit\u00e9 de cr\u00e9er et d&#8217;ajouter de nouveaux&nbsp;scripts \u00e0 votre site.&nbsp;Acc\u00e9der au module d&#8217;ajout de script&nbsp;CmonSite Attention la cr\u00e9ation de scripts de suivi est r\u00e9serv\u00e9e aux experts disposant de&nbsp;connaissances en d\u00e9veloppement web. [&hellip;]<\/p>\n","protected":false},"author":1,"featured_media":18983,"parent":22995,"menu_order":10,"comment_status":"closed","ping_status":"closed","template":"","meta":{"_helpful_status":1,"footnotes":""},"class_list":["post-10332","page","type-page","status-publish","has-post-thumbnail","hentry"],"_links":{"self":[{"href":"https:\/\/www.cmonsite.fr\/site\/wp-json\/wp\/v2\/pages\/10332","targetHints":{"allow":["GET"]}}],"collection":[{"href":"https:\/\/www.cmonsite.fr\/site\/wp-json\/wp\/v2\/pages"}],"about":[{"href":"https:\/\/www.cmonsite.fr\/site\/wp-json\/wp\/v2\/types\/page"}],"author":[{"embeddable":true,"href":"https:\/\/www.cmonsite.fr\/site\/wp-json\/wp\/v2\/users\/1"}],"replies":[{"embeddable":true,"href":"https:\/\/www.cmonsite.fr\/site\/wp-json\/wp\/v2\/comments?post=10332"}],"version-history":[{"count":4,"href":"https:\/\/www.cmonsite.fr\/site\/wp-json\/wp\/v2\/pages\/10332\/revisions"}],"predecessor-version":[{"id":25045,"href":"https:\/\/www.cmonsite.fr\/site\/wp-json\/wp\/v2\/pages\/10332\/revisions\/25045"}],"up":[{"embeddable":true,"href":"https:\/\/www.cmonsite.fr\/site\/wp-json\/wp\/v2\/pages\/22995"}],"wp:featuredmedia":[{"embeddable":true,"href":"https:\/\/www.cmonsite.fr\/site\/wp-json\/wp\/v2\/media\/18983"}],"wp:attachment":[{"href":"https:\/\/www.cmonsite.fr\/site\/wp-json\/wp\/v2\/media?parent=10332"}],"curies":[{"name":"wp","href":"https:\/\/api.w.org\/{rel}","templated":true}]}}