{"id":10323,"date":"2017-05-19T16:07:08","date_gmt":"2017-05-19T14:07:08","guid":{"rendered":"https:\/\/www.cmonsite.fr\/site\/aide\/?page_id=10323"},"modified":"2024-07-18T11:21:13","modified_gmt":"2024-07-18T09:21:13","slug":"pop-up-d-information","status":"publish","type":"page","link":"https:\/\/www.cmonsite.fr\/site\/aide\/fonctionnalites\/pop-up-d-information","title":{"rendered":"Mettre en place une pop-up d&#8217;information"},"content":{"rendered":"\t\t<div data-elementor-type=\"wp-page\" data-elementor-id=\"10323\" class=\"elementor elementor-10323\" data-elementor-post-type=\"page\">\n\t\t\t\t\t\t<section class=\"elementor-section elementor-top-section elementor-element elementor-element-7950bde elementor-section-boxed elementor-section-height-default elementor-section-height-default\" data-id=\"7950bde\" data-element_type=\"section\" data-e-type=\"section\">\n\t\t\t\t\t\t<div class=\"elementor-container elementor-column-gap-default\">\n\t\t\t\t\t<div class=\"elementor-column elementor-col-100 elementor-top-column elementor-element elementor-element-cd7f5fc\" data-id=\"cd7f5fc\" data-element_type=\"column\" data-e-type=\"column\">\n\t\t\t<div class=\"elementor-widget-wrap elementor-element-populated\">\n\t\t\t\t\t\t<div class=\"elementor-element elementor-element-85ea666 elementor-widget elementor-widget-text-editor\" data-id=\"85ea666\" data-element_type=\"widget\" data-e-type=\"widget\" data-widget_type=\"text-editor.default\">\n\t\t\t\t<div class=\"elementor-widget-container\">\n\t\t\t\t\t\t\t\t\t<p>CmonSite vous donne la possibilit\u00e9 d&#8217;informer vos utilisateurs en affichant une pop-up que vous pourrez compl\u00e8tement personnaliser. Si vous souhaitez par exemple\u00a0<span style=\"font-weight: bold;\">mettre en avant un produit, ou bien tout simplement informer les utilisateurs que le site est r\u00e9serv\u00e9\u00a0\u00e0 un public adulte<\/span>, alors la pop-up d&#8217;information est faite pour vous !<\/p><p><a href=\"https:\/\/www.cmonsite.fr\/gestion_bandeau_information.php\">Acc\u00e9der au module Pop-up d&#8217;information CmonSite<\/a><\/p>\t\t\t\t\t\t\t\t<\/div>\n\t\t\t\t<\/div>\n\t\t\t\t<div class=\"elementor-element elementor-element-7265491 elementor-widget elementor-widget-spacer\" data-id=\"7265491\" data-element_type=\"widget\" data-e-type=\"widget\" data-widget_type=\"spacer.default\">\n\t\t\t\t<div class=\"elementor-widget-container\">\n\t\t\t\t\t\t\t<div class=\"elementor-spacer\">\n\t\t\t<div class=\"elementor-spacer-inner\"><\/div>\n\t\t<\/div>\n\t\t\t\t\t\t<\/div>\n\t\t\t\t<\/div>\n\t\t\t\t<div class=\"elementor-element elementor-element-d9c5e52 elementor-widget elementor-widget-heading\" data-id=\"d9c5e52\" data-element_type=\"widget\" data-e-type=\"widget\" data-widget_type=\"heading.default\">\n\t\t\t\t<div class=\"elementor-widget-container\">\n\t\t\t\t\t<h2 class=\"elementor-heading-title elementor-size-default\"><p style=\"font-size: 16px;font-weight: 400;white-space: normal\"><span style=\"font-family: inherit;font-size: 1.75rem;font-weight: bold\">Comment mettre en place la pop-up d'information&nbsp;?<\/span><span style=\"color: var( --e-global-color-primary );font-family: var( --e-global-typography-primary-font-family ), Sans-serif;font-size: 1.75rem;font-weight: var( --e-global-typography-primary-font-weight );white-space: pre-wrap\"><\/span><\/p><\/h2>\t\t\t\t<\/div>\n\t\t\t\t<\/div>\n\t\t\t\t<div class=\"elementor-element elementor-element-eba6ef6 elementor-widget elementor-widget-text-editor\" data-id=\"eba6ef6\" data-element_type=\"widget\" data-e-type=\"widget\" data-widget_type=\"text-editor.default\">\n\t\t\t\t<div class=\"elementor-widget-container\">\n\t\t\t\t\t\t\t\t\t<p>1. Pour mettre en place\u00a0la pop-up d&#8217;information, rendez-vous sur la page de configuration du module en cliquant sur le lien &#8220;Pop-up d&#8217;information&#8221; dans l&#8217;onglet &#8220;Modules compl\u00e9mentaires&#8221; du menu.<\/p>\t\t\t\t\t\t\t\t<\/div>\n\t\t\t\t<\/div>\n\t\t\t\t<div class=\"elementor-element elementor-element-c82e25f elementor-widget elementor-widget-image\" data-id=\"c82e25f\" data-element_type=\"widget\" data-e-type=\"widget\" data-widget_type=\"image.default\">\n\t\t\t\t<div class=\"elementor-widget-container\">\n\t\t\t\t\t\t\t\t\t\t\t\t\t\t\t<img fetchpriority=\"high\" decoding=\"async\" width=\"1232\" height=\"399\" src=\"https:\/\/www.cmonsite.fr\/site\/webup\/2020\/11\/menu-popup-information.png\" class=\"attachment-full size-full wp-image-13893\" alt=\"\" srcset=\"https:\/\/www.cmonsite.fr\/site\/webup\/2020\/11\/menu-popup-information.png 1232w, https:\/\/www.cmonsite.fr\/site\/webup\/2020\/11\/menu-popup-information-300x97.png 300w, https:\/\/www.cmonsite.fr\/site\/webup\/2020\/11\/menu-popup-information-1024x332.png 1024w, https:\/\/www.cmonsite.fr\/site\/webup\/2020\/11\/menu-popup-information-768x249.png 768w\" sizes=\"(max-width: 1232px) 100vw, 1232px\" \/>\t\t\t\t\t\t\t\t\t\t\t\t\t\t\t<\/div>\n\t\t\t\t<\/div>\n\t\t\t\t<div class=\"elementor-element elementor-element-93f5087 elementor-widget elementor-widget-spacer\" data-id=\"93f5087\" data-element_type=\"widget\" data-e-type=\"widget\" data-widget_type=\"spacer.default\">\n\t\t\t\t<div class=\"elementor-widget-container\">\n\t\t\t\t\t\t\t<div class=\"elementor-spacer\">\n\t\t\t<div class=\"elementor-spacer-inner\"><\/div>\n\t\t<\/div>\n\t\t\t\t\t\t<\/div>\n\t\t\t\t<\/div>\n\t\t\t\t<div class=\"elementor-element elementor-element-5d59366 elementor-widget elementor-widget-text-editor\" data-id=\"5d59366\" data-element_type=\"widget\" data-e-type=\"widget\" data-widget_type=\"text-editor.default\">\n\t\t\t\t<div class=\"elementor-widget-container\">\n\t\t\t\t\t\t\t\t\t<p>2. Ensuite, activez la pop-up d&#8217;information et d\u00e9finissez s&#8217;il est n\u00e9cessaire de demander une confirmation de l&#8217;utilisateur (par exemple si le site est d\u00e9conseill\u00e9 aux moins de 18 ans).<\/p>\t\t\t\t\t\t\t\t<\/div>\n\t\t\t\t<\/div>\n\t\t\t\t<div class=\"elementor-element elementor-element-e33454f elementor-widget elementor-widget-image\" data-id=\"e33454f\" data-element_type=\"widget\" data-e-type=\"widget\" data-widget_type=\"image.default\">\n\t\t\t\t<div class=\"elementor-widget-container\">\n\t\t\t\t\t\t\t\t\t\t\t\t\t\t\t<img decoding=\"async\" width=\"1271\" height=\"721\" src=\"https:\/\/www.cmonsite.fr\/site\/webup\/2021\/10\/popup1.png\" class=\"attachment-full size-full wp-image-18628\" alt=\"\" srcset=\"https:\/\/www.cmonsite.fr\/site\/webup\/2021\/10\/popup1.png 1271w, https:\/\/www.cmonsite.fr\/site\/webup\/2021\/10\/popup1-300x170.png 300w, https:\/\/www.cmonsite.fr\/site\/webup\/2021\/10\/popup1-1024x581.png 1024w, https:\/\/www.cmonsite.fr\/site\/webup\/2021\/10\/popup1-768x436.png 768w\" sizes=\"(max-width: 1271px) 100vw, 1271px\" \/>\t\t\t\t\t\t\t\t\t\t\t\t\t\t\t<\/div>\n\t\t\t\t<\/div>\n\t\t\t\t<div class=\"elementor-element elementor-element-ea097d7 elementor-widget elementor-widget-text-editor\" data-id=\"ea097d7\" data-element_type=\"widget\" data-e-type=\"widget\" data-widget_type=\"text-editor.default\">\n\t\t\t\t<div class=\"elementor-widget-container\">\n\t\t\t\t\t\t\t\t\t<p style=\"box-sizing: border-box; margin: 0px 0px 0.5rem; color: #000000; font-family: Roboto, sans-serif; font-size: 16px; font-style: normal; font-variant-ligatures: normal; font-variant-caps: normal; font-weight: 400; letter-spacing: normal; orphans: 2; text-align: start; text-indent: 0px; text-transform: none; white-space: normal; widows: 2; word-spacing: 0px; -webkit-text-stroke-width: 0px; background-color: #ffffff; text-decoration-thickness: initial; text-decoration-style: initial; text-decoration-color: initial;\">\u00a0<\/p><p style=\"box-sizing: border-box; margin: 0px 0px 0.5rem; color: #000000; font-family: Roboto, sans-serif; font-size: 16px; font-style: normal; font-variant-ligatures: normal; font-variant-caps: normal; font-weight: 400; letter-spacing: normal; orphans: 2; text-align: start; text-indent: 0px; text-transform: none; white-space: normal; widows: 2; word-spacing: 0px; -webkit-text-stroke-width: 0px; background-color: #ffffff; text-decoration-thickness: initial; text-decoration-style: initial; text-decoration-color: initial;\"><span style=\"box-sizing: border-box; color: var( --e-global-color-text ); font-family: var( --e-global-typography-text-font-family ), Sans-serif; font-weight: var( --e-global-typography-text-font-weight );\">3. Enfin, personnalisez votre pop-up en y ajoutant le contenu que vous souhaitez (textes, images, liens&#8230;), puis enregistrez avec le bouton bleu.<\/span><\/p>\t\t\t\t\t\t\t\t<\/div>\n\t\t\t\t<\/div>\n\t\t\t\t<div class=\"elementor-element elementor-element-3ae62fd elementor-widget elementor-widget-image\" data-id=\"3ae62fd\" data-element_type=\"widget\" data-e-type=\"widget\" data-widget_type=\"image.default\">\n\t\t\t\t<div class=\"elementor-widget-container\">\n\t\t\t\t\t\t\t\t\t\t\t\t\t\t\t<img decoding=\"async\" width=\"1270\" height=\"875\" src=\"https:\/\/www.cmonsite.fr\/site\/webup\/2021\/10\/popup2.png\" class=\"attachment-full size-full wp-image-18638\" alt=\"\" srcset=\"https:\/\/www.cmonsite.fr\/site\/webup\/2021\/10\/popup2.png 1270w, https:\/\/www.cmonsite.fr\/site\/webup\/2021\/10\/popup2-300x207.png 300w, https:\/\/www.cmonsite.fr\/site\/webup\/2021\/10\/popup2-1024x706.png 1024w, https:\/\/www.cmonsite.fr\/site\/webup\/2021\/10\/popup2-768x529.png 768w\" sizes=\"(max-width: 1270px) 100vw, 1270px\" \/>\t\t\t\t\t\t\t\t\t\t\t\t\t\t\t<\/div>\n\t\t\t\t<\/div>\n\t\t\t\t\t<\/div>\n\t\t<\/div>\n\t\t\t\t\t<\/div>\n\t\t<\/section>\n\t\t\t\t<section class=\"elementor-section elementor-top-section elementor-element elementor-element-71b7ab06 elementor-section-boxed elementor-section-height-default elementor-section-height-default\" data-id=\"71b7ab06\" data-element_type=\"section\" data-e-type=\"section\">\n\t\t\t\t\t\t<div class=\"elementor-container elementor-column-gap-default\">\n\t\t\t\t\t<div class=\"elementor-column elementor-col-100 elementor-top-column elementor-element elementor-element-325d2cfe\" data-id=\"325d2cfe\" data-element_type=\"column\" data-e-type=\"column\">\n\t\t\t<div class=\"elementor-widget-wrap elementor-element-populated\">\n\t\t\t\t\t\t<div class=\"elementor-element elementor-element-8ef1b6c elementor-widget elementor-widget-spacer\" data-id=\"8ef1b6c\" data-element_type=\"widget\" data-e-type=\"widget\" data-widget_type=\"spacer.default\">\n\t\t\t\t<div class=\"elementor-widget-container\">\n\t\t\t\t\t\t\t<div class=\"elementor-spacer\">\n\t\t\t<div class=\"elementor-spacer-inner\"><\/div>\n\t\t<\/div>\n\t\t\t\t\t\t<\/div>\n\t\t\t\t<\/div>\n\t\t\t\t<div class=\"elementor-element elementor-element-3c05d9e elementor-widget-divider--view-line elementor-widget elementor-widget-divider\" data-id=\"3c05d9e\" data-element_type=\"widget\" data-e-type=\"widget\" data-widget_type=\"divider.default\">\n\t\t\t\t<div class=\"elementor-widget-container\">\n\t\t\t\t\t\t\t<div class=\"elementor-divider\">\n\t\t\t<span class=\"elementor-divider-separator\">\n\t\t\t\t\t\t<\/span>\n\t\t<\/div>\n\t\t\t\t\t\t<\/div>\n\t\t\t\t<\/div>\n\t\t\t\t<div class=\"elementor-element elementor-element-69bef34e elementor-widget elementor-widget-text-editor\" data-id=\"69bef34e\" data-element_type=\"widget\" data-e-type=\"widget\" data-widget_type=\"text-editor.default\">\n\t\t\t\t<div class=\"elementor-widget-container\">\n\t\t\t\t\t\t\t\t\t<p>\u00a0<\/p><p><strong style=\"text-align: center; color: var( --e-global-color-text ); font-family: var( --e-global-typography-text-font-family ), Sans-serif;\">C&#8217;est tout ! Vos utilisateurs seront d\u00e9sormais inform\u00e9s via une pop-up lorsqu&#8217;ils arriveront sur votre site.<\/strong><\/p>\t\t\t\t\t\t\t\t<\/div>\n\t\t\t\t<\/div>\n\t\t\t\t<div class=\"elementor-element elementor-element-3b1e0eb elementor-widget elementor-widget-spacer\" data-id=\"3b1e0eb\" data-element_type=\"widget\" data-e-type=\"widget\" data-widget_type=\"spacer.default\">\n\t\t\t\t<div class=\"elementor-widget-container\">\n\t\t\t\t\t\t\t<div class=\"elementor-spacer\">\n\t\t\t<div class=\"elementor-spacer-inner\"><\/div>\n\t\t<\/div>\n\t\t\t\t\t\t<\/div>\n\t\t\t\t<\/div>\n\t\t\t\t<div class=\"elementor-element elementor-element-5cc06d9 elementor-widget-divider--view-line elementor-widget elementor-widget-divider\" data-id=\"5cc06d9\" data-element_type=\"widget\" data-e-type=\"widget\" data-widget_type=\"divider.default\">\n\t\t\t\t<div class=\"elementor-widget-container\">\n\t\t\t\t\t\t\t<div class=\"elementor-divider\">\n\t\t\t<span class=\"elementor-divider-separator\">\n\t\t\t\t\t\t<\/span>\n\t\t<\/div>\n\t\t\t\t\t\t<\/div>\n\t\t\t\t<\/div>\n\t\t\t\t<div class=\"elementor-element elementor-element-7edec91 elementor-widget elementor-widget-text-editor\" data-id=\"7edec91\" data-element_type=\"widget\" data-e-type=\"widget\" data-widget_type=\"text-editor.default\">\n\t\t\t\t<div class=\"elementor-widget-container\">\n\t\t\t\t\t\t\t\t\t<p style=\"text-align: center;\">Voici une pr\u00e9visualisation du r\u00e9sultat :\u00a0<\/p>\t\t\t\t\t\t\t\t<\/div>\n\t\t\t\t<\/div>\n\t\t\t\t<div class=\"elementor-element elementor-element-9b46058 elementor-widget elementor-widget-image\" data-id=\"9b46058\" data-element_type=\"widget\" data-e-type=\"widget\" data-widget_type=\"image.default\">\n\t\t\t\t<div class=\"elementor-widget-container\">\n\t\t\t\t\t\t\t\t\t\t\t\t\t\t\t<img loading=\"lazy\" decoding=\"async\" width=\"827\" height=\"660\" src=\"https:\/\/www.cmonsite.fr\/site\/webup\/2021\/11\/faq-pop-up-information-cmonsite.jpg\" class=\"attachment-full size-full wp-image-18788\" alt=\"\" srcset=\"https:\/\/www.cmonsite.fr\/site\/webup\/2021\/11\/faq-pop-up-information-cmonsite.jpg 827w, https:\/\/www.cmonsite.fr\/site\/webup\/2021\/11\/faq-pop-up-information-cmonsite-300x239.jpg 300w, https:\/\/www.cmonsite.fr\/site\/webup\/2021\/11\/faq-pop-up-information-cmonsite-768x613.jpg 768w\" sizes=\"(max-width: 827px) 100vw, 827px\" \/>\t\t\t\t\t\t\t\t\t\t\t\t\t\t\t<\/div>\n\t\t\t\t<\/div>\n\t\t\t\t\t<\/div>\n\t\t<\/div>\n\t\t\t\t\t<\/div>\n\t\t<\/section>\n\t\t\t\t<section class=\"elementor-section elementor-top-section elementor-element elementor-element-ab516eb elementor-section-boxed elementor-section-height-default elementor-section-height-default\" data-id=\"ab516eb\" data-element_type=\"section\" data-e-type=\"section\">\n\t\t\t\t\t\t<div class=\"elementor-container elementor-column-gap-default\">\n\t\t\t\t\t<div class=\"elementor-column elementor-col-100 elementor-top-column elementor-element elementor-element-64fefd6\" data-id=\"64fefd6\" data-element_type=\"column\" data-e-type=\"column\">\n\t\t\t<div class=\"elementor-widget-wrap elementor-element-populated\">\n\t\t\t\t\t\t<div class=\"elementor-element elementor-element-18437d2 elementor-widget elementor-widget-spacer\" data-id=\"18437d2\" data-element_type=\"widget\" data-e-type=\"widget\" data-widget_type=\"spacer.default\">\n\t\t\t\t<div class=\"elementor-widget-container\">\n\t\t\t\t\t\t\t<div class=\"elementor-spacer\">\n\t\t\t<div class=\"elementor-spacer-inner\"><\/div>\n\t\t<\/div>\n\t\t\t\t\t\t<\/div>\n\t\t\t\t<\/div>\n\t\t\t\t<div class=\"elementor-element elementor-element-ec6af44 elementor-widget-divider--view-line elementor-widget elementor-widget-divider\" data-id=\"ec6af44\" data-element_type=\"widget\" data-e-type=\"widget\" data-widget_type=\"divider.default\">\n\t\t\t\t<div class=\"elementor-widget-container\">\n\t\t\t\t\t\t\t<div class=\"elementor-divider\">\n\t\t\t<span class=\"elementor-divider-separator\">\n\t\t\t\t\t\t<\/span>\n\t\t<\/div>\n\t\t\t\t\t\t<\/div>\n\t\t\t\t<\/div>\n\t\t\t\t\t<\/div>\n\t\t<\/div>\n\t\t\t\t\t<\/div>\n\t\t<\/section>\n\t\t\t\t<section class=\"elementor-section elementor-top-section elementor-element elementor-element-159ff1c elementor-section-boxed elementor-section-height-default elementor-section-height-default\" data-id=\"159ff1c\" data-element_type=\"section\" data-e-type=\"section\">\n\t\t\t\t\t\t<div class=\"elementor-container elementor-column-gap-default\">\n\t\t\t\t\t<div class=\"elementor-column elementor-col-100 elementor-top-column elementor-element elementor-element-4c1b448\" data-id=\"4c1b448\" data-element_type=\"column\" data-e-type=\"column\">\n\t\t\t<div class=\"elementor-widget-wrap elementor-element-populated\">\n\t\t\t\t\t\t<div class=\"elementor-element elementor-element-f2bf995 elementor-widget elementor-widget-text-editor\" data-id=\"f2bf995\" data-element_type=\"widget\" data-e-type=\"widget\" data-widget_type=\"text-editor.default\">\n\t\t\t\t<div class=\"elementor-widget-container\">\n\t\t\t\t\t\t\t\t\tVoir aussi dans la m\u00eame th\u00e9matique :\n<ul>\n \t<li><a href=\"https:\/\/www.cmonsite.fr\/site\/aide\/fonctionnalites\/recuperer-les-emails-des-visiteurs-pour-creer-une-newsletter\" target=\"_blank\" rel=\"noopener\">R\u00e9cup\u00e9rer les emails des visiteurs pour cr\u00e9er une newsletter<\/a><\/li>\n \t<li><a href=\"https:\/\/www.cmonsite.fr\/creer-un-site\/contenu-design-modules\/design\/ajouter-un-bandeau-sur-le-haut-de-votre-site\/\" target=\"_blank\" rel=\"noopener\">Ajouter un bandeau sur le haut de votre site\u00a0<\/a><\/li>\n<\/ul>\t\t\t\t\t\t\t\t<\/div>\n\t\t\t\t<\/div>\n\t\t\t\t\t<\/div>\n\t\t<\/div>\n\t\t\t\t\t<\/div>\n\t\t<\/section>\n\t\t\t\t<\/div>\n\t\t","protected":false},"excerpt":{"rendered":"<p>CmonSite vous donne la possibilit\u00e9 d&#8217;informer vos utilisateurs en affichant une pop-up que vous pourrez compl\u00e8tement personnaliser. Si vous souhaitez par exemple\u00a0mettre en avant un produit, ou bien tout simplement informer les utilisateurs que le site est r\u00e9serv\u00e9\u00a0\u00e0 un public adulte, alors la pop-up d&#8217;information est faite pour vous ! Acc\u00e9der au module Pop-up d&#8217;information [&hellip;]<\/p>\n","protected":false},"author":1,"featured_media":18980,"parent":22995,"menu_order":9,"comment_status":"closed","ping_status":"closed","template":"","meta":{"_helpful_status":1,"footnotes":""},"class_list":["post-10323","page","type-page","status-publish","has-post-thumbnail","hentry"],"_links":{"self":[{"href":"https:\/\/www.cmonsite.fr\/site\/wp-json\/wp\/v2\/pages\/10323","targetHints":{"allow":["GET"]}}],"collection":[{"href":"https:\/\/www.cmonsite.fr\/site\/wp-json\/wp\/v2\/pages"}],"about":[{"href":"https:\/\/www.cmonsite.fr\/site\/wp-json\/wp\/v2\/types\/page"}],"author":[{"embeddable":true,"href":"https:\/\/www.cmonsite.fr\/site\/wp-json\/wp\/v2\/users\/1"}],"replies":[{"embeddable":true,"href":"https:\/\/www.cmonsite.fr\/site\/wp-json\/wp\/v2\/comments?post=10323"}],"version-history":[{"count":10,"href":"https:\/\/www.cmonsite.fr\/site\/wp-json\/wp\/v2\/pages\/10323\/revisions"}],"predecessor-version":[{"id":26813,"href":"https:\/\/www.cmonsite.fr\/site\/wp-json\/wp\/v2\/pages\/10323\/revisions\/26813"}],"up":[{"embeddable":true,"href":"https:\/\/www.cmonsite.fr\/site\/wp-json\/wp\/v2\/pages\/22995"}],"wp:featuredmedia":[{"embeddable":true,"href":"https:\/\/www.cmonsite.fr\/site\/wp-json\/wp\/v2\/media\/18980"}],"wp:attachment":[{"href":"https:\/\/www.cmonsite.fr\/site\/wp-json\/wp\/v2\/media?parent=10323"}],"curies":[{"name":"wp","href":"https:\/\/api.w.org\/{rel}","templated":true}]}}