{"id":1032,"date":"2012-11-26T17:24:29","date_gmt":"2012-11-26T17:24:31","guid":{"rendered":"https:\/\/www.cmonsite.fr\/site\/aide\/?page_id=1032"},"modified":"2023-06-29T17:05:10","modified_gmt":"2023-06-29T15:05:10","slug":"desactiver-catalogue-produit","status":"publish","type":"page","link":"https:\/\/www.cmonsite.fr\/site\/aide\/configuration-de-la-boutique\/desactiver-catalogue-produit","title":{"rendered":"Comment d\u00e9sactiver la vente sur mon site ?"},"content":{"rendered":"<p><strong><span style=\"font-size: x-large;\">1<\/span>. <\/strong>Rendez-vous dans la rubrique \u00ab <strong>Boutique<\/strong> \u00bb, onglet \u00ab <a href=\"https:\/\/www.cmonsite.fr\/configboutique.php#mode-catalogue\"><strong>Configuration du Catalogue<\/strong><\/a> \u00bb depuis votre page d&#8217;administration.<\/p>\n<p><strong><span style=\"font-size: x-large;\">2<\/span>.<\/strong>\u00a0 Activez tout simplement l&#8217;option \u00ab <strong>Mode catalogue (D\u00e9sactiver la vente)<\/strong> \u00bb. La vente de vos produits sera automatiquement d\u00e9sactiv\u00e9e <em>(Vous pouvez r\u00e9activer la vente \u00e0 tout moment en d\u00e9sactivant cette option).<\/em><\/p>\n<p><a href=\"https:\/\/www.cmonsite.fr\/site\/webup\/2021\/05\/Desactiver-son-catalogue-produit-photo.jpg\"><img fetchpriority=\"high\" decoding=\"async\" class=\"size-full wp-image-15610 aligncenter\" src=\"https:\/\/www.cmonsite.fr\/site\/webup\/2021\/05\/Desactiver-son-catalogue-produit-photo.jpg\" alt=\"\" width=\"911\" height=\"152\" srcset=\"https:\/\/www.cmonsite.fr\/site\/webup\/2021\/05\/Desactiver-son-catalogue-produit-photo.jpg 911w, https:\/\/www.cmonsite.fr\/site\/webup\/2021\/05\/Desactiver-son-catalogue-produit-photo-300x50.jpg 300w, https:\/\/www.cmonsite.fr\/site\/webup\/2021\/05\/Desactiver-son-catalogue-produit-photo-768x128.jpg 768w\" sizes=\"(max-width: 911px) 100vw, 911px\" \/><\/a><\/p>\n<p>Si vous souhaitez d\u00e9sactiver seulement certaines fiches produits, cela est possible en vous rendant dans la gestion de votre produit et en cochant soit <strong>En ligne &amp; vente d\u00e9sactiv\u00e9e <\/strong>(produit visible mais non commandable) soit <strong>D\u00e9sactiv\u00e9<\/strong> (le produit ne sera plus du tout accessible par vos visiteurs) :<\/p>\n<p><a class=\"fancyboxforwp\" href=\"https:\/\/www.cmonsite.fr\/site\/webup\/2020\/12\/active-1.jpg\" data-fancybox=\"gallery\"><img decoding=\"async\" class=\"size-full wp-image-14270 aligncenter lazyloaded\" src=\"https:\/\/www.cmonsite.fr\/site\/webup\/2020\/12\/active-1.jpg\" sizes=\"(max-width: 303px) 100vw, 303px\" srcset=\"https:\/\/www.cmonsite.fr\/site\/webup\/2020\/12\/active-1.jpg 303w, https:\/\/www.cmonsite.fr\/site\/webup\/2020\/12\/active-1-300x145.jpg 300w\" alt=\"\" width=\"303\" height=\"146\" data-src=\"https:\/\/www.cmonsite.fr\/site\/webup\/2020\/12\/active-1.jpg\" data-srcset=\"https:\/\/www.cmonsite.fr\/site\/webup\/2020\/12\/active-1.jpg 303w, https:\/\/www.cmonsite.fr\/site\/webup\/2020\/12\/active-1-300x145.jpg 300w\" data-sizes=\"(max-width: 303px) 100vw, 303px\" \/><\/a><\/p>\n","protected":false},"excerpt":{"rendered":"<p>1. Rendez-vous dans la rubrique \u00ab Boutique \u00bb, onglet \u00ab Configuration du Catalogue \u00bb depuis votre page d&#8217;administration. 2.\u00a0 Activez tout simplement l&#8217;option \u00ab Mode catalogue (D\u00e9sactiver la vente) \u00bb. La vente de vos produits sera automatiquement d\u00e9sactiv\u00e9e (Vous pouvez r\u00e9activer la vente \u00e0 tout moment en d\u00e9sactivant cette option). Si vous souhaitez d\u00e9sactiver seulement [&hellip;]<\/p>\n","protected":false},"author":1,"featured_media":18038,"parent":22986,"menu_order":2,"comment_status":"open","ping_status":"closed","template":"","meta":{"_helpful_status":1,"footnotes":""},"class_list":["post-1032","page","type-page","status-publish","has-post-thumbnail","hentry"],"_links":{"self":[{"href":"https:\/\/www.cmonsite.fr\/site\/wp-json\/wp\/v2\/pages\/1032","targetHints":{"allow":["GET"]}}],"collection":[{"href":"https:\/\/www.cmonsite.fr\/site\/wp-json\/wp\/v2\/pages"}],"about":[{"href":"https:\/\/www.cmonsite.fr\/site\/wp-json\/wp\/v2\/types\/page"}],"author":[{"embeddable":true,"href":"https:\/\/www.cmonsite.fr\/site\/wp-json\/wp\/v2\/users\/1"}],"replies":[{"embeddable":true,"href":"https:\/\/www.cmonsite.fr\/site\/wp-json\/wp\/v2\/comments?post=1032"}],"version-history":[{"count":2,"href":"https:\/\/www.cmonsite.fr\/site\/wp-json\/wp\/v2\/pages\/1032\/revisions"}],"predecessor-version":[{"id":24716,"href":"https:\/\/www.cmonsite.fr\/site\/wp-json\/wp\/v2\/pages\/1032\/revisions\/24716"}],"up":[{"embeddable":true,"href":"https:\/\/www.cmonsite.fr\/site\/wp-json\/wp\/v2\/pages\/22986"}],"wp:featuredmedia":[{"embeddable":true,"href":"https:\/\/www.cmonsite.fr\/site\/wp-json\/wp\/v2\/media\/18038"}],"wp:attachment":[{"href":"https:\/\/www.cmonsite.fr\/site\/wp-json\/wp\/v2\/media?parent=1032"}],"curies":[{"name":"wp","href":"https:\/\/api.w.org\/{rel}","templated":true}]}}