{"id":1020,"date":"2012-11-26T17:22:29","date_gmt":"2012-11-26T17:22:28","guid":{"rendered":"https:\/\/www.cmonsite.fr\/site\/aide\/?page_id=1020"},"modified":"2023-07-04T11:52:12","modified_gmt":"2023-07-04T09:52:12","slug":"comment-bien-rediger-ses-mentions-legales","status":"publish","type":"page","link":"https:\/\/www.cmonsite.fr\/site\/aide\/informations-legales\/comment-bien-rediger-ses-mentions-legales","title":{"rendered":"Comment renseigner mes Mentions L\u00e9gales ?"},"content":{"rendered":"\t\t<div data-elementor-type=\"wp-page\" data-elementor-id=\"1020\" class=\"elementor elementor-1020\" data-elementor-post-type=\"page\">\n\t\t\t\t<div class=\"elementor-element elementor-element-cd81af9 e-flex e-con-boxed e-con e-parent\" data-id=\"cd81af9\" data-element_type=\"container\" data-e-type=\"container\">\n\t\t\t\t\t<div class=\"e-con-inner\">\n\t\t<div class=\"elementor-element elementor-element-59173a5 e-con-full e-flex e-con e-parent\" data-id=\"59173a5\" data-element_type=\"container\" data-e-type=\"container\">\n\t\t\t\t<div class=\"elementor-element elementor-element-3098ef4 elementor-widget elementor-widget-text-editor\" data-id=\"3098ef4\" data-element_type=\"widget\" data-e-type=\"widget\" data-widget_type=\"text-editor.default\">\n\t\t\t\t<div class=\"elementor-widget-container\">\n\t\t\t\t\t\t\t\t\t<p>Les Mentions l\u00e9gales sont obligatoires pour tous les sites internet.<\/p><p>Les mod\u00e8les propos\u00e9s\u00a0sont \u00e0 adapter en fonction de votre activit\u00e9. Ils\u00a0sont fournis \u00e0 titre indicatif seulement et ne constituent pas un conseil juridique. Nous vous conseillons de vous rapprocher de conseils juridiques.<\/p>\t\t\t\t\t\t\t\t<\/div>\n\t\t\t\t<\/div>\n\t\t\t\t<div class=\"elementor-element elementor-element-4658345 elementor-widget elementor-widget-heading\" data-id=\"4658345\" data-element_type=\"widget\" data-e-type=\"widget\" data-widget_type=\"heading.default\">\n\t\t\t\t<div class=\"elementor-widget-container\">\n\t\t\t\t\t<h2 class=\"elementor-heading-title elementor-size-default\">Acc\u00e9der \u00e0 ses Mentions L\u00e9gales<\/h2>\t\t\t\t<\/div>\n\t\t\t\t<\/div>\n\t\t\t\t<div class=\"elementor-element elementor-element-613d5a2 elementor-widget elementor-widget-text-editor\" data-id=\"613d5a2\" data-element_type=\"widget\" data-e-type=\"widget\" data-widget_type=\"text-editor.default\">\n\t\t\t\t<div class=\"elementor-widget-container\">\n\t\t\t\t\t\t\t\t\t<p>1. Pour acc\u00e9der \u00e0 vos Mentions l\u00e9gales, il vous suffira d&#8217;aller dans la rubrique &#8220;<b>Boutique<\/b>&#8221; puis &#8220;<b>Moyens de paiement<\/b>&#8220;.\u00a0<\/p>\t\t\t\t\t\t\t\t<\/div>\n\t\t\t\t<\/div>\n\t\t\t\t<div class=\"elementor-element elementor-element-dccd4ff elementor-widget elementor-widget-image\" data-id=\"dccd4ff\" data-element_type=\"widget\" data-e-type=\"widget\" data-widget_type=\"image.default\">\n\t\t\t\t<div class=\"elementor-widget-container\">\n\t\t\t\t\t\t\t\t\t\t\t\t\t\t\t<img fetchpriority=\"high\" decoding=\"async\" width=\"1045\" height=\"411\" src=\"https:\/\/www.cmonsite.fr\/site\/webup\/2021\/06\/13.png\" class=\"attachment-full size-full wp-image-15712\" alt=\"\" srcset=\"https:\/\/www.cmonsite.fr\/site\/webup\/2021\/06\/13.png 1045w, https:\/\/www.cmonsite.fr\/site\/webup\/2021\/06\/13-300x118.png 300w, https:\/\/www.cmonsite.fr\/site\/webup\/2021\/06\/13-1024x403.png 1024w, https:\/\/www.cmonsite.fr\/site\/webup\/2021\/06\/13-768x302.png 768w\" sizes=\"(max-width: 1045px) 100vw, 1045px\" \/>\t\t\t\t\t\t\t\t\t\t\t\t\t\t\t<\/div>\n\t\t\t\t<\/div>\n\t\t\t\t<div class=\"elementor-element elementor-element-a69596e elementor-widget elementor-widget-text-editor\" data-id=\"a69596e\" data-element_type=\"widget\" data-e-type=\"widget\" data-widget_type=\"text-editor.default\">\n\t\t\t\t<div class=\"elementor-widget-container\">\n\t\t\t\t\t\t\t\t\t<p>2. Dans le menu vertical \u00e0 gauche, vous aurez acc\u00e8s \u00e0 la page &#8220;<b>Mentions l\u00e9gales<\/b>&#8220;.\u00a0<\/p>\t\t\t\t\t\t\t\t<\/div>\n\t\t\t\t<\/div>\n\t\t\t\t<div class=\"elementor-element elementor-element-f2e946b elementor-widget elementor-widget-image\" data-id=\"f2e946b\" data-element_type=\"widget\" data-e-type=\"widget\" data-widget_type=\"image.default\">\n\t\t\t\t<div class=\"elementor-widget-container\">\n\t\t\t\t\t\t\t\t\t\t\t\t\t\t\t<img decoding=\"async\" width=\"1257\" height=\"328\" src=\"https:\/\/www.cmonsite.fr\/site\/webup\/2021\/06\/fHmy75v.png\" class=\"attachment-full size-full wp-image-15713\" alt=\"\" srcset=\"https:\/\/www.cmonsite.fr\/site\/webup\/2021\/06\/fHmy75v.png 1257w, https:\/\/www.cmonsite.fr\/site\/webup\/2021\/06\/fHmy75v-300x78.png 300w, https:\/\/www.cmonsite.fr\/site\/webup\/2021\/06\/fHmy75v-1024x267.png 1024w, https:\/\/www.cmonsite.fr\/site\/webup\/2021\/06\/fHmy75v-768x200.png 768w\" sizes=\"(max-width: 1257px) 100vw, 1257px\" \/>\t\t\t\t\t\t\t\t\t\t\t\t\t\t\t<\/div>\n\t\t\t\t<\/div>\n\t\t\t\t<div class=\"elementor-element elementor-element-e1a6716 elementor-widget elementor-widget-spacer\" data-id=\"e1a6716\" data-element_type=\"widget\" data-e-type=\"widget\" data-widget_type=\"spacer.default\">\n\t\t\t\t<div class=\"elementor-widget-container\">\n\t\t\t\t\t\t\t<div class=\"elementor-spacer\">\n\t\t\t<div class=\"elementor-spacer-inner\"><\/div>\n\t\t<\/div>\n\t\t\t\t\t\t<\/div>\n\t\t\t\t<\/div>\n\t\t\t\t<\/div>\n\t\t\t\t\t<\/div>\n\t\t\t\t<\/div>\n\t\t\t\t<section class=\"elementor-section elementor-top-section elementor-element elementor-element-bb1e17e elementor-section-boxed elementor-section-height-default elementor-section-height-default\" data-id=\"bb1e17e\" data-element_type=\"section\" data-e-type=\"section\">\n\t\t\t\t\t\t<div class=\"elementor-container elementor-column-gap-default\">\n\t\t\t\t\t<div class=\"elementor-column elementor-col-100 elementor-top-column elementor-element elementor-element-5a5c3b6\" data-id=\"5a5c3b6\" data-element_type=\"column\" data-e-type=\"column\">\n\t\t\t<div class=\"elementor-widget-wrap elementor-element-populated\">\n\t\t\t\t\t\t<div class=\"elementor-element elementor-element-7f0890f elementor-widget elementor-widget-heading\" data-id=\"7f0890f\" data-element_type=\"widget\" data-e-type=\"widget\" data-widget_type=\"heading.default\">\n\t\t\t\t<div class=\"elementor-widget-container\">\n\t\t\t\t\t<h2 class=\"elementor-heading-title elementor-size-default\">R\u00e9diger et renseigner ses Mentions L\u00e9gales<\/h2>\t\t\t\t<\/div>\n\t\t\t\t<\/div>\n\t\t\t\t\t<\/div>\n\t\t<\/div>\n\t\t\t\t\t<\/div>\n\t\t<\/section>\n\t\t\t\t<section class=\"elementor-section elementor-top-section elementor-element elementor-element-5acd2ad elementor-section-boxed elementor-section-height-default elementor-section-height-default\" data-id=\"5acd2ad\" data-element_type=\"section\" data-e-type=\"section\">\n\t\t\t\t\t\t<div class=\"elementor-container elementor-column-gap-default\">\n\t\t\t\t\t<div class=\"elementor-column elementor-col-100 elementor-top-column elementor-element elementor-element-5b9488e\" data-id=\"5b9488e\" data-element_type=\"column\" data-e-type=\"column\">\n\t\t\t<div class=\"elementor-widget-wrap elementor-element-populated\">\n\t\t\t\t\t\t<div class=\"elementor-element elementor-element-d07b228 elementor-widget elementor-widget-text-editor\" data-id=\"d07b228\" data-element_type=\"widget\" data-e-type=\"widget\" data-widget_type=\"text-editor.default\">\n\t\t\t\t<div class=\"elementor-widget-container\">\n\t\t\t\t\t\t\t\t\t<p>Pour r\u00e9diger vos Mentions L\u00e9gales, vous n&#8217;aurez plus qu&#8217;\u00e0 t\u00e9l\u00e9charger le mod\u00e8le que vous devez adapter \u00e0 votre activit\u00e9.<br \/>Ensuite, il vous suffira de copier-coller les informations dans la zone de texte d\u00e9di\u00e9e en dessous.<\/p><p>Un lien \u00ab\u00a0Mentions L\u00e9gales\u00a0\u00bb est automatiquement cr\u00e9\u00e9 en bas de votre site en pied de page, inutile donc de cr\u00e9er une page \u00e0 cet effet.<\/p>\t\t\t\t\t\t\t\t<\/div>\n\t\t\t\t<\/div>\n\t\t\t\t<div class=\"elementor-element elementor-element-86a2d14 elementor-widget elementor-widget-image\" data-id=\"86a2d14\" data-element_type=\"widget\" data-e-type=\"widget\" data-widget_type=\"image.default\">\n\t\t\t\t<div class=\"elementor-widget-container\">\n\t\t\t\t\t\t\t\t\t\t\t\t\t\t\t<img decoding=\"async\" width=\"1273\" height=\"354\" src=\"https:\/\/www.cmonsite.fr\/site\/webup\/2021\/06\/mentions_legales.png\" class=\"attachment-full size-full wp-image-15724\" alt=\"\" srcset=\"https:\/\/www.cmonsite.fr\/site\/webup\/2021\/06\/mentions_legales.png 1273w, https:\/\/www.cmonsite.fr\/site\/webup\/2021\/06\/mentions_legales-300x83.png 300w, https:\/\/www.cmonsite.fr\/site\/webup\/2021\/06\/mentions_legales-1024x285.png 1024w, https:\/\/www.cmonsite.fr\/site\/webup\/2021\/06\/mentions_legales-768x214.png 768w\" sizes=\"(max-width: 1273px) 100vw, 1273px\" \/>\t\t\t\t\t\t\t\t\t\t\t\t\t\t\t<\/div>\n\t\t\t\t<\/div>\n\t\t\t\t<div class=\"elementor-element elementor-element-b24068e elementor-widget elementor-widget-spacer\" data-id=\"b24068e\" data-element_type=\"widget\" data-e-type=\"widget\" data-widget_type=\"spacer.default\">\n\t\t\t\t<div class=\"elementor-widget-container\">\n\t\t\t\t\t\t\t<div class=\"elementor-spacer\">\n\t\t\t<div class=\"elementor-spacer-inner\"><\/div>\n\t\t<\/div>\n\t\t\t\t\t\t<\/div>\n\t\t\t\t<\/div>\n\t\t\t\t<div class=\"elementor-element elementor-element-44ef738 elementor-widget-divider--view-line elementor-widget elementor-widget-divider\" data-id=\"44ef738\" data-element_type=\"widget\" data-e-type=\"widget\" data-widget_type=\"divider.default\">\n\t\t\t\t<div class=\"elementor-widget-container\">\n\t\t\t\t\t\t\t<div class=\"elementor-divider\">\n\t\t\t<span class=\"elementor-divider-separator\">\n\t\t\t\t\t\t<\/span>\n\t\t<\/div>\n\t\t\t\t\t\t<\/div>\n\t\t\t\t<\/div>\n\t\t\t\t\t<\/div>\n\t\t<\/div>\n\t\t\t\t\t<\/div>\n\t\t<\/section>\n\t\t\t\t<section class=\"elementor-section elementor-top-section elementor-element elementor-element-89dadec elementor-section-boxed elementor-section-height-default elementor-section-height-default\" data-id=\"89dadec\" data-element_type=\"section\" data-e-type=\"section\">\n\t\t\t\t\t\t<div class=\"elementor-container elementor-column-gap-default\">\n\t\t\t\t\t<div class=\"elementor-column elementor-col-33 elementor-top-column elementor-element elementor-element-23c92c0\" data-id=\"23c92c0\" data-element_type=\"column\" data-e-type=\"column\">\n\t\t\t<div class=\"elementor-widget-wrap\">\n\t\t\t\t\t\t\t<\/div>\n\t\t<\/div>\n\t\t\t\t<div class=\"elementor-column elementor-col-33 elementor-top-column elementor-element elementor-element-8688d05\" data-id=\"8688d05\" data-element_type=\"column\" data-e-type=\"column\">\n\t\t\t<div class=\"elementor-widget-wrap elementor-element-populated\">\n\t\t\t\t\t\t<div class=\"elementor-element elementor-element-740b334 elementor-widget elementor-widget-video\" data-id=\"740b334\" data-element_type=\"widget\" data-e-type=\"widget\" data-settings=\"{&quot;youtube_url&quot;:&quot;https:\\\/\\\/www.youtube.com\\\/watch?v=MUR1DEFIWwo&quot;,&quot;video_type&quot;:&quot;youtube&quot;,&quot;controls&quot;:&quot;yes&quot;}\" data-widget_type=\"video.default\">\n\t\t\t\t<div class=\"elementor-widget-container\">\n\t\t\t\t\t\t\t<div class=\"elementor-wrapper elementor-open-inline\">\n\t\t\t<div class=\"elementor-video\"><\/div>\t\t<\/div>\n\t\t\t\t\t\t<\/div>\n\t\t\t\t<\/div>\n\t\t\t\t\t<\/div>\n\t\t<\/div>\n\t\t\t\t<div class=\"elementor-column elementor-col-33 elementor-top-column elementor-element elementor-element-799975b\" data-id=\"799975b\" data-element_type=\"column\" data-e-type=\"column\">\n\t\t\t<div class=\"elementor-widget-wrap\">\n\t\t\t\t\t\t\t<\/div>\n\t\t<\/div>\n\t\t\t\t\t<\/div>\n\t\t<\/section>\n\t\t\t\t<section class=\"elementor-section elementor-top-section elementor-element elementor-element-907bdd2 elementor-section-boxed elementor-section-height-default elementor-section-height-default\" data-id=\"907bdd2\" data-element_type=\"section\" data-e-type=\"section\">\n\t\t\t\t\t\t<div class=\"elementor-container elementor-column-gap-default\">\n\t\t\t\t\t<div class=\"elementor-column elementor-col-100 elementor-top-column elementor-element elementor-element-0b457e6\" data-id=\"0b457e6\" data-element_type=\"column\" data-e-type=\"column\">\n\t\t\t<div class=\"elementor-widget-wrap elementor-element-populated\">\n\t\t\t\t\t\t<div class=\"elementor-element elementor-element-ef40f0f elementor-widget-divider--view-line elementor-widget elementor-widget-divider\" data-id=\"ef40f0f\" data-element_type=\"widget\" data-e-type=\"widget\" data-widget_type=\"divider.default\">\n\t\t\t\t<div class=\"elementor-widget-container\">\n\t\t\t\t\t\t\t<div class=\"elementor-divider\">\n\t\t\t<span class=\"elementor-divider-separator\">\n\t\t\t\t\t\t<\/span>\n\t\t<\/div>\n\t\t\t\t\t\t<\/div>\n\t\t\t\t<\/div>\n\t\t\t\t<div class=\"elementor-element elementor-element-a2ed207 elementor-widget elementor-widget-text-editor\" data-id=\"a2ed207\" data-element_type=\"widget\" data-e-type=\"widget\" data-widget_type=\"text-editor.default\">\n\t\t\t\t<div class=\"elementor-widget-container\">\n\t\t\t\t\t\t\t\t\t<p>Voir aussi dans la m\u00eame th\u00e9matique :<\/p><ul style=\"margin-bottom: 0px;\"><li><a href=\"https:\/\/www.cmonsite.fr\/creer-un-site\/boutique\/creer-une-fiche-produit\/\" target=\"_blank\" rel=\"noopener noreferrer\">Cr\u00e9er une fiche produit<\/a><\/li><li><a href=\"https:\/\/www.cmonsite.fr\/creer-un-site\/boutique\/editer-catalogue-produits-boutique\/\" target=\"_blank\" rel=\"noopener noreferrer\">G\u00e9rer le catalogue produit<\/a><\/li><li><a href=\"https:\/\/www.cmonsite.fr\/creer-un-site\/boutique\/configurer-moyens-de-paiement-boutique\/\" target=\"_blank\" rel=\"noopener noreferrer\">Configurer la boutique et les moyens de paiements<\/a><\/li><\/ul>\t\t\t\t\t\t\t\t<\/div>\n\t\t\t\t<\/div>\n\t\t\t\t\t<\/div>\n\t\t<\/div>\n\t\t\t\t\t<\/div>\n\t\t<\/section>\n\t\t\t\t<\/div>\n\t\t","protected":false},"excerpt":{"rendered":"<p>Les Mentions l\u00e9gales sont obligatoires pour tous les sites internet. Les mod\u00e8les propos\u00e9s\u00a0sont \u00e0 adapter en fonction de votre activit\u00e9. Ils\u00a0sont fournis \u00e0 titre indicatif seulement et ne constituent pas un conseil juridique. Nous vous conseillons de vous rapprocher de conseils juridiques. Acc\u00e9der \u00e0 ses Mentions L\u00e9gales 1. Pour acc\u00e9der \u00e0 vos Mentions l\u00e9gales, il [&hellip;]<\/p>\n","protected":false},"author":1,"featured_media":18486,"parent":24678,"menu_order":1,"comment_status":"open","ping_status":"closed","template":"","meta":{"_helpful_status":1,"footnotes":""},"class_list":["post-1020","page","type-page","status-publish","has-post-thumbnail","hentry"],"_links":{"self":[{"href":"https:\/\/www.cmonsite.fr\/site\/wp-json\/wp\/v2\/pages\/1020","targetHints":{"allow":["GET"]}}],"collection":[{"href":"https:\/\/www.cmonsite.fr\/site\/wp-json\/wp\/v2\/pages"}],"about":[{"href":"https:\/\/www.cmonsite.fr\/site\/wp-json\/wp\/v2\/types\/page"}],"author":[{"embeddable":true,"href":"https:\/\/www.cmonsite.fr\/site\/wp-json\/wp\/v2\/users\/1"}],"replies":[{"embeddable":true,"href":"https:\/\/www.cmonsite.fr\/site\/wp-json\/wp\/v2\/comments?post=1020"}],"version-history":[{"count":7,"href":"https:\/\/www.cmonsite.fr\/site\/wp-json\/wp\/v2\/pages\/1020\/revisions"}],"predecessor-version":[{"id":24771,"href":"https:\/\/www.cmonsite.fr\/site\/wp-json\/wp\/v2\/pages\/1020\/revisions\/24771"}],"up":[{"embeddable":true,"href":"https:\/\/www.cmonsite.fr\/site\/wp-json\/wp\/v2\/pages\/24678"}],"wp:featuredmedia":[{"embeddable":true,"href":"https:\/\/www.cmonsite.fr\/site\/wp-json\/wp\/v2\/media\/18486"}],"wp:attachment":[{"href":"https:\/\/www.cmonsite.fr\/site\/wp-json\/wp\/v2\/media?parent=1020"}],"curies":[{"name":"wp","href":"https:\/\/api.w.org\/{rel}","templated":true}]}}