{"id":10168,"date":"2016-12-16T11:10:50","date_gmt":"2016-12-16T10:10:50","guid":{"rendered":"https:\/\/www.cmonsite.fr\/site\/aide\/?page_id=10168"},"modified":"2025-05-12T14:47:13","modified_gmt":"2025-05-12T12:47:13","slug":"commander-un-nom-de-domaine-supplementaire","status":"publish","type":"page","link":"https:\/\/www.cmonsite.fr\/site\/aide\/nom-de-domaine-et-adresse-e-mail\/commander-un-nom-de-domaine-supplementaire","title":{"rendered":"Comment r\u00e9server un nom de domaine suppl\u00e9mentaire ?"},"content":{"rendered":"\t\t<div data-elementor-type=\"wp-page\" data-elementor-id=\"10168\" class=\"elementor elementor-10168\" data-elementor-post-type=\"page\">\n\t\t\t\t\t\t<section class=\"elementor-section elementor-top-section elementor-element elementor-element-65e874a4 elementor-section-boxed elementor-section-height-default elementor-section-height-default\" data-id=\"65e874a4\" data-element_type=\"section\" data-e-type=\"section\">\n\t\t\t\t\t\t<div class=\"elementor-container elementor-column-gap-default\">\n\t\t\t\t\t<div class=\"elementor-column elementor-col-100 elementor-top-column elementor-element elementor-element-407aff60\" data-id=\"407aff60\" data-element_type=\"column\" data-e-type=\"column\">\n\t\t\t<div class=\"elementor-widget-wrap elementor-element-populated\">\n\t\t\t\t\t\t<div class=\"elementor-element elementor-element-2853d9e elementor-widget elementor-widget-text-editor\" data-id=\"2853d9e\" data-element_type=\"widget\" data-e-type=\"widget\" data-widget_type=\"text-editor.default\">\n\t\t\t\t<div class=\"elementor-widget-container\">\n\t\t\t\t\t\t\t\t\t<p class=\"\" data-start=\"398\" data-end=\"587\">Vous avez d\u00e9j\u00e0 un nom de domaine principal pour votre site, mais souhaitez en <strong data-start=\"476\" data-end=\"496\">ajouter d\u2019autres<\/strong> pour s\u00e9curiser des variantes ou augmenter votre visibilit\u00e9 ? C\u2019est possible sur CmonSite !<\/p>\t\t\t\t\t\t\t\t<\/div>\n\t\t\t\t<\/div>\n\t\t\t\t<div class=\"elementor-element elementor-element-009cd49 elementor-widget elementor-widget-heading\" data-id=\"009cd49\" data-element_type=\"widget\" data-e-type=\"widget\" data-widget_type=\"heading.default\">\n\t\t\t\t<div class=\"elementor-widget-container\">\n\t\t\t\t\t<h2 class=\"elementor-heading-title elementor-size-default\">1. Pourquoi ajouter un nom de domaine secondaire ?<\/h2>\t\t\t\t<\/div>\n\t\t\t\t<\/div>\n\t\t\t\t<div class=\"elementor-element elementor-element-6bd8eab elementor-widget elementor-widget-text-editor\" data-id=\"6bd8eab\" data-element_type=\"widget\" data-e-type=\"widget\" data-widget_type=\"text-editor.default\">\n\t\t\t\t<div class=\"elementor-widget-container\">\n\t\t\t\t\t\t\t\t\t<p class=\"\" data-start=\"650\" data-end=\"698\">Avoir plusieurs noms de domaine vous permet de :<\/p><ul data-start=\"699\" data-end=\"917\"><li class=\"\" data-start=\"699\" data-end=\"767\"><p class=\"\" data-start=\"701\" data-end=\"767\">\ud83d\udd12 Prot\u00e9ger votre marque (orthographes proches, autres extensions)<\/p><\/li><li class=\"\" data-start=\"768\" data-end=\"841\"><p class=\"\" data-start=\"770\" data-end=\"841\">\ud83d\udcf6 Am\u00e9liorer votre pr\u00e9sence en ligne (via redirection ou r\u00e9f\u00e9rencement)<\/p><\/li><li class=\"\" data-start=\"842\" data-end=\"917\"><p class=\"\" data-start=\"844\" data-end=\"917\">\ud83c\udf0d Toucher un public plus large (avec plusieurs extensions g\u00e9ographiques)<\/p><\/li><\/ul>\t\t\t\t\t\t\t\t<\/div>\n\t\t\t\t<\/div>\n\t\t\t\t<div class=\"elementor-element elementor-element-e3311d9 elementor-widget elementor-widget-heading\" data-id=\"e3311d9\" data-element_type=\"widget\" data-e-type=\"widget\" data-widget_type=\"heading.default\">\n\t\t\t\t<div class=\"elementor-widget-container\">\n\t\t\t\t\t<h2 class=\"elementor-heading-title elementor-size-default\">2. Acheter un cr\u00e9dit pour nom de domaine<\/h2>\t\t\t\t<\/div>\n\t\t\t\t<\/div>\n\t\t\t\t<div class=\"elementor-element elementor-element-b65a3a8 elementor-widget elementor-widget-text-editor\" data-id=\"b65a3a8\" data-element_type=\"widget\" data-e-type=\"widget\" data-widget_type=\"text-editor.default\">\n\t\t\t\t<div class=\"elementor-widget-container\">\n\t\t\t\t\t\t\t\t\t<p class=\"\" data-start=\"1113\" data-end=\"1192\">Chaque nouveau nom de domaine suppl\u00e9mentaire n\u00e9cessite l\u2019achat d\u2019un <strong data-start=\"1181\" data-end=\"1191\">cr\u00e9dit<\/strong>.<\/p><p class=\"\" data-start=\"1194\" data-end=\"1241\">\ud83d\udcb0 <strong data-start=\"1197\" data-end=\"1241\">Tarif : 20 \u20ac TTC \/ an par nom de domaine<\/strong><\/p><p class=\"\" data-start=\"1243\" data-end=\"1326\">\ud83d\udc49 <a class=\"\" href=\"https:\/\/www.cmonsite.fr\/commande.php?id=6\" target=\"_new\" rel=\"noopener\" data-start=\"1246\" data-end=\"1326\">Acheter un cr\u00e9dit de nom de domaine<\/a><\/p><p><span style=\"color: var( --e-global-color-text ); font-family: var( --e-global-typography-text-font-family ), Sans-serif; font-weight: var( --e-global-typography-text-font-weight );\">\u00a0<\/span><\/p>\t\t\t\t\t\t\t\t<\/div>\n\t\t\t\t<\/div>\n\t\t\t\t<div class=\"elementor-element elementor-element-5afbc69 elementor-widget elementor-widget-image\" data-id=\"5afbc69\" data-element_type=\"widget\" data-e-type=\"widget\" data-widget_type=\"image.default\">\n\t\t\t\t<div class=\"elementor-widget-container\">\n\t\t\t\t\t\t\t\t\t\t\t\t\t\t\t<img fetchpriority=\"high\" decoding=\"async\" width=\"1215\" height=\"333\" src=\"https:\/\/www.cmonsite.fr\/site\/webup\/2025\/05\/Capture-decran-2025-05-12-142726.png\" class=\"attachment-full size-full wp-image-28254\" alt=\"\" srcset=\"https:\/\/www.cmonsite.fr\/site\/webup\/2025\/05\/Capture-decran-2025-05-12-142726.png 1215w, https:\/\/www.cmonsite.fr\/site\/webup\/2025\/05\/Capture-decran-2025-05-12-142726-300x82.png 300w, https:\/\/www.cmonsite.fr\/site\/webup\/2025\/05\/Capture-decran-2025-05-12-142726-1024x281.png 1024w, https:\/\/www.cmonsite.fr\/site\/webup\/2025\/05\/Capture-decran-2025-05-12-142726-768x210.png 768w\" sizes=\"(max-width: 1215px) 100vw, 1215px\" \/>\t\t\t\t\t\t\t\t\t\t\t\t\t\t\t<\/div>\n\t\t\t\t<\/div>\n\t\t\t\t<div class=\"elementor-element elementor-element-5dd550a elementor-widget elementor-widget-heading\" data-id=\"5dd550a\" data-element_type=\"widget\" data-e-type=\"widget\" data-widget_type=\"heading.default\">\n\t\t\t\t<div class=\"elementor-widget-container\">\n\t\t\t\t\t<h2 class=\"elementor-heading-title elementor-size-default\">3. R\u00e9server le nouveau nom de domaine<\/h2>\t\t\t\t<\/div>\n\t\t\t\t<\/div>\n\t\t\t\t<div class=\"elementor-element elementor-element-ac66fc7 elementor-widget elementor-widget-text-editor\" data-id=\"ac66fc7\" data-element_type=\"widget\" data-e-type=\"widget\" data-widget_type=\"text-editor.default\">\n\t\t\t\t<div class=\"elementor-widget-container\">\n\t\t\t\t\t\t\t\t\t<p class=\"\" data-start=\"1474\" data-end=\"1575\">Une fois le cr\u00e9dit achet\u00e9, vous pouvez <strong data-start=\"1513\" data-end=\"1553\">r\u00e9server votre second nom de domaine<\/strong> via le panneau d\u00e9di\u00e9.<\/p><p class=\"\" data-start=\"1577\" data-end=\"1664\">\ud83d\udc49 <a class=\"\" href=\"https:\/\/www.cmonsite.fr\/gestion_ndd.php\" target=\"_new\" rel=\"noopener\" data-start=\"1580\" data-end=\"1664\">R\u00e9server un nom de domaine suppl\u00e9mentaire<\/a><\/p><h3 class=\"\" data-start=\"1666\" data-end=\"1690\">\u00c9tapes \u00e0 suivre :<\/h3><ol data-start=\"1692\" data-end=\"1882\"><li class=\"\" data-start=\"1692\" data-end=\"1745\"><p class=\"\" data-start=\"1695\" data-end=\"1745\">Entrez le <strong data-start=\"1705\" data-end=\"1721\">nom souhait\u00e9<\/strong> (sans \u201cwww\u201d ni \u201c.fr\u201d)<\/p><\/li><li class=\"\" data-start=\"1746\" data-end=\"1835\"><p class=\"\" data-start=\"1749\" data-end=\"1835\">S\u00e9lectionnez l\u2019<strong data-start=\"1764\" data-end=\"1777\">extension<\/strong> de votre choix dans le menu d\u00e9roulant (.fr, .com, etc.)<\/p><\/li><li class=\"\" data-start=\"1836\" data-end=\"1882\"><p class=\"\" data-start=\"1839\" data-end=\"1882\">Cliquez sur <strong data-start=\"1851\" data-end=\"1882\">\u201cV\u00e9rifier la disponibilit\u00e9\u201d<\/strong><\/p><\/li><\/ol>\t\t\t\t\t\t\t\t<\/div>\n\t\t\t\t<\/div>\n\t\t\t\t<div class=\"elementor-element elementor-element-fbd4352 elementor-widget elementor-widget-image\" data-id=\"fbd4352\" data-element_type=\"widget\" data-e-type=\"widget\" data-widget_type=\"image.default\">\n\t\t\t\t<div class=\"elementor-widget-container\">\n\t\t\t\t\t\t\t\t\t\t\t\t\t\t\t<img decoding=\"async\" width=\"1229\" height=\"150\" src=\"https:\/\/www.cmonsite.fr\/site\/webup\/2025\/05\/Capture-decran-2025-05-12-144337.png\" class=\"attachment-full size-full wp-image-28255\" alt=\"\" srcset=\"https:\/\/www.cmonsite.fr\/site\/webup\/2025\/05\/Capture-decran-2025-05-12-144337.png 1229w, https:\/\/www.cmonsite.fr\/site\/webup\/2025\/05\/Capture-decran-2025-05-12-144337-300x37.png 300w, https:\/\/www.cmonsite.fr\/site\/webup\/2025\/05\/Capture-decran-2025-05-12-144337-1024x125.png 1024w, https:\/\/www.cmonsite.fr\/site\/webup\/2025\/05\/Capture-decran-2025-05-12-144337-768x94.png 768w\" sizes=\"(max-width: 1229px) 100vw, 1229px\" \/>\t\t\t\t\t\t\t\t\t\t\t\t\t\t\t<\/div>\n\t\t\t\t<\/div>\n\t\t\t\t<div class=\"elementor-element elementor-element-20915dc elementor-widget elementor-widget-text-editor\" data-id=\"20915dc\" data-element_type=\"widget\" data-e-type=\"widget\" data-widget_type=\"text-editor.default\">\n\t\t\t\t<div class=\"elementor-widget-container\">\n\t\t\t\t\t\t\t\t\t<ol start=\"4\" data-start=\"1985\" data-end=\"2201\"><li class=\"\" data-start=\"1985\" data-end=\"2064\"><p class=\"\" data-start=\"1988\" data-end=\"2064\">Si le domaine est disponible, cliquez sur <strong data-start=\"2030\" data-end=\"2062\">\u201cContinuer l\u2019enregistrement\u201d<\/strong><\/p><\/li><li class=\"\" data-start=\"2065\" data-end=\"2136\"><p class=\"\" data-start=\"2068\" data-end=\"2136\">Choisissez votre <strong data-start=\"2085\" data-end=\"2095\">statut<\/strong> (particulier, entreprise, association)<\/p><\/li><li class=\"\" data-start=\"2137\" data-end=\"2201\"><p class=\"\" data-start=\"2140\" data-end=\"2201\">Renseignez les informations demand\u00e9es, puis finalisez l\u2019achat<\/p><\/li><\/ol>\t\t\t\t\t\t\t\t<\/div>\n\t\t\t\t<\/div>\n\t\t\t\t<div class=\"elementor-element elementor-element-67113ad elementor-widget-divider--view-line elementor-widget elementor-widget-divider\" data-id=\"67113ad\" data-element_type=\"widget\" data-e-type=\"widget\" data-widget_type=\"divider.default\">\n\t\t\t\t<div class=\"elementor-widget-container\">\n\t\t\t\t\t\t\t<div class=\"elementor-divider\">\n\t\t\t<span class=\"elementor-divider-separator\">\n\t\t\t\t\t\t<\/span>\n\t\t<\/div>\n\t\t\t\t\t\t<\/div>\n\t\t\t\t<\/div>\n\t\t\t\t<div class=\"elementor-element elementor-element-914f9f5 elementor-widget elementor-widget-text-editor\" data-id=\"914f9f5\" data-element_type=\"widget\" data-e-type=\"widget\" data-widget_type=\"text-editor.default\">\n\t\t\t\t<div class=\"elementor-widget-container\">\n\t\t\t\t\t\t\t\t\t<p><strong data-start=\"2206\" data-end=\"2228\">D\u00e9lai d\u2019activation<\/strong> : le nom de domaine est actif sous <strong data-start=\"2264\" data-end=\"2276\">6 heures<\/strong><br data-start=\"2276\" data-end=\"2279\">Il pourra \u00eatre <strong data-start=\"2294\" data-end=\"2335\">redirig\u00e9 vers votre domaine principal<\/strong> si n\u00e9cessaire.<\/p>\t\t\t\t\t\t\t\t<\/div>\n\t\t\t\t<\/div>\n\t\t\t\t<div class=\"elementor-element elementor-element-717c2f3 elementor-widget-divider--view-line elementor-widget elementor-widget-divider\" data-id=\"717c2f3\" data-element_type=\"widget\" data-e-type=\"widget\" data-widget_type=\"divider.default\">\n\t\t\t\t<div class=\"elementor-widget-container\">\n\t\t\t\t\t\t\t<div class=\"elementor-divider\">\n\t\t\t<span class=\"elementor-divider-separator\">\n\t\t\t\t\t\t<\/span>\n\t\t<\/div>\n\t\t\t\t\t\t<\/div>\n\t\t\t\t<\/div>\n\t\t\t\t<div class=\"elementor-element elementor-element-470bb2b elementor-widget elementor-widget-heading\" data-id=\"470bb2b\" data-element_type=\"widget\" data-e-type=\"widget\" data-widget_type=\"heading.default\">\n\t\t\t\t<div class=\"elementor-widget-container\">\n\t\t\t\t\t<h2 class=\"elementor-heading-title elementor-size-default\">4. Renouveler un nom de domaine secondaire<\/h2>\t\t\t\t<\/div>\n\t\t\t\t<\/div>\n\t\t\t\t<div class=\"elementor-element elementor-element-7550671 elementor-widget elementor-widget-text-editor\" data-id=\"7550671\" data-element_type=\"widget\" data-e-type=\"widget\" data-widget_type=\"text-editor.default\">\n\t\t\t\t<div class=\"elementor-widget-container\">\n\t\t\t\t\t\t\t\t\t<p class=\"\" data-start=\"2500\" data-end=\"2551\">Pour prolonger un domaine suppl\u00e9mentaire, il faut :<\/p><ol data-start=\"2553\" data-end=\"2784\"><li class=\"\" data-start=\"2553\" data-end=\"2658\"><p class=\"\" data-start=\"2556\" data-end=\"2658\">Acheter \u00e0 nouveau un cr\u00e9dit ici :<br data-start=\"2589\" data-end=\"2592\" \/>\ud83d\udc49 <a class=\"\" href=\"https:\/\/www.cmonsite.fr\/commande.php?id=6\" target=\"_new\" rel=\"noopener\" data-start=\"2595\" data-end=\"2658\">Racheter un cr\u00e9dit<\/a><\/p><\/li><li class=\"\" data-start=\"2660\" data-end=\"2784\"><p class=\"\" data-start=\"2663\" data-end=\"2784\">Vous rendre dans votre interface de gestion des domaines :<br data-start=\"2721\" data-end=\"2724\" \/>\ud83d\udc49 <a class=\"\" href=\"https:\/\/www.cmonsite.fr\/mesndd.php\" target=\"_new\" rel=\"noopener\" data-start=\"2727\" data-end=\"2784\">Mes noms de domaine<\/a><\/p><\/li><\/ol><p class=\"\" data-start=\"2876\" data-end=\"2956\">\u00a0<\/p>\t\t\t\t\t\t\t\t<\/div>\n\t\t\t\t<\/div>\n\t\t\t\t<div class=\"elementor-element elementor-element-9997844 elementor-widget elementor-widget-text-editor\" data-id=\"9997844\" data-element_type=\"widget\" data-e-type=\"widget\" data-widget_type=\"text-editor.default\">\n\t\t\t\t<div class=\"elementor-widget-container\">\n\t\t\t\t\t\t\t\t\t<p>Utilisez votre cr\u00e9dit pour renouveler le domaine <strong data-start=\"2925\" data-end=\"2955\">avant sa date d\u2019expiration<\/strong>.<\/p>\t\t\t\t\t\t\t\t<\/div>\n\t\t\t\t<\/div>\n\t\t\t\t<div class=\"elementor-element elementor-element-449700f elementor-widget elementor-widget-spacer\" data-id=\"449700f\" data-element_type=\"widget\" data-e-type=\"widget\" data-widget_type=\"spacer.default\">\n\t\t\t\t<div class=\"elementor-widget-container\">\n\t\t\t\t\t\t\t<div class=\"elementor-spacer\">\n\t\t\t<div class=\"elementor-spacer-inner\"><\/div>\n\t\t<\/div>\n\t\t\t\t\t\t<\/div>\n\t\t\t\t<\/div>\n\t\t\t\t<div class=\"elementor-element elementor-element-0513933 elementor-widget elementor-widget-heading\" data-id=\"0513933\" data-element_type=\"widget\" data-e-type=\"widget\" data-widget_type=\"heading.default\">\n\t\t\t\t<div class=\"elementor-widget-container\">\n\t\t\t\t\t<h2 class=\"elementor-heading-title elementor-size-default\">Comment renouveler un nom de domaine secondaire ? <\/h2>\t\t\t\t<\/div>\n\t\t\t\t<\/div>\n\t\t\t\t<div class=\"elementor-element elementor-element-7d9bb39 elementor-widget elementor-widget-text-editor\" data-id=\"7d9bb39\" data-element_type=\"widget\" data-e-type=\"widget\" data-widget_type=\"text-editor.default\">\n\t\t\t\t<div class=\"elementor-widget-container\">\n\t\t\t\t\t\t\t\t\t<p>1- Acheter un cr\u00e9dit nom de domaine (20\u20ac TTC \/ an) : <a href=\"https:\/\/www.cmonsite.fr\/commande.php?id=6\" target=\"_blank\" rel=\"noopener\">https:\/\/www.cmonsite.fr\/commande.php?id=6<\/a><br \/><span style=\"color: var( --e-global-color-text ); font-family: var( --e-global-typography-text-font-family ), Sans-serif; font-weight: var( --e-global-typography-text-font-weight );\">2- Utiliser le cr\u00e9dit nom de domaine pour renouveler votre nom de domaine secondaire (avant la date d\u2019expiation) :\u00a0<\/span><a style=\"font-family: var( --e-global-typography-text-font-family ), Sans-serif; background-color: #ffffff;\" href=\"https:\/\/www.cmonsite.fr\/mesndd.php\" target=\"_blank\" rel=\"noopener\">https:\/\/www.cmonsite.fr\/mesndd.php<\/a><\/p>\t\t\t\t\t\t\t\t<\/div>\n\t\t\t\t<\/div>\n\t\t\t\t<div class=\"elementor-element elementor-element-d2d489a elementor-widget elementor-widget-spacer\" data-id=\"d2d489a\" data-element_type=\"widget\" data-e-type=\"widget\" data-widget_type=\"spacer.default\">\n\t\t\t\t<div class=\"elementor-widget-container\">\n\t\t\t\t\t\t\t<div class=\"elementor-spacer\">\n\t\t\t<div class=\"elementor-spacer-inner\"><\/div>\n\t\t<\/div>\n\t\t\t\t\t\t<\/div>\n\t\t\t\t<\/div>\n\t\t\t\t<div class=\"elementor-element elementor-element-5b87d5c elementor-widget elementor-widget-heading\" data-id=\"5b87d5c\" data-element_type=\"widget\" data-e-type=\"widget\" data-widget_type=\"heading.default\">\n\t\t\t\t<div class=\"elementor-widget-container\">\n\t\t\t\t\t<h3 class=\"elementor-heading-title elementor-size-default\">\u2139\ufe0f Bon \u00e0 savoir\n<\/h3>\t\t\t\t<\/div>\n\t\t\t\t<\/div>\n\t\t\t\t<div class=\"elementor-element elementor-element-80e67e1 elementor-widget elementor-widget-text-editor\" data-id=\"80e67e1\" data-element_type=\"widget\" data-e-type=\"widget\" data-widget_type=\"text-editor.default\">\n\t\t\t\t<div class=\"elementor-widget-container\">\n\t\t\t\t\t\t\t\t\t<ul><li class=\"\" data-start=\"2983\" data-end=\"3060\"><p class=\"\" data-start=\"2985\" data-end=\"3060\">\u2714\ufe0f Vous pouvez r\u00e9server <strong data-start=\"3009\" data-end=\"3060\">autant de noms de domaine que vous le souhaitez<\/strong><\/p><\/li><li class=\"\" data-start=\"3061\" data-end=\"3149\"><p class=\"\" data-start=\"3063\" data-end=\"3149\">\ud83d\udd04 Tous les noms de domaine secondaires <strong data-start=\"3103\" data-end=\"3133\">redirigent automatiquement<\/strong> vers votre site<\/p><\/li><li class=\"\" data-start=\"3150\" data-end=\"3248\"><p class=\"\" data-start=\"3152\" data-end=\"3248\">\ud83e\uddd1\u200d\ud83d\udcbc Pour changer le <strong data-start=\"3174\" data-end=\"3195\">domaine principal<\/strong> de votre site, une demande au support est n\u00e9cessaire<\/p><\/li><\/ul>\t\t\t\t\t\t\t\t<\/div>\n\t\t\t\t<\/div>\n\t\t\t\t<div class=\"elementor-element elementor-element-50d4ffb elementor-widget-divider--view-line elementor-widget elementor-widget-divider\" data-id=\"50d4ffb\" data-element_type=\"widget\" data-e-type=\"widget\" data-widget_type=\"divider.default\">\n\t\t\t\t<div class=\"elementor-widget-container\">\n\t\t\t\t\t\t\t<div class=\"elementor-divider\">\n\t\t\t<span class=\"elementor-divider-separator\">\n\t\t\t\t\t\t<\/span>\n\t\t<\/div>\n\t\t\t\t\t\t<\/div>\n\t\t\t\t<\/div>\n\t\t\t\t<div class=\"elementor-element elementor-element-5eaa41e elementor-widget elementor-widget-text-editor\" data-id=\"5eaa41e\" data-element_type=\"widget\" data-e-type=\"widget\" data-widget_type=\"text-editor.default\">\n\t\t\t\t<div class=\"elementor-widget-container\">\n\t\t\t\t\t\t\t\t\t<p>Lire dans la m\u00eame th\u00e9matique :<\/p><ul><li><a href=\"https:\/\/www.cmonsite.fr\/creer-un-site\/referencement\/nom-de-domaine\/\">Nom de domaine<\/a><\/li><li><a href=\"https:\/\/www.cmonsite.fr\/creer-un-site\/referencement\/optimiser-referencement-naturel-site\/\" target=\"_blank\" rel=\"noopener noreferrer\">Optimiser son site pour le r\u00e9f\u00e9rencement naturel<\/a><\/li><li><a href=\"https:\/\/www.cmonsite.fr\/creer-un-site\/referencement\/annuaire-cmonsite\/\" target=\"_blank\" rel=\"noopener noreferrer\">Inscrire son site dans l\u2019annuaire CmonSite<\/a><\/li><li><a href=\"https:\/\/www.cmonsite.fr\/creer-un-site\/referencement\/transferer-nom-de-domaine\/\" target=\"_blank\" rel=\"noopener noreferrer\">Transf\u00e9rer son nom de domaine sur CmonSite.fr<\/a><\/li><li><a href=\"https:\/\/www.cmonsite.fr\/creer-un-site\/referencement\/metas-tags\/\" target=\"_blank\" rel=\"noopener noreferrer\">M\u00e9tas tags<\/a><\/li><\/ul>\t\t\t\t\t\t\t\t<\/div>\n\t\t\t\t<\/div>\n\t\t\t\t\t<\/div>\n\t\t<\/div>\n\t\t\t\t\t<\/div>\n\t\t<\/section>\n\t\t<div class=\"elementor-element elementor-element-28a0111 e-flex e-con-boxed e-con e-parent\" data-id=\"28a0111\" data-element_type=\"container\" data-e-type=\"container\">\n\t\t\t\t\t<div class=\"e-con-inner\">\n\t\t\t\t\t<\/div>\n\t\t\t\t<\/div>\n\t\t\t\t<\/div>\n\t\t","protected":false},"excerpt":{"rendered":"<p>Vous avez d\u00e9j\u00e0 un nom de domaine principal pour votre site, mais souhaitez en ajouter d\u2019autres pour s\u00e9curiser des variantes ou augmenter votre visibilit\u00e9 ? C\u2019est possible sur CmonSite ! 1. Pourquoi ajouter un nom de domaine secondaire ? Avoir plusieurs noms de domaine vous permet de : \ud83d\udd12 Prot\u00e9ger votre marque (orthographes proches, autres [&hellip;]<\/p>\n","protected":false},"author":1,"featured_media":18497,"parent":24672,"menu_order":3,"comment_status":"closed","ping_status":"closed","template":"","meta":{"_helpful_status":1,"footnotes":""},"class_list":["post-10168","page","type-page","status-publish","has-post-thumbnail","hentry"],"_links":{"self":[{"href":"https:\/\/www.cmonsite.fr\/site\/wp-json\/wp\/v2\/pages\/10168","targetHints":{"allow":["GET"]}}],"collection":[{"href":"https:\/\/www.cmonsite.fr\/site\/wp-json\/wp\/v2\/pages"}],"about":[{"href":"https:\/\/www.cmonsite.fr\/site\/wp-json\/wp\/v2\/types\/page"}],"author":[{"embeddable":true,"href":"https:\/\/www.cmonsite.fr\/site\/wp-json\/wp\/v2\/users\/1"}],"replies":[{"embeddable":true,"href":"https:\/\/www.cmonsite.fr\/site\/wp-json\/wp\/v2\/comments?post=10168"}],"version-history":[{"count":11,"href":"https:\/\/www.cmonsite.fr\/site\/wp-json\/wp\/v2\/pages\/10168\/revisions"}],"predecessor-version":[{"id":28258,"href":"https:\/\/www.cmonsite.fr\/site\/wp-json\/wp\/v2\/pages\/10168\/revisions\/28258"}],"up":[{"embeddable":true,"href":"https:\/\/www.cmonsite.fr\/site\/wp-json\/wp\/v2\/pages\/24672"}],"wp:featuredmedia":[{"embeddable":true,"href":"https:\/\/www.cmonsite.fr\/site\/wp-json\/wp\/v2\/media\/18497"}],"wp:attachment":[{"href":"https:\/\/www.cmonsite.fr\/site\/wp-json\/wp\/v2\/media?parent=10168"}],"curies":[{"name":"wp","href":"https:\/\/api.w.org\/{rel}","templated":true}]}}